{"id":365,"date":"2021-06-29T15:13:34","date_gmt":"2021-06-29T18:13:34","guid":{"rendered":"https:\/\/pos.uel.br\/psicologia\/?page_id=365"},"modified":"2025-06-06T16:17:35","modified_gmt":"2025-06-06T19:17:35","slug":"dissertacoes-defendidas-turma-2017","status":"publish","type":"page","link":"https:\/\/pos.uel.br\/psicologia\/dissertacoes-defendidas-turma-2017\/","title":{"rendered":"Disserta\u00e7\u00f5es Defendidas (Turma 2017)"},"content":{"rendered":"\n<p>As disserta\u00e7\u00f5es est\u00e3o em ordem alfab\u00e9tica. Disserta\u00e7\u00f5es sem <em>link<\/em> ainda n\u00e3o foram disponibilizadas pela Biblioteca Digital da UEL ou n\u00e3o foram liberadas pelos orientadores e egressos.<\/p>\n\n\n\n<p><strong>Estudante: Amanda Gaion Pedro<\/strong><\/p>\n\n\n\n<p><em>T\u00edtulo:<\/em>&nbsp;<a href=\"https:\/\/repositorio.uel.br\/items\/dd8ada06-d30f-4390-b405-c8b293a0b897\">Mulheres em movimento: Processos de constru\u00e7\u00f5es subjetivas de mulheres militantes feministas<\/a><\/p>\n\n\n\n<p><em>Orienta\u00e7\u00e3o:<\/em>&nbsp;Prof. Dr. Alexandre Bonetti Lima<\/p>\n\n\n\n<p><em>Data Defesa:<\/em> 26\/07\/2019<\/p>\n\n\n\n<div style=\"height:38px\" aria-hidden=\"true\" class=\"wp-block-spacer\"><\/div>\n\n\n\n<p><strong>Estudante: Andr\u00e9a Kioko Sonoda Gomes<\/strong><\/p>\n\n\n\n<p><em>T\u00edtulo:<\/em>&nbsp;<a href=\"http:\/\/www.bibliotecadigital.uel.br\/document\/?code=vtls000229196\" target=\"_blank\" rel=\"noreferrer noopener\">Emo\u00e7\u00f5es vivenciadas pelos psicoterapeutas-aprendizes nos servi\u00e7os-escolas: Uma leitura psicanal\u00edtica<\/a><\/p>\n\n\n\n<p><em>Orienta\u00e7\u00e3o:<\/em>&nbsp;Profa. Dra. Maria Elizabeth Barreto Tavares dos Reis<\/p>\n\n\n\n<p><em>Data Defesa:<\/em> 26\/06\/2019<\/p>\n\n\n\n<div style=\"height:38px\" aria-hidden=\"true\" class=\"wp-block-spacer\"><\/div>\n\n\n\n<p><strong>Estudante: Camila de Araujo Antonio<\/strong><\/p>\n\n\n\n<p><em>T\u00edtulo:<\/em>&nbsp;<a href=\"http:\/\/www.bibliotecadigital.uel.br\/document\/?code=vtls000229220\" target=\"_blank\" rel=\"noreferrer noopener\"><u>Viol\u00eancia urbana, seguran\u00e7a e trabalho: Um estudo de caso<\/u><\/a><\/p>\n\n\n\n<p><em>Orienta\u00e7\u00e3o:<\/em>&nbsp;Profa. Dra. Sonia Regina Vargas Mansano<\/p>\n\n\n\n<p><em>Data Defesa:<\/em> 05\/07\/2019<\/p>\n\n\n\n<div style=\"height:38px\" aria-hidden=\"true\" class=\"wp-block-spacer\"><\/div>\n\n\n\n<p><strong>Estudante: Eduardo de Souza Hashimoto<\/strong><\/p>\n\n\n\n<p><em>T\u00edtulo:<\/em>&nbsp;<a href=\"http:\/\/www.bibliotecadigital.uel.br\/document\/?code=vtls000230327\" target=\"_blank\" rel=\"noreferrer noopener\"><u>Perfil neuropsicol\u00f3gico em crian\u00e7as com TDAH: Um estudo de caso-controle<\/u><\/a><\/p>\n\n\n\n<p><em>Orienta\u00e7\u00e3o:<\/em>&nbsp;Dra. Patr\u00edcia Silva L\u00facio<\/p>\n\n\n\n<p><em>Data Defesa:<\/em> 30\/10\/2019<\/p>\n\n\n\n<div style=\"height:38px\" aria-hidden=\"true\" class=\"wp-block-spacer\"><\/div>\n\n\n\n<p><strong>Estudante: Evilin Roumaine Dutra Santos <\/strong><\/p>\n\n\n\n<p><em>T\u00edtulo:<\/em>&nbsp;<a href=\"https:\/\/repositorio.uel.br\/items\/e861279d-7e15-47a4-8504-faf67d00d2cc\">Aprendizagem de Representa\u00e7\u00f5es Ortogr\u00e1ficas do Portugu\u00eas Brasileiro entre Crian\u00e7as em Ambiente de Autoensino<\/a><\/p>\n\n\n\n<p><em>Orienta\u00e7\u00e3o:<\/em>&nbsp;Profa. Dra. Patr\u00edcia Silva L\u00facio&nbsp;<\/p>\n\n\n\n<p><em>Data Defesa:<\/em> 28\/10\/2019<\/p>\n\n\n\n<div style=\"height:38px\" aria-hidden=\"true\" class=\"wp-block-spacer\"><\/div>\n\n\n\n<p><strong>Estudante: Fl\u00e1via Angelo Verceze<\/strong><\/p>\n\n\n\n<p><em>T\u00edtulo:<\/em>&nbsp;<a href=\"http:\/\/www.bibliotecadigital.uel.br\/document\/?code=vtls000229264\" target=\"_blank\" rel=\"noreferrer noopener\"><u>A decis\u00e3o do parto natural e sua rela\u00e7\u00e3o com a sexualidade feminina<\/u><\/a><\/p>\n\n\n\n<p><em>Orienta\u00e7\u00e3o:<\/em>&nbsp;Profa. Dra. Silvia Nogueira Cordeiro<\/p>\n\n\n\n<p><em>Data Defesa:<\/em> 24\/07\/2019<\/p>\n\n\n\n<div style=\"height:38px\" aria-hidden=\"true\" class=\"wp-block-spacer\"><\/div>\n\n\n\n<p><strong>Estudante: Gracielly Terziotti de Oliveira<\/strong><\/p>\n\n\n\n<p><em>T\u00edtulo:<\/em>&nbsp;<a href=\"http:\/\/www.bibliotecadigital.uel.br\/document\/?code=vtls000229237\" target=\"_blank\" rel=\"noreferrer noopener\"><u>Estilos intelectuais, estrat\u00e9gias de aprendizagem e flexibilidade cognitiva no ensino m\u00e9dio<\/u><\/a><\/p>\n\n\n\n<p><em>Orienta\u00e7\u00e3o:<\/em>&nbsp;Profa. Dra. Katya Luciane de Oliveira &nbsp;<\/p>\n\n\n\n<p><em>Data Defesa:<\/em> 12\/07\/2019<\/p>\n\n\n\n<div style=\"height:38px\" aria-hidden=\"true\" class=\"wp-block-spacer\"><\/div>\n\n\n\n<p><strong>Estudante: Karina Stagliano de Campos<\/strong><\/p>\n\n\n\n<p><em>T\u00edtulo:<\/em>&nbsp;<a href=\"http:\/\/www.bibliotecadigital.uel.br\/document\/?code=vtls000229232\" target=\"_blank\" rel=\"noreferrer noopener\"><u>A m\u00e3e do beb\u00ea prematuro: Um olhar psicanal\u00edtico<\/u><\/a><\/p>\n\n\n\n<p><em>Orienta\u00e7\u00e3o:<\/em>&nbsp;Profa. Dra. Silvia Nogueira Cordeiro&nbsp;<\/p>\n\n\n\n<p><em>Data Defesa:<\/em> 01\/07\/2019<\/p>\n\n\n\n<div style=\"height:38px\" aria-hidden=\"true\" class=\"wp-block-spacer\"><\/div>\n\n\n\n<p><strong>Estudante: Lucielly Concei\u00e7\u00e3o dos Santos<\/strong><\/p>\n\n\n\n<p><em>T\u00edtulo:<\/em>&nbsp;<a href=\"http:\/\/www.bibliotecadigital.uel.br\/document\/?code=vtls000229305\" target=\"_blank\" rel=\"noreferrer noopener\"><u>Aten\u00e7\u00e3o em sa\u00fade mental aos sujeitos em situa\u00e7\u00e3o de rua: Desafios para as pol\u00edticas p\u00fablicas<\/u><\/a><\/p>\n\n\n\n<p><em>Orienta\u00e7\u00e3o:<\/em>&nbsp;Profa. Dra. Eneida Silveira Santiago<\/p>\n\n\n\n<p><em>Data Defesa:<\/em> 25\/07\/2019<\/p>\n\n\n\n<div style=\"height:38px\" aria-hidden=\"true\" class=\"wp-block-spacer\"><\/div>\n\n\n\n<p><strong>Estudante: Maria Giulia Lima Carlessi<\/strong><\/p>\n\n\n\n<p><em>T\u00edtulo:<\/em>&nbsp;<a href=\"http:\/\/www.bibliotecadigital.uel.br\/document\/?code=vtls000229261\" target=\"_blank\" rel=\"noreferrer noopener\"><u>E elas sa\u00edram do arm\u00e1rio: Subjetiva\u00e7\u00f5es l\u00e9sbicas em idade adulta<\/u><\/a><\/p>\n\n\n\n<p><em>Orienta\u00e7\u00e3o:<\/em>&nbsp;Prof. Dr. Marcos Alexandre Gomes Nalli<\/p>\n\n\n\n<p><em>Data Defesa:<\/em> 25\/07\/2019<\/p>\n\n\n\n<div style=\"height:38px\" aria-hidden=\"true\" class=\"wp-block-spacer\"><\/div>\n\n\n\n<p><strong>Estudante: Rafaela Garcia Sardi<\/strong><\/p>\n\n\n\n<p><em>T\u00edtulo:<\/em>&nbsp;<a href=\"https:\/\/repositorio.uel.br\/items\/f58e80c0-841d-4829-bc44-8d1ca463a971\">Subjetividade e trabalho docente: A rela\u00e7\u00e3o do professor com a educa\u00e7\u00e3o a dist\u00e2ncia<\/a><\/p>\n\n\n\n<p><em>Orienta\u00e7\u00e3o:<\/em>&nbsp;Prof. Dr. Paulo Roberto de Carvalho<\/p>\n\n\n\n<p><em>Data Defesa:<\/em> 22\/07\/2019<\/p>\n\n\n\n<div style=\"height:38px\" aria-hidden=\"true\" class=\"wp-block-spacer\"><\/div>\n\n\n\n<p><strong>Estudante: Raphael Edson Dutra<\/strong><\/p>\n\n\n\n<p><em>T\u00edtulo:<\/em>&nbsp;<a href=\"http:\/\/www.bibliotecadigital.uel.br\/document\/?code=vtls000229230\" target=\"_blank\" rel=\"noreferrer noopener\"><u>Dan\u00e7a e psican\u00e1lise: Um estudo sobre a criatividade em professores de ballet cl\u00e1ssico<\/u><\/a><\/p>\n\n\n\n<p><em>Orienta\u00e7\u00e3o:<\/em>&nbsp;Profa. Dra. Maira Bonaf\u00e9 Sei &nbsp;<\/p>\n\n\n\n<p><em>Data Defesa:<\/em> 03\/07\/2019<\/p>\n\n\n\n<div style=\"height:38px\" aria-hidden=\"true\" class=\"wp-block-spacer\"><\/div>\n\n\n\n<p><strong>Estudante: Tha\u00eds Dist\u00e9fano Wiltenburg<\/strong><\/p>\n\n\n\n<p><em>T\u00edtulo:<\/em>&nbsp;<a href=\"http:\/\/www.bibliotecadigital.uel.br\/document\/?code=vtls000229258\" target=\"_blank\" rel=\"noreferrer noopener\"><u>Componentes de intelig\u00eancia emocional associados ao uso de tabaco, \u00e1lcool e drogas il\u00edcitas<\/u><\/a><\/p>\n\n\n\n<p><em>Orienta\u00e7\u00e3o:<\/em>&nbsp;Prof. Dr. Fabiano Koich Miguel<\/p>\n\n\n\n<p><em>Data Defesa:<\/em> 08\/07\/2019<\/p>\n\n\n\n<div style=\"height:38px\" aria-hidden=\"true\" class=\"wp-block-spacer\"><\/div>\n\n\n\n<p><strong>Estudante: Tayn\u00e1 Ceccon Martins<\/strong><\/p>\n\n\n\n<p><em>T\u00edtulo:<\/em>&nbsp;<a href=\"http:\/\/www.bibliotecadigital.uel.br\/document\/?code=vtls000229233\" target=\"_blank\" rel=\"noreferrer noopener\"><u>O psic\u00f3logo como potencializador do espa\u00e7o p\u00fablico do CRAS para a participa\u00e7\u00e3o popular<\/u><\/a><\/p>\n\n\n\n<p><em>Orienta\u00e7\u00e3o:<\/em>&nbsp;Prof. Dr. Rafael Bianchi Silva<\/p>\n\n\n\n<p><em>Data Defesa:<\/em> 10\/05\/2019<\/p>\n","protected":false},"excerpt":{"rendered":"<p>As disserta\u00e7\u00f5es est\u00e3o em ordem alfab\u00e9tica. Disserta\u00e7\u00f5es sem link ainda n\u00e3o foram disponibilizadas pela Biblioteca Digital da UEL ou n\u00e3o foram liberadas pelos orientadores e egressos. Estudante: Amanda Gaion Pedro T\u00edtulo:&nbsp;Mulheres em movimento: Processos de constru\u00e7\u00f5es subjetivas de mulheres militantes feministas Orienta\u00e7\u00e3o:&nbsp;Prof. Dr. Alexandre Bonetti Lima Data Defesa: 26\/07\/2019 Estudante: Andr\u00e9a Kioko Sonoda Gomes T\u00edtulo:&nbsp;Emo\u00e7\u00f5es [&hellip;]<\/p>\n","protected":false},"author":10,"featured_media":0,"parent":0,"menu_order":0,"comment_status":"closed","ping_status":"closed","template":"","meta":{"footnotes":""},"class_list":["post-365","page","type-page","status-publish","hentry"],"acf":[],"_links":{"self":[{"href":"https:\/\/pos.uel.br\/psicologia\/wp-json\/wp\/v2\/pages\/365","targetHints":{"allow":["GET"]}}],"collection":[{"href":"https:\/\/pos.uel.br\/psicologia\/wp-json\/wp\/v2\/pages"}],"about":[{"href":"https:\/\/pos.uel.br\/psicologia\/wp-json\/wp\/v2\/types\/page"}],"author":[{"embeddable":true,"href":"https:\/\/pos.uel.br\/psicologia\/wp-json\/wp\/v2\/users\/10"}],"replies":[{"embeddable":true,"href":"https:\/\/pos.uel.br\/psicologia\/wp-json\/wp\/v2\/comments?post=365"}],"version-history":[{"count":6,"href":"https:\/\/pos.uel.br\/psicologia\/wp-json\/wp\/v2\/pages\/365\/revisions"}],"predecessor-version":[{"id":2823,"href":"https:\/\/pos.uel.br\/psicologia\/wp-json\/wp\/v2\/pages\/365\/revisions\/2823"}],"wp:attachment":[{"href":"https:\/\/pos.uel.br\/psicologia\/wp-json\/wp\/v2\/media?parent=365"}],"curies":[{"name":"wp","href":"https:\/\/api.w.org\/{rel}","templated":true}]}}