{"id":3277,"date":"2026-03-06T15:11:40","date_gmt":"2026-03-06T18:11:40","guid":{"rendered":"https:\/\/pos.uel.br\/psicologia\/?page_id=3277"},"modified":"2026-03-12T13:55:15","modified_gmt":"2026-03-12T16:55:15","slug":"linha-3","status":"publish","type":"page","link":"https:\/\/pos.uel.br\/psicologia\/linha-3\/","title":{"rendered":"Linha 3"},"content":{"rendered":"\n<p>Psicologia Escolar, Forma\u00e7\u00e3o Humana e Processos Educativos<\/p>\n\n\n\n<div class=\"wp-block-columns is-layout-flex wp-container-core-columns-is-layout-9d6595d7 wp-block-columns-is-layout-flex\">\n<div class=\"wp-block-column is-layout-flow wp-block-column-is-layout-flow\" style=\"flex-basis:33.33%\">\n<figure class=\"wp-block-image size-large\"><img loading=\"lazy\" decoding=\"async\" width=\"1024\" height=\"1002\" src=\"https:\/\/pos.uel.br\/psicologia\/wp-content\/uploads\/2022\/03\/Jeferson-1-1024x1002.jpeg\" alt=\"\" class=\"wp-image-881\" srcset=\"https:\/\/pos.uel.br\/psicologia\/wp-content\/uploads\/2022\/03\/Jeferson-1-1024x1002.jpeg 1024w, https:\/\/pos.uel.br\/psicologia\/wp-content\/uploads\/2022\/03\/Jeferson-1-300x293.jpeg 300w, https:\/\/pos.uel.br\/psicologia\/wp-content\/uploads\/2022\/03\/Jeferson-1-768x751.jpeg 768w, https:\/\/pos.uel.br\/psicologia\/wp-content\/uploads\/2022\/03\/Jeferson-1-1536x1503.jpeg 1536w, https:\/\/pos.uel.br\/psicologia\/wp-content\/uploads\/2022\/03\/Jeferson-1.jpeg 2020w\" sizes=\"auto, (max-width: 1024px) 100vw, 1024px\" \/><\/figure>\n<\/div>\n\n\n\n<div class=\"wp-block-column is-layout-flow wp-block-column-is-layout-flow\" style=\"flex-basis:66.66%\">\n<p><strong>Jefferson Olivatto da Silva<\/strong><\/p>\n\n\n\n<p><a href=\"http:\/\/lattes.cnpq.br\/0088578024264046\">http:\/\/lattes.cnpq.br\/0088578024264046<\/a><\/p>\n\n\n\n<p><strong>Temas de interesse:<\/strong><br>1. Psicologias em contextos educacionais<br>2. Epistemologias psicol\u00f3gicas sobre os estudos \u00e9tnico-raciais<br>3. Psicologia, interdisciplinaridade e interculturalidade<br>4. Experi\u00eancia Religiosa, sincretismo e forma\u00e7\u00e3o de identidade coletiva<br>5. Efeitos psicossociais do racismo<\/p>\n\n\n\n<p>MESTRADO\/DOUTORADO<\/p>\n<\/div>\n<\/div>\n\n\n\n<div class=\"wp-block-columns is-layout-flex wp-container-core-columns-is-layout-9d6595d7 wp-block-columns-is-layout-flex\">\n<div class=\"wp-block-column is-layout-flow wp-block-column-is-layout-flow\" style=\"flex-basis:33.33%\"><div class=\"wp-block-image\">\n<figure class=\"aligncenter size-full is-resized\"><img loading=\"lazy\" decoding=\"async\" width=\"205\" height=\"272\" src=\"https:\/\/pos.uel.br\/psicologia\/wp-content\/uploads\/2021\/05\/FotoKatya.jpg\" alt=\"\" class=\"wp-image-149\" style=\"width:245px;height:auto\" \/><\/figure>\n<\/div><\/div>\n\n\n\n<div class=\"wp-block-column is-layout-flow wp-block-column-is-layout-flow\" style=\"flex-basis:66.66%\">\n<p><\/p>\n\n\n\n<p><strong>Katya Luciane de Oliveira<\/strong><\/p>\n\n\n\n<p><a href=\"http:\/\/lattes.cnpq.br\/4705886258107687\" target=\"_blank\" rel=\"noreferrer noopener\"><u>http:\/\/lattes.cnpq.br\/4705886258107687<\/u><\/a><\/p>\n\n\n\n<p><strong>Temas de interesse:<\/strong><br>1. Avalia\u00e7\u00e3o Psicoeducacional<br>2. Estrat\u00e9gias aprendizagem, ensino e compreens\u00e3o de leitura<br>3. Dificuldades do Processo de Ensino e Aprendizagem<br>4. Bulling, Cyberbullying, Ass\u00e9dio, Automutila\u00e7\u00e3o: vari\u00e1veis socioafetivas<\/p>\n\n\n\n<p>MESTRADO\/DOUTORADO<\/p>\n<\/div>\n<\/div>\n\n\n\n<div class=\"wp-block-columns is-layout-flex wp-container-core-columns-is-layout-9d6595d7 wp-block-columns-is-layout-flex\">\n<div class=\"wp-block-column is-layout-flow wp-block-column-is-layout-flow\" style=\"flex-basis:33.33%\"><div class=\"wp-block-image\">\n<figure class=\"aligncenter size-large is-resized\"><img loading=\"lazy\" decoding=\"async\" width=\"808\" height=\"1024\" src=\"https:\/\/pos.uel.br\/psicologia\/wp-content\/uploads\/2026\/03\/WhatsApp-Image-2026-03-07-at-11.39.15-808x1024.jpeg\" alt=\"\" class=\"wp-image-3309\" style=\"aspect-ratio:0.7890876882196635;width:307px;height:auto\" srcset=\"https:\/\/pos.uel.br\/psicologia\/wp-content\/uploads\/2026\/03\/WhatsApp-Image-2026-03-07-at-11.39.15-808x1024.jpeg 808w, https:\/\/pos.uel.br\/psicologia\/wp-content\/uploads\/2026\/03\/WhatsApp-Image-2026-03-07-at-11.39.15-237x300.jpeg 237w, https:\/\/pos.uel.br\/psicologia\/wp-content\/uploads\/2026\/03\/WhatsApp-Image-2026-03-07-at-11.39.15-768x973.jpeg 768w, https:\/\/pos.uel.br\/psicologia\/wp-content\/uploads\/2026\/03\/WhatsApp-Image-2026-03-07-at-11.39.15.jpeg 900w\" sizes=\"auto, (max-width: 808px) 100vw, 808px\" \/><\/figure>\n<\/div><\/div>\n\n\n\n<div class=\"wp-block-column is-layout-flow wp-block-column-is-layout-flow\" style=\"flex-basis:66.66%\">\n<p><\/p>\n\n\n\n<p><strong>Ma\u00edra Bonaf\u00e9 Sei<\/strong><\/p>\n\n\n\n<p><a href=\"http:\/\/lattes.cnpq.br\/5815968830020591\" target=\"_blank\" rel=\"noreferrer noopener\"><u>http:\/\/lattes.cnpq.br\/5815968830020591<\/u><\/a><\/p>\n\n\n\n<p><strong>Temas de interesse:<\/strong><br>1. O ensino de Psicologia na gradua\u00e7\u00e3o<br>2. A transmiss\u00e3o da Psican\u00e1lise<\/p>\n\n\n\n<p>MESTRADO\/DOUTORADO<\/p>\n<\/div>\n<\/div>\n\n\n\n<div class=\"wp-block-columns is-layout-flex wp-container-core-columns-is-layout-9d6595d7 wp-block-columns-is-layout-flex\">\n<div class=\"wp-block-column is-layout-flow wp-block-column-is-layout-flow\" style=\"flex-basis:33.33%\"><div class=\"wp-block-image\">\n<figure class=\"aligncenter size-full is-resized\"><img loading=\"lazy\" decoding=\"async\" width=\"139\" height=\"140\" src=\"https:\/\/pos.uel.br\/psicologia\/wp-content\/uploads\/2025\/06\/Foto-Patricia-Vaz-de-Lessa.jpg\" alt=\"\" class=\"wp-image-2817\" style=\"aspect-ratio:0.9928660400860605;width:286px;height:auto\" \/><\/figure>\n<\/div><\/div>\n\n\n\n<div class=\"wp-block-column is-layout-flow wp-block-column-is-layout-flow\" style=\"flex-basis:66.66%\">\n<p><\/p>\n\n\n\n<p><strong>Patr\u00edcia Vaz de Lessa<\/strong><\/p>\n\n\n\n<p><a href=\"http:\/\/lattes.cnpq.br\/0448687457717277\" target=\"_blank\" rel=\"noreferrer noopener\">http:\/\/lattes.cnpq.br\/0448687457717277<\/a><\/p>\n\n\n\n<p><strong>Temas de interesse:<\/strong><br>1. Psicologia Escolar e Educacional<br>2. Atua\u00e7\u00e3o do Psic\u00f3logo escolar<br>3. Queixas Escolares<br>4. Fracasso Escolar e Medicaliza\u00e7\u00e3o<br>5. Psicologia Hist\u00f3rico-Cultural<\/p>\n\n\n\n<p>MESTRADO<\/p>\n<\/div>\n<\/div>\n\n\n\n<div class=\"wp-block-columns is-layout-flex wp-container-core-columns-is-layout-9d6595d7 wp-block-columns-is-layout-flex\">\n<div class=\"wp-block-column is-layout-flow wp-block-column-is-layout-flow\" style=\"flex-basis:33.33%\"><div class=\"wp-block-image\">\n<figure class=\"aligncenter size-full is-resized\"><img loading=\"lazy\" decoding=\"async\" width=\"133\" height=\"163\" src=\"https:\/\/pos.uel.br\/psicologia\/wp-content\/uploads\/2026\/03\/Captura-de-tela-2026-03-06-144834.png\" alt=\"\" class=\"wp-image-3317\" style=\"aspect-ratio:0.8159704747525584;width:264px;height:auto\" \/><\/figure>\n<\/div><\/div>\n\n\n\n<div class=\"wp-block-column is-layout-flow wp-block-column-is-layout-flow\" style=\"flex-basis:66.66%\">\n<p><\/p>\n\n\n\n<p><strong>Rafael Bianchi Silva<\/strong><\/p>\n\n\n\n<p><a href=\"http:\/\/lattes.cnpq.br\/2322633140633369\" target=\"_blank\" rel=\"noreferrer noopener\"><u>http:\/\/lattes.cnpq.br\/2322633140633369<\/u><\/a><\/p>\n\n\n\n<p><strong>Temas de interesse:<\/strong><br>1. Psicologia e Educa\u00e7\u00e3o<br>2. Curr\u00edculo e Forma\u00e7\u00e3o Humana<br>3. Est\u00e9tica e Educa\u00e7\u00e3o<br>4. Educa\u00e7\u00e3o e Contemporaneidade <\/p>\n\n\n\n<p>MESTRADO\/DOUTORADO<\/p>\n<\/div>\n<\/div>\n\n\n\n<div class=\"wp-block-columns is-layout-flex wp-container-core-columns-is-layout-9d6595d7 wp-block-columns-is-layout-flex\">\n<div class=\"wp-block-column is-layout-flow wp-block-column-is-layout-flow\" style=\"flex-basis:33.33%\"><div class=\"wp-block-image\">\n<figure class=\"aligncenter size-large is-resized\"><img loading=\"lazy\" decoding=\"async\" width=\"682\" height=\"1024\" src=\"https:\/\/pos.uel.br\/psicologia\/wp-content\/uploads\/2026\/03\/WhatsApp-Image-2026-03-07-at-11.48.49-682x1024.jpeg\" alt=\"\" class=\"wp-image-3307\" style=\"aspect-ratio:0.6660287081339713;width:279px;height:auto\" srcset=\"https:\/\/pos.uel.br\/psicologia\/wp-content\/uploads\/2026\/03\/WhatsApp-Image-2026-03-07-at-11.48.49-682x1024.jpeg 682w, https:\/\/pos.uel.br\/psicologia\/wp-content\/uploads\/2026\/03\/WhatsApp-Image-2026-03-07-at-11.48.49-200x300.jpeg 200w, https:\/\/pos.uel.br\/psicologia\/wp-content\/uploads\/2026\/03\/WhatsApp-Image-2026-03-07-at-11.48.49-768x1153.jpeg 768w, https:\/\/pos.uel.br\/psicologia\/wp-content\/uploads\/2026\/03\/WhatsApp-Image-2026-03-07-at-11.48.49-1023x1536.jpeg 1023w, https:\/\/pos.uel.br\/psicologia\/wp-content\/uploads\/2026\/03\/WhatsApp-Image-2026-03-07-at-11.48.49.jpeg 1066w\" sizes=\"auto, (max-width: 682px) 100vw, 682px\" \/><\/figure>\n<\/div><\/div>\n\n\n\n<div class=\"wp-block-column is-layout-flow wp-block-column-is-layout-flow\" style=\"flex-basis:66.66%\">\n<p><\/p>\n\n\n\n<p><strong>Roberta Ekuni de Souza<\/strong><\/p>\n\n\n\n<p><a href=\"http:\/\/lattes.cnpq.br\/8230384607574009\">http:\/\/lattes.cnpq.br\/8230384607574009<\/a><\/p>\n\n\n\n<p><strong>Temas de interesse:<\/strong><\/p>\n\n\n\n<p>1. Estrat\u00e9gias que otimizam a mem\u00f3ria e aprendizagem com base na Psicologia Cognitiva<br>2. Mem\u00f3ria e aprendizagem<br>4. Neuromitos na educa\u00e7\u00e3o<br>5. Interven\u00e7\u00f5es no contexto educacional<\/p>\n\n\n\n<p class=\"has-text-align-left\">MESTRADO\/DOUTORADO<\/p>\n<\/div>\n<\/div>\n","protected":false},"excerpt":{"rendered":"<p>Psicologia Escolar, Forma\u00e7\u00e3o Humana e Processos Educativos Jefferson Olivatto da Silva http:\/\/lattes.cnpq.br\/0088578024264046 Temas de interesse:1. Psicologias em contextos educacionais2. Epistemologias psicol\u00f3gicas sobre os estudos \u00e9tnico-raciais3. Psicologia, interdisciplinaridade e interculturalidade4. Experi\u00eancia Religiosa, sincretismo e forma\u00e7\u00e3o de identidade coletiva5. Efeitos psicossociais do racismo MESTRADO\/DOUTORADO Katya Luciane de Oliveira http:\/\/lattes.cnpq.br\/4705886258107687 Temas de interesse:1. Avalia\u00e7\u00e3o Psicoeducacional2. Estrat\u00e9gias aprendizagem, ensino [&hellip;]<\/p>\n","protected":false},"author":10,"featured_media":0,"parent":0,"menu_order":0,"comment_status":"closed","ping_status":"closed","template":"","meta":{"footnotes":""},"class_list":["post-3277","page","type-page","status-publish","hentry"],"acf":[],"_links":{"self":[{"href":"https:\/\/pos.uel.br\/psicologia\/wp-json\/wp\/v2\/pages\/3277","targetHints":{"allow":["GET"]}}],"collection":[{"href":"https:\/\/pos.uel.br\/psicologia\/wp-json\/wp\/v2\/pages"}],"about":[{"href":"https:\/\/pos.uel.br\/psicologia\/wp-json\/wp\/v2\/types\/page"}],"author":[{"embeddable":true,"href":"https:\/\/pos.uel.br\/psicologia\/wp-json\/wp\/v2\/users\/10"}],"replies":[{"embeddable":true,"href":"https:\/\/pos.uel.br\/psicologia\/wp-json\/wp\/v2\/comments?post=3277"}],"version-history":[{"count":5,"href":"https:\/\/pos.uel.br\/psicologia\/wp-json\/wp\/v2\/pages\/3277\/revisions"}],"predecessor-version":[{"id":3333,"href":"https:\/\/pos.uel.br\/psicologia\/wp-json\/wp\/v2\/pages\/3277\/revisions\/3333"}],"wp:attachment":[{"href":"https:\/\/pos.uel.br\/psicologia\/wp-json\/wp\/v2\/media?parent=3277"}],"curies":[{"name":"wp","href":"https:\/\/api.w.org\/{rel}","templated":true}]}}