{"id":3270,"date":"2026-03-06T14:55:02","date_gmt":"2026-03-06T17:55:02","guid":{"rendered":"https:\/\/pos.uel.br\/psicologia\/?page_id=3270"},"modified":"2026-03-13T16:52:26","modified_gmt":"2026-03-13T19:52:26","slug":"linha-2","status":"publish","type":"page","link":"https:\/\/pos.uel.br\/psicologia\/linha-2\/","title":{"rendered":"Linha 2"},"content":{"rendered":"\n<p><strong>Psicologia Social e Processos Institucionais<\/strong><\/p>\n\n\n\n<h2 class=\"wp-block-heading\"><\/h2>\n\n\n\n<div class=\"wp-block-columns is-layout-flex wp-container-core-columns-is-layout-9d6595d7 wp-block-columns-is-layout-flex\">\n<div class=\"wp-block-column is-layout-flow wp-block-column-is-layout-flow\" style=\"flex-basis:33.33%\">\n<figure class=\"wp-block-image size-large\"><img loading=\"lazy\" decoding=\"async\" width=\"1024\" height=\"1024\" src=\"https:\/\/pos.uel.br\/psicologia\/wp-content\/uploads\/2026\/03\/foto-Ana-Claudia-2-1024x1024.jpeg\" alt=\"\" class=\"wp-image-3260\" srcset=\"https:\/\/pos.uel.br\/psicologia\/wp-content\/uploads\/2026\/03\/foto-Ana-Claudia-2-1024x1024.jpeg 1024w, https:\/\/pos.uel.br\/psicologia\/wp-content\/uploads\/2026\/03\/foto-Ana-Claudia-2-300x300.jpeg 300w, https:\/\/pos.uel.br\/psicologia\/wp-content\/uploads\/2026\/03\/foto-Ana-Claudia-2-150x150.jpeg 150w, https:\/\/pos.uel.br\/psicologia\/wp-content\/uploads\/2026\/03\/foto-Ana-Claudia-2-768x768.jpeg 768w, https:\/\/pos.uel.br\/psicologia\/wp-content\/uploads\/2026\/03\/foto-Ana-Claudia-2.jpeg 1104w\" sizes=\"auto, (max-width: 1024px) 100vw, 1024px\" \/><\/figure>\n<\/div>\n\n\n\n<div class=\"wp-block-column is-layout-flow wp-block-column-is-layout-flow\" style=\"flex-basis:66.66%\">\n<p><strong>Ana Claudia Barbosa da Silva-Roosli <\/strong><\/p>\n\n\n\n<p><a href=\"https:\/\/lattes.cnpq.br\/6209536217272592\">http:\/\/lattes.cnpq.br\/6209536217272592<\/a>   <\/p>\n\n\n\n<p><strong>Temas de interesse:<\/strong><br>1. Rela\u00e7\u00e3o entre Processos de Trabalho e Sa\u00fade<br>2. Cl\u00ednicas do Trabalho<br>3. Ergologia<br>4. Trabalho e Sa\u00fade <br><\/p>\n\n\n\n<p>SEM VAGA DE ORIENTA\u00c7\u00c3O<\/p>\n<\/div>\n<\/div>\n\n\n\n<div class=\"wp-block-columns is-layout-flex wp-container-core-columns-is-layout-9d6595d7 wp-block-columns-is-layout-flex\">\n<div class=\"wp-block-column is-layout-flow wp-block-column-is-layout-flow\" style=\"flex-basis:33.33%\">\n<figure class=\"wp-block-image size-large\"><img loading=\"lazy\" decoding=\"async\" width=\"768\" height=\"1024\" src=\"https:\/\/pos.uel.br\/psicologia\/wp-content\/uploads\/2026\/03\/WhatsApp-Image-2026-03-07-at-12.58.25-768x1024.jpeg\" alt=\"\" class=\"wp-image-3315\" srcset=\"https:\/\/pos.uel.br\/psicologia\/wp-content\/uploads\/2026\/03\/WhatsApp-Image-2026-03-07-at-12.58.25-768x1024.jpeg 768w, https:\/\/pos.uel.br\/psicologia\/wp-content\/uploads\/2026\/03\/WhatsApp-Image-2026-03-07-at-12.58.25-225x300.jpeg 225w, https:\/\/pos.uel.br\/psicologia\/wp-content\/uploads\/2026\/03\/WhatsApp-Image-2026-03-07-at-12.58.25-1152x1536.jpeg 1152w, https:\/\/pos.uel.br\/psicologia\/wp-content\/uploads\/2026\/03\/WhatsApp-Image-2026-03-07-at-12.58.25.jpeg 1200w\" sizes=\"auto, (max-width: 768px) 100vw, 768px\" \/><\/figure>\n<\/div>\n\n\n\n<div class=\"wp-block-column is-layout-flow wp-block-column-is-layout-flow\" style=\"flex-basis:66.66%\">\n<p><strong>Paula Marques da Silva<\/strong><\/p>\n\n\n\n<p><a href=\"http:\/\/lattes.cnpq.br\/6122000224488779\" target=\"_blank\" rel=\"noreferrer noopener\">http:\/\/lattes.cnpq.br\/6122000224488779<\/a><\/p>\n\n\n\n<p><strong>Temas de interesse:<\/strong><br>1. Psicologia social em interlace com Direitos Humanos e precariza\u00e7\u00e3o da vida <br>2. Psicologia Social, luto, mem\u00f3ria e viola\u00e7\u00e3o de direitos na contemporaneidade<br><\/p>\n\n\n\n<p>MESTRADO<\/p>\n<\/div>\n<\/div>\n\n\n\n<div class=\"wp-block-columns is-layout-flex wp-container-core-columns-is-layout-9d6595d7 wp-block-columns-is-layout-flex\">\n<div class=\"wp-block-column is-layout-flow wp-block-column-is-layout-flow\" style=\"flex-basis:33.33%\"><div class=\"wp-block-image\">\n<figure class=\"aligncenter size-large is-resized\"><img loading=\"lazy\" decoding=\"async\" width=\"768\" height=\"1024\" src=\"https:\/\/pos.uel.br\/psicologia\/wp-content\/uploads\/2026\/03\/WhatsApp-Image-2026-03-07-at-12.31.57-768x1024.jpeg\" alt=\"\" class=\"wp-image-3313\" style=\"width:284px;height:auto\" srcset=\"https:\/\/pos.uel.br\/psicologia\/wp-content\/uploads\/2026\/03\/WhatsApp-Image-2026-03-07-at-12.31.57-768x1024.jpeg 768w, https:\/\/pos.uel.br\/psicologia\/wp-content\/uploads\/2026\/03\/WhatsApp-Image-2026-03-07-at-12.31.57-225x300.jpeg 225w, https:\/\/pos.uel.br\/psicologia\/wp-content\/uploads\/2026\/03\/WhatsApp-Image-2026-03-07-at-12.31.57-1152x1536.jpeg 1152w, https:\/\/pos.uel.br\/psicologia\/wp-content\/uploads\/2026\/03\/WhatsApp-Image-2026-03-07-at-12.31.57.jpeg 1200w\" sizes=\"auto, (max-width: 768px) 100vw, 768px\" \/><\/figure>\n<\/div><\/div>\n\n\n\n<div class=\"wp-block-column is-layout-flow wp-block-column-is-layout-flow\" style=\"flex-basis:66.66%\">\n<p><\/p>\n\n\n\n<p><strong>Eneida Silveira Santiago<\/strong><\/p>\n\n\n\n<p><a href=\"http:\/\/lattes.cnpq.br\/7242553932852399\" target=\"_blank\" rel=\"noreferrer noopener\"><u>http:\/\/lattes.cnpq.br\/7242553932852399<\/u><\/a><\/p>\n\n\n\n<p><strong>Temas de interesse:<\/strong><br>1. Psicologia e Pol\u00edticas P\u00fablicas<br>2. Processos de Trabalho e Sa\u00fade<br>3. Processos Institucionais e Trabalho<br>4. Sa\u00fade Mental e Coletiva<br>5. Processos e Pol\u00edticas Intersetoriais<\/p>\n\n\n\n<p>MESTRADO\/DOUTORADO<\/p>\n<\/div>\n<\/div>\n\n\n\n<div class=\"wp-block-columns is-layout-flex wp-container-core-columns-is-layout-9d6595d7 wp-block-columns-is-layout-flex\">\n<div class=\"wp-block-column is-layout-flow wp-block-column-is-layout-flow\" style=\"flex-basis:33.33%\">\n<figure class=\"wp-block-image size-large\"><img loading=\"lazy\" decoding=\"async\" width=\"1024\" height=\"1002\" src=\"https:\/\/pos.uel.br\/psicologia\/wp-content\/uploads\/2022\/03\/Jeferson-3-1024x1002.jpeg\" alt=\"\" class=\"wp-image-883\" srcset=\"https:\/\/pos.uel.br\/psicologia\/wp-content\/uploads\/2022\/03\/Jeferson-3-1024x1002.jpeg 1024w, https:\/\/pos.uel.br\/psicologia\/wp-content\/uploads\/2022\/03\/Jeferson-3-300x293.jpeg 300w, https:\/\/pos.uel.br\/psicologia\/wp-content\/uploads\/2022\/03\/Jeferson-3-768x751.jpeg 768w, https:\/\/pos.uel.br\/psicologia\/wp-content\/uploads\/2022\/03\/Jeferson-3-1536x1503.jpeg 1536w, https:\/\/pos.uel.br\/psicologia\/wp-content\/uploads\/2022\/03\/Jeferson-3.jpeg 2020w\" sizes=\"auto, (max-width: 1024px) 100vw, 1024px\" \/><figcaption class=\"wp-element-caption\"><br><\/figcaption><\/figure>\n<\/div>\n\n\n\n<div class=\"wp-block-column is-layout-flow wp-block-column-is-layout-flow\" style=\"flex-basis:66.66%\">\n<p><strong>Jefferson Olivatto da Silva<\/strong><\/p>\n\n\n\n<p><a href=\"http:\/\/lattes.cnpq.br\/0088578024264046\">http:\/\/lattes.cnpq.br\/0088578024264046<\/a><\/p>\n\n\n\n<p><strong>Temas de interesse:<\/strong><br>1. Psicologias em contextos educacionais<br>2. Epistemologias psicol\u00f3gicas sobre os estudos \u00e9tnico-raciais<br>3. Psicologia, interdisciplinaridade e interculturalidade<br>4. Experi\u00eancia Religiosa, sincretismo e forma\u00e7\u00e3o de identidade coletiva<br>5. Efeitos psicossociais do racismo<\/p>\n\n\n\n<p>MESTRADO\/DOUTORADO<\/p>\n<\/div>\n<\/div>\n\n\n\n<div class=\"wp-block-columns is-layout-flex wp-container-core-columns-is-layout-9d6595d7 wp-block-columns-is-layout-flex\">\n<div class=\"wp-block-column is-layout-flow wp-block-column-is-layout-flow\" style=\"flex-basis:33.33%\">\n<figure class=\"wp-block-image size-full\"><img loading=\"lazy\" decoding=\"async\" width=\"805\" height=\"810\" src=\"https:\/\/pos.uel.br\/psicologia\/wp-content\/uploads\/2021\/05\/FotoMarcosN.jpg\" alt=\"\" class=\"wp-image-189\" srcset=\"https:\/\/pos.uel.br\/psicologia\/wp-content\/uploads\/2021\/05\/FotoMarcosN.jpg 805w, https:\/\/pos.uel.br\/psicologia\/wp-content\/uploads\/2021\/05\/FotoMarcosN-298x300.jpg 298w, https:\/\/pos.uel.br\/psicologia\/wp-content\/uploads\/2021\/05\/FotoMarcosN-150x150.jpg 150w, https:\/\/pos.uel.br\/psicologia\/wp-content\/uploads\/2021\/05\/FotoMarcosN-768x773.jpg 768w\" sizes=\"auto, (max-width: 805px) 100vw, 805px\" \/><\/figure>\n<\/div>\n\n\n\n<div class=\"wp-block-column is-layout-flow wp-block-column-is-layout-flow\" style=\"flex-basis:66.66%\">\n<p><strong>Marcos Alexandre Gomes Nalli<\/strong><\/p>\n\n\n\n<p><a href=\"http:\/\/lattes.cnpq.br\/5902984001238553\" target=\"_blank\" rel=\"noreferrer noopener\"><u>http:\/\/lattes.cnpq.br\/5902984001238553<\/u><\/a><\/p>\n\n\n\n<p><strong>Temas de interesse:<\/strong><br>1. Biopol\u00edtica e Situa\u00e7\u00f5es de Vulnerabilidade e Desfilia\u00e7\u00e3o<br>2. Biopol\u00edtica e Processos de Subjetiva\u00e7\u00e3o<br>3. Biopol\u00edtica, Sa\u00fade e Sa\u00fade \u201cPsi\u201d<br>4. Biopol\u00edtica, Rela\u00e7\u00f5es de Poder e G\u00eanero<br>5. Arte e Processos de Subjetiva\u00e7\u00e3o<\/p>\n\n\n\n<p>MESTRADO\/DOUTORADO<\/p>\n<\/div>\n<\/div>\n\n\n\n<div class=\"wp-block-columns is-layout-flex wp-container-core-columns-is-layout-9d6595d7 wp-block-columns-is-layout-flex\">\n<div class=\"wp-block-column is-layout-flow wp-block-column-is-layout-flow\" style=\"flex-basis:33.33%\">\n<figure class=\"wp-block-image size-full is-resized\"><img loading=\"lazy\" decoding=\"async\" width=\"139\" height=\"140\" src=\"https:\/\/pos.uel.br\/psicologia\/wp-content\/uploads\/2025\/06\/Foto-Patricia-Vaz-de-Lessa.jpg\" alt=\"\" class=\"wp-image-2817\" style=\"width:286px;height:auto\" \/><\/figure>\n<\/div>\n\n\n\n<div class=\"wp-block-column is-layout-flow wp-block-column-is-layout-flow\" style=\"flex-basis:66.66%\">\n<p><strong>Patr\u00edcia Vaz de Lessa<\/strong><\/p>\n\n\n\n<p><a href=\"http:\/\/lattes.cnpq.br\/0448687457717277\" target=\"_blank\" rel=\"noreferrer noopener\">http:\/\/lattes.cnpq.br\/0448687457717277<\/a><\/p>\n\n\n\n<p><strong>Temas de interesse:<\/strong><br>1. Psicologia e Pol\u00edticas P\u00fablicas Educacionais<br>2. Forma\u00e7\u00e3o em Psicologia Escolar<br>3. Psicologia Hist\u00f3rico Cultural<\/p>\n\n\n\n<p>MESTRADO<\/p>\n<\/div>\n<\/div>\n\n\n\n<div class=\"wp-block-columns is-layout-flex wp-container-core-columns-is-layout-9d6595d7 wp-block-columns-is-layout-flex\">\n<div class=\"wp-block-column is-layout-flow wp-block-column-is-layout-flow\" style=\"flex-basis:33.33%\">\n<figure class=\"wp-block-image size-full\"><img loading=\"lazy\" decoding=\"async\" width=\"768\" height=\"1024\" src=\"https:\/\/pos.uel.br\/psicologia\/wp-content\/uploads\/2021\/05\/FotoRafael.jpg\" alt=\"\" class=\"wp-image-195\" srcset=\"https:\/\/pos.uel.br\/psicologia\/wp-content\/uploads\/2021\/05\/FotoRafael.jpg 768w, https:\/\/pos.uel.br\/psicologia\/wp-content\/uploads\/2021\/05\/FotoRafael-225x300.jpg 225w\" sizes=\"auto, (max-width: 768px) 100vw, 768px\" \/><\/figure>\n<\/div>\n\n\n\n<div class=\"wp-block-column is-layout-flow wp-block-column-is-layout-flow\" style=\"flex-basis:66.66%\">\n<p><\/p>\n\n\n\n<p><strong>Rafael Bianchi Silva<\/strong><\/p>\n\n\n\n<p><a href=\"http:\/\/lattes.cnpq.br\/2322633140633369\" target=\"_blank\" rel=\"noreferrer noopener\"><u>http:\/\/lattes.cnpq.br\/2322633140633369<\/u><\/a><\/p>\n\n\n\n<p><strong>Temas de interesse:<\/strong><br>1. Psicologia e Pol\u00edticas P\u00fablicas<br>2. Contemporaneidade e Produ\u00e7\u00e3o de Subjetividade<br>3. Est\u00e9tica, \u00c9tica e Psicologia<\/p>\n\n\n\n<p>MESTRADO\/DOUTORADO<\/p>\n<\/div>\n<\/div>\n\n\n\n<div class=\"wp-block-columns is-layout-flex wp-container-core-columns-is-layout-9d6595d7 wp-block-columns-is-layout-flex\">\n<div class=\"wp-block-column is-layout-flow wp-block-column-is-layout-flow\" style=\"flex-basis:33.33%\"><div class=\"wp-block-image\">\n<figure class=\"aligncenter size-full\"><img loading=\"lazy\" decoding=\"async\" width=\"768\" height=\"576\" src=\"https:\/\/pos.uel.br\/psicologia\/wp-content\/uploads\/2026\/03\/Foto-Sonia-768x576-1.jpg\" alt=\"\" class=\"wp-image-3274\" srcset=\"https:\/\/pos.uel.br\/psicologia\/wp-content\/uploads\/2026\/03\/Foto-Sonia-768x576-1.jpg 768w, https:\/\/pos.uel.br\/psicologia\/wp-content\/uploads\/2026\/03\/Foto-Sonia-768x576-1-300x225.jpg 300w\" sizes=\"auto, (max-width: 768px) 100vw, 768px\" \/><\/figure>\n<\/div><\/div>\n\n\n\n<div class=\"wp-block-column is-layout-flow wp-block-column-is-layout-flow\" style=\"flex-basis:66.66%\">\n<p><\/p>\n\n\n\n<p><strong>Sonia Regina Vargas Mansano<\/strong><\/p>\n\n\n\n<p><a href=\"http:\/\/lattes.cnpq.br\/7801080117150973\" target=\"_blank\" rel=\"noreferrer noopener\"><u>http:\/\/lattes.cnpq.br\/7801080117150973<\/u><\/a><\/p>\n\n\n\n<p><strong>Temas de interesse:<\/strong><br>1. Diagn\u00f3sticos do Contempor\u00e2neo<br>2. Sustentabilidade Afetiva<br>3. Pol\u00edticas de Subjetiva\u00e7\u00e3o<br>4. Subjetividade e Espa\u00e7o Urbano<br>5. Consumo e Modos de Vida<\/p>\n\n\n\n<p>MESTRADO\/DOUTORADO<\/p>\n<\/div>\n<\/div>\n\n\n\n<p><\/p>\n","protected":false},"excerpt":{"rendered":"<p>Psicologia Social e Processos Institucionais Ana Claudia Barbosa da Silva-Roosli http:\/\/lattes.cnpq.br\/6209536217272592 Temas de interesse:1. Rela\u00e7\u00e3o entre Processos de Trabalho e Sa\u00fade2. Cl\u00ednicas do Trabalho3. Ergologia4. Trabalho e Sa\u00fade SEM VAGA DE ORIENTA\u00c7\u00c3O Paula Marques da Silva http:\/\/lattes.cnpq.br\/6122000224488779 Temas de interesse:1. Psicologia social em interlace com Direitos Humanos e precariza\u00e7\u00e3o da vida 2. Psicologia Social, luto, [&hellip;]<\/p>\n","protected":false},"author":10,"featured_media":0,"parent":0,"menu_order":0,"comment_status":"closed","ping_status":"closed","template":"","meta":{"footnotes":""},"class_list":["post-3270","page","type-page","status-publish","hentry"],"acf":[],"_links":{"self":[{"href":"https:\/\/pos.uel.br\/psicologia\/wp-json\/wp\/v2\/pages\/3270","targetHints":{"allow":["GET"]}}],"collection":[{"href":"https:\/\/pos.uel.br\/psicologia\/wp-json\/wp\/v2\/pages"}],"about":[{"href":"https:\/\/pos.uel.br\/psicologia\/wp-json\/wp\/v2\/types\/page"}],"author":[{"embeddable":true,"href":"https:\/\/pos.uel.br\/psicologia\/wp-json\/wp\/v2\/users\/10"}],"replies":[{"embeddable":true,"href":"https:\/\/pos.uel.br\/psicologia\/wp-json\/wp\/v2\/comments?post=3270"}],"version-history":[{"count":8,"href":"https:\/\/pos.uel.br\/psicologia\/wp-json\/wp\/v2\/pages\/3270\/revisions"}],"predecessor-version":[{"id":3339,"href":"https:\/\/pos.uel.br\/psicologia\/wp-json\/wp\/v2\/pages\/3270\/revisions\/3339"}],"wp:attachment":[{"href":"https:\/\/pos.uel.br\/psicologia\/wp-json\/wp\/v2\/media?parent=3270"}],"curies":[{"name":"wp","href":"https:\/\/api.w.org\/{rel}","templated":true}]}}