{"id":3267,"date":"2026-03-06T14:22:15","date_gmt":"2026-03-06T17:22:15","guid":{"rendered":"https:\/\/pos.uel.br\/psicologia\/?page_id=3267"},"modified":"2026-03-10T07:35:55","modified_gmt":"2026-03-10T10:35:55","slug":"linha-1","status":"publish","type":"page","link":"https:\/\/pos.uel.br\/psicologia\/linha-1\/","title":{"rendered":"Linha 1"},"content":{"rendered":"\n<p class=\"has-medium-font-size\"><strong>Avalia\u00e7\u00e3o Psicol\u00f3gica e Processos Cl\u00ednicos<\/strong><\/p>\n\n\n\n<p><\/p>\n\n\n\n<div class=\"wp-block-columns is-layout-flex wp-container-core-columns-is-layout-9d6595d7 wp-block-columns-is-layout-flex\">\n<div class=\"wp-block-column is-layout-flow wp-block-column-is-layout-flow\" style=\"flex-basis:33.33%\"><div class=\"wp-block-image\">\n<figure class=\"aligncenter size-full is-resized\"><img loading=\"lazy\" decoding=\"async\" width=\"205\" height=\"272\" src=\"https:\/\/pos.uel.br\/psicologia\/wp-content\/uploads\/2021\/05\/FotoKatya-2.jpg\" alt=\"\" class=\"wp-image-156\" style=\"width:261px;height:auto\" \/><\/figure>\n<\/div><\/div>\n\n\n\n<div class=\"wp-block-column is-layout-flow wp-block-column-is-layout-flow\" style=\"flex-basis:66.66%\">\n<p><\/p>\n\n\n\n<p><strong>Katya Luciane de Oliveira<\/strong><\/p>\n\n\n\n<p><a href=\"http:\/\/lattes.cnpq.br\/4705886258107687\" target=\"_blank\" rel=\"noreferrer noopener\"><u>http:\/\/lattes.cnpq.br\/4705886258107687<\/u><\/a><\/p>\n\n\n\n<p><strong>Temas de interesse:<\/strong><br>1. Avalia\u00e7\u00e3o Psicol\u00f3gica e Avalia\u00e7\u00e3o Psicoeducacional<br>2. Psicometria<br>3. Valida\u00e7\u00e3o de Instrumentos de Medida<br>4. Dificuldades do Processo de Ensino e Aprendizagem<br>5. Metodologia de Pesquisa<\/p>\n\n\n\n<p><\/p>\n\n\n\n<p>MESTRADO\/DOUTORADO<\/p>\n<\/div>\n<\/div>\n\n\n\n<div class=\"wp-block-columns is-layout-flex wp-container-core-columns-is-layout-9d6595d7 wp-block-columns-is-layout-flex\">\n<div class=\"wp-block-column is-layout-flow wp-block-column-is-layout-flow\" style=\"flex-basis:33.33%\"><div class=\"wp-block-image\">\n<figure class=\"aligncenter size-full is-resized\"><img loading=\"lazy\" decoding=\"async\" width=\"1072\" height=\"1153\" src=\"https:\/\/pos.uel.br\/psicologia\/wp-content\/uploads\/2023\/09\/leandro.jpg\" alt=\"\" class=\"wp-image-1726\" style=\"aspect-ratio:0.9297820823244553;width:322px;height:auto\" \/><\/figure>\n<\/div><\/div>\n\n\n\n<div class=\"wp-block-column is-layout-flow wp-block-column-is-layout-flow\" style=\"flex-basis:66.66%\">\n<p><\/p>\n\n\n\n<p><strong>Leandro Anselmo Todesqui Tavares<\/strong><\/p>\n\n\n\n<p><a href=\"http:\/\/lattes.cnpq.br\/1190866102732466\" target=\"_blank\" rel=\"noreferrer noopener\">http:\/\/lattes.cnpq.br\/1190866102732466<\/a><\/p>\n\n\n\n<p><strong>Temas de interesse:<\/strong><br>1. Teoria e Cl\u00ednica Psicanal\u00edtica (Lacan\/Freud)<br>2. Sublima\u00e7\u00e3o, Cultura, Est\u00e9tica, Arte, Sociedade (Psican\u00e1lise Invocante)<br>3. Psicopatologias<br>4. Psican\u00e1lise e Sociedade (meio ambiente; ancestralidades; tecnologias e desumaniza\u00e7\u00e3o, etc.)<br>5. Psican\u00e1lise e Cl\u00ednica Ampliada<\/p>\n\n\n\n<p><\/p>\n\n\n\n<p>MESTRADO\/DOUTORADO<\/p>\n<\/div>\n<\/div>\n\n\n\n<div class=\"wp-block-columns is-layout-flex wp-container-core-columns-is-layout-9d6595d7 wp-block-columns-is-layout-flex\">\n<div class=\"wp-block-column is-layout-flow wp-block-column-is-layout-flow\" style=\"flex-basis:33.33%\"><div class=\"wp-block-image\">\n<figure class=\"aligncenter size-large is-resized\"><img loading=\"lazy\" decoding=\"async\" width=\"768\" height=\"1024\" src=\"https:\/\/pos.uel.br\/psicologia\/wp-content\/uploads\/2023\/05\/Foto-Maira-Bonafe-Sei-768x1024.jpg\" alt=\"\" class=\"wp-image-1435\" style=\"aspect-ratio:0.7500188409073781;width:285px;height:auto\" srcset=\"https:\/\/pos.uel.br\/psicologia\/wp-content\/uploads\/2023\/05\/Foto-Maira-Bonafe-Sei-768x1024.jpg 768w, https:\/\/pos.uel.br\/psicologia\/wp-content\/uploads\/2023\/05\/Foto-Maira-Bonafe-Sei-225x300.jpg 225w, https:\/\/pos.uel.br\/psicologia\/wp-content\/uploads\/2023\/05\/Foto-Maira-Bonafe-Sei-1152x1536.jpg 1152w, https:\/\/pos.uel.br\/psicologia\/wp-content\/uploads\/2023\/05\/Foto-Maira-Bonafe-Sei-1536x2048.jpg 1536w, https:\/\/pos.uel.br\/psicologia\/wp-content\/uploads\/2023\/05\/Foto-Maira-Bonafe-Sei-scaled.jpg 1920w\" sizes=\"auto, (max-width: 768px) 100vw, 768px\" \/><\/figure>\n<\/div><\/div>\n\n\n\n<div class=\"wp-block-column is-layout-flow wp-block-column-is-layout-flow\" style=\"flex-basis:66.66%\">\n<p><\/p>\n\n\n\n<p><strong>Ma\u00edra Bonaf\u00e9 Sei<\/strong><\/p>\n\n\n\n<p><a href=\"http:\/\/lattes.cnpq.br\/5815968830020591\" target=\"_blank\" rel=\"noreferrer noopener\"><u>http:\/\/lattes.cnpq.br\/5815968830020591<\/u><\/a><\/p>\n\n\n\n<p><strong>Temas de interesse:<\/strong><br>1. Psican\u00e1lise de Casal e Fam\u00edlia<br>2. Psican\u00e1lise Winnicottiana<br>3. Interven\u00e7\u00f5es Cl\u00ednicas no Contexto Institucional<br><\/p>\n\n\n\n<p>MESTRADO\/DOUTORADO<\/p>\n<\/div>\n<\/div>\n\n\n\n<div class=\"wp-block-columns is-layout-flex wp-container-core-columns-is-layout-9d6595d7 wp-block-columns-is-layout-flex\">\n<div class=\"wp-block-column is-layout-flow wp-block-column-is-layout-flow\" style=\"flex-basis:33.33%\"><div class=\"wp-block-image\">\n<figure class=\"aligncenter size-full is-resized\"><img loading=\"lazy\" decoding=\"async\" width=\"182\" height=\"308\" src=\"https:\/\/pos.uel.br\/psicologia\/wp-content\/uploads\/2021\/05\/FotoMarcosH.jpg\" alt=\"\" class=\"wp-image-164\" style=\"width:242px;height:auto\" srcset=\"https:\/\/pos.uel.br\/psicologia\/wp-content\/uploads\/2021\/05\/FotoMarcosH.jpg 182w, https:\/\/pos.uel.br\/psicologia\/wp-content\/uploads\/2021\/05\/FotoMarcosH-177x300.jpg 177w\" sizes=\"auto, (max-width: 182px) 100vw, 182px\" \/><\/figure>\n<\/div><\/div>\n\n\n\n<div class=\"wp-block-column is-layout-flow wp-block-column-is-layout-flow\" style=\"flex-basis:66.66%\">\n<p><\/p>\n\n\n\n<p><strong>Marcos Hirata Soares<\/strong><\/p>\n\n\n\n<p><a href=\"http:\/\/lattes.cnpq.br\/7091265289461718\" target=\"_blank\" rel=\"noreferrer noopener\"><u>http:\/\/lattes.cnpq.br\/2036052352175874<\/u><\/a><\/p>\n\n\n\n<p><strong>Temas de interesse:<\/strong><br>1. Preven\u00e7\u00e3o do suic\u00eddio<br>2. Reinser\u00e7\u00e3o e reabilita\u00e7\u00e3o psicossocial de dependentes qu\u00edmicos<br>3. Arteterapia<br>4. Aplica\u00e7\u00e3o, elabora\u00e7\u00e3o e valida\u00e7\u00e3o de testes e outras medidas subjetivas em sa\u00fade mental, espiritualidade e religiosidade<\/p>\n\n\n\n<p><\/p>\n\n\n\n<p>MESTRADO\/DOUTORADO<\/p>\n<\/div>\n<\/div>\n\n\n\n<div class=\"wp-block-columns is-layout-flex wp-container-core-columns-is-layout-9d6595d7 wp-block-columns-is-layout-flex\">\n<div class=\"wp-block-column is-layout-flow wp-block-column-is-layout-flow\" style=\"flex-basis:33.33%\">\n<figure class=\"wp-block-image size-large\"><img loading=\"lazy\" decoding=\"async\" width=\"1024\" height=\"858\" src=\"https:\/\/pos.uel.br\/psicologia\/wp-content\/uploads\/2026\/03\/WhatsApp-Image-2026-03-10-at-07.34.44-1024x858.jpeg\" alt=\"\" class=\"wp-image-3328\" srcset=\"https:\/\/pos.uel.br\/psicologia\/wp-content\/uploads\/2026\/03\/WhatsApp-Image-2026-03-10-at-07.34.44-1024x858.jpeg 1024w, https:\/\/pos.uel.br\/psicologia\/wp-content\/uploads\/2026\/03\/WhatsApp-Image-2026-03-10-at-07.34.44-300x251.jpeg 300w, https:\/\/pos.uel.br\/psicologia\/wp-content\/uploads\/2026\/03\/WhatsApp-Image-2026-03-10-at-07.34.44-768x644.jpeg 768w, https:\/\/pos.uel.br\/psicologia\/wp-content\/uploads\/2026\/03\/WhatsApp-Image-2026-03-10-at-07.34.44.jpeg 1280w\" sizes=\"auto, (max-width: 1024px) 100vw, 1024px\" \/><\/figure>\n<\/div>\n\n\n\n<div class=\"wp-block-column is-layout-flow wp-block-column-is-layout-flow\" style=\"flex-basis:66.66%\">\n<p><strong>Maria Elizabeth Barreto Tavares dos Reis<\/strong><\/p>\n\n\n\n<p><a href=\"http:\/\/lattes.cnpq.br\/2036052352175874\" target=\"_blank\" rel=\"noreferrer noopener\"><u>http:\/\/lattes.cnpq.br\/2036052352175874<\/u><\/a><\/p>\n\n\n\n<p><strong>Temas de interesse:<\/strong><br>1. Psicoterapia Psicanal\u00edtica<br>2. Relacionamento M\u00e3e-Beb\u00ea<br>3. Constru\u00e7\u00e3o do Sujeito<br>4. Parentalidade<br>5. Gemelaridade<\/p>\n\n\n\n<p><\/p>\n\n\n\n<p>MESTRADO\/DOUTORADO<\/p>\n<\/div>\n<\/div>\n\n\n\n<div class=\"wp-block-columns is-layout-flex wp-container-core-columns-is-layout-9d6595d7 wp-block-columns-is-layout-flex\">\n<div class=\"wp-block-column is-layout-flow wp-block-column-is-layout-flow\" style=\"flex-basis:33.33%\"><div class=\"wp-block-image\">\n<figure class=\"aligncenter size-large is-resized\"><img loading=\"lazy\" decoding=\"async\" width=\"684\" height=\"1024\" src=\"https:\/\/pos.uel.br\/psicologia\/wp-content\/uploads\/2023\/11\/e91b4d25-c5c6-41b4-957d-4e2622699738-1-684x1024.jpg\" alt=\"\" class=\"wp-image-1838\" style=\"aspect-ratio:0.6679863235558755;width:298px;height:auto\" srcset=\"https:\/\/pos.uel.br\/psicologia\/wp-content\/uploads\/2023\/11\/e91b4d25-c5c6-41b4-957d-4e2622699738-1-684x1024.jpg 684w, https:\/\/pos.uel.br\/psicologia\/wp-content\/uploads\/2023\/11\/e91b4d25-c5c6-41b4-957d-4e2622699738-1-200x300.jpg 200w, https:\/\/pos.uel.br\/psicologia\/wp-content\/uploads\/2023\/11\/e91b4d25-c5c6-41b4-957d-4e2622699738-1-768x1151.jpg 768w, https:\/\/pos.uel.br\/psicologia\/wp-content\/uploads\/2023\/11\/e91b4d25-c5c6-41b4-957d-4e2622699738-1-1025x1536.jpg 1025w, https:\/\/pos.uel.br\/psicologia\/wp-content\/uploads\/2023\/11\/e91b4d25-c5c6-41b4-957d-4e2622699738-1.jpg 1068w\" sizes=\"auto, (max-width: 684px) 100vw, 684px\" \/><\/figure>\n<\/div><\/div>\n\n\n\n<div class=\"wp-block-column is-layout-flow wp-block-column-is-layout-flow\" style=\"flex-basis:66.66%\">\n<p><\/p>\n\n\n\n<p><strong>Roberta Ekuni de Souza<\/strong><\/p>\n\n\n\n<p><a href=\"http:\/\/lattes.cnpq.br\/8230384607574009\">http:\/\/lattes.cnpq.br\/8230384607574009<\/a><\/p>\n\n\n\n<p><strong>Temas de interesse:<\/strong><\/p>\n\n\n\n<p>1. Avalia\u00e7\u00e3o dos processos de Ensino e Aprendizagem<br>2. Interven\u00e7\u00f5es no contexto educacional<\/p>\n\n\n\n<p><\/p>\n\n\n\n<p>MESTRADO\/DOUTORADO<\/p>\n<\/div>\n<\/div>\n\n\n\n<div class=\"wp-block-columns is-layout-flex wp-container-core-columns-is-layout-9d6595d7 wp-block-columns-is-layout-flex\">\n<div class=\"wp-block-column is-layout-flow wp-block-column-is-layout-flow\" style=\"flex-basis:33.33%\">\n<figure class=\"wp-block-image size-large\"><img loading=\"lazy\" decoding=\"async\" width=\"1021\" height=\"1024\" src=\"https:\/\/pos.uel.br\/psicologia\/wp-content\/uploads\/2021\/05\/FotoSilvia-1021x1024.jpg\" alt=\"\" class=\"wp-image-177\" srcset=\"https:\/\/pos.uel.br\/psicologia\/wp-content\/uploads\/2021\/05\/FotoSilvia-1021x1024.jpg 1021w, https:\/\/pos.uel.br\/psicologia\/wp-content\/uploads\/2021\/05\/FotoSilvia-300x300.jpg 300w, https:\/\/pos.uel.br\/psicologia\/wp-content\/uploads\/2021\/05\/FotoSilvia-150x150.jpg 150w, https:\/\/pos.uel.br\/psicologia\/wp-content\/uploads\/2021\/05\/FotoSilvia-768x770.jpg 768w, https:\/\/pos.uel.br\/psicologia\/wp-content\/uploads\/2021\/05\/FotoSilvia-1531x1536.jpg 1531w, https:\/\/pos.uel.br\/psicologia\/wp-content\/uploads\/2021\/05\/FotoSilvia-2042x2048.jpg 2042w\" sizes=\"auto, (max-width: 1021px) 100vw, 1021px\" \/><\/figure>\n<\/div>\n\n\n\n<div class=\"wp-block-column is-layout-flow wp-block-column-is-layout-flow\" style=\"flex-basis:66.66%\">\n<p><strong>Silvia Nogueira Cordeiro<\/strong><\/p>\n\n\n\n<p><a href=\"http:\/\/lattes.cnpq.br\/6677671189359425\" target=\"_blank\" rel=\"noreferrer noopener\"><u>http:\/\/lattes.cnpq.br\/6677671189359425<\/u><\/a><\/p>\n\n\n\n<p><strong>Temas de interesse:<\/strong><br>1. Psican\u00e1lise, Sa\u00fade e Institui\u00e7\u00e3o<br>2. Psican\u00e1lise, Mulher e Feminilidade<br>3. Teoria e Cl\u00ednica Psicanal\u00edtica<\/p>\n\n\n\n<p><\/p>\n\n\n\n<p>SEM VAGA DISPON\u00cdVEL<\/p>\n<\/div>\n<\/div>\n","protected":false},"excerpt":{"rendered":"<p>Avalia\u00e7\u00e3o Psicol\u00f3gica e Processos Cl\u00ednicos Katya Luciane de Oliveira http:\/\/lattes.cnpq.br\/4705886258107687 Temas de interesse:1. Avalia\u00e7\u00e3o Psicol\u00f3gica e Avalia\u00e7\u00e3o Psicoeducacional2. Psicometria3. Valida\u00e7\u00e3o de Instrumentos de Medida4. Dificuldades do Processo de Ensino e Aprendizagem5. Metodologia de Pesquisa MESTRADO\/DOUTORADO Leandro Anselmo Todesqui Tavares http:\/\/lattes.cnpq.br\/1190866102732466 Temas de interesse:1. Teoria e Cl\u00ednica Psicanal\u00edtica (Lacan\/Freud)2. Sublima\u00e7\u00e3o, Cultura, Est\u00e9tica, Arte, Sociedade (Psican\u00e1lise Invocante)3. [&hellip;]<\/p>\n","protected":false},"author":10,"featured_media":0,"parent":0,"menu_order":0,"comment_status":"closed","ping_status":"closed","template":"","meta":{"footnotes":""},"class_list":["post-3267","page","type-page","status-publish","hentry"],"acf":[],"_links":{"self":[{"href":"https:\/\/pos.uel.br\/psicologia\/wp-json\/wp\/v2\/pages\/3267","targetHints":{"allow":["GET"]}}],"collection":[{"href":"https:\/\/pos.uel.br\/psicologia\/wp-json\/wp\/v2\/pages"}],"about":[{"href":"https:\/\/pos.uel.br\/psicologia\/wp-json\/wp\/v2\/types\/page"}],"author":[{"embeddable":true,"href":"https:\/\/pos.uel.br\/psicologia\/wp-json\/wp\/v2\/users\/10"}],"replies":[{"embeddable":true,"href":"https:\/\/pos.uel.br\/psicologia\/wp-json\/wp\/v2\/comments?post=3267"}],"version-history":[{"count":5,"href":"https:\/\/pos.uel.br\/psicologia\/wp-json\/wp\/v2\/pages\/3267\/revisions"}],"predecessor-version":[{"id":3329,"href":"https:\/\/pos.uel.br\/psicologia\/wp-json\/wp\/v2\/pages\/3267\/revisions\/3329"}],"wp:attachment":[{"href":"https:\/\/pos.uel.br\/psicologia\/wp-json\/wp\/v2\/media?parent=3267"}],"curies":[{"name":"wp","href":"https:\/\/api.w.org\/{rel}","templated":true}]}}