{"id":2765,"date":"2025-05-19T13:08:31","date_gmt":"2025-05-19T16:08:31","guid":{"rendered":"https:\/\/pos.uel.br\/psicologia\/?page_id=2765"},"modified":"2025-05-19T13:59:31","modified_gmt":"2025-05-19T16:59:31","slug":"2025-1-2","status":"publish","type":"page","link":"https:\/\/pos.uel.br\/psicologia\/2025-1-2\/","title":{"rendered":"2025"},"content":{"rendered":"\n<p>Ana Lu\u00edsa Fiorasi Pinto <a href=\"http:\/\/lattes.cnpq.br\/1578942170719869\" target=\"_blank\" rel=\"noreferrer noopener\"><img loading=\"lazy\" decoding=\"async\" width=\"18\" height=\"18\" class=\"wp-image-271\" style=\"width: 18px\" src=\"https:\/\/pos.uel.br\/psicologia\/wp-content\/uploads\/2021\/06\/icon-lattes.gif\" alt=\"\"><\/a><\/p>\n\n\n\n<p>Camila Borsato Rocchi <a href=\"http:\/\/lattes.cnpq.br\/3600535109375162\" target=\"_blank\" rel=\"noreferrer noopener\"><img loading=\"lazy\" decoding=\"async\" width=\"18\" height=\"18\" class=\"wp-image-271\" style=\"width: 18px\" src=\"https:\/\/pos.uel.br\/psicologia\/wp-content\/uploads\/2021\/06\/icon-lattes.gif\" alt=\"\"><\/a><\/p>\n\n\n\n<p>Henry Derwood Mills <a href=\"http:\/\/lattes.cnpq.br\/1860042184690371\" target=\"_blank\" rel=\"noreferrer noopener\"><img loading=\"lazy\" decoding=\"async\" width=\"18\" height=\"18\" class=\"wp-image-271\" style=\"width: 18px\" src=\"https:\/\/pos.uel.br\/psicologia\/wp-content\/uploads\/2021\/06\/icon-lattes.gif\" alt=\"\"><\/a><\/p>\n\n\n\n<p>Hilton Aparecido Santos <a href=\"http:\/\/lattes.cnpq.br\/7610325696905119\" target=\"_blank\" rel=\"noreferrer noopener\"><img loading=\"lazy\" decoding=\"async\" width=\"18\" height=\"18\" class=\"wp-image-271\" style=\"width: 18px\" src=\"https:\/\/pos.uel.br\/psicologia\/wp-content\/uploads\/2021\/06\/icon-lattes.gif\" alt=\"\"><\/a><\/p>\n\n\n\n<p>Katia Lury Ozawa Ermenegildo <a href=\"http:\/\/lattes.cnpq.br\/6163537714818794\" target=\"_blank\" rel=\"noreferrer noopener\"><img loading=\"lazy\" decoding=\"async\" width=\"18\" height=\"18\" class=\"wp-image-271\" style=\"width: 18px\" src=\"https:\/\/pos.uel.br\/psicologia\/wp-content\/uploads\/2021\/06\/icon-lattes.gif\" alt=\"\"><\/a><\/p>\n\n\n\n<p>Lucas Barbosa Namur <a href=\"http:\/\/lattes.cnpq.br\/3063147570520610\" target=\"_blank\" rel=\"noreferrer noopener\"><img loading=\"lazy\" decoding=\"async\" width=\"18\" height=\"18\" class=\"wp-image-271\" style=\"width: 18px\" src=\"https:\/\/pos.uel.br\/psicologia\/wp-content\/uploads\/2021\/06\/icon-lattes.gif\" alt=\"\"><\/a><\/p>\n\n\n\n<p>Marcos Antonio Galante <a href=\"http:\/\/lattes.cnpq.br\/9255410278935675\" target=\"_blank\" rel=\"noreferrer noopener\"><img loading=\"lazy\" decoding=\"async\" width=\"18\" height=\"18\" class=\"wp-image-271\" style=\"width: 18px\" src=\"https:\/\/pos.uel.br\/psicologia\/wp-content\/uploads\/2021\/06\/icon-lattes.gif\" alt=\"\"><\/a><\/p>\n\n\n\n<p>Maria Eduarda Ferreira Barros <a href=\"http:\/\/lattes.cnpq.br\/3159457393868766\" target=\"_blank\" rel=\"noreferrer noopener\"><img loading=\"lazy\" decoding=\"async\" width=\"18\" height=\"18\" class=\"wp-image-271\" style=\"width: 18px\" src=\"https:\/\/pos.uel.br\/psicologia\/wp-content\/uploads\/2021\/06\/icon-lattes.gif\" alt=\"\"><\/a><\/p>\n\n\n\n<p>Nath\u00e1lia Janu\u00e1rio Buono <a href=\"http:\/\/lattes.cnpq.br\/5810576665995158\" target=\"_blank\" rel=\"noreferrer noopener\"><img loading=\"lazy\" decoding=\"async\" width=\"18\" height=\"18\" class=\"wp-image-271\" style=\"width: 18px\" src=\"https:\/\/pos.uel.br\/psicologia\/wp-content\/uploads\/2021\/06\/icon-lattes.gif\" alt=\"\"><\/a><\/p>\n\n\n\n<p>Stef\u00e2nia Rosa Santos <a href=\"http:\/\/lattes.cnpq.br\/1177225245253419\" target=\"_blank\" rel=\"noreferrer noopener\"><img loading=\"lazy\" decoding=\"async\" width=\"18\" height=\"18\" class=\"wp-image-271\" style=\"width: 18px\" src=\"https:\/\/pos.uel.br\/psicologia\/wp-content\/uploads\/2021\/06\/icon-lattes.gif\" alt=\"\"><\/a><\/p>\n\n\n\n<p>Vanessa Jesus Riga <a href=\"http:\/\/lattes.cnpq.br\/7282695854545848\" target=\"_blank\" rel=\"noreferrer noopener\"><img loading=\"lazy\" decoding=\"async\" width=\"18\" height=\"18\" class=\"wp-image-271\" style=\"width: 18px\" src=\"https:\/\/pos.uel.br\/psicologia\/wp-content\/uploads\/2021\/06\/icon-lattes.gif\" alt=\"\"><\/a><\/p>\n","protected":false},"excerpt":{"rendered":"<p>Ana Lu\u00edsa Fiorasi Pinto Camila Borsato Rocchi Henry Derwood Mills Hilton Aparecido Santos Katia Lury Ozawa Ermenegildo Lucas Barbosa Namur Marcos Antonio Galante Maria Eduarda Ferreira Barros Nath\u00e1lia Janu\u00e1rio Buono Stef\u00e2nia Rosa Santos Vanessa Jesus Riga<\/p>\n","protected":false},"author":12,"featured_media":0,"parent":0,"menu_order":0,"comment_status":"closed","ping_status":"closed","template":"","meta":{"footnotes":""},"class_list":["post-2765","page","type-page","status-publish","hentry"],"acf":[],"_links":{"self":[{"href":"https:\/\/pos.uel.br\/psicologia\/wp-json\/wp\/v2\/pages\/2765","targetHints":{"allow":["GET"]}}],"collection":[{"href":"https:\/\/pos.uel.br\/psicologia\/wp-json\/wp\/v2\/pages"}],"about":[{"href":"https:\/\/pos.uel.br\/psicologia\/wp-json\/wp\/v2\/types\/page"}],"author":[{"embeddable":true,"href":"https:\/\/pos.uel.br\/psicologia\/wp-json\/wp\/v2\/users\/12"}],"replies":[{"embeddable":true,"href":"https:\/\/pos.uel.br\/psicologia\/wp-json\/wp\/v2\/comments?post=2765"}],"version-history":[{"count":11,"href":"https:\/\/pos.uel.br\/psicologia\/wp-json\/wp\/v2\/pages\/2765\/revisions"}],"predecessor-version":[{"id":2794,"href":"https:\/\/pos.uel.br\/psicologia\/wp-json\/wp\/v2\/pages\/2765\/revisions\/2794"}],"wp:attachment":[{"href":"https:\/\/pos.uel.br\/psicologia\/wp-json\/wp\/v2\/media?parent=2765"}],"curies":[{"name":"wp","href":"https:\/\/api.w.org\/{rel}","templated":true}]}}