{"id":2699,"date":"2025-03-28T21:52:48","date_gmt":"2025-03-29T00:52:48","guid":{"rendered":"https:\/\/pos.uel.br\/psicologia\/?page_id=2699"},"modified":"2025-03-28T22:19:14","modified_gmt":"2025-03-29T01:19:14","slug":"requerimento-matricula-estudante-de-outra-instituicao-art-27-do-rppg-stricto-sensu","status":"publish","type":"page","link":"https:\/\/pos.uel.br\/psicologia\/requerimento-matricula-estudante-de-outra-instituicao-art-27-do-rppg-stricto-sensu\/","title":{"rendered":"Requerimento Matr\u00edcula \u2013 Estudante de Outra Institui\u00e7\u00e3o \u2013 Art. 27 do RPPG \u2013 Stricto sensu"},"content":{"rendered":"\n<p>Estudantes de outras IES poder\u00e3o pleitear vaga nas disciplinas optativas ofertadas pelo PPGPSI, mediante disponibilidade de cada semestre.<\/p>\n\n\n\n<p>De acordo com o Art. 27, da Resolu\u00e7\u00e3o CEPE n\u00ba 037\/2016, estudantes matriculados em Programas de P\u00f3s-Gradua\u00e7\u00e3o <em>Stricto sensu<\/em> de outras Institui\u00e7\u00f5es, devidamente reconhecidos pela CAPES, poder\u00e3o cursar disciplinas como estudante especial, ofertadas pelos Programas da UEL, desde que sejam autorizados pelo docente respons\u00e1vel pela disciplina e pelo coordenador do Programa&nbsp;e atendam aos seguintes procedimentos:<\/p>\n\n\n\n<ol class=\"wp-block-list\">\n<li>Envio do <strong><a href=\"https:\/\/pos.uel.br\/psicologia\/wp-content\/uploads\/2025\/03\/Requerimento-Matricula-Estudante-de-Outra-Instituicao-Art.-27-do-RPPG-Stricto-sensu.doc\" target=\"_blank\" rel=\"noreferrer noopener\">Requerimento de Matr\u00edcula \u2013 Estudante de Outra Institui\u00e7\u00e3o<\/a><\/strong>, devidamente preenchido e assinado;<\/li>\n\n\n\n<li>Apresenta\u00e7\u00e3o do comprovante de matr\u00edcula da Institui\u00e7\u00e3o de origem;<\/li>\n\n\n\n<li>Apresenta\u00e7\u00e3o de uma carta do orientador do requerente recomendando a realiza\u00e7\u00e3o da disciplina &#8211; especificar disciplina e c\u00f3digo.<\/li>\n<\/ol>\n\n\n\n<p>Os tr\u00eas documentos acima mencionados devem ser encaminhados para o e-mail&nbsp;<strong><a rel=\"noreferrer noopener\" href=\"mailto:secretariappgpsi@uel.br\" target=\"_blank\">secretariappgpsi@uel.br<\/a><\/strong><\/p>\n\n\n\n<p><span style=\"text-decoration: underline\">A solicita\u00e7\u00e3o deve ser realizada durante o per\u00edodo de inscri\u00e7\u00e3o para ingresso como &#8220;Estudante Especial&#8221;<\/span> \u2013 informa\u00e7\u00e3o que pode ser encontrada na aba &#8220;Sobre o programa&#8221;\u2500&#8221;Calend\u00e1rio&#8221; deste site.<\/p>\n\n\n\n<p>O docente respons\u00e1vel pela disciplina e o coordenador do Programa far\u00e3o a aprecia\u00e7\u00e3o do pedido, podendo deferi-lo ou indeferi-lo. O candidato ser\u00e1 notificado sobre o resultado atrav\u00e9s do e-mail informado no requerimento.<\/p>\n\n\n\n<p>N\u00e3o h\u00e1 pagamento de taxas no caso de estudantes de outras IES.<\/p>\n","protected":false},"excerpt":{"rendered":"<p>Estudantes de outras IES poder\u00e3o pleitear vaga nas disciplinas optativas ofertadas pelo PPGPSI, mediante disponibilidade de cada semestre. De acordo com o Art. 27, da Resolu\u00e7\u00e3o CEPE n\u00ba 037\/2016, estudantes matriculados em Programas de P\u00f3s-Gradua\u00e7\u00e3o Stricto sensu de outras Institui\u00e7\u00f5es, devidamente reconhecidos pela CAPES, poder\u00e3o cursar disciplinas como estudante especial, ofertadas pelos Programas da UEL, [&hellip;]<\/p>\n","protected":false},"author":12,"featured_media":0,"parent":0,"menu_order":0,"comment_status":"closed","ping_status":"closed","template":"","meta":{"footnotes":""},"class_list":["post-2699","page","type-page","status-publish","hentry"],"acf":[],"_links":{"self":[{"href":"https:\/\/pos.uel.br\/psicologia\/wp-json\/wp\/v2\/pages\/2699","targetHints":{"allow":["GET"]}}],"collection":[{"href":"https:\/\/pos.uel.br\/psicologia\/wp-json\/wp\/v2\/pages"}],"about":[{"href":"https:\/\/pos.uel.br\/psicologia\/wp-json\/wp\/v2\/types\/page"}],"author":[{"embeddable":true,"href":"https:\/\/pos.uel.br\/psicologia\/wp-json\/wp\/v2\/users\/12"}],"replies":[{"embeddable":true,"href":"https:\/\/pos.uel.br\/psicologia\/wp-json\/wp\/v2\/comments?post=2699"}],"version-history":[{"count":7,"href":"https:\/\/pos.uel.br\/psicologia\/wp-json\/wp\/v2\/pages\/2699\/revisions"}],"predecessor-version":[{"id":2714,"href":"https:\/\/pos.uel.br\/psicologia\/wp-json\/wp\/v2\/pages\/2699\/revisions\/2714"}],"wp:attachment":[{"href":"https:\/\/pos.uel.br\/psicologia\/wp-json\/wp\/v2\/media?parent=2699"}],"curies":[{"name":"wp","href":"https:\/\/api.w.org\/{rel}","templated":true}]}}