{"id":254,"date":"2021-06-21T19:47:02","date_gmt":"2021-06-21T22:47:02","guid":{"rendered":"https:\/\/pos.uel.br\/psicologia\/?page_id=254"},"modified":"2024-03-07T09:31:16","modified_gmt":"2024-03-07T12:31:16","slug":"perguntas-frequentes","status":"publish","type":"page","link":"https:\/\/pos.uel.br\/psicologia\/perguntas-frequentes\/","title":{"rendered":"Perguntas Frequentes"},"content":{"rendered":"\n<h1 class=\"wp-block-heading\"><\/h1>\n\n\n\n<p><strong>1. Quem pode se candidatar ao Mestrado em Psicologia da Universidade Estadual de Londrina?<\/strong><\/p>\n\n\n\n<p>Poder\u00e3o se candidatar graduados ou graduandos de Psicologia e \u00e1reas afins (Ci\u00eancias Humanas, Sociais, da Sa\u00fade e Educa\u00e7\u00e3o). Aos graduandos, caso aprovados na sele\u00e7\u00e3o, compete apresentar comprovante de conclus\u00e3o de curso no ato da matr\u00edcula.<\/p>\n\n\n\n<p><strong>2. Quem pode se candidatar ao Doutorado em Psicologia da Universidade Estadual de Londrina?<\/strong><\/p>\n\n\n\n<p>Poder\u00e3o se candidatar portadores do diploma de Mestrado em Psicologia e \u00e1reas afins (Ci\u00eancias Humanas, Sociais, da Sa\u00fade e Educa\u00e7\u00e3o). Aos mestrandos, caso aprovados na sele\u00e7\u00e3o, compete apresentar comprovante de conclus\u00e3o de curso no ato da matr\u00edcula.<\/p>\n\n\n\n<p><strong>3. Quantas vagas ser\u00e3o ofertadas?<\/strong><\/p>\n\n\n\n<p>A cada sele\u00e7\u00e3o ser\u00e3o ofertadas at\u00e9 24 (vinte e quatro) vagas de Mestrado e 12 (doze) vagas de Doutorado distribu\u00eddas entre os docentes do Programa.<\/p>\n\n\n\n<p><strong>3. H\u00e1 a modalidade de Estudante Especial?<\/strong><\/p>\n\n\n\n<p>Sim. A cada semestre haver\u00e1 edital espec\u00edfico para essa modalidade de estudante. Neste site, temos uma p\u00e1gina que explica em detalhes a modalidade de Estudante Especial.<\/p>\n\n\n\n<p><strong>4. Em quais dias da semana ser\u00e3o ministradas as disciplinas?<\/strong><\/p>\n\n\n\n<p>Comumente, as aulas s\u00e3o \u00e0s Quartas (14h-18h), Quintas (8h-12h e 14h-18h) e Sextas (8h-12h). \u00c9 preciso que o candidato se programe para estar dispon\u00edvel nesses hor\u00e1rios, pois todas as disciplinas ministradas no primeiro semestre s\u00e3o obrigat\u00f3rias. Mudan\u00e7as ocasionais poder\u00e3o ser realizadas a depender da organiza\u00e7\u00e3o geral do corpo docente do PPGPSI.<\/p>\n\n\n\n<p><strong>5. \u00c9 poss\u00edvel cursar as disciplinas obrigat\u00f3rias fora desses hor\u00e1rios?<\/strong><\/p>\n\n\n\n<p>N\u00e3o. O estudante aprovado no Mestrado ou no Doutorado precisa realizar a matr\u00edcula e cursar todas as disciplinas organizadas para cada semestre, devendo cumprir todos os cr\u00e9ditos obrigat\u00f3rios referentes ao mesmo. N\u00e3o \u00e9 permitido adiar cr\u00e9ditos obrigat\u00f3rios.<\/p>\n\n\n\n<p><strong>6. Qual a exig\u00eancia para Comprova\u00e7\u00e3o de Profici\u00eancia em L\u00edngua Estrangeira?<\/strong><\/p>\n\n\n\n<p>Os candidatos ao Mestrado devem apresentar um dos seguintes documentos autenticados, certificando no m\u00ednimo&nbsp;<em>n\u00edvel intermedi\u00e1rio<\/em>&nbsp;e com data de validade de no m\u00e1ximo 3 anos. Os candidatos ao Doutorado dever\u00e3o apresentar a comprova\u00e7\u00e3o de profici\u00eancia em duas l\u00ednguas, conforme quadro abaixo:<\/p>\n\n\n\n<figure id=\"yui_3_16_0_ym19_1_1501247674659_3331\" class=\"wp-block-table\"><table><tbody><tr><td><em>Modalidade:<\/em><\/td><\/tr><tr><td>TOEFL IBT<\/td><\/tr><tr><td>TOEFL ITP<\/td><\/tr><tr><td>FCE<\/td><\/tr><tr><td>IELTS<\/td><\/tr><tr><td>TOEIC<\/td><\/tr><tr><td>ECCE<\/td><\/tr><tr><td>DELE<\/td><\/tr><tr><td>TESE PRIME Ingl\u00eas (TEAP) ou Espanhol (TEPLE), na \u00e1rea de Ci\u00eancias Humanas.<\/td><\/tr><tr><td><strong>C\u00f3pia autenticada<\/strong>&nbsp;do comprovante de Profici\u00eancia em L\u00edngua Estrangeira (teste de nivelamento) em n\u00edvel intermedi\u00e1rio ou superior (ingl\u00eas ou espanhol) expedido por escolas de l\u00ednguas estrangeiras competentes, mediante avalia\u00e7\u00e3o realizada presencialmente.<\/td><\/tr><tr><td><strong>C\u00f3pia autenticada do&nbsp;<\/strong>certificado de Conclus\u00e3o de Curso de L\u00edngua Estrangeira (ingl\u00eas ou espanhol) em n\u00edvel intermedi\u00e1rio ou superior, expedido por escolas de l\u00ednguas estrangeiras competentes.<\/td><\/tr><tr><td>Declara\u00e7\u00e3o de aprova\u00e7\u00e3o em prova de L\u00edngua Estrangeira (ingl\u00eas ou espanhol) expedida por outros Programas de P\u00f3s-gradua\u00e7\u00e3o&nbsp;<em>Stricto Sensu<\/em>.<\/td><\/tr><\/tbody><\/table><\/figure>\n\n\n\n<p><strong>7. \u00c9 poss\u00edvel apresentar como documentos de Comprova\u00e7\u00e3o de Profici\u00eancia em L\u00edngua Estrangeira os testes&nbsp;<em>online<\/em>&nbsp;que s\u00e3o disponibilizados pelas escolas de l\u00edngua?<\/strong><\/p>\n\n\n\n<p>N\u00e3o. O documento de comprova\u00e7\u00e3o de Profici\u00eancia em L\u00edngua Estrangeira (teste de nivelamento) deve ser apresentado mediante realiza\u00e7\u00e3o de prova escrita, realizada presencialmente nas escolas de l\u00ednguas estrangeiras competentes. Portanto, n\u00e3o ser\u00e3o admitidos testes&nbsp;<em>online<\/em>&nbsp;das escolas de l\u00ednguas.<\/p>\n\n\n\n<p><strong>8. Como posso saber as \u00e1reas de interesse do corpo docente?<\/strong><\/p>\n\n\n\n<p>Essa informa\u00e7\u00e3o est\u00e1 dispon\u00edvel neste site, no menu corpo docente, na qual voc\u00ea tamb\u00e9m pode acessar os Curr\u00edculos Lattes dos docentes. Al\u00e9m disso, nas redes sociais do PPG, como Facebook\u00a0e Instagram, s\u00e3o publicados periodicamente links com publica\u00e7\u00f5es e eventos (organizados e com participa\u00e7\u00e3o) dos docentes que comp\u00f5em o Programa.<\/p>\n\n\n\n<p><strong>9. O candidato poder\u00e1 indicar um orientador?<\/strong><\/p>\n\n\n\n<p>N\u00e3o. No ato da inscri\u00e7\u00e3o, o candidato deve escolher em qual das duas linhas de pesquisa deseja ser avaliado. As linhas de pesquisa est\u00e3o descritas neste site, nos menus Sobre o Programa\u00a0e\u00a0Projetos.<\/p>\n\n\n\n<p><strong>10. Haver\u00e1 uma lista de refer\u00eancias bibliogr\u00e1ficas para a prova de Conhecimento Espec\u00edfico?<\/strong><\/p>\n\n\n\n<p>A cada edital poder\u00e1 ser apresentada uma lista de refer\u00eancia bibliogr\u00e1fica que ser\u00e1 disponibilizada no site, a depender da decis\u00e3o da comiss\u00e3o de sele\u00e7\u00e3o do PPGPSI.<\/p>\n\n\n\n<p><strong>11. Quando ser\u00e1 aberto o per\u00edodo de inscri\u00e7\u00e3o para o processo seletivo?<\/strong><\/p>\n\n\n\n<p>As inscri\u00e7\u00f5es para o processo seletivo do Mestrado e Doutorado acontecer\u00e3o no segundo semestre de cada ano (entre agosto e setembro), seguida da sele\u00e7\u00e3o que comumente se d\u00e1 entre os meses de setembro e dezembro, conforme calend\u00e1rio geral dos cursos de Stricto Sensu da Universidade Estadual de Londrina.<\/p>\n\n\n\n<p><strong>12. Quando ser\u00e1 publicado o Edital de Sele\u00e7\u00e3o?<\/strong><\/p>\n\n\n\n<p>O Edital de Sele\u00e7\u00e3o do Mestrado e do Doutorado em Psicologia estar\u00e1 dispon\u00edvel no m\u00eas de julho no site da PROPPG (<a href=\"http:\/\/www.uel.br\/proppg\/\" target=\"_blank\" rel=\"noreferrer noopener\">www.uel.br\/proppg\/<\/a>) e no site do Programa (<a href=\"http:\/\/www.uel.br\/pos\/psicologia\" target=\"_blank\" rel=\"noreferrer noopener\">pos.uel.br\/psicologia\/<\/a>).<\/p>\n\n\n\n<p><strong>13. Os estudantes que ainda est\u00e3o cursando o \u00faltimo ano da gradua\u00e7\u00e3o podem se inscrever no processo seletivo do Mestrado?<\/strong><\/p>\n\n\n\n<p>Sim. Os estudantes que est\u00e3o cursando o \u00faltimo ano de gradua\u00e7\u00e3o podem se inscrever no processo seletivo mediante entrega de documento comprobat\u00f3rio de cola\u00e7\u00e3o de grau ou atestado que demonstre estar matriculado no \u00faltimo ano de gradua\u00e7\u00e3o emitido pela institui\u00e7\u00e3o.<\/p>\n\n\n\n<p>Entretando, caso sejam aprovados, precisam entregar o diploma ou certifica\u00e7\u00e3o oficial de conclus\u00e3o&nbsp;<strong>no ato da matr\u00edcula<\/strong>. Nesse documento deve constar a data de conclus\u00e3o do curso de gradua\u00e7\u00e3o (dia\/m\u00eas\/ano) e tal data deve ser anterior \u00e0 matr\u00edcula no Mestrado em Psicologia da UEL.&nbsp; Sem esse documento, o estudante aprovado&nbsp;<strong>n\u00e3o<\/strong>&nbsp;poder\u00e1 efetuar a matr\u00edcula e perder\u00e1 o direito \u00e0 vaga.<\/p>\n\n\n\n<p><strong>13. Os estudantes que ainda est\u00e3o cursando o Mestrado podem se inscrever no processo seletivo do Doutorado?<\/strong><\/p>\n\n\n\n<p>Sim. Os estudantes que est\u00e3o finalizando seu Mestrado podem se inscrever no processo seletivo mediante entrega de documento comprobat\u00f3rio da previs\u00e3o da data da defesa emitido pela institui\u00e7\u00e3o.<\/p>\n\n\n\n<p>Entretando, caso sejam aprovados, precisam entregar o diploma ou certifica\u00e7\u00e3o oficial de conclus\u00e3o&nbsp;<strong>no ato da matr\u00edcula<\/strong>. Nesse documento deve constar a data de conclus\u00e3o do Mestrado (dia\/m\u00eas\/ano) e tal data deve ser anterior \u00e0 matr\u00edcula no Doutorado em Psicologia da UEL.&nbsp; Sem esse documento, o estudante aprovado&nbsp;<strong>n\u00e3o<\/strong>&nbsp;poder\u00e1 efetuar a matr\u00edcula e perder\u00e1 o direito \u00e0 vaga.<\/p>\n\n\n\n<p><strong>14. O programa oferece bolsas de estudo para estudantes?<\/strong><\/p>\n\n\n\n<p>Sim. O programa oferece bolsa de estudos para estudantes e estas s\u00e3o atribu\u00eddas mediante processo seletivo definido pelo colegiado do PPSPSI com base nas regras institucionais da CAPES (Portaria no. 76 de 14 de abril de 2010, artigo 9).\u00a0Mais informa\u00e7\u00f5es, na aba Bolsas.<\/p>\n\n\n\n<p><strong>15. O que \u00e9 o Est\u00e1gio Docente?<\/strong><\/p>\n\n\n\n<p>Consiste em um est\u00e1gio no qual o estudante do Mestrado ou do Doutorado passa pela experi\u00eancia de acompanhar o trabalho de um docente vinculado ao PPGPSI que atua no curso de gradua\u00e7\u00e3o em Psicologia da Universidade Estadual de Londrina. O estagi\u00e1rio participa da elabora\u00e7\u00e3o de planos de aula e da execu\u00e7\u00e3o de atividades did\u00e1tico-pedag\u00f3gicas. O est\u00e1gio \u00e9 opcional para estudantes regulares e obrigat\u00f3rio para estudantes bolsistas. Para o Mestrado a dura\u00e7\u00e3o do est\u00e1gio \u00e9 de 30 horas, com o cumprimento de 2 cr\u00e9ditos. J\u00e1 para o Doutorado a dura\u00e7\u00e3o \u00e9 de 60 horas, com atribui\u00e7\u00e3o de 4 cr\u00e9ditos. O PPGPSI estimula seu corpo discente a fazer o Est\u00e1gio Docente por considerar que esta \u00e9 uma atividade de extrema import\u00e2ncia para forma\u00e7\u00e3o de mestres e doutores.<\/p>\n","protected":false},"excerpt":{"rendered":"<p>1. Quem pode se candidatar ao Mestrado em Psicologia da Universidade Estadual de Londrina? Poder\u00e3o se candidatar graduados ou graduandos de Psicologia e \u00e1reas afins (Ci\u00eancias Humanas, Sociais, da Sa\u00fade e Educa\u00e7\u00e3o). Aos graduandos, caso aprovados na sele\u00e7\u00e3o, compete apresentar comprovante de conclus\u00e3o de curso no ato da matr\u00edcula. 2. Quem pode se candidatar ao [&hellip;]<\/p>\n","protected":false},"author":10,"featured_media":0,"parent":0,"menu_order":0,"comment_status":"closed","ping_status":"closed","template":"","meta":{"footnotes":""},"class_list":["post-254","page","type-page","status-publish","hentry"],"acf":[],"_links":{"self":[{"href":"https:\/\/pos.uel.br\/psicologia\/wp-json\/wp\/v2\/pages\/254","targetHints":{"allow":["GET"]}}],"collection":[{"href":"https:\/\/pos.uel.br\/psicologia\/wp-json\/wp\/v2\/pages"}],"about":[{"href":"https:\/\/pos.uel.br\/psicologia\/wp-json\/wp\/v2\/types\/page"}],"author":[{"embeddable":true,"href":"https:\/\/pos.uel.br\/psicologia\/wp-json\/wp\/v2\/users\/10"}],"replies":[{"embeddable":true,"href":"https:\/\/pos.uel.br\/psicologia\/wp-json\/wp\/v2\/comments?post=254"}],"version-history":[{"count":6,"href":"https:\/\/pos.uel.br\/psicologia\/wp-json\/wp\/v2\/pages\/254\/revisions"}],"predecessor-version":[{"id":2057,"href":"https:\/\/pos.uel.br\/psicologia\/wp-json\/wp\/v2\/pages\/254\/revisions\/2057"}],"wp:attachment":[{"href":"https:\/\/pos.uel.br\/psicologia\/wp-json\/wp\/v2\/media?parent=254"}],"curies":[{"name":"wp","href":"https:\/\/api.w.org\/{rel}","templated":true}]}}