{"id":2523,"date":"2024-11-27T18:39:56","date_gmt":"2024-11-27T21:39:56","guid":{"rendered":"https:\/\/pos.uel.br\/psicologia\/?page_id=2523"},"modified":"2026-03-07T12:08:33","modified_gmt":"2026-03-07T15:08:33","slug":"publicacoes-2024","status":"publish","type":"page","link":"https:\/\/pos.uel.br\/psicologia\/publicacoes-2024\/","title":{"rendered":"Publica\u00e7\u00f5es 2024"},"content":{"rendered":"\n<p>Gimenes, J. V. F. &amp; Mansano, S. R. V. <a href=\"https:\/\/periodicos.pucminas.br\/index.php\/psicologiaemrevista\/article\/view\/32649\" target=\"_blank\" rel=\"noreferrer noopener\">Vidas em composi\u00e7\u00e3o: Conex\u00f5es entre a arte de compor e a arte de existir<\/a>.&nbsp;<strong>Psicologia em Revista<\/strong>, 29, p. 164-184. Doi:&nbsp;<a href=\"https:\/\/doi.org\/10.5752\/P.1678-9563.2023v29p164%20-%20184\" target=\"_blank\" rel=\"noreferrer noopener\">https:\/\/doi.org\/10.5752\/P.1678-9563.2023v29p164%20-%20184<\/a><\/p>\n\n\n\n<p>Santos, G. C., &amp; Mansano, S. R. V. (2024). <a href=\"https:\/\/www.e-publicacoes.uerj.br\/revispsi\/article\/view\/78066\" target=\"_blank\" rel=\"noreferrer noopener\">Mulheres Invisibilizadas: A Experi\u00eancia Afetiva de Entrega de um Filho para Ado\u00e7\u00e3o<\/a>.&nbsp;<strong>Estudos E Pesquisas Em Psicologia,&nbsp;24.<\/strong>&nbsp;<a href=\"https:\/\/doi.org\/10.12957\/epp.2024.78066\" target=\"_blank\" rel=\"noreferrer noopener\">https:\/\/doi.org\/10.12957\/epp.2024.78066<\/a><\/p>\n\n\n\n<p>PEDROSA, J.P.; SILVA, L.A &amp; SILVA, R.B. (2024) Envelhecimento populacional, viol\u00eancia e a prote\u00e7\u00e3o social da pessoa idosa. <strong>OIKOS: FAM\u00cdLIA E SOCIEDADE EM DEBATE<\/strong>, 35, 1-22. <a href=\"https:\/\/doi.org\/10.31423\/oikos.v35i1.15203\">https:\/\/doi.org\/10.31423\/oikos.v35i1.15203<\/a><\/p>\n\n\n\n<p><a href=\"https:\/\/dx.doi.org\/10.36517\/revpsiufc.15.2024.e024003\" target=\"_blank\" rel=\"noreferrer noopener\"><\/a>CAPALBO, L. S. &amp; SILVA, R.B. (2024). Psicologia Social e Pobreza: an\u00e1lise das disciplinas dos cursos de Psicologia de IEES do Paran\u00e1. <strong>Revista de Psicologia da UFC<\/strong>, 15, 1-15. <a href=\"https:\/\/periodicos.ufc.br\/psicologiaufc\/article\/view\/91881\">https:\/\/periodicos.ufc.br\/psicologiaufc\/article\/view\/91881<\/a><\/p>\n\n\n\n<p>MANDELLI, J. P. ; BONATTI, G. L. &amp; SILVA, R.B. (2024). A cl\u00ednica ampliada e o trabalho dos psic\u00f3logos no PAIF: pressupostos e desafios. <strong>Fractal: revista de psicologia<\/strong>, 36, 1-9. <a href=\"https:\/\/www.scielo.br\/j\/fractal\/a\/ynj64W6TbwxwLN9GH6HvsHL\/?format=pdf&amp;lang=pt\">https:\/\/www.scielo.br\/j\/fractal\/a\/ynj64W6TbwxwLN9GH6HvsHL\/?format=pdf&amp;lang=pt<\/a><\/p>\n\n\n\n<p><a href=\"https:\/\/dx.doi.org\/10.47208\/sd.v30i1.3485\" target=\"_blank\" rel=\"noreferrer noopener\"><\/a>MANDELLI, J. P. ; RIBEIRO, P.C.I. &amp; SILVA, R.B. (2024) Discurso sobre -v\u00ednculo- na Pol\u00edtica Nacional de Assist\u00eancia Social: uma an\u00e1lise documental. <strong>SOCIEDADE EM DEBATE<\/strong>, 30, 01-14. <a href=\"http:\/\/dx.doi.org\/10.47208\/sd.v30i1.3485\">http:\/\/dx.doi.org\/10.47208\/sd.v30i1.3485<\/a><\/p>\n\n\n\n<p>FORTES, M.C.; CARVALHAES, F.F. &amp; SILVA, R.B. (2024). HOMENS EM SITUA\u00c7\u00c3O DE RUA NA M\u00cdDIA: no\u00e7\u00f5es de masculinidade em disputa. <strong>Revista H\u00famus<\/strong>, 14, 120-148. <a href=\"https:\/\/periodicoseletronicos.ufma.br\/index.php\/revistahumus\/article\/view\/24830\/13205\">https:\/\/periodicoseletronicos.ufma.br\/index.php\/revistahumus\/article\/view\/24830\/13205<\/a><\/p>\n","protected":false},"excerpt":{"rendered":"<p>Gimenes, J. V. F. &amp; Mansano, S. R. V. Vidas em composi\u00e7\u00e3o: Conex\u00f5es entre a arte de compor e a arte de existir.&nbsp;Psicologia em Revista, 29, p. 164-184. Doi:&nbsp;https:\/\/doi.org\/10.5752\/P.1678-9563.2023v29p164%20-%20184 Santos, G. C., &amp; Mansano, S. R. V. (2024). Mulheres Invisibilizadas: A Experi\u00eancia Afetiva de Entrega de um Filho para Ado\u00e7\u00e3o.&nbsp;Estudos E Pesquisas Em Psicologia,&nbsp;24.&nbsp;https:\/\/doi.org\/10.12957\/epp.2024.78066 PEDROSA, [&hellip;]<\/p>\n","protected":false},"author":12,"featured_media":0,"parent":0,"menu_order":0,"comment_status":"closed","ping_status":"closed","template":"","meta":{"footnotes":""},"class_list":["post-2523","page","type-page","status-publish","hentry"],"acf":[],"_links":{"self":[{"href":"https:\/\/pos.uel.br\/psicologia\/wp-json\/wp\/v2\/pages\/2523","targetHints":{"allow":["GET"]}}],"collection":[{"href":"https:\/\/pos.uel.br\/psicologia\/wp-json\/wp\/v2\/pages"}],"about":[{"href":"https:\/\/pos.uel.br\/psicologia\/wp-json\/wp\/v2\/types\/page"}],"author":[{"embeddable":true,"href":"https:\/\/pos.uel.br\/psicologia\/wp-json\/wp\/v2\/users\/12"}],"replies":[{"embeddable":true,"href":"https:\/\/pos.uel.br\/psicologia\/wp-json\/wp\/v2\/comments?post=2523"}],"version-history":[{"count":5,"href":"https:\/\/pos.uel.br\/psicologia\/wp-json\/wp\/v2\/pages\/2523\/revisions"}],"predecessor-version":[{"id":3312,"href":"https:\/\/pos.uel.br\/psicologia\/wp-json\/wp\/v2\/pages\/2523\/revisions\/3312"}],"wp:attachment":[{"href":"https:\/\/pos.uel.br\/psicologia\/wp-json\/wp\/v2\/media?parent=2523"}],"curies":[{"name":"wp","href":"https:\/\/api.w.org\/{rel}","templated":true}]}}