{"id":2462,"date":"2024-10-24T12:04:37","date_gmt":"2024-10-24T15:04:37","guid":{"rendered":"https:\/\/pos.uel.br\/psicologia\/?page_id=2462"},"modified":"2024-10-24T12:37:31","modified_gmt":"2024-10-24T15:37:31","slug":"formularios-3","status":"publish","type":"page","link":"https:\/\/pos.uel.br\/psicologia\/formularios-3\/","title":{"rendered":"Formul\u00e1rios para tramitar qualifica\u00e7\u00e3o e defesa"},"content":{"rendered":"\n<p><\/p>\n\n\n\n<p><a href=\"https:\/\/pos.uel.br\/psicologia\/formularios-2\/\" target=\"_blank\" rel=\"noreferrer noopener\">Formul\u00e1rios &#8211; Mestrado<\/a><\/p>\n\n\n\n<p><a href=\"https:\/\/pos.uel.br\/psicologia\/formularios-doutorado\/\" target=\"_blank\" rel=\"noreferrer noopener\">Formul\u00e1rios &#8211; Doutorado<\/a><\/p>\n\n\n\n<p><\/p>\n","protected":false},"excerpt":{"rendered":"<p>Formul\u00e1rios &#8211; Mestrado Formul\u00e1rios &#8211; Doutorado<\/p>\n","protected":false},"author":12,"featured_media":0,"parent":0,"menu_order":0,"comment_status":"closed","ping_status":"closed","template":"","meta":{"footnotes":""},"class_list":["post-2462","page","type-page","status-publish","hentry"],"acf":[],"_links":{"self":[{"href":"https:\/\/pos.uel.br\/psicologia\/wp-json\/wp\/v2\/pages\/2462","targetHints":{"allow":["GET"]}}],"collection":[{"href":"https:\/\/pos.uel.br\/psicologia\/wp-json\/wp\/v2\/pages"}],"about":[{"href":"https:\/\/pos.uel.br\/psicologia\/wp-json\/wp\/v2\/types\/page"}],"author":[{"embeddable":true,"href":"https:\/\/pos.uel.br\/psicologia\/wp-json\/wp\/v2\/users\/12"}],"replies":[{"embeddable":true,"href":"https:\/\/pos.uel.br\/psicologia\/wp-json\/wp\/v2\/comments?post=2462"}],"version-history":[{"count":2,"href":"https:\/\/pos.uel.br\/psicologia\/wp-json\/wp\/v2\/pages\/2462\/revisions"}],"predecessor-version":[{"id":2473,"href":"https:\/\/pos.uel.br\/psicologia\/wp-json\/wp\/v2\/pages\/2462\/revisions\/2473"}],"wp:attachment":[{"href":"https:\/\/pos.uel.br\/psicologia\/wp-json\/wp\/v2\/media?parent=2462"}],"curies":[{"name":"wp","href":"https:\/\/api.w.org\/{rel}","templated":true}]}}