{"id":244,"date":"2021-06-21T19:39:16","date_gmt":"2021-06-21T22:39:16","guid":{"rendered":"https:\/\/pos.uel.br\/psicologia\/?page_id=244"},"modified":"2026-03-02T16:50:31","modified_gmt":"2026-03-02T19:50:31","slug":"bolsas","status":"publish","type":"page","link":"https:\/\/pos.uel.br\/psicologia\/bolsas\/","title":{"rendered":"Bolsas"},"content":{"rendered":"\n<p>As Bolsas de Estudos da CAPES \u2013 Demanda Social ser\u00e3o concedidas aos estudantes regularmente matriculados no PPGPSI mediante processo seletivo realizado via edital espec\u00edfico.<\/p>\n\n\n\n<p>Para tanto, \u00e9 necess\u00e1rio que o estudante interessado atenda aos requisitos exigidos pelo art.9 da Portaria n\u00ba 76\/2010 e Oficio Circular n\u00ba18\/2023 da CAPES.<\/p>\n\n\n\n<p>Indica-se como obrigat\u00f3rio ao Bolsista, realizar o Est\u00e1gio Docente no segundo semestre do curso (30 horas e 4 cr\u00e9ditos).<\/p>\n\n\n\n<p><\/p>\n\n\n\n<p>Normas espec\u00edficas podem ser observadas nos dois documentos abaixo:<\/p>\n\n\n\n<p><u><strong><a href=\"https:\/\/pos.uel.br\/psicologia\/wp-content\/uploads\/2024\/07\/Normativa-Bolsas-PPGPSI-001-2023.pdf\" target=\"_blank\" rel=\"noreferrer noopener\">Normativa PPGPSI\/UEL N\u00ba 001\/2023<\/a><\/strong><\/u><\/p>\n\n\n\n<p><strong><a href=\"https:\/\/www.uel.br\/nac\/pages\/arquivos\/DOCS\/cotas%20p%C3%B3s.pdf\" target=\"_blank\" rel=\"noreferrer noopener\">Resolu\u00e7\u00e3o CEPE 034\/2021<\/a><\/strong><\/p>\n\n\n\n<p><u><a href=\"https:\/\/pos.uel.br\/psicologia\/wp-content\/uploads\/2022\/03\/Tabela-de-pontuacao.docx\" target=\"_blank\" rel=\"noreferrer noopener\"><strong>Tabela de pontua\u00e7\u00e3o dos curr\u00edculos<\/strong><\/a><\/u><\/p>\n\n\n\n<p><strong><a href=\"https:\/\/pos.uel.br\/psicologia\/wp-content\/uploads\/2024\/03\/Portaria-no-76-de-14-de-Abril-de-2010.pdf\" target=\"_blank\" rel=\"noreferrer noopener\">Portaria Capes n\u00ba76\/2010<\/a><\/strong><\/p>\n\n\n\n<p><strong><a href=\"https:\/\/pos.uel.br\/psicologia\/wp-content\/uploads\/2024\/03\/Oficio-Circular-CAPES.pdf\" target=\"_blank\" rel=\"noreferrer noopener\">Of\u00edcio Circular n\u00ba 18\/2023-CBIP\/CGFIP\/DPB\/CAPES<\/a><\/strong><\/p>\n\n\n\n<p><\/p>\n\n\n\n<p><strong>Importante:<\/strong>&nbsp;Perder\u00e1 o direito \u00e0 bolsa, com a devolu\u00e7\u00e3o dos recursos recebidos, o discente que n\u00e3o atender aos itens citados anteriormente em qualquer momento da vig\u00eancia da bolsa ou n\u00e3o cumprir os termos de compromissos do bolsista.<\/p>\n\n\n\n<div style=\"height:15px\" aria-hidden=\"true\" class=\"wp-block-spacer\"><\/div>\n\n\n\n<h4 class=\"wp-block-heading\"><strong><mark style=\"background-color:#F5F5F5\" class=\"has-inline-color has-primary-accent-color\">Comiss\u00e3o de Bolsas do PPGPSI<\/mark><\/strong><\/h4>\n\n\n\n<p>Profa. Dra. Ma\u00edra Bonaf\u00e9 Sei<\/p>\n\n\n\n<p>Profa. Dra. Maria Elizabeth Barreto Tavares dos Reis<\/p>\n\n\n\n<p>Profa. Dra. Patr\u00edcia Vaz de Lessa<\/p>\n\n\n\n<p><\/p>\n\n\n\n<div style=\"height:15px\" aria-hidden=\"true\" class=\"wp-block-spacer\"><\/div>\n\n\n\n<h2 class=\"wp-block-heading\">Editais 2026<\/h2>\n\n\n\n<p><a href=\"https:\/\/pos.uel.br\/psicologia\/wp-content\/uploads\/2026\/03\/Edital_004-2026_Resultado_Processo_seletivo_para_BOLSAS_assinado.pdf\" target=\"_blank\" rel=\"noreferrer noopener\">Edital 004\/2026 Resultado Processo seletivo para BOLSAS<\/a><\/p>\n\n\n\n<p><a href=\"https:\/\/pos.uel.br\/psicologia\/wp-content\/uploads\/2026\/02\/Edital-003-2026-Processo-seletivo-para-BOLSAS.pdf\" target=\"_blank\" rel=\"noreferrer noopener\">Edital 003\/2026 Processo seletivo para BOLSAS<\/a><\/p>\n\n\n\n<h2 class=\"wp-block-heading\">Editais 2025<\/h2>\n\n\n\n<p><a href=\"https:\/\/pos.uel.br\/psicologia\/wp-content\/uploads\/2025\/04\/Edital-009-2025-Resultado-Processo-seletivo-para-BOLSAS-de-Doutorado.pdf\" target=\"_blank\" rel=\"noreferrer noopener\">Edital 009\/2025 Resultado Processo seletivo para BOLSAS de Doutorado<\/a><\/p>\n\n\n\n<p><a href=\"https:\/\/pos.uel.br\/psicologia\/wp-content\/uploads\/2025\/04\/Edital-008-2025-EDITAL-DE-BOLSAS-para-doutorado_assinado.pdf\" target=\"_blank\" rel=\"noreferrer noopener\">Edital 008\/2025 Processo Seletivo para BOLSAS de DOUTORADO<\/a><\/p>\n\n\n\n<p><a href=\"https:\/\/pos.uel.br\/psicologia\/wp-content\/uploads\/2025\/03\/Edital-007-2025-Prorrogacao-de-prazo-processo-seletivo-para-BOLSAS.pdf\" target=\"_blank\" rel=\"noreferrer noopener\">Edital 007\/2025 Prorroga\u00e7\u00e3o de prazo processo seletivo para BOLSAS<\/a><\/p>\n\n\n\n<p><a href=\"https:\/\/pos.uel.br\/psicologia\/wp-content\/uploads\/2025\/03\/Edital-006-2025-Resultado-Processo-seletivo-para-BOLSAS.pdf\" target=\"_blank\" rel=\"noreferrer noopener\">Edital 006\/2025 Resultado Processo seletivo para BOLSAS<\/a><\/p>\n\n\n\n<p><a href=\"https:\/\/pos.uel.br\/psicologia\/wp-content\/uploads\/2025\/03\/Edital-005-2025-Processo-seletivo-para-BOLSAS_assinado.pdf\" target=\"_blank\" rel=\"noreferrer noopener\">Edital 005\/2025 Processo seletivo para BOLSAS<\/a><\/p>\n\n\n\n<h2 class=\"wp-block-heading\">Editais 2024<\/h2>\n\n\n\n<p><a href=\"https:\/\/pos.uel.br\/psicologia\/wp-content\/uploads\/2024\/11\/Edital-021-2024-bolsa-Fundacao-Araucaria.pdf\" target=\"_blank\" rel=\"noreferrer noopener\">Edital 021\/2024 Estudantes PPGPSI indicados para concorrer ao Edital Institucional PROPPG 059\/2024<\/a><\/p>\n\n\n\n<p><a href=\"https:\/\/pos.uel.br\/psicologia\/wp-content\/uploads\/2024\/03\/Edital-006-2024-Convocacao-de-bolsistas-contemplados.pdf\" target=\"_blank\" rel=\"noreferrer noopener\">Edital 006\/2024 CONVOCA\u00c7\u00c3O de BOLSISTAS contemplados Bolsa CAPES-DS 2024<\/a><\/p>\n\n\n\n<p><a href=\"https:\/\/pos.uel.br\/psicologia\/wp-content\/uploads\/2024\/02\/Edital_005-2024_Resultado_final_processo_selecao_e_concessao_de_bolsa_assinado.pdf\" target=\"_blank\" rel=\"noreferrer noopener\">Edital 005\/2024 Divulga\u00e7\u00e3o de Resultado de Sele\u00e7\u00e3o para Bolsas<\/a><\/p>\n\n\n\n<p><a href=\"https:\/\/pos.uel.br\/psicologia\/wp-content\/uploads\/2024\/02\/PROCESSO-SELETIVO-PARA-BOLSAS-1.pdf\" target=\"_blank\" rel=\"noreferrer noopener\">Edital 003\/2024 INSCRI\u00c7\u00c3O para sele\u00e7\u00e3o para BOLSAS &#8211; Mestrado\/2024<\/a><\/p>\n","protected":false},"excerpt":{"rendered":"<p>As Bolsas de Estudos da CAPES \u2013 Demanda Social ser\u00e3o concedidas aos estudantes regularmente matriculados no PPGPSI mediante processo seletivo realizado via edital espec\u00edfico. Para tanto, \u00e9 necess\u00e1rio que o estudante interessado atenda aos requisitos exigidos pelo art.9 da Portaria n\u00ba 76\/2010 e Oficio Circular n\u00ba18\/2023 da CAPES. Indica-se como obrigat\u00f3rio ao Bolsista, realizar o [&hellip;]<\/p>\n","protected":false},"author":10,"featured_media":0,"parent":0,"menu_order":0,"comment_status":"closed","ping_status":"closed","template":"","meta":{"footnotes":""},"class_list":["post-244","page","type-page","status-publish","hentry"],"acf":[],"_links":{"self":[{"href":"https:\/\/pos.uel.br\/psicologia\/wp-json\/wp\/v2\/pages\/244","targetHints":{"allow":["GET"]}}],"collection":[{"href":"https:\/\/pos.uel.br\/psicologia\/wp-json\/wp\/v2\/pages"}],"about":[{"href":"https:\/\/pos.uel.br\/psicologia\/wp-json\/wp\/v2\/types\/page"}],"author":[{"embeddable":true,"href":"https:\/\/pos.uel.br\/psicologia\/wp-json\/wp\/v2\/users\/10"}],"replies":[{"embeddable":true,"href":"https:\/\/pos.uel.br\/psicologia\/wp-json\/wp\/v2\/comments?post=244"}],"version-history":[{"count":41,"href":"https:\/\/pos.uel.br\/psicologia\/wp-json\/wp\/v2\/pages\/244\/revisions"}],"predecessor-version":[{"id":3245,"href":"https:\/\/pos.uel.br\/psicologia\/wp-json\/wp\/v2\/pages\/244\/revisions\/3245"}],"wp:attachment":[{"href":"https:\/\/pos.uel.br\/psicologia\/wp-json\/wp\/v2\/media?parent=244"}],"curies":[{"name":"wp","href":"https:\/\/api.w.org\/{rel}","templated":true}]}}