{"id":2416,"date":"2024-09-19T18:57:48","date_gmt":"2024-09-19T21:57:48","guid":{"rendered":"https:\/\/pos.uel.br\/psicologia\/?page_id=2416"},"modified":"2025-09-25T15:43:52","modified_gmt":"2025-09-25T18:43:52","slug":"dissertacoes-defendidas-turma-2023","status":"publish","type":"page","link":"https:\/\/pos.uel.br\/psicologia\/dissertacoes-defendidas-turma-2023\/","title":{"rendered":"Disserta\u00e7\u00f5es Defendidas (Turma 2023)"},"content":{"rendered":"\n<p>As disserta\u00e7\u00f5es est\u00e3o em ordem alfab\u00e9tica. Disserta\u00e7\u00f5es sem <em>link<\/em> ainda n\u00e3o foram disponibilizadas pela Biblioteca Digital da UEL ou n\u00e3o foram liberadas pelos orientadores e egressos.<\/p>\n\n\n\n<p><strong>Estudante: Aline Miranda Tavares Gotelip<\/strong><\/p>\n\n\n\n<p><em>T\u00edtulo:<\/em> Associa\u00e7\u00f5es do bullying e a desregula\u00e7\u00e3o emocional com automutila\u00e7\u00e3o em adolescentes<\/p>\n\n\n\n<p><em>Orienta\u00e7\u00e3o:<\/em> Profa. Dra. Katya Luciane de Oliveira<\/p>\n\n\n\n<p><em>Data Defesa:<\/em> 06\/02\/2025<\/p>\n\n\n\n<div style=\"height:33px\" aria-hidden=\"true\" class=\"wp-block-spacer\"><\/div>\n\n\n\n<p><strong>Estudante: Ana Beatriz Francisco de Melo<\/strong><\/p>\n\n\n\n<p><em>T\u00edtulo:<\/em> Batalha de rima: estrat\u00e9gia afro-diasp\u00f3rica de sa\u00fade<\/p>\n\n\n\n<p><em>Orienta\u00e7\u00e3o:<\/em> Profa. Dra. Sonia Regina Vargas Mansano<\/p>\n\n\n\n<p><em>Data Defesa:<\/em> 24\/02\/2025<\/p>\n\n\n\n<div style=\"height:34px\" aria-hidden=\"true\" class=\"wp-block-spacer\"><\/div>\n\n\n\n<p><strong>Estudante: Bruna Lavandosk Mendroni<\/strong><\/p>\n\n\n\n<p><em>T\u00edtulo:<\/em> O amor em cartaz: um roteiro sobre a gordofobia dos filmes e as afeta\u00e7\u00f5es nos relacionamentos amorosos vividos por mulheres gordas<\/p>\n\n\n\n<p><em>Orienta\u00e7\u00e3o:<\/em> Profa. Dra. Flavia Fernandes de Carvalhaes<\/p>\n\n\n\n<p><em>Data Defesa:<\/em> 25\/02\/2025<\/p>\n\n\n\n<div style=\"height:34px\" aria-hidden=\"true\" class=\"wp-block-spacer\"><\/div>\n\n\n\n<p><strong>Estudante: D\u00e9bora Larissa Lopes Quinelato<\/strong><\/p>\n\n\n\n<p><em>T\u00edtulo:<\/em> A rela\u00e7\u00e3o entre os processos de trabalho e subjetiva\u00e7\u00e3o de psic\u00f3logas(os) que exercem a fun\u00e7\u00e3o de orientador(a) fiscal no Conselho Regional de Psicologia do Paran\u00e1 \u2013 CRP-PR<\/p>\n\n\n\n<p><em>Orienta\u00e7\u00e3o:<\/em> Profa. Dra. Eneida Silveira Santiago<\/p>\n\n\n\n<p><em>Data Defesa:<\/em> 17\/03\/2025<\/p>\n\n\n\n<div style=\"height:34px\" aria-hidden=\"true\" class=\"wp-block-spacer\"><\/div>\n\n\n\n<p><strong>Estudante: Fabio Cardoso Lopes<\/strong><\/p>\n\n\n\n<p><em>T\u00edtulo:<\/em>&nbsp;<a href=\"https:\/\/repositorio.uel.br\/items\/966d7860-626f-42a4-8ec5-fd0e40ef3e5b\">Aprender a desaprender para reaprender: balaio de saben\u00e7as-educa\u00e7\u00f5es a partir da circularidade horizontal dos afetos<\/a><\/p>\n\n\n\n<p><em>Orienta\u00e7\u00e3o:<\/em>&nbsp;Prof. Dr. Alexandre Bonetti Lima<\/p>\n\n\n\n<p><em>Data Defesa:<\/em> 29\/08\/2024<\/p>\n\n\n\n<div style=\"height:34px\" aria-hidden=\"true\" class=\"wp-block-spacer\"><\/div>\n\n\n\n<p><strong>Estudante: Isadora Rocha Soler<\/strong><\/p>\n\n\n\n<p><em>T\u00edtulo:<\/em> Masculinidades e trajet\u00f3rias de vida: vulnerabilidades de homens heterossexuais vivendo com HIV<\/p>\n\n\n\n<p><em>Orienta\u00e7\u00e3o:<\/em> Profa. Dra. Flavia Fernandes de Carvalhaes<\/p>\n\n\n\n<p><em>Data Defesa:<\/em> 21\/02\/2025<\/p>\n\n\n\n<div style=\"height:34px\" aria-hidden=\"true\" class=\"wp-block-spacer\"><\/div>\n\n\n\n<p><strong>Estudante: Jacqueline Montilha Leonardi<\/strong><\/p>\n\n\n\n<p><em>T\u00edtulo:<\/em> Percep\u00e7\u00f5es sobre a forma\u00e7\u00e3o acad\u00eamica dos(as) psic\u00f3logos(as) que atuam nos Centros de Refer\u00eancia de Assist\u00eancia Social (CRAS) da Regi\u00e3o Metropolitana de Londrina-PR<\/p>\n\n\n\n<p><em>Orienta\u00e7\u00e3o:<\/em> Prof. Dr. Rafael Bianchi Silva<\/p>\n\n\n\n<p><em>Data Defesa:<\/em> 07\/07\/2025<\/p>\n\n\n\n<div style=\"height:33px\" aria-hidden=\"true\" class=\"wp-block-spacer\"><\/div>\n\n\n\n<p><strong>Estudante: Julia Gindre Soreano Lopes<\/strong><\/p>\n\n\n\n<p><em>T\u00edtulo:<\/em> Ventres insubmissos: costurando hist\u00f3rias e reimaginando possibilidades de sa\u00fade na maternidade de mulheres negras pelo SUS<\/p>\n\n\n\n<p><em>Orienta\u00e7\u00e3o:<\/em> Prof. Dr. Jefferson Olivatto da Silva<\/p>\n\n\n\n<p><em>Data Defesa:<\/em> 27\/02\/2025<\/p>\n\n\n\n<div style=\"height:38px\" aria-hidden=\"true\" class=\"wp-block-spacer\"><\/div>\n\n\n\n<p><strong>Estudante: Mariana Elise Santa Rosa Silva<\/strong><\/p>\n\n\n\n<p><em>T\u00edtulo:<\/em> M\u00e3es de g\u00eameos: viv\u00eancias emocionais em psicoterapia psicanal\u00edtica breve<\/p>\n\n\n\n<p><em>Orienta\u00e7\u00e3o:<\/em> Profa. Dra. Maria Elizabeth Barreto Tavares dos Reis<\/p>\n\n\n\n<p><em>Data Defesa:<\/em> 10\/07\/2025<\/p>\n\n\n\n<div style=\"height:33px\" aria-hidden=\"true\" class=\"wp-block-spacer\"><\/div>\n\n\n\n<p><strong>Estudante: Marina Zuan Benedetti Chenso<\/strong><\/p>\n\n\n\n<p><em>T\u00edtulo:<\/em> <a href=\"https:\/\/repositorio.uel.br\/items\/1f46c30a-51ac-4ddb-a161-e7982d7a3fae\">Transtorno de d\u00e9ficit de aten\u00e7\u00e3o e\/com hiperatividade: (des) construindo a diagn\u00f3stica em psican\u00e1lise<\/a><\/p>\n\n\n\n<p><em>Orienta\u00e7\u00e3o:<\/em> Profa. Dra. Katya Luciane de Oliveira<\/p>\n\n\n\n<p><em>Data Defesa:<\/em> 06\/12\/2024<\/p>\n\n\n\n<div style=\"height:33px\" aria-hidden=\"true\" class=\"wp-block-spacer\"><\/div>\n\n\n\n<p><strong>Estudante: Nathany Ferreira de Oliveira<\/strong><\/p>\n\n\n\n<p><em>T\u00edtulo:<\/em> Mulheres em campo de batalha: a maternidade de filhos autistas e os atravessamentos do sujeito<\/p>\n\n\n\n<p><em>Orienta\u00e7\u00e3o:<\/em> Profa. Dra. Silvia Nogueira Cordeiro<\/p>\n\n\n\n<p><em>Data Defesa:<\/em> 09\/06\/2025<\/p>\n\n\n\n<div style=\"height:33px\" aria-hidden=\"true\" class=\"wp-block-spacer\"><\/div>\n\n\n\n<p><strong>Estudante: Polyana Almeida Pompilho<\/strong><\/p>\n\n\n\n<p><em>T\u00edtulo:<\/em> Espelho, espelho meu: implica\u00e7\u00f5es do sujeito na rela\u00e7\u00e3o entre imagem e virtualidade na perspectiva psicanal\u00edtica<\/p>\n\n\n\n<p><em>Orienta\u00e7\u00e3o:<\/em> Profa. Dra. Silvia Nogueira Cordeiro<\/p>\n\n\n\n<p><em>Data Defesa:<\/em> 31\/03\/2025<\/p>\n\n\n\n<div style=\"height:35px\" aria-hidden=\"true\" class=\"wp-block-spacer\"><\/div>\n\n\n\n<p><strong>Estudante: Rafael Pedro Rodrigues<\/strong><\/p>\n\n\n\n<p><em>T\u00edtulo:<\/em> Entre semelhan\u00e7as e diferen\u00e7as: cl\u00ednica psicanal\u00edtica com g\u00eameas adultas<\/p>\n\n\n\n<p><em>Orienta\u00e7\u00e3o:<\/em> Profa. Dra. Maria Elizabeth Barreto Tavares dos Reis<\/p>\n\n\n\n<p><em>Data Defesa:<\/em> 19\/02\/2025<\/p>\n\n\n\n<div style=\"height:39px\" aria-hidden=\"true\" class=\"wp-block-spacer\"><\/div>\n\n\n\n<p><strong>Estudante: Thais Mitugui Bruschi Niero<\/strong><\/p>\n\n\n\n<p><em>T\u00edtulo:<\/em> Etapas iniciais da constru\u00e7\u00e3o de instrumento e busca de evid\u00eancia de validade para uma medida de avalia\u00e7\u00e3o da felicidade no contexto profissional<\/p>\n\n\n\n<p><em>Orienta\u00e7\u00e3o:<\/em> Prof. Dr. Marcos Hirata Soares<\/p>\n\n\n\n<p><em>Data Defesa:<\/em> 27\/05\/2025<\/p>\n\n\n\n<div style=\"height:33px\" aria-hidden=\"true\" class=\"wp-block-spacer\"><\/div>\n\n\n\n<p><strong>Estudante: Virginia Maria Bernardino<\/strong><\/p>\n\n\n\n<p><em>T\u00edtulo:<\/em> &#8220;Voc\u00ea quer saber desde o come\u00e7o?&#8221; Analisando hist\u00f3rias sobre o depoimento especial<\/p>\n\n\n\n<p><em>Orienta\u00e7\u00e3o:<\/em> Profa. Dra. Sonia Regina Vargas Mansano<\/p>\n\n\n\n<p><em>Data Defesa:<\/em> 10\/03\/2025<\/p>\n","protected":false},"excerpt":{"rendered":"<p>As disserta\u00e7\u00f5es est\u00e3o em ordem alfab\u00e9tica. Disserta\u00e7\u00f5es sem link ainda n\u00e3o foram disponibilizadas pela Biblioteca Digital da UEL ou n\u00e3o foram liberadas pelos orientadores e egressos. Estudante: Aline Miranda Tavares Gotelip T\u00edtulo: Associa\u00e7\u00f5es do bullying e a desregula\u00e7\u00e3o emocional com automutila\u00e7\u00e3o em adolescentes Orienta\u00e7\u00e3o: Profa. Dra. Katya Luciane de Oliveira Data Defesa: 06\/02\/2025 Estudante: Ana [&hellip;]<\/p>\n","protected":false},"author":12,"featured_media":0,"parent":0,"menu_order":0,"comment_status":"closed","ping_status":"closed","template":"","meta":{"footnotes":""},"class_list":["post-2416","page","type-page","status-publish","hentry"],"acf":[],"_links":{"self":[{"href":"https:\/\/pos.uel.br\/psicologia\/wp-json\/wp\/v2\/pages\/2416","targetHints":{"allow":["GET"]}}],"collection":[{"href":"https:\/\/pos.uel.br\/psicologia\/wp-json\/wp\/v2\/pages"}],"about":[{"href":"https:\/\/pos.uel.br\/psicologia\/wp-json\/wp\/v2\/types\/page"}],"author":[{"embeddable":true,"href":"https:\/\/pos.uel.br\/psicologia\/wp-json\/wp\/v2\/users\/12"}],"replies":[{"embeddable":true,"href":"https:\/\/pos.uel.br\/psicologia\/wp-json\/wp\/v2\/comments?post=2416"}],"version-history":[{"count":22,"href":"https:\/\/pos.uel.br\/psicologia\/wp-json\/wp\/v2\/pages\/2416\/revisions"}],"predecessor-version":[{"id":3070,"href":"https:\/\/pos.uel.br\/psicologia\/wp-json\/wp\/v2\/pages\/2416\/revisions\/3070"}],"wp:attachment":[{"href":"https:\/\/pos.uel.br\/psicologia\/wp-json\/wp\/v2\/media?parent=2416"}],"curies":[{"name":"wp","href":"https:\/\/api.w.org\/{rel}","templated":true}]}}