{"id":2276,"date":"2024-07-15T15:45:59","date_gmt":"2024-07-15T18:45:59","guid":{"rendered":"https:\/\/pos.uel.br\/psicologia\/?page_id=2276"},"modified":"2024-10-24T12:59:07","modified_gmt":"2024-10-24T15:59:07","slug":"matricula-e-rematricula","status":"publish","type":"page","link":"https:\/\/pos.uel.br\/psicologia\/matricula-e-rematricula\/","title":{"rendered":"Matr\u00edcula e Rematr\u00edcula"},"content":{"rendered":"\n<h5 class=\"wp-block-heading\"><strong>INFORMA\u00c7\u00d5ES PARA REALIZA\u00c7\u00c3O DA MATR\u00cdCULA<\/strong><\/h5>\n\n\n\n<p>A matr\u00edcula de estudantes ingressantes ser\u00e1 realizada via internet, por meio do site da Institui\u00e7\u00e3o:&nbsp;<strong>sistemas.uel.br\/portaldepos\/<\/strong>&nbsp;(no per\u00edodo divulgado a cada novo Edital de Resultado e Convoca\u00e7\u00e3o para Matr\u00edcula).<\/p>\n\n\n\n<ol class=\"wp-block-list\">\n<li>O candidato aprovado e classificado ter\u00e1 que primeiramente&nbsp;<strong>cadastrar-se<\/strong>&nbsp;para ter acesso ao Portal do Estudante de P\u00f3s-Gradua\u00e7\u00e3o, para,&nbsp;<strong>ap\u00f3s<\/strong>, realizar a matr\u00edcula.&nbsp;<strong>O cadastro dever\u00e1 ocorrer no mesmo per\u00edodo em que ser\u00e1 realizada a matr\u00edcula.<\/strong><\/li>\n\n\n\n<li>Para&nbsp;<strong>quem j\u00e1 tem cadastro no Portal do Estudante de P\u00f3s-Gradua\u00e7\u00e3o<\/strong>&nbsp;basta clicar em ENTRAR (canto superior direito da tela) e informar o novo n\u00famero de matr\u00edcula e a senha de acesso que j\u00e1 possui; caso tenha se esquecido da senha, clique \u201cEsqueceu sua senha?\u201d para recuper\u00e1-la. Ap\u00f3s preencher os campos N\u00daMERO DE MATR\u00cdCULA e SENHA, o estudante dever\u00e1 clicar no bot\u00e3o&nbsp;<strong>\u201cConfirma\u00e7\u00e3o de Matr\u00edcula\u201d<\/strong>, selecionar as disciplinas que ir\u00e1 cursar e clicar no bot\u00e3o \u201cSalvar\u201d;<\/li>\n\n\n\n<li>Para&nbsp;<strong>quem N\u00c3O tem cadastro no Portal do Estudante de P\u00f3s-Gradua\u00e7\u00e3o<\/strong>: Acessar o endere\u00e7o&nbsp;<strong>sistemas.uel.br\/portaldepos\/<\/strong>&nbsp;e clicar no&nbsp;<em>link<\/em>&nbsp;da barra de menu \u201cCadastre-se\u201d. Ao finalizar o cadastro o estudante receber\u00e1 no e-mail cadastrado o n\u00famero de matr\u00edcula e a senha. Em seguida, o estudante dever\u00e1 retornar ao Portal do Estudante, preencher os campos N\u00daMERO DE MATR\u00cdCULA e SENHA recebidos por e-mail, clicar no bot\u00e3o&nbsp;<strong>\u201cConfirma\u00e7\u00e3o de Matr\u00edcula\u201d<\/strong>, selecionar as disciplinas que ir\u00e1 cursar e clicar no bot\u00e3o \u201cSalvar\u201d;<\/li>\n\n\n\n<li><strong><mark class=\"has-inline-color has-primary-accent-color\">\u00c9 obrigat\u00f3rio a realiza\u00e7\u00e3o da matr\u00edcula, via web, no Portal do Estudante ( sistemas.uel.br\/portaldepos ), assim como o <em>upload<\/em> dos documentos digitalizados (escaneados) em pdf, conforme descrito no edital de Resultado e Convoca\u00e7\u00e3o para Matr\u00edcula.<\/mark><\/strong><\/li>\n\n\n\n<li><strong>Caso o estudante perca o prazo da matr\u00edcula:<\/strong>&nbsp;Realizar o&nbsp;<strong>pedido de matr\u00edcula fora de prazo<\/strong>&nbsp;atrav\u00e9s do PORTAL DO ESTUDANTE seguindo as orienta\u00e7\u00f5es descritas no&nbsp;<a href=\"https:\/\/pos.uel.br\/psicologia\/wp-content\/uploads\/2024\/07\/Manual-para-solicitar-Matricula-Fora-do-Prazo.pdf\" target=\"_blank\" rel=\"noreferrer noopener\">Manual para PEDIDO FORA DE PRAZO<\/a>. O pedido ser\u00e1 tramitado&nbsp;<em>on line<\/em>&nbsp;e dever\u00e1 ser aprovado&nbsp;<em>on line<\/em>&nbsp;pela coordena\u00e7\u00e3o do Programa.<\/li>\n\n\n\n<li><strong>Caso o pedido de matr\u00edcula fora de prazo tenha sido deferido<\/strong>: O estudante receber\u00e1 instru\u00e7\u00f5es no e-mail para entrar no PORTAL DO ESTUDANTE e realizar a opera\u00e7\u00e3o aprovada, na guia&nbsp;<strong>Servi\u00e7os \u2013&gt; Confirma\u00e7\u00e3o de Matr\u00edcula<\/strong>&nbsp;e clicar no bot\u00e3o&nbsp;<strong>\u201cConfirmar Matr\u00edcula\u201d<\/strong>&nbsp;(o estudante ter\u00e1 o prazo de 2 dias ap\u00f3s a aprova\u00e7\u00e3o do Coordenador do Programa para realizar a confirma\u00e7\u00e3o da matr\u00edcula).<\/li>\n<\/ol>\n\n\n\n<h5 class=\"wp-block-heading\"><strong>INFORMA\u00c7\u00d5ES PARA REALIZA\u00c7\u00c3O DA REMATR\u00cdCULA<\/strong><\/h5>\n\n\n\n<p>Em todos os semestres os estudantes devem realizar a rematr\u00edcula.<\/p>\n\n\n\n<ol class=\"wp-block-list\">\n<li>A rematr\u00edcula \u00e9 feita pelo estudante por meio do Portal do Estudante de P\u00f3s-Gradua\u00e7\u00e3o via web, dentro do per\u00edodo de rematr\u00edcula (definido conforme Calend\u00e1rio de Atividades dos Cursos de P\u00f3s-Gradua\u00e7\u00e3o&nbsp;<em>Stricto sensu<\/em>, divulgado pelo Programa) e a coordena\u00e7\u00e3o do Programa defere ou n\u00e3o o pedido via Sistema UEL.<\/li>\n\n\n\n<li>O estudante que n\u00e3o efetuar a rematr\u00edcula dentro do prazo estabelecido no Calend\u00e1rio de Atividades dos Cursos de P\u00f3s-Gradua\u00e7\u00e3o&nbsp;<em>Stricto sensu<\/em>&nbsp;poder\u00e1 faz\u00ea-lo, uma \u00fanica vez, dentro do prazo de 15 (quinze) dias contados do dia do encerramento da rematr\u00edcula, mediante o pagamento de multa fixada pelo Conselho de Administra\u00e7\u00e3o da UEL.&nbsp;<strong><mark class=\"has-inline-color has-primary-accent-color\">O n\u00e3o cumprimento dos prazos estipulados neste par\u00e1grafo implicar\u00e1 no desligamento autom\u00e1tic<\/mark><mark class=\"has-inline-color has-extra-1-color\">o do estudante do Programa.<\/mark><\/strong><\/li>\n\n\n\n<li><strong>Caso o estudante perca o prazo da rematr\u00edcula:<\/strong>&nbsp;Realizar o&nbsp;<strong>pedido de rematr\u00edcula fora de prazo<\/strong>&nbsp;atrav\u00e9s do PORTAL DO ESTUDANTE, na guia&nbsp;<strong>Servi\u00e7os \u2013&gt; Requerimentos \u2013&gt; Pedido Fora de Prazo<\/strong>, em&nbsp;<strong>Novo Requerimento<\/strong>&nbsp;\u2013&gt; Escolher o&nbsp;<strong>Tipo<\/strong>&nbsp;de Requerimento desejado, preencher os campos da tela e clicar no bot\u00e3o&nbsp;<strong>\u201cSolicitar\u201d<\/strong>&nbsp;para salvar. O pedido ser\u00e1 tramitado&nbsp;<em>on line<\/em>&nbsp;e dever\u00e1 ser aprovado&nbsp;<em>on line<\/em>&nbsp;pelo orientador do estudante e pela&nbsp;coordena\u00e7\u00e3o do Programa.<\/li>\n\n\n\n<li><strong>Caso o pedido de rematr\u00edcula fora de prazo tenha sido deferido<\/strong>: O estudante receber\u00e1 instru\u00e7\u00f5es no e-mail para entrar no PORTAL DO ESTUDANTE e realizar a opera\u00e7\u00e3o aprovada, na guia&nbsp;<strong>Servi\u00e7os \u2013&gt; Confirma\u00e7\u00e3o de Rematr\u00edcula<\/strong>&nbsp;e clicar no Bot\u00e3o&nbsp;<strong>\u201cConfirmar Rematr\u00edcula\u201d<\/strong>&nbsp;(o estudante ter\u00e1 o prazo de 2 dias ap\u00f3s a aprova\u00e7\u00e3o do Coordenador do Programa para realizar a confirma\u00e7\u00e3o da rematr\u00edcula).<\/li>\n<\/ol>\n\n\n\n<p><strong>Aten\u00e7\u00e3o:<\/strong>&nbsp;A matr\u00edcula\/rematr\u00edcula na disciplina de Est\u00e1gio de Doc\u00eancia dever\u00e1 ser feita separadamente, via web, no in\u00edcio de cada semestre letivo.<\/p>\n","protected":false},"excerpt":{"rendered":"<p>INFORMA\u00c7\u00d5ES PARA REALIZA\u00c7\u00c3O DA MATR\u00cdCULA A matr\u00edcula de estudantes ingressantes ser\u00e1 realizada via internet, por meio do site da Institui\u00e7\u00e3o:&nbsp;sistemas.uel.br\/portaldepos\/&nbsp;(no per\u00edodo divulgado a cada novo Edital de Resultado e Convoca\u00e7\u00e3o para Matr\u00edcula). INFORMA\u00c7\u00d5ES PARA REALIZA\u00c7\u00c3O DA REMATR\u00cdCULA Em todos os semestres os estudantes devem realizar a rematr\u00edcula. Aten\u00e7\u00e3o:&nbsp;A matr\u00edcula\/rematr\u00edcula na disciplina de Est\u00e1gio de Doc\u00eancia [&hellip;]<\/p>\n","protected":false},"author":12,"featured_media":0,"parent":0,"menu_order":0,"comment_status":"closed","ping_status":"closed","template":"","meta":{"footnotes":""},"class_list":["post-2276","page","type-page","status-publish","hentry"],"acf":[],"_links":{"self":[{"href":"https:\/\/pos.uel.br\/psicologia\/wp-json\/wp\/v2\/pages\/2276","targetHints":{"allow":["GET"]}}],"collection":[{"href":"https:\/\/pos.uel.br\/psicologia\/wp-json\/wp\/v2\/pages"}],"about":[{"href":"https:\/\/pos.uel.br\/psicologia\/wp-json\/wp\/v2\/types\/page"}],"author":[{"embeddable":true,"href":"https:\/\/pos.uel.br\/psicologia\/wp-json\/wp\/v2\/users\/12"}],"replies":[{"embeddable":true,"href":"https:\/\/pos.uel.br\/psicologia\/wp-json\/wp\/v2\/comments?post=2276"}],"version-history":[{"count":10,"href":"https:\/\/pos.uel.br\/psicologia\/wp-json\/wp\/v2\/pages\/2276\/revisions"}],"predecessor-version":[{"id":2485,"href":"https:\/\/pos.uel.br\/psicologia\/wp-json\/wp\/v2\/pages\/2276\/revisions\/2485"}],"wp:attachment":[{"href":"https:\/\/pos.uel.br\/psicologia\/wp-json\/wp\/v2\/media?parent=2276"}],"curies":[{"name":"wp","href":"https:\/\/api.w.org\/{rel}","templated":true}]}}