{"id":221,"date":"2021-06-21T19:25:30","date_gmt":"2021-06-21T22:25:30","guid":{"rendered":"https:\/\/pos.uel.br\/psicologia\/?page_id=221"},"modified":"2025-07-04T20:49:41","modified_gmt":"2025-07-04T23:49:41","slug":"estudante-especial","status":"publish","type":"page","link":"https:\/\/pos.uel.br\/psicologia\/estudante-especial\/","title":{"rendered":"Estudante Especial"},"content":{"rendered":"\n<p>Consiste no estudante matriculado em disciplinas isoladas, necessariamente optativas, sem v\u00ednculo com o PPGPSI. As disciplinas optativas s\u00e3o definidas pelo Colegiado do PPGPSI a cada semestre.<\/p>\n\n\n\n<p>Por meio de edital espec\u00edfico, divulgado antes do in\u00edcio de cada semestre letivo pela Pr\u00f3-Reitoria de Pesquisa e P\u00f3s-Gradua\u00e7\u00e3o e por este site, os interessados ter\u00e3o acesso \u00e0s informa\u00e7\u00f5es sobre o per\u00edodo de inscri\u00e7\u00e3o, os documentos a serem entregues no ato da inscri\u00e7\u00e3o e as disciplinas ofertadas no semestre. &nbsp;<\/p>\n\n\n\n<p>Poder\u00e3o participar do processo de sele\u00e7\u00e3o para Estudante Especial os candidatos que tenham conclu\u00eddo curso de gradua\u00e7\u00e3o ou que, at\u00e9 a data da matr\u00edcula, comprovarem a conclus\u00e3o do curso de gradua\u00e7\u00e3o. <\/p>\n\n\n\n<p>O estudante especial poder\u00e1 cursar at\u00e9 1\/3 (um ter\u00e7o) dos cr\u00e9ditos em disciplinas exigidas pelo PPGPSI, mediante participa\u00e7\u00e3o no processo de sele\u00e7\u00e3o para Estudante Especial<\/p>\n\n\n\n<p>O n\u00famero de vagas de cada disciplina, os documentos necess\u00e1rios e os crit\u00e9rios de sele\u00e7\u00e3o ser\u00e3o divulgados a cada novo edital.<\/p>\n\n\n\n<div style=\"height:16px\" aria-hidden=\"true\" class=\"wp-block-spacer\"><\/div>\n\n\n\n<p><strong>ATEN\u00c7\u00c3O:<\/strong><\/p>\n\n\n\n<p>De acordo com os Art.\u00a09\u00ba e 10\u00ba da Resolu\u00e7\u00e3o CEPE N\u00ba 113\/2022,\u00a0podem ser convalidados cr\u00e9ditos de disciplinas eletivas provenientes do PPGPSI ou de outros programas de p\u00f3s-gradua\u00e7\u00e3o <em>Stricto sensu<\/em> com validade nacional <span style=\"text-decoration: underline\">at\u00e9 o limite m\u00e1ximo de 4 (quatro) cr\u00e9ditos<\/span>, desde que aprovados pela comiss\u00e3o coordenadora do PPGPSI.<\/p>\n\n\n\n<p>De acordo com o Art. 41 da Resolu\u00e7\u00e3o CEPE N\u00ba 114\/2022,\u00a0podem ser convalidados cr\u00e9ditos de disciplinas cursadas no PPGPSI ou em outros programas <em>Stricto sensu<\/em>, desde que aprovados pelo Colegiado de Curso, tomando em considera\u00e7\u00e3o a frequ\u00eancia, o aproveitamento e a <span style=\"text-decoration: underline\">validade de tr\u00eas anos anteriores \u00e0 solicita\u00e7\u00e3o<\/span>.<\/p>\n\n\n\n<h1 class=\"wp-block-heading\"><\/h1>\n\n\n\n<p><\/p>\n","protected":false},"excerpt":{"rendered":"<p>Consiste no estudante matriculado em disciplinas isoladas, necessariamente optativas, sem v\u00ednculo com o PPGPSI. As disciplinas optativas s\u00e3o definidas pelo Colegiado do PPGPSI a cada semestre. Por meio de edital espec\u00edfico, divulgado antes do in\u00edcio de cada semestre letivo pela Pr\u00f3-Reitoria de Pesquisa e P\u00f3s-Gradua\u00e7\u00e3o e por este site, os interessados ter\u00e3o acesso \u00e0s informa\u00e7\u00f5es [&hellip;]<\/p>\n","protected":false},"author":10,"featured_media":0,"parent":0,"menu_order":0,"comment_status":"closed","ping_status":"closed","template":"","meta":{"footnotes":""},"class_list":["post-221","page","type-page","status-publish","hentry"],"acf":[],"_links":{"self":[{"href":"https:\/\/pos.uel.br\/psicologia\/wp-json\/wp\/v2\/pages\/221","targetHints":{"allow":["GET"]}}],"collection":[{"href":"https:\/\/pos.uel.br\/psicologia\/wp-json\/wp\/v2\/pages"}],"about":[{"href":"https:\/\/pos.uel.br\/psicologia\/wp-json\/wp\/v2\/types\/page"}],"author":[{"embeddable":true,"href":"https:\/\/pos.uel.br\/psicologia\/wp-json\/wp\/v2\/users\/10"}],"replies":[{"embeddable":true,"href":"https:\/\/pos.uel.br\/psicologia\/wp-json\/wp\/v2\/comments?post=221"}],"version-history":[{"count":32,"href":"https:\/\/pos.uel.br\/psicologia\/wp-json\/wp\/v2\/pages\/221\/revisions"}],"predecessor-version":[{"id":2860,"href":"https:\/\/pos.uel.br\/psicologia\/wp-json\/wp\/v2\/pages\/221\/revisions\/2860"}],"wp:attachment":[{"href":"https:\/\/pos.uel.br\/psicologia\/wp-json\/wp\/v2\/media?parent=221"}],"curies":[{"name":"wp","href":"https:\/\/api.w.org\/{rel}","templated":true}]}}