{"id":2207,"date":"2024-07-08T17:56:38","date_gmt":"2024-07-08T20:56:38","guid":{"rendered":"https:\/\/pos.uel.br\/psicologia\/?page_id=2207"},"modified":"2025-09-05T01:31:03","modified_gmt":"2025-09-05T04:31:03","slug":"formularios-doutorado","status":"publish","type":"page","link":"https:\/\/pos.uel.br\/psicologia\/formularios-doutorado\/","title":{"rendered":"Formul\u00e1rios &#8211; Doutorado"},"content":{"rendered":"\n<h4 class=\"wp-block-heading\"><a href=\"https:\/\/pos.uel.br\/psicologia\/formularios-processo-seletivo\/\" target=\"_blank\" rel=\"noreferrer noopener\">Formul\u00e1rios &#8211; Processo Seletivo<\/a><\/h4>\n\n\n\n<p><\/p>\n\n\n\n<p><\/p>\n\n\n\n<h4 class=\"wp-block-heading\"><a href=\"https:\/\/pos.uel.br\/psicologia\/wp-content\/uploads\/2025\/09\/Formulario-Cadastro-Docente-Convidado-Banca.doc\" target=\"_blank\" rel=\"noreferrer noopener\">Formul\u00e1rio para Docente Convidado<\/a><\/h4>\n\n\n\n<p><\/p>\n\n\n\n<p><\/p>\n\n\n\n<h4 class=\"wp-block-heading\"><a href=\"https:\/\/pos.uel.br\/psicologia\/wp-content\/uploads\/2024\/10\/Orientacoes-para-Solicitar-Exame-de-Qualificacao-doutorado.pdf\" target=\"_blank\" rel=\"noreferrer noopener\">Orienta\u00e7\u00f5es para Solicitar Exame de Qualifica\u00e7\u00e3o de Tese<\/a><\/h4>\n\n\n\n<h4 class=\"wp-block-heading\"><a href=\"https:\/\/pos.uel.br\/psicologia\/wp-content\/uploads\/2025\/09\/Requerimento-de-Qualificacao-de-Tese.doc\" target=\"_blank\" rel=\"noreferrer noopener\">Requerimento de Qualifica\u00e7\u00e3o de Tese<\/a><\/h4>\n\n\n\n<h4 class=\"wp-block-heading\"><a href=\"https:\/\/pos.uel.br\/psicologia\/wp-content\/uploads\/2024\/07\/Template-para-Qualificacao-de-Tese-APA-Completo.doc\">Template para Qualifica\u00e7\u00e3o de Tese (APA)<\/a><\/h4>\n\n\n\n<p><\/p>\n\n\n\n<p><\/p>\n\n\n\n<h4 class=\"wp-block-heading\"><a href=\"https:\/\/pos.uel.br\/psicologia\/wp-content\/uploads\/2024\/07\/Orientacoes-para-solicitar-Defesa-de-Tese.pdf\" target=\"_blank\" rel=\"noreferrer noopener\">Orienta\u00e7\u00f5es para Solicitar Defesa de Tese<\/a><\/h4>\n\n\n\n<h4 class=\"wp-block-heading\"><a href=\"https:\/\/pos.uel.br\/psicologia\/wp-content\/uploads\/2025\/09\/Requerimento-de-Defesa-de-Tese.doc\" target=\"_blank\" rel=\"noreferrer noopener\">Requerimento de Defesa de Tese<\/a><\/h4>\n\n\n\n<h4 class=\"wp-block-heading\"><a href=\"https:\/\/pos.uel.br\/psicologia\/wp-content\/uploads\/2024\/07\/Template-para-Defesa-de-Tese-APA-Completo.doc\">Template para Defesa de Tese (APA)<\/a><\/h4>\n\n\n\n<p><\/p>\n\n\n\n<p><\/p>\n","protected":false},"excerpt":{"rendered":"<p>Formul\u00e1rios &#8211; Processo Seletivo Formul\u00e1rio para Docente Convidado Orienta\u00e7\u00f5es para Solicitar Exame de Qualifica\u00e7\u00e3o de Tese Requerimento de Qualifica\u00e7\u00e3o de Tese Template para Qualifica\u00e7\u00e3o de Tese (APA) Orienta\u00e7\u00f5es para Solicitar Defesa de Tese Requerimento de Defesa de Tese Template para Defesa de Tese (APA)<\/p>\n","protected":false},"author":10,"featured_media":0,"parent":0,"menu_order":0,"comment_status":"closed","ping_status":"closed","template":"","meta":{"footnotes":""},"class_list":["post-2207","page","type-page","status-publish","hentry"],"acf":[],"_links":{"self":[{"href":"https:\/\/pos.uel.br\/psicologia\/wp-json\/wp\/v2\/pages\/2207","targetHints":{"allow":["GET"]}}],"collection":[{"href":"https:\/\/pos.uel.br\/psicologia\/wp-json\/wp\/v2\/pages"}],"about":[{"href":"https:\/\/pos.uel.br\/psicologia\/wp-json\/wp\/v2\/types\/page"}],"author":[{"embeddable":true,"href":"https:\/\/pos.uel.br\/psicologia\/wp-json\/wp\/v2\/users\/10"}],"replies":[{"embeddable":true,"href":"https:\/\/pos.uel.br\/psicologia\/wp-json\/wp\/v2\/comments?post=2207"}],"version-history":[{"count":21,"href":"https:\/\/pos.uel.br\/psicologia\/wp-json\/wp\/v2\/pages\/2207\/revisions"}],"predecessor-version":[{"id":3008,"href":"https:\/\/pos.uel.br\/psicologia\/wp-json\/wp\/v2\/pages\/2207\/revisions\/3008"}],"wp:attachment":[{"href":"https:\/\/pos.uel.br\/psicologia\/wp-json\/wp\/v2\/media?parent=2207"}],"curies":[{"name":"wp","href":"https:\/\/api.w.org\/{rel}","templated":true}]}}