{"id":210,"date":"2021-06-15T02:58:54","date_gmt":"2021-06-15T05:58:54","guid":{"rendered":"https:\/\/pos.uel.br\/psicologia\/pagina-inicial\/"},"modified":"2026-03-13T03:05:57","modified_gmt":"2026-03-13T06:05:57","slug":"pagina-inicial","status":"publish","type":"page","link":"https:\/\/pos.uel.br\/psicologia\/","title":{"rendered":"P\u00e1gina inicial"},"content":{"rendered":"\n<p><\/p>\n\n\n\n<div class=\"wp-block-columns is-layout-flex wp-container-core-columns-is-layout-9d6595d7 wp-block-columns-is-layout-flex\">\n<div class=\"wp-block-column is-layout-flow wp-block-column-is-layout-flow\" style=\"flex-basis:66.66%\">\n<div class=\"wp-block-uel-card\">\n<h3 class=\"wp-block-heading is-style-highlighted-heading\" id=\"editais\">Editais<\/h3>\n\n\n\n<p class=\"has-text-align-right has-text-color\" style=\"color:#00754d;font-size:14px\"><strong><a href=\"https:\/\/pos.uel.br\/psicologia\/editais\/\">Ver todos<\/a><\/strong><\/p>\n\n\n<div class=\"editais-block\"><a class=\"editais-block__item-block\" href=\"https:\/\/pos.uel.br\/psicologia\/wp-content\/uploads\/2026\/03\/Edital-005-2026-RESULTADO-Estudante-Especial-2026-1.pdf\"><div class=\"editais-block__titulo\"><span>Edital PPGPSI N\u00ba 005\/2026<\/span><\/div><div class=\"editais-block__resumo\"><span>Divulga\u00e7\u00e3o de Resultado e CONVOCA\u00c7\u00c3O para MATR\u00cdCULA &#8211; Estudante Especial &#8211; Vagas 2026\/1<\/span><\/div><div class=\"editais-block__publicado\"><span>2 meses atr\u00e1s<\/span><\/div><\/a><a class=\"editais-block__item-block\" href=\"https:\/\/pos.uel.br\/psicologia\/wp-content\/uploads\/2026\/03\/Edital_004-2026_Resultado_Processo_seletivo_para_BOLSAS_assinado.pdf\"><div class=\"editais-block__titulo\"><span>Edital PPGPSI N\u00ba 004\/2026<\/span><\/div><div class=\"editais-block__resumo\"><span>Resultado Processo seletivo para BOLSAS<\/span><\/div><div class=\"editais-block__publicado\"><span>2 meses atr\u00e1s<\/span><\/div><\/a><a class=\"editais-block__item-block\" href=\"https:\/\/pos.uel.br\/psicologia\/wp-content\/uploads\/2026\/02\/Edital-003-2026-Processo-seletivo-para-BOLSAS.pdf\"><div class=\"editais-block__titulo\"><span>Edital PPGPSI N\u00ba 003\/2026<\/span><\/div><div class=\"editais-block__resumo\"><span>Processo Seletivo para BOLSAS: INSCRI\u00c7\u00c3O at\u00e9 \u00e0s 12h do dia 27\/02\/2026<\/span><\/div><div class=\"editais-block__publicado\"><span>2 meses atr\u00e1s<\/span><\/div><\/a><a class=\"editais-block__item-block\" href=\"https:\/\/pos.uel.br\/psicologia\/wp-content\/uploads\/2026\/02\/Edital-002-2026-ISENCAO-DE-TAXA-PSICOLOGIA.pdf\"><div class=\"editais-block__titulo\"><span>Edital PPGPSI N\u00ba 002\/2026<\/span><\/div><div class=\"editais-block__resumo\"><span>Resultado Isen\u00e7\u00e3o: Justi\u00e7a Eleitoral e Doa\u00e7\u00e3o de Sangue (Edital 001\/2026)<\/span><\/div><div class=\"editais-block__publicado\"><span>2 meses atr\u00e1s<\/span><\/div><\/a><\/div><\/div>\n\n\n\n<div class=\"wp-block-columns is-layout-flex wp-container-core-columns-is-layout-9d6595d7 wp-block-columns-is-layout-flex\">\n<div class=\"wp-block-column is-layout-flow wp-block-column-is-layout-flow\">\n<div class=\"wp-block-uel-card\">\n<h3 class=\"wp-block-heading is-style-highlighted-heading\" id=\"defesas-e-qualificacoes\">Defesas e qualifica\u00e7\u00f5es<\/h3>\n\n\n\n<p class=\"has-text-align-right\"><strong><strong><a href=\"https:\/\/pos.uel.br\/psicologia\/defesas-qualificacoes\/\">Ver todos<\/a><\/strong><\/strong><\/p>\n\n\n<div class=\"defesas-qualificacoes\"><a class=\"defesas-qualificacoes__item-block\" href=\"https:\/\/pos.uel.br\/psicologia\/defesas-qualificacoes\/o-papel-dos-vinculos-a-autopercepcao-de-pessoas-idosas-viuvas-sobre-o-processo-de-envelhecimento\/\"><div><span>08\/05 09:30<\/span><\/div><div class=\"defesas-qualificacoes__titulo\"><span>O Papel dos V\u00ednculos: A Autopercep\u00e7\u00e3o de Pessoas Idosas Vi\u00favas sobre o Processo de Envelhecimento<\/span><\/div><div class=\"defesas-qualificacoes__aluno\"><span>Maria Clara do Amaral Ulbrich<\/span><\/div><\/a><\/div><\/div>\n<\/div>\n\n\n\n<div class=\"wp-block-column is-layout-flow wp-block-column-is-layout-flow\">\n<div class=\"wp-block-uel-card\">\n<h3 class=\"wp-block-heading is-style-highlighted-heading\" id=\"comunicados\">Comunicados <\/h3>\n\n\n\n<p><mark class=\"has-inline-color has-primary-accent-color\"><strong>Agora somos Conceito 4 CAPES!<\/strong> <\/mark>\u00c9 com muito orgulho que anunciamos a obten\u00e7\u00e3o do <strong>CONCEITO 4<\/strong> para o curso de Mestrado do PPG em Psicologia, na avalia\u00e7\u00e3o quadrienal 2017-2020 da CAPES!<\/p>\n\n\n\n<p><strong>A professora Maria Elizabeth dos Reis dedica-se ao estudo da gemelaridade h\u00e1 quatro d\u00e9cadas<\/strong>. Segue link de entrevista realizada com a pesquisadora: <a href=\"https:\/\/conexaociencia.com.br\/gemeos-parecidos-mas-diferentes\/\">https:\/\/conexaociencia.com.br\/gemeos-parecidos-mas-diferentes\/<\/a><\/p>\n\n\n\n<p>Projeto coordenado pela docente <strong>Eneida Santiago<\/strong> avalia sa\u00fade mental da pol\u00edcia penal e \u00e9 destaque em evento do Minist\u00e9rio da Justi\u00e7a. Confira a mat\u00e9ria no<a href=\"https:\/\/operobal.uel.br\/extensao\/2024\/02\/29\/projeto-avalia-saude-mental-da-policia-penal-e-e-destaque-em-evento-do-ministerio-da-justica\/\"> link<\/a>.<\/p>\n<\/div>\n\n\n<div class=\"wp-block-image\">\n<figure class=\"aligncenter size-full is-resized\"><img loading=\"lazy\" decoding=\"async\" width=\"300\" height=\"300\" src=\"https:\/\/pos.uel.br\/psicologia\/wp-content\/uploads\/2022\/12\/capes-4.png\" alt=\"\" class=\"wp-image-1266\" style=\"width:141px;height:141px\" srcset=\"https:\/\/pos.uel.br\/psicologia\/wp-content\/uploads\/2022\/12\/capes-4.png 300w, https:\/\/pos.uel.br\/psicologia\/wp-content\/uploads\/2022\/12\/capes-4-150x150.png 150w\" sizes=\"auto, (max-width: 300px) 100vw, 300px\" \/><\/figure>\n<\/div><\/div>\n<\/div>\n<\/div>\n\n\n\n<div class=\"wp-block-column is-layout-flow wp-block-column-is-layout-flow\" style=\"flex-basis:33.33%\">\n<div class=\"wp-block-uel-card\">\n<h3 class=\"wp-block-heading is-style-highlighted-heading\" id=\"dissertacoes\"><a href=\"https:\/\/pos.uel.br\/psicologia\/dissertacoes\/\">Disserta\u00e7\u00f5es<\/a><\/h3>\n\n\n\n<p class=\"has-text-align-left\"><a href=\"https:\/\/pos.uel.br\/psicologia\/dissertacoes\/\">Confira aqui as disserta\u00e7\u00f5es defendidas no Programa<\/a><\/p>\n<\/div>\n\n\n\n<div class=\"wp-block-uel-card\">\n<h3 class=\"wp-block-heading has-text-align-center is-style-highlighted-heading\" id=\"dias-e-horarios-das-disciplinas-1\">Hor\u00e1rio das Disciplinas<\/h3>\n\n\n<div class=\"wp-block-image is-style-default\">\n<figure class=\"aligncenter size-large is-resized\"><a href=\"https:\/\/pos.uel.br\/psicologia\/dias-e-horarios-das-disciplinas\/\"><img loading=\"lazy\" decoding=\"async\" width=\"640\" height=\"640\" src=\"https:\/\/pos.uel.br\/psicologia\/wp-content\/uploads\/2021\/06\/relogio-1.jpg\" alt=\"\" class=\"wp-image-468\" style=\"width:109px;height:109px\" srcset=\"https:\/\/pos.uel.br\/psicologia\/wp-content\/uploads\/2021\/06\/relogio-1.jpg 640w, https:\/\/pos.uel.br\/psicologia\/wp-content\/uploads\/2021\/06\/relogio-1-300x300.jpg 300w, https:\/\/pos.uel.br\/psicologia\/wp-content\/uploads\/2021\/06\/relogio-1-150x150.jpg 150w\" sizes=\"auto, (max-width: 640px) 100vw, 640px\" \/><\/a><\/figure>\n<\/div><\/div>\n\n\n\n<div class=\"wp-block-uel-card\">\n<h3 class=\"wp-block-heading is-style-highlighted-heading\" id=\"perguntas-frequentes\">Perguntas Frequentes<\/h3>\n\n\n<div class=\"wp-block-image\">\n<figure class=\"aligncenter size-large is-resized\"><a href=\"https:\/\/pos.uel.br\/psicologia\/perguntas-frequentes\/\"><img loading=\"lazy\" decoding=\"async\" width=\"1024\" height=\"1016\" src=\"https:\/\/pos.uel.br\/psicologia\/wp-content\/uploads\/2021\/06\/enigma-do-ponto-de-interrogacao-20068651-1024x1016.jpg\" alt=\"\" class=\"wp-image-384\" style=\"width:131px;height:129px\" srcset=\"https:\/\/pos.uel.br\/psicologia\/wp-content\/uploads\/2021\/06\/enigma-do-ponto-de-interrogacao-20068651-1024x1016.jpg 1024w, https:\/\/pos.uel.br\/psicologia\/wp-content\/uploads\/2021\/06\/enigma-do-ponto-de-interrogacao-20068651-300x298.jpg 300w, https:\/\/pos.uel.br\/psicologia\/wp-content\/uploads\/2021\/06\/enigma-do-ponto-de-interrogacao-20068651-150x150.jpg 150w, https:\/\/pos.uel.br\/psicologia\/wp-content\/uploads\/2021\/06\/enigma-do-ponto-de-interrogacao-20068651-768x762.jpg 768w, https:\/\/pos.uel.br\/psicologia\/wp-content\/uploads\/2021\/06\/enigma-do-ponto-de-interrogacao-20068651.jpg 1290w\" sizes=\"auto, (max-width: 1024px) 100vw, 1024px\" \/><\/a><\/figure>\n<\/div><\/div>\n\n\n\n<div class=\"wp-block-uel-card\">\n<h3 class=\"wp-block-heading has-text-align-center is-style-highlighted-heading\" id=\"redes-sociais-do-programa\">Redes Sociais do Programa<\/h3>\n\n\n\n<div class=\"wp-block-columns is-layout-flex wp-container-core-columns-is-layout-9d6595d7 wp-block-columns-is-layout-flex\">\n<div class=\"wp-block-column is-layout-flow wp-block-column-is-layout-flow\"><div class=\"wp-block-image is-style-default\">\n<figure class=\"aligncenter size-large is-resized\"><a href=\"https:\/\/www.facebook.com\/mestradopsicologiauel\/\" target=\"_blank\" rel=\" noreferrer noopener\"><img loading=\"lazy\" decoding=\"async\" width=\"512\" height=\"512\" src=\"https:\/\/pos.uel.br\/psicologia\/wp-content\/uploads\/2021\/06\/unnamed.png\" alt=\"\" class=\"wp-image-337\" style=\"width:78px;height:auto\" srcset=\"https:\/\/pos.uel.br\/psicologia\/wp-content\/uploads\/2021\/06\/unnamed.png 512w, https:\/\/pos.uel.br\/psicologia\/wp-content\/uploads\/2021\/06\/unnamed-300x300.png 300w, https:\/\/pos.uel.br\/psicologia\/wp-content\/uploads\/2021\/06\/unnamed-150x150.png 150w\" sizes=\"auto, (max-width: 512px) 100vw, 512px\" \/><\/a><\/figure>\n<\/div>\n\n<div class=\"wp-block-image is-style-default\">\n<figure class=\"aligncenter size-full is-resized\"><a href=\"https:\/\/www.instagram.com\/ppgpsiuel\/\" target=\"_blank\" rel=\" noreferrer noopener\"><img loading=\"lazy\" decoding=\"async\" width=\"92\" height=\"99\" src=\"https:\/\/pos.uel.br\/psicologia\/wp-content\/uploads\/2025\/10\/Instagram.bmp\" alt=\"\" class=\"wp-image-3082\" style=\"width:78px;height:auto\" \/><\/a><\/figure>\n<\/div><\/div>\n\n\n\n<div class=\"wp-block-column is-layout-flow wp-block-column-is-layout-flow\"><div class=\"wp-block-image is-style-default\">\n<figure class=\"aligncenter size-large is-resized\"><a href=\"https:\/\/youtube.com\/@ppgpsicologiauel?si=sAh8Awyw1PWeOJQ4 \" target=\"_blank\" rel=\" noreferrer noopener\"><img loading=\"lazy\" decoding=\"async\" width=\"1024\" height=\"576\" src=\"https:\/\/pos.uel.br\/psicologia\/wp-content\/uploads\/2021\/05\/youtube-logo-16x9jpg-1024x576.jpg\" alt=\"\" class=\"wp-image-134\" style=\"aspect-ratio:1.7972972972972974;width:140px;height:auto\" srcset=\"https:\/\/pos.uel.br\/psicologia\/wp-content\/uploads\/2021\/05\/youtube-logo-16x9jpg-1024x576.jpg 1024w, https:\/\/pos.uel.br\/psicologia\/wp-content\/uploads\/2021\/05\/youtube-logo-16x9jpg-300x169.jpg 300w, https:\/\/pos.uel.br\/psicologia\/wp-content\/uploads\/2021\/05\/youtube-logo-16x9jpg-768x432.jpg 768w, https:\/\/pos.uel.br\/psicologia\/wp-content\/uploads\/2021\/05\/youtube-logo-16x9jpg.jpg 1200w\" sizes=\"auto, (max-width: 1024px) 100vw, 1024px\" \/><\/a><\/figure>\n<\/div><\/div>\n<\/div>\n<\/div>\n\n\n\n<div class=\"wp-block-uel-card\">\n<h3 class=\"wp-block-heading is-style-highlighted-heading\" id=\"links-uteis\">Links \u00fateis<\/h3>\n\n\n\n<p><strong><a href=\"https:\/\/sistemas.uel.br\/portaldepos\/index\" target=\"_blank\" rel=\"noreferrer noopener\">Portal do estudante<\/a><\/strong><\/p>\n\n\n\n<p><strong><a rel=\"noreferrer noopener\" href=\"http:\/\/www.uel.br\/bc\/home\/index.php\" target=\"_blank\">Biblioteca UEL<\/a><\/strong><a href=\"http:\/\/www.uel.br\/bc\/home\/index.php\"> <\/a><\/p>\n\n\n\n<p><strong><a href=\"https:\/\/www-periodicos-capes-gov-br.ezl.periodicos.capes.gov.br\/index.php?\" target=\"_blank\" rel=\"noreferrer noopener\">Portal de Peri\u00f3dicos<\/a><\/strong><\/p>\n\n\n\n<p><strong><a href=\"http:\/\/www.uel.br\/ari\/\" target=\"_blank\" rel=\"noreferrer noopener\">Assessoria de Rela\u00e7\u00f5es Internacionais<\/a><\/strong><\/p>\n<\/div>\n\n\n\n<div class=\"wp-block-uel-card\">\n<h3 class=\"wp-block-heading has-text-align-center is-style-highlighted-heading\" id=\"eventos-1\">Eventos<\/h3>\n\n\n<div class=\"wp-block-image\">\n<figure class=\"aligncenter size-large is-resized\"><a href=\"https:\/\/pos.uel.br\/psicologia\/eventos\/\"><img loading=\"lazy\" decoding=\"async\" width=\"800\" height=\"800\" src=\"https:\/\/pos.uel.br\/psicologia\/wp-content\/uploads\/2021\/06\/icone-do-planeamento-evento-120778365-1.jpg\" alt=\"\" class=\"wp-image-416\" style=\"width:127px;height:127px\" srcset=\"https:\/\/pos.uel.br\/psicologia\/wp-content\/uploads\/2021\/06\/icone-do-planeamento-evento-120778365-1.jpg 800w, https:\/\/pos.uel.br\/psicologia\/wp-content\/uploads\/2021\/06\/icone-do-planeamento-evento-120778365-1-300x300.jpg 300w, https:\/\/pos.uel.br\/psicologia\/wp-content\/uploads\/2021\/06\/icone-do-planeamento-evento-120778365-1-150x150.jpg 150w, https:\/\/pos.uel.br\/psicologia\/wp-content\/uploads\/2021\/06\/icone-do-planeamento-evento-120778365-1-768x768.jpg 768w\" sizes=\"auto, (max-width: 800px) 100vw, 800px\" \/><\/a><\/figure>\n<\/div><\/div>\n\n\n\n<p><\/p>\n<\/div>\n<\/div>\n\n\n\n<figure class=\"wp-block-image size-full is-style-default\"><img loading=\"lazy\" decoding=\"async\" width=\"1134\" height=\"189\" src=\"https:\/\/pos.uel.br\/psicologia\/wp-content\/uploads\/2021\/06\/BASE.jpg\" alt=\"\" class=\"wp-image-521\" srcset=\"https:\/\/pos.uel.br\/psicologia\/wp-content\/uploads\/2021\/06\/BASE.jpg 1134w, https:\/\/pos.uel.br\/psicologia\/wp-content\/uploads\/2021\/06\/BASE-300x50.jpg 300w, https:\/\/pos.uel.br\/psicologia\/wp-content\/uploads\/2021\/06\/BASE-1024x171.jpg 1024w, https:\/\/pos.uel.br\/psicologia\/wp-content\/uploads\/2021\/06\/BASE-768x128.jpg 768w\" sizes=\"auto, (max-width: 1134px) 100vw, 1134px\" \/><\/figure>\n\n\n\n<div class=\"wp-block-columns is-layout-flex wp-container-core-columns-is-layout-9d6595d7 wp-block-columns-is-layout-flex\">\n<div class=\"wp-block-column is-layout-flow wp-block-column-is-layout-flow\"><div class=\"wp-block-image is-style-default\">\n<figure class=\"aligncenter size-large\"><a href=\"https:\/\/www.gov.br\/capes\/pt-br\"><img loading=\"lazy\" decoding=\"async\" width=\"750\" height=\"420\" src=\"https:\/\/pos.uel.br\/psicologia\/wp-content\/uploads\/2021\/05\/3e9d3386064d6eddbff441fa3fb36a7215e2cae1-1.png\" alt=\"\" class=\"wp-image-171\" srcset=\"https:\/\/pos.uel.br\/psicologia\/wp-content\/uploads\/2021\/05\/3e9d3386064d6eddbff441fa3fb36a7215e2cae1-1.png 750w, https:\/\/pos.uel.br\/psicologia\/wp-content\/uploads\/2021\/05\/3e9d3386064d6eddbff441fa3fb36a7215e2cae1-1-300x168.png 300w\" sizes=\"auto, (max-width: 750px) 100vw, 750px\" \/><\/a><\/figure>\n<\/div><\/div>\n\n\n\n<div class=\"wp-block-column is-layout-flow wp-block-column-is-layout-flow\"><div class=\"wp-block-image is-style-default\">\n<figure class=\"aligncenter size-large is-resized\"><a href=\"https:\/\/www.gov.br\/cnpq\/pt-br\"><img loading=\"lazy\" decoding=\"async\" width=\"768\" height=\"506\" src=\"https:\/\/pos.uel.br\/psicologia\/wp-content\/uploads\/2021\/05\/cnpq-1.png\" alt=\"\" class=\"wp-image-175\" style=\"width:161px;height:106px\" srcset=\"https:\/\/pos.uel.br\/psicologia\/wp-content\/uploads\/2021\/05\/cnpq-1.png 768w, https:\/\/pos.uel.br\/psicologia\/wp-content\/uploads\/2021\/05\/cnpq-1-300x198.png 300w\" sizes=\"auto, (max-width: 768px) 100vw, 768px\" \/><\/a><\/figure>\n<\/div><\/div>\n\n\n\n<div class=\"wp-block-column is-layout-flow wp-block-column-is-layout-flow\"><div class=\"wp-block-image is-style-default\">\n<figure class=\"aligncenter size-large\"><a href=\"http:\/\/www.fappr.pr.gov.br\/\"><img loading=\"lazy\" decoding=\"async\" width=\"512\" height=\"385\" src=\"https:\/\/pos.uel.br\/psicologia\/wp-content\/uploads\/2021\/05\/fundacao-araucaria-1.png\" alt=\"\" class=\"wp-image-178\" srcset=\"https:\/\/pos.uel.br\/psicologia\/wp-content\/uploads\/2021\/05\/fundacao-araucaria-1.png 512w, https:\/\/pos.uel.br\/psicologia\/wp-content\/uploads\/2021\/05\/fundacao-araucaria-1-300x226.png 300w\" sizes=\"auto, (max-width: 512px) 100vw, 512px\" \/><\/a><\/figure>\n<\/div><\/div>\n\n\n\n<div class=\"wp-block-column is-layout-flow wp-block-column-is-layout-flow\"><div class=\"wp-block-image is-style-default\">\n<figure class=\"aligncenter size-large is-resized\"><a href=\"https:\/\/site.cfp.org.br\/\"><img loading=\"lazy\" decoding=\"async\" width=\"265\" height=\"84\" src=\"https:\/\/pos.uel.br\/psicologia\/wp-content\/uploads\/2021\/05\/CFP-1.png\" alt=\"\" class=\"wp-image-174\" style=\"width:156px;height:49px\" \/><\/a><\/figure>\n<\/div><\/div>\n\n\n\n<div class=\"wp-block-column is-layout-flow wp-block-column-is-layout-flow\"><div class=\"wp-block-image is-style-default\">\n<figure class=\"aligncenter size-large is-resized\"><a href=\"https:\/\/www.asbro.org.br\/\"><img loading=\"lazy\" decoding=\"async\" width=\"150\" height=\"150\" src=\"https:\/\/pos.uel.br\/psicologia\/wp-content\/uploads\/2021\/05\/asbro-1.png\" alt=\"\" class=\"wp-image-173\" style=\"width:112px;height:112px\" \/><\/a><\/figure>\n<\/div><\/div>\n<\/div>\n\n\n\n<div class=\"wp-block-columns is-layout-flex wp-container-core-columns-is-layout-9d6595d7 wp-block-columns-is-layout-flex\">\n<div class=\"wp-block-column is-layout-flow wp-block-column-is-layout-flow\"><div class=\"wp-block-image is-style-default\">\n<figure class=\"aligncenter size-large\"><a href=\"http:\/\/www.uel.br\/proppg\/portalnovo\/\"><img loading=\"lazy\" decoding=\"async\" width=\"304\" height=\"119\" src=\"https:\/\/pos.uel.br\/psicologia\/wp-content\/uploads\/2021\/06\/Logo_colorida.png\" alt=\"\" class=\"wp-image-510\" srcset=\"https:\/\/pos.uel.br\/psicologia\/wp-content\/uploads\/2021\/06\/Logo_colorida.png 304w, https:\/\/pos.uel.br\/psicologia\/wp-content\/uploads\/2021\/06\/Logo_colorida-300x117.png 300w\" sizes=\"auto, (max-width: 304px) 100vw, 304px\" \/><\/a><\/figure>\n<\/div><\/div>\n\n\n\n<div class=\"wp-block-column is-layout-flow wp-block-column-is-layout-flow\"><div class=\"wp-block-image is-style-default\">\n<figure class=\"aligncenter size-large is-resized\"><a href=\"https:\/\/www.ibapnet.org.br\/\"><img loading=\"lazy\" decoding=\"async\" width=\"160\" height=\"95\" src=\"https:\/\/pos.uel.br\/psicologia\/wp-content\/uploads\/2021\/05\/ibap.png\" alt=\"\" class=\"wp-image-179\" style=\"width:133px;height:79px\" \/><\/a><\/figure>\n<\/div><\/div>\n\n\n\n<div class=\"wp-block-column is-layout-flow wp-block-column-is-layout-flow\"><div class=\"wp-block-image is-style-default\">\n<figure class=\"aligncenter size-large is-resized\"><a href=\"https:\/\/sucupira.capes.gov.br\/sucupira\/public\/consultas\/coleta\/veiculoPublicacaoQualis\/listaConsultaGeralPeriodicos.jsf\"><img loading=\"lazy\" decoding=\"async\" width=\"406\" height=\"339\" src=\"https:\/\/pos.uel.br\/psicologia\/wp-content\/uploads\/2021\/05\/qualiscapes.jpg\" alt=\"\" class=\"wp-image-117\" style=\"width:121px;height:101px\" srcset=\"https:\/\/pos.uel.br\/psicologia\/wp-content\/uploads\/2021\/05\/qualiscapes.jpg 406w, https:\/\/pos.uel.br\/psicologia\/wp-content\/uploads\/2021\/05\/qualiscapes-300x250.jpg 300w\" sizes=\"auto, (max-width: 406px) 100vw, 406px\" \/><\/a><\/figure>\n<\/div><\/div>\n\n\n\n<div class=\"wp-block-column is-layout-flow wp-block-column-is-layout-flow\"><div class=\"wp-block-image is-style-default\">\n<figure class=\"aligncenter size-large\"><a href=\"https:\/\/www.anpepp.org.br\/\"><img loading=\"lazy\" decoding=\"async\" width=\"378\" height=\"133\" src=\"https:\/\/pos.uel.br\/psicologia\/wp-content\/uploads\/2021\/05\/anpepp.jpg\" alt=\"\" class=\"wp-image-193\" srcset=\"https:\/\/pos.uel.br\/psicologia\/wp-content\/uploads\/2021\/05\/anpepp.jpg 378w, https:\/\/pos.uel.br\/psicologia\/wp-content\/uploads\/2021\/05\/anpepp-300x106.jpg 300w\" sizes=\"auto, (max-width: 378px) 100vw, 378px\" \/><\/a><\/figure>\n<\/div><\/div>\n\n\n\n<div class=\"wp-block-column is-layout-flow wp-block-column-is-layout-flow\"><div class=\"wp-block-image is-style-default\">\n<figure class=\"aligncenter size-large is-resized\"><a href=\"https:\/\/www.abrapso.org.br\/\"><img loading=\"lazy\" decoding=\"async\" width=\"650\" height=\"591\" src=\"https:\/\/pos.uel.br\/psicologia\/wp-content\/uploads\/2021\/05\/abrapso.jpg\" alt=\"\" class=\"wp-image-113\" style=\"width:99px;height:90px\" srcset=\"https:\/\/pos.uel.br\/psicologia\/wp-content\/uploads\/2021\/05\/abrapso.jpg 650w, https:\/\/pos.uel.br\/psicologia\/wp-content\/uploads\/2021\/05\/abrapso-300x273.jpg 300w\" sizes=\"auto, (max-width: 650px) 100vw, 650px\" \/><\/a><\/figure>\n<\/div><\/div>\n<\/div>\n","protected":false},"excerpt":{"rendered":"","protected":false},"author":12,"featured_media":0,"parent":0,"menu_order":0,"comment_status":"closed","ping_status":"closed","template":"page-templates\/template-without-title.php","meta":{"footnotes":""},"class_list":["post-210","page","type-page","status-publish","hentry"],"acf":[],"_links":{"self":[{"href":"https:\/\/pos.uel.br\/psicologia\/wp-json\/wp\/v2\/pages\/210","targetHints":{"allow":["GET"]}}],"collection":[{"href":"https:\/\/pos.uel.br\/psicologia\/wp-json\/wp\/v2\/pages"}],"about":[{"href":"https:\/\/pos.uel.br\/psicologia\/wp-json\/wp\/v2\/types\/page"}],"author":[{"embeddable":true,"href":"https:\/\/pos.uel.br\/psicologia\/wp-json\/wp\/v2\/users\/12"}],"replies":[{"embeddable":true,"href":"https:\/\/pos.uel.br\/psicologia\/wp-json\/wp\/v2\/comments?post=210"}],"version-history":[{"count":334,"href":"https:\/\/pos.uel.br\/psicologia\/wp-json\/wp\/v2\/pages\/210\/revisions"}],"predecessor-version":[{"id":3337,"href":"https:\/\/pos.uel.br\/psicologia\/wp-json\/wp\/v2\/pages\/210\/revisions\/3337"}],"wp:attachment":[{"href":"https:\/\/pos.uel.br\/psicologia\/wp-json\/wp\/v2\/media?parent=210"}],"curies":[{"name":"wp","href":"https:\/\/api.w.org\/{rel}","templated":true}]}}