{"id":2096,"date":"2024-04-13T10:30:29","date_gmt":"2024-04-13T13:30:29","guid":{"rendered":"https:\/\/pos.uel.br\/psicologia\/?page_id=2096"},"modified":"2025-06-06T16:53:27","modified_gmt":"2025-06-06T19:53:27","slug":"dissertacoes-defendidas-turma-2022","status":"publish","type":"page","link":"https:\/\/pos.uel.br\/psicologia\/dissertacoes-defendidas-turma-2022\/","title":{"rendered":"Disserta\u00e7\u00f5es Defendidas (Turma 2022)"},"content":{"rendered":"\n<p>As disserta\u00e7\u00f5es est\u00e3o em ordem alfab\u00e9tica. Disserta\u00e7\u00f5es sem&nbsp;<em>link<\/em>&nbsp;ainda n\u00e3o foram disponibilizadas pela Biblioteca Digital da UEL ou n\u00e3o foram liberadas pelos orientadores e egressos.<\/p>\n\n\n\n<p><strong>Estudante: Airton Oliveira Silva<\/strong><\/p>\n\n\n\n<p><em>T\u00edtulo:<\/em> <a href=\"https:\/\/repositorio.uel.br\/items\/854212f5-7468-43bc-b87b-948636fd6cfa\">Treino de controle do estresse e de habilidades sociais: interven\u00e7\u00e3o em contexto industrial<\/a><\/p>\n\n\n\n<p><em>Orienta\u00e7\u00e3o:<\/em> Prof. Dr. Marcos Hirata Soares<\/p>\n\n\n\n<p><em>Data Defesa:<\/em> 15\/12\/2023<\/p>\n\n\n\n<div style=\"height:38px\" aria-hidden=\"true\" class=\"wp-block-spacer\"><\/div>\n\n\n\n<p><strong>Estudante: Caio Henrique Almagro Carvalho<\/strong><\/p>\n\n\n\n<p><em>T\u00edtulo:<\/em> <a href=\"https:\/\/repositorio.uel.br\/items\/27f8ae2b-cf86-4dd1-8115-b763fe2d27c3\">Rela\u00e7\u00f5es familiares e COVID-19: considera\u00e7\u00f5es sobre a din\u00e2mica familiar durante o isolamento social<\/a><\/p>\n\n\n\n<p><em>Orienta\u00e7\u00e3o:<\/em> Profa. Dra. Ma\u00edra Bonaf\u00e9 Sei<\/p>\n\n\n\n<p><em>Data Defesa:<\/em> 22\/02\/2024<\/p>\n\n\n\n<div style=\"height:38px\" aria-hidden=\"true\" class=\"wp-block-spacer\"><\/div>\n\n\n\n<p><strong>Estudante: Felipe Antonio Machado<\/strong><\/p>\n\n\n\n<p><em>T\u00edtulo:<\/em> <a href=\"https:\/\/repositorio.uel.br\/items\/d5aff2d7-5d29-4bce-89c1-f92f2c183f49\">Entre mach\u00f5es e viadinhos: performances de masculidades na pornografia gay brasileira<\/a><\/p>\n\n\n\n<p><em>Orienta\u00e7\u00e3o:<\/em> Profa. Dra. Flavia Fernandes de Carvalhaes<\/p>\n\n\n\n<p><em>Data Defesa:<\/em> 28\/02\/2024<\/p>\n\n\n\n<div style=\"height:38px\" aria-hidden=\"true\" class=\"wp-block-spacer\"><\/div>\n\n\n\n<p><strong>Estudante: Fernanda Cristina Barros Neves<\/strong><\/p>\n\n\n\n<p><em>T\u00edtulo:<\/em> <a href=\"https:\/\/repositorio.uel.br\/items\/556cf6c4-5ceb-401c-ad89-7422e5169110\">Do incorp\u00f3reo ao manifesto: narrativas de mulheres negras e o (re)conhecimento de si no coletivo<\/a><\/p>\n\n\n\n<p><em>Orienta\u00e7\u00e3o:<\/em> Prof. Dr. Alexandre Bonetti Lima<\/p>\n\n\n\n<p><em>Data Defesa:<\/em> 24\/05\/2024<\/p>\n\n\n\n<div style=\"height:38px\" aria-hidden=\"true\" class=\"wp-block-spacer\"><\/div>\n\n\n\n<p><strong>Estudante: Jo\u00e3o Vitor de Freitas Gimenes<\/strong><\/p>\n\n\n\n<p><em>T\u00edtulo:<\/em> <a href=\"https:\/\/repositorio.uel.br\/items\/935d27a7-f2f6-4674-b537-9c1f1c96ff10\">Vidas em composi\u00e7\u00e3o: conex\u00f5es entre filosofia, arte e cl\u00ednica<\/a><\/p>\n\n\n\n<p><em>Orienta\u00e7\u00e3o:<\/em> Profa. Dra. Sonia Regina Vargas Mansano<\/p>\n\n\n\n<p><em>Data Defesa:<\/em> 15\/03\/2024<\/p>\n\n\n\n<div style=\"height:38px\" aria-hidden=\"true\" class=\"wp-block-spacer\"><\/div>\n\n\n\n<p><strong>Estudante: Larissa Osete Souza<\/strong><\/p>\n\n\n\n<p><em>T\u00edtulo:<\/em> M\u00e3es de g\u00eameos prematuros: a escuta psicanal\u00edtica na UTI neonatal<\/p>\n\n\n\n<p><em>Orienta\u00e7\u00e3o:<\/em> Profa. Dra. Maria Elizabeth Barreto Tavares dos Reis<\/p>\n\n\n\n<p><em>Data Defesa:<\/em> 13\/12\/2023<\/p>\n\n\n\n<div style=\"height:38px\" aria-hidden=\"true\" class=\"wp-block-spacer\"><\/div>\n\n\n\n<p><strong>Estudante: Vanessa Visockas Wiezel<\/strong><\/p>\n\n\n\n<p><em>T\u00edtulo:<\/em> <a href=\"https:\/\/repositorio.uel.br\/items\/dde541e4-91f4-4c90-98b9-0eb37d2ee4c6\">Arrast\u00f5es subjetivos: a vida contempor\u00e2nea entre impasses e possibilidades<\/a><\/p>\n\n\n\n<p><em>Orienta\u00e7\u00e3o:<\/em> Profa. Dra. Sonia Regina Vargas Mansano<\/p>\n\n\n\n<p><em>Data Defesa:<\/em> 01\/03\/2024<\/p>\n\n\n\n<div style=\"height:38px\" aria-hidden=\"true\" class=\"wp-block-spacer\"><\/div>\n\n\n\n<p><strong>Estudante: Vit\u00f3ria Cristina de Oliveira Abranches<\/strong><\/p>\n\n\n\n<p><em>T\u00edtulo:<\/em> Um estudo da hist\u00f3ria do racismo e das pr\u00e1ticas silenciadoras: limites e possibilidades de sujeitos racializados<\/p>\n\n\n\n<p><em>Orienta\u00e7\u00e3o:<\/em> Prof. Dr. Alexandre Bonetti Lima<\/p>\n\n\n\n<p><em>Data Defesa:<\/em> 27\/03\/2024<\/p>\n","protected":false},"excerpt":{"rendered":"<p>As disserta\u00e7\u00f5es est\u00e3o em ordem alfab\u00e9tica. Disserta\u00e7\u00f5es sem&nbsp;link&nbsp;ainda n\u00e3o foram disponibilizadas pela Biblioteca Digital da UEL ou n\u00e3o foram liberadas pelos orientadores e egressos. Estudante: Airton Oliveira Silva T\u00edtulo: Treino de controle do estresse e de habilidades sociais: interven\u00e7\u00e3o em contexto industrial Orienta\u00e7\u00e3o: Prof. Dr. Marcos Hirata Soares Data Defesa: 15\/12\/2023 Estudante: Caio Henrique Almagro [&hellip;]<\/p>\n","protected":false},"author":12,"featured_media":0,"parent":0,"menu_order":0,"comment_status":"closed","ping_status":"closed","template":"","meta":{"footnotes":""},"class_list":["post-2096","page","type-page","status-publish","hentry"],"acf":[],"_links":{"self":[{"href":"https:\/\/pos.uel.br\/psicologia\/wp-json\/wp\/v2\/pages\/2096","targetHints":{"allow":["GET"]}}],"collection":[{"href":"https:\/\/pos.uel.br\/psicologia\/wp-json\/wp\/v2\/pages"}],"about":[{"href":"https:\/\/pos.uel.br\/psicologia\/wp-json\/wp\/v2\/types\/page"}],"author":[{"embeddable":true,"href":"https:\/\/pos.uel.br\/psicologia\/wp-json\/wp\/v2\/users\/12"}],"replies":[{"embeddable":true,"href":"https:\/\/pos.uel.br\/psicologia\/wp-json\/wp\/v2\/comments?post=2096"}],"version-history":[{"count":15,"href":"https:\/\/pos.uel.br\/psicologia\/wp-json\/wp\/v2\/pages\/2096\/revisions"}],"predecessor-version":[{"id":2833,"href":"https:\/\/pos.uel.br\/psicologia\/wp-json\/wp\/v2\/pages\/2096\/revisions\/2833"}],"wp:attachment":[{"href":"https:\/\/pos.uel.br\/psicologia\/wp-json\/wp\/v2\/media?parent=2096"}],"curies":[{"name":"wp","href":"https:\/\/api.w.org\/{rel}","templated":true}]}}