{"id":2042,"date":"2024-03-07T09:27:25","date_gmt":"2024-03-07T12:27:25","guid":{"rendered":"https:\/\/pos.uel.br\/psicologia\/?page_id=2042"},"modified":"2024-03-07T09:46:36","modified_gmt":"2024-03-07T12:46:36","slug":"estrutura-curricular-doutorado","status":"publish","type":"page","link":"https:\/\/pos.uel.br\/psicologia\/estrutura-curricular-doutorado\/","title":{"rendered":"Estrutura Curricular &#8211; Doutorado"},"content":{"rendered":"\n<figure class=\"wp-block-table\"><table><tbody><tr><td><strong>1\u00ba Semestre<\/strong><\/td><td><strong>2\u00ba Semestre<\/strong><\/td><\/tr><tr><td>Epistemologias de Pesquisa em Psicologia (4 cr\u00e9ditos)<br>Prepara\u00e7\u00e3o Pedag\u00f3gica em Psicologia (4 cr\u00e9ditos)<br>Eletiva I (4 cr\u00e9ditos)<br>Estudos Orientados de Tese I (4 cr\u00e9ditos)<br>Tese I (10 cr\u00e9ditos)Total: 26 cr\u00e9ditos (390h)<\/td><td>Semin\u00e1rios Avan\u00e7ados de Pesquisas em Psicologia (4 cr\u00e9ditos)<br>Eletiva II (4 cr\u00e9ditos)<br>Estudos Orientados de Tese II (4 cr\u00e9ditos)<br>Tese II (10 cr\u00e9ditos)Total: 22 cr\u00e9ditos (330h)<br>\ufeff<\/td><\/tr><tr><td><strong>3\u00ba Semestre<\/strong><\/td><td><strong>4\u00ba Semestre<\/strong><\/td><\/tr><tr><td>Estudos Orientados de Tese III (4 cr\u00e9ditos)<br>Est\u00e1gio Docente I (2 cr\u00e9ditos)<br>Tese III (10 cr\u00e9ditos)Total: 16 cr\u00e9ditos (240h)<\/td><td>Estudos Orientados de Tese IV (4 cr\u00e9ditos)<br>Est\u00e1gio Docente II (2 cr\u00e9ditos)<br>Tese IV (10 cr\u00e9ditos)Total: 16 cr\u00e9ditos (240h)<\/td><\/tr><tr><td><strong>5\u00ba Semestre<\/strong><\/td><td><strong>6\u00ba Semestre<\/strong><\/td><\/tr><tr><td>Tese V (10 cr\u00e9ditos)Total: 10 cr\u00e9ditos (150h)<\/td><td>Tese VI (10 cr\u00e9ditos)Total: 10 cr\u00e9ditos (150h)<\/td><\/tr><tr><td><strong>7\u00ba Semestre<\/strong><br>Tese VII (10 cr\u00e9ditos)Total: 10 cr\u00e9ditos (150h)<\/td><td><strong>8\u00ba Semestre<\/strong><br>Tese VIII (10 cr\u00e9ditos)Total: 10 cr\u00e9ditos (150h)<\/td><\/tr><\/tbody><\/table><\/figure>\n","protected":false},"excerpt":{"rendered":"<p>1\u00ba Semestre 2\u00ba Semestre Epistemologias de Pesquisa em Psicologia (4 cr\u00e9ditos)Prepara\u00e7\u00e3o Pedag\u00f3gica em Psicologia (4 cr\u00e9ditos)Eletiva I (4 cr\u00e9ditos)Estudos Orientados de Tese I (4 cr\u00e9ditos)Tese I (10 cr\u00e9ditos)Total: 26 cr\u00e9ditos (390h) Semin\u00e1rios Avan\u00e7ados de Pesquisas em Psicologia (4 cr\u00e9ditos)Eletiva II (4 cr\u00e9ditos)Estudos Orientados de Tese II (4 cr\u00e9ditos)Tese II (10 cr\u00e9ditos)Total: 22 cr\u00e9ditos (330h)\ufeff 3\u00ba [&hellip;]<\/p>\n","protected":false},"author":10,"featured_media":0,"parent":0,"menu_order":0,"comment_status":"closed","ping_status":"closed","template":"","meta":{"footnotes":""},"class_list":["post-2042","page","type-page","status-publish","hentry"],"acf":[],"_links":{"self":[{"href":"https:\/\/pos.uel.br\/psicologia\/wp-json\/wp\/v2\/pages\/2042","targetHints":{"allow":["GET"]}}],"collection":[{"href":"https:\/\/pos.uel.br\/psicologia\/wp-json\/wp\/v2\/pages"}],"about":[{"href":"https:\/\/pos.uel.br\/psicologia\/wp-json\/wp\/v2\/types\/page"}],"author":[{"embeddable":true,"href":"https:\/\/pos.uel.br\/psicologia\/wp-json\/wp\/v2\/users\/10"}],"replies":[{"embeddable":true,"href":"https:\/\/pos.uel.br\/psicologia\/wp-json\/wp\/v2\/comments?post=2042"}],"version-history":[{"count":2,"href":"https:\/\/pos.uel.br\/psicologia\/wp-json\/wp\/v2\/pages\/2042\/revisions"}],"predecessor-version":[{"id":2069,"href":"https:\/\/pos.uel.br\/psicologia\/wp-json\/wp\/v2\/pages\/2042\/revisions\/2069"}],"wp:attachment":[{"href":"https:\/\/pos.uel.br\/psicologia\/wp-json\/wp\/v2\/media?parent=2042"}],"curies":[{"name":"wp","href":"https:\/\/api.w.org\/{rel}","templated":true}]}}