{"id":1992,"date":"2024-03-01T10:28:41","date_gmt":"2024-03-01T13:28:41","guid":{"rendered":"https:\/\/pos.uel.br\/psicologia\/?page_id=1992"},"modified":"2024-03-01T10:38:57","modified_gmt":"2024-03-01T13:38:57","slug":"estudante-estrangeiro","status":"publish","type":"page","link":"https:\/\/pos.uel.br\/psicologia\/estudante-estrangeiro\/","title":{"rendered":"Estudante Estrangeiro"},"content":{"rendered":"\n<p>O PPGPSI est\u00e1 aberto a estudantes estrangeiros interessados em fazer parte do Programa como Estudantes Regulares.<\/p>\n\n\n\n<p>O ingresso segue o calend\u00e1rio da P\u00f3s-Gradua\u00e7\u00e3o da UEL. <\/p>\n\n\n\n<p>As regras previstas est\u00e3o na Resolu\u00e7\u00e3o CEPE 208\/2007 que consta no <a href=\"https:\/\/pos.uel.br\/psicologia\/wp-content\/uploads\/2024\/03\/Resoluc\u0327a\u0303o-CEPE-208-2007.pdf\">link<\/a>.<\/p>\n","protected":false},"excerpt":{"rendered":"<p>O PPGPSI est\u00e1 aberto a estudantes estrangeiros interessados em fazer parte do Programa como Estudantes Regulares. O ingresso segue o calend\u00e1rio da P\u00f3s-Gradua\u00e7\u00e3o da UEL. As regras previstas est\u00e3o na Resolu\u00e7\u00e3o CEPE 208\/2007 que consta no link.<\/p>\n","protected":false},"author":9,"featured_media":0,"parent":0,"menu_order":0,"comment_status":"closed","ping_status":"closed","template":"","meta":{"footnotes":""},"class_list":["post-1992","page","type-page","status-publish","hentry"],"acf":[],"_links":{"self":[{"href":"https:\/\/pos.uel.br\/psicologia\/wp-json\/wp\/v2\/pages\/1992","targetHints":{"allow":["GET"]}}],"collection":[{"href":"https:\/\/pos.uel.br\/psicologia\/wp-json\/wp\/v2\/pages"}],"about":[{"href":"https:\/\/pos.uel.br\/psicologia\/wp-json\/wp\/v2\/types\/page"}],"author":[{"embeddable":true,"href":"https:\/\/pos.uel.br\/psicologia\/wp-json\/wp\/v2\/users\/9"}],"replies":[{"embeddable":true,"href":"https:\/\/pos.uel.br\/psicologia\/wp-json\/wp\/v2\/comments?post=1992"}],"version-history":[{"count":4,"href":"https:\/\/pos.uel.br\/psicologia\/wp-json\/wp\/v2\/pages\/1992\/revisions"}],"predecessor-version":[{"id":2000,"href":"https:\/\/pos.uel.br\/psicologia\/wp-json\/wp\/v2\/pages\/1992\/revisions\/2000"}],"wp:attachment":[{"href":"https:\/\/pos.uel.br\/psicologia\/wp-json\/wp\/v2\/media?parent=1992"}],"curies":[{"name":"wp","href":"https:\/\/api.w.org\/{rel}","templated":true}]}}