{"id":17,"date":"2021-04-29T13:56:19","date_gmt":"2021-04-29T16:56:19","guid":{"rendered":"https:\/\/pos.uel.br\/psicologia\/?page_id=17"},"modified":"2026-03-07T11:45:19","modified_gmt":"2026-03-07T14:45:19","slug":"regimento-resolucoes-e-normas","status":"publish","type":"page","link":"https:\/\/pos.uel.br\/psicologia\/regimento-resolucoes-e-normas\/","title":{"rendered":"Regimento, resolu\u00e7\u00f5es e normas"},"content":{"rendered":"\n<p><a href=\"http:\/\/www.uel.br\/proplan\/novo\/pages\/arquivos\/pdf\/regimento_geral_compilado.pdf\" target=\"_blank\" rel=\"noreferrer noopener\"><u><strong><br><\/strong><\/u><\/a><strong><a href=\"https:\/\/sites.uel.br\/proplan\/documentos-oficiais\/\" target=\"_blank\" rel=\"noreferrer noopener\">Regimento Geral da UEL<\/a><\/strong><\/p>\n\n\n\n<p><strong><a href=\"https:\/\/sites.uel.br\/proppg\/regulamentos-da-pos-graduacao\/\" target=\"_blank\" rel=\"noreferrer noopener\">Regulamentos do <em>Stricto sensu<\/em> da UEL<\/a><\/strong><\/p>\n\n\n\n<p><a href=\"https:\/\/pos.uel.br\/psicologia\/wp-content\/uploads\/2026\/03\/Resol-CEPE-69-2025-Regimento-PPG-Psicologia-M-D.pdf\">Resolu\u00e7\u00e3o CEPE no. 069\/2025<\/a>. Altera o Regimento do Programa de P\u00f3s-Gradua\u00e7\u00e3o em Psicologia da UEL, n\u00edveis de Mestrado e Doutorado<\/p>\n\n\n\n<p><a href=\"https:\/\/pos.uel.br\/psicologia\/wp-content\/uploads\/2024\/08\/Resolucao-CEPE-114-2022-Aprova-o-Regimento-do-PPGPSI-nivel-de-mestrado-e-doutorado.pdf\" target=\"_blank\" rel=\"noreferrer noopener\">Resolu\u00e7\u00e3o CEPE no. 114\/2022.<\/a> Regimento do Programa de P\u00f3s-Gradua\u00e7\u00e3o em Psicologia da UEL, n\u00edveis de Mestrado e Doutorado<\/p>\n\n\n\n<p><a href=\"https:\/\/pos.uel.br\/psicologia\/wp-content\/uploads\/2024\/03\/Resolucao-113-Cria-Doutorado.pdf\" target=\"_blank\" rel=\"noreferrer noopener\">Resolu\u00e7\u00e3o CEPE no. 113\/2022.<\/a> Cria o Curso de Doutorado no \u00e2mbito do Programa de P\u00f3s-Gradua\u00e7\u00e3o em Psicologia, que passa a ter os n\u00edveis de Mestrado e de Doutorado<\/p>\n\n\n\n<p><a href=\"https:\/\/pos.uel.br\/psicologia\/wp-content\/uploads\/2021\/08\/Resol-CEPE-38-2017-Alt-Regim-art-21-par-unico.pdf\" target=\"_blank\" rel=\"noreferrer noopener\">Resolu\u00e7\u00e3o CEPE no. 038\/2017.<\/a> Altera o Regimento do Mestrado em Psicologia<\/p>\n\n\n\n<p><a href=\"https:\/\/pos.uel.br\/psicologia\/wp-content\/uploads\/2022\/08\/Resolucao-CEPE-010-2016.pdf\" target=\"_blank\" rel=\"noreferrer noopener\">Resolu\u00e7\u00e3o CEPE no. 010\/2016.<\/a> Estabelece o n\u00famero de vagas do Mestrado em Psicologia<\/p>\n\n\n\n<p><a href=\"https:\/\/pos.uel.br\/psicologia\/wp-content\/uploads\/2021\/08\/Resol-CEPE-09-2016-Regimento-Mest-Psicologia.pdf\" target=\"_blank\" rel=\"noreferrer noopener\">Resolu\u00e7\u00e3o CEPE no. 009\/2016.<\/a> Regimento do Programa de P\u00f3s-Gradua\u00e7\u00e3o em Psicologia, em n\u00edvel de Mestrado<\/p>\n\n\n\n<p><a href=\"https:\/\/pos.uel.br\/psicologia\/wp-content\/uploads\/2021\/10\/Deliberacao-003-2017-Reest-Org-Curricular-Mest-Psicologia.pdf\" target=\"_blank\" rel=\"noreferrer noopener\">Delibera\u00e7\u00e3o &#8211; C\u00e2mara de P\u00f3s-Gradua\u00e7\u00e3o no. 003\/2017.<\/a> Reestrutura o Programa de P\u00f3s-Gradua\u00e7\u00e3o em Psicologia, em n\u00edvel de Mestrado Acad\u00eamico<\/p>\n\n\n\n<p><\/p>\n","protected":false},"excerpt":{"rendered":"<p>Regimento Geral da UEL Regulamentos do Stricto sensu da UEL Resolu\u00e7\u00e3o CEPE no. 069\/2025. Altera o Regimento do Programa de P\u00f3s-Gradua\u00e7\u00e3o em Psicologia da UEL, n\u00edveis de Mestrado e Doutorado Resolu\u00e7\u00e3o CEPE no. 114\/2022. Regimento do Programa de P\u00f3s-Gradua\u00e7\u00e3o em Psicologia da UEL, n\u00edveis de Mestrado e Doutorado Resolu\u00e7\u00e3o CEPE no. 113\/2022. Cria o Curso [&hellip;]<\/p>\n","protected":false},"author":7,"featured_media":0,"parent":0,"menu_order":0,"comment_status":"closed","ping_status":"closed","template":"","meta":{"footnotes":""},"class_list":["post-17","page","type-page","status-publish","hentry"],"acf":[],"_links":{"self":[{"href":"https:\/\/pos.uel.br\/psicologia\/wp-json\/wp\/v2\/pages\/17","targetHints":{"allow":["GET"]}}],"collection":[{"href":"https:\/\/pos.uel.br\/psicologia\/wp-json\/wp\/v2\/pages"}],"about":[{"href":"https:\/\/pos.uel.br\/psicologia\/wp-json\/wp\/v2\/types\/page"}],"author":[{"embeddable":true,"href":"https:\/\/pos.uel.br\/psicologia\/wp-json\/wp\/v2\/users\/7"}],"replies":[{"embeddable":true,"href":"https:\/\/pos.uel.br\/psicologia\/wp-json\/wp\/v2\/comments?post=17"}],"version-history":[{"count":50,"href":"https:\/\/pos.uel.br\/psicologia\/wp-json\/wp\/v2\/pages\/17\/revisions"}],"predecessor-version":[{"id":3304,"href":"https:\/\/pos.uel.br\/psicologia\/wp-json\/wp\/v2\/pages\/17\/revisions\/3304"}],"wp:attachment":[{"href":"https:\/\/pos.uel.br\/psicologia\/wp-json\/wp\/v2\/media?parent=17"}],"curies":[{"name":"wp","href":"https:\/\/api.w.org\/{rel}","templated":true}]}}