{"id":16,"date":"2021-04-29T13:56:19","date_gmt":"2021-04-29T16:56:19","guid":{"rendered":"https:\/\/pos.uel.br\/psicologia\/?page_id=16"},"modified":"2025-09-16T04:23:41","modified_gmt":"2025-09-16T07:23:41","slug":"corpo-docente","status":"publish","type":"page","link":"https:\/\/pos.uel.br\/psicologia\/corpo-docente\/","title":{"rendered":"Corpo docente"},"content":{"rendered":"\n<p><strong>Linha 1: Avalia\u00e7\u00e3o Psicol\u00f3gica e Processos Cl\u00ednicos<\/strong><\/p>\n\n\n\n<div class=\"wp-block-columns is-layout-flex wp-container-core-columns-is-layout-9d6595d7 wp-block-columns-is-layout-flex\">\n<div class=\"wp-block-column is-layout-flow wp-block-column-is-layout-flow\">\n<p><\/p>\n<\/div>\n\n\n\n<div class=\"wp-block-column is-layout-flow wp-block-column-is-layout-flow\">\n<p><\/p>\n<\/div>\n<\/div>\n\n\n\n<div class=\"wp-block-columns is-layout-flex wp-container-core-columns-is-layout-9d6595d7 wp-block-columns-is-layout-flex\">\n<div class=\"wp-block-column is-layout-flow wp-block-column-is-layout-flow\" style=\"flex-basis:100%\">\n<div class=\"wp-block-columns is-layout-flex wp-container-core-columns-is-layout-9d6595d7 wp-block-columns-is-layout-flex\">\n<div class=\"wp-block-column is-layout-flow wp-block-column-is-layout-flow\" style=\"flex-basis:66.66%\">\n<p><\/p>\n<\/div>\n<\/div>\n<\/div>\n<\/div>\n\n\n\n<div class=\"wp-block-columns is-layout-flex wp-container-core-columns-is-layout-9d6595d7 wp-block-columns-is-layout-flex\">\n<div class=\"wp-block-column is-layout-flow wp-block-column-is-layout-flow\" style=\"flex-basis:33.33%\">\n<figure class=\"wp-block-image size-large is-resized\"><img loading=\"lazy\" decoding=\"async\" width=\"205\" height=\"272\" src=\"https:\/\/pos.uel.br\/psicologia\/wp-content\/uploads\/2021\/05\/FotoKatya-2.jpg\" alt=\"\" class=\"wp-image-156\" style=\"aspect-ratio:0.7529411764705882;width:256px;height:auto\" \/><\/figure>\n<\/div>\n\n\n\n<div class=\"wp-block-column is-layout-flow wp-block-column-is-layout-flow\" style=\"flex-basis:66.66%\">\n<p><strong>Katya Luciane de Oliveira<\/strong><\/p>\n\n\n\n<p><a href=\"http:\/\/lattes.cnpq.br\/4705886258107687\" target=\"_blank\" rel=\"noreferrer noopener\"><u>http:\/\/lattes.cnpq.br\/4705886258107687<\/u><\/a><\/p>\n\n\n\n<p><strong>Temas de interesse:<\/strong><br>1. Avalia\u00e7\u00e3o Psicol\u00f3gica e Avalia\u00e7\u00e3o Psicoeducacional<br>2. Psicometria<br>3. Valida\u00e7\u00e3o de Instrumentos de Medida<br>4. Dificuldades do Processo de Ensino e Aprendizagem<br>5. Metodologia de Pesquisa<\/p>\n<\/div>\n<\/div>\n\n\n\n<div class=\"wp-block-columns is-layout-flex wp-container-core-columns-is-layout-9d6595d7 wp-block-columns-is-layout-flex\">\n<div class=\"wp-block-column is-layout-flow wp-block-column-is-layout-flow\" style=\"flex-basis:33.33%\">\n<figure class=\"wp-block-image size-large is-resized\"><img loading=\"lazy\" decoding=\"async\" width=\"952\" height=\"1024\" src=\"https:\/\/pos.uel.br\/psicologia\/wp-content\/uploads\/2025\/09\/foto.lattes.-Leandro-952x1024.jpg\" alt=\"\" class=\"wp-image-3049\" style=\"width:308px;height:auto\" srcset=\"https:\/\/pos.uel.br\/psicologia\/wp-content\/uploads\/2025\/09\/foto.lattes.-Leandro-952x1024.jpg 952w, https:\/\/pos.uel.br\/psicologia\/wp-content\/uploads\/2025\/09\/foto.lattes.-Leandro-279x300.jpg 279w, https:\/\/pos.uel.br\/psicologia\/wp-content\/uploads\/2025\/09\/foto.lattes.-Leandro-768x826.jpg 768w, https:\/\/pos.uel.br\/psicologia\/wp-content\/uploads\/2025\/09\/foto.lattes.-Leandro.jpg 1072w\" sizes=\"auto, (max-width: 952px) 100vw, 952px\" \/><\/figure>\n<\/div>\n\n\n\n<div class=\"wp-block-column is-layout-flow wp-block-column-is-layout-flow\" style=\"flex-basis:66.66%\">\n<p><strong><strong>Leandro Anselmo Todesqui Tavares<\/strong><\/strong><\/p>\n\n\n\n<p><u><a href=\"http:\/\/lattes.cnpq.br\/1190866102732466\" target=\"_blank\" rel=\"noreferrer noopener\">http:\/\/lattes.cnpq.br\/1190866102732466<\/a><\/u><\/p>\n\n\n\n<p><strong>Temas de interesse:<\/strong><br>1. Teoria e Cl\u00ednica Psicanal\u00edtica (Lacan\/Freud)<br>2. Sublima\u00e7\u00e3o, Cultura, Est\u00e9tica, Arte, Sociedade (Psican\u00e1lise Invocante)<br>3. Psicopatologias<br>4. Psican\u00e1lise e Sociedade (meio ambiente; ancestralidades; tecnologias e desumaniza\u00e7\u00e3o, etc.)<br>5. Psican\u00e1lise e Cl\u00ednica Ampliada<\/p>\n<\/div>\n<\/div>\n\n\n\n<div class=\"wp-block-columns is-layout-flex wp-container-core-columns-is-layout-9d6595d7 wp-block-columns-is-layout-flex\">\n<div class=\"wp-block-column is-layout-flow wp-block-column-is-layout-flow\" style=\"flex-basis:33.33%\">\n<figure class=\"wp-block-image size-large is-resized\"><img loading=\"lazy\" decoding=\"async\" width=\"768\" height=\"1024\" src=\"https:\/\/pos.uel.br\/psicologia\/wp-content\/uploads\/2023\/05\/Foto-Maira-Bonafe-Sei-768x1024.jpg\" alt=\"\" class=\"wp-image-1435\" style=\"aspect-ratio:0.7519582245430809;width:259px;height:auto\" srcset=\"https:\/\/pos.uel.br\/psicologia\/wp-content\/uploads\/2023\/05\/Foto-Maira-Bonafe-Sei-768x1024.jpg 768w, https:\/\/pos.uel.br\/psicologia\/wp-content\/uploads\/2023\/05\/Foto-Maira-Bonafe-Sei-225x300.jpg 225w, https:\/\/pos.uel.br\/psicologia\/wp-content\/uploads\/2023\/05\/Foto-Maira-Bonafe-Sei-1152x1536.jpg 1152w, https:\/\/pos.uel.br\/psicologia\/wp-content\/uploads\/2023\/05\/Foto-Maira-Bonafe-Sei-1536x2048.jpg 1536w, https:\/\/pos.uel.br\/psicologia\/wp-content\/uploads\/2023\/05\/Foto-Maira-Bonafe-Sei-scaled.jpg 1920w\" sizes=\"auto, (max-width: 768px) 100vw, 768px\" \/><\/figure>\n<\/div>\n\n\n\n<div class=\"wp-block-column is-layout-flow wp-block-column-is-layout-flow\">\n<p><strong>Ma\u00edra Bonaf\u00e9 Sei<\/strong><\/p>\n\n\n\n<p><a href=\"http:\/\/lattes.cnpq.br\/5815968830020591\" target=\"_blank\" rel=\"noreferrer noopener\"><u>http:\/\/lattes.cnpq.br\/5815968830020591<\/u><\/a><\/p>\n\n\n\n<p><strong>Temas de interesse:<\/strong><br>1. Psican\u00e1lise de Casal e Fam\u00edlia<br>2. Psican\u00e1lise Winnicottiana<br>3. Arteterapia e Psican\u00e1lise<br>4. Interven\u00e7\u00f5es Cl\u00ednicas no Contexto Institucional<br>5. Sa\u00fade Mental<\/p>\n<\/div>\n<\/div>\n\n\n\n<div class=\"wp-block-columns is-layout-flex wp-container-core-columns-is-layout-9d6595d7 wp-block-columns-is-layout-flex\">\n<div class=\"wp-block-column is-layout-flow wp-block-column-is-layout-flow\" style=\"flex-basis:33.33%\">\n<figure class=\"wp-block-image size-large is-resized\"><img loading=\"lazy\" decoding=\"async\" width=\"182\" height=\"308\" src=\"https:\/\/pos.uel.br\/psicologia\/wp-content\/uploads\/2021\/05\/FotoMarcosH.jpg\" alt=\"\" class=\"wp-image-164\" style=\"width:260px;height:auto\" srcset=\"https:\/\/pos.uel.br\/psicologia\/wp-content\/uploads\/2021\/05\/FotoMarcosH.jpg 182w, https:\/\/pos.uel.br\/psicologia\/wp-content\/uploads\/2021\/05\/FotoMarcosH-177x300.jpg 177w\" sizes=\"auto, (max-width: 182px) 100vw, 182px\" \/><\/figure>\n<\/div>\n\n\n\n<div class=\"wp-block-column is-layout-flow wp-block-column-is-layout-flow\" style=\"flex-basis:66.66%\">\n<p><strong>Marcos Hirata Soares<\/strong><\/p>\n\n\n\n<p><a href=\"http:\/\/lattes.cnpq.br\/7091265289461718\" target=\"_blank\" rel=\"noreferrer noopener\"><u>http:\/\/lattes.cnpq.br\/2036052352175874<\/u><\/a><\/p>\n\n\n\n<p><strong>Temas de interesse:<\/strong><br>1. Preven\u00e7\u00e3o do suic\u00eddio<br>2. Reinser\u00e7\u00e3o e reabilita\u00e7\u00e3o psicossocial de dependentes qu\u00edmicos<br>3. Arteterapia<br>4. Aplica\u00e7\u00e3o, elabora\u00e7\u00e3o e valida\u00e7\u00e3o de testes e outras medidas subjetivas em sa\u00fade mental, espiritualidade e religiosidade<\/p>\n<\/div>\n<\/div>\n\n\n\n<div class=\"wp-block-columns is-layout-flex wp-container-core-columns-is-layout-9d6595d7 wp-block-columns-is-layout-flex\">\n<div class=\"wp-block-column is-layout-flow wp-block-column-is-layout-flow\" style=\"flex-basis:33.33%\">\n<figure class=\"wp-block-image size-large\"><img loading=\"lazy\" decoding=\"async\" width=\"697\" height=\"742\" src=\"https:\/\/pos.uel.br\/psicologia\/wp-content\/uploads\/2021\/05\/FotoBeth.jpg\" alt=\"\" class=\"wp-image-166\" srcset=\"https:\/\/pos.uel.br\/psicologia\/wp-content\/uploads\/2021\/05\/FotoBeth.jpg 697w, https:\/\/pos.uel.br\/psicologia\/wp-content\/uploads\/2021\/05\/FotoBeth-282x300.jpg 282w\" sizes=\"auto, (max-width: 697px) 100vw, 697px\" \/><\/figure>\n<\/div>\n\n\n\n<div class=\"wp-block-column is-layout-flow wp-block-column-is-layout-flow\" style=\"flex-basis:66.66%\">\n<p><strong>Maria Elizabeth Barreto Tavares dos Reis<\/strong><\/p>\n\n\n\n<p><a href=\"http:\/\/lattes.cnpq.br\/2036052352175874\" target=\"_blank\" rel=\"noreferrer noopener\"><u>http:\/\/lattes.cnpq.br\/2036052352175874<\/u><\/a><\/p>\n\n\n\n<p><strong>Temas de interesse:<\/strong><br>1. Psicoterapia Psicanal\u00edtica<br>2. Relacionamento M\u00e3e-Beb\u00ea<br>3. Constru\u00e7\u00e3o do Sujeito<br>4. Parentalidade<br>5. Gemelaridade<\/p>\n\n\n\n<p><\/p>\n<\/div>\n<\/div>\n\n\n\n<div class=\"wp-block-columns is-layout-flex wp-container-core-columns-is-layout-9d6595d7 wp-block-columns-is-layout-flex\">\n<div class=\"wp-block-column is-layout-flow wp-block-column-is-layout-flow\" style=\"flex-basis:33.33%\">\n<figure class=\"wp-block-image size-large\"><img loading=\"lazy\" decoding=\"async\" width=\"684\" height=\"1024\" src=\"https:\/\/pos.uel.br\/psicologia\/wp-content\/uploads\/2023\/11\/e91b4d25-c5c6-41b4-957d-4e2622699738-1-684x1024.jpg\" alt=\"\" class=\"wp-image-1838\" srcset=\"https:\/\/pos.uel.br\/psicologia\/wp-content\/uploads\/2023\/11\/e91b4d25-c5c6-41b4-957d-4e2622699738-1-684x1024.jpg 684w, https:\/\/pos.uel.br\/psicologia\/wp-content\/uploads\/2023\/11\/e91b4d25-c5c6-41b4-957d-4e2622699738-1-200x300.jpg 200w, https:\/\/pos.uel.br\/psicologia\/wp-content\/uploads\/2023\/11\/e91b4d25-c5c6-41b4-957d-4e2622699738-1-768x1151.jpg 768w, https:\/\/pos.uel.br\/psicologia\/wp-content\/uploads\/2023\/11\/e91b4d25-c5c6-41b4-957d-4e2622699738-1-1025x1536.jpg 1025w, https:\/\/pos.uel.br\/psicologia\/wp-content\/uploads\/2023\/11\/e91b4d25-c5c6-41b4-957d-4e2622699738-1.jpg 1068w\" sizes=\"auto, (max-width: 684px) 100vw, 684px\" \/><\/figure>\n<\/div>\n\n\n\n<div class=\"wp-block-column is-layout-flow wp-block-column-is-layout-flow\" style=\"flex-basis:66.66%\">\n<p><strong>Roberta Ekuni de Souza<\/strong><\/p>\n\n\n\n<p><a href=\"http:\/\/lattes.cnpq.br\/8230384607574009\">http:\/\/lattes.cnpq.br\/8230384607574009<\/a> <\/p>\n\n\n\n<p><\/p>\n\n\n\n<p><strong>Temas de interesse:<\/strong><br><\/p>\n\n\n\n<p>1 &#8211; Estrat\u00e9gias que otimizam a mem\u00f3ria e aprendizagem com base na Psicologia Cognitiva<br>2 &#8211; Avalia\u00e7\u00e3o dos processos de Ensino e Aprendizagem<br>3 &#8211; Mem\u00f3ria e aprendizagem<br>4 &#8211; Neuromitos na educa\u00e7\u00e3o<br>5 &#8211; Interven\u00e7\u00f5es no contexto educacional<\/p>\n<\/div>\n<\/div>\n\n\n\n<div class=\"wp-block-columns is-layout-flex wp-container-core-columns-is-layout-9d6595d7 wp-block-columns-is-layout-flex\">\n<div class=\"wp-block-column is-layout-flow wp-block-column-is-layout-flow\" style=\"flex-basis:33.33%\">\n<figure class=\"wp-block-image size-large is-resized\"><img loading=\"lazy\" decoding=\"async\" width=\"1021\" height=\"1024\" src=\"https:\/\/pos.uel.br\/psicologia\/wp-content\/uploads\/2021\/05\/FotoSilvia-1021x1024.jpg\" alt=\"\" class=\"wp-image-177\" style=\"width:412px;height:auto\" srcset=\"https:\/\/pos.uel.br\/psicologia\/wp-content\/uploads\/2021\/05\/FotoSilvia-1021x1024.jpg 1021w, https:\/\/pos.uel.br\/psicologia\/wp-content\/uploads\/2021\/05\/FotoSilvia-300x300.jpg 300w, https:\/\/pos.uel.br\/psicologia\/wp-content\/uploads\/2021\/05\/FotoSilvia-150x150.jpg 150w, https:\/\/pos.uel.br\/psicologia\/wp-content\/uploads\/2021\/05\/FotoSilvia-768x770.jpg 768w, https:\/\/pos.uel.br\/psicologia\/wp-content\/uploads\/2021\/05\/FotoSilvia-1531x1536.jpg 1531w, https:\/\/pos.uel.br\/psicologia\/wp-content\/uploads\/2021\/05\/FotoSilvia-2042x2048.jpg 2042w\" sizes=\"auto, (max-width: 1021px) 100vw, 1021px\" \/><\/figure>\n<\/div>\n\n\n\n<div class=\"wp-block-column is-layout-flow wp-block-column-is-layout-flow\">\n<p><strong>Silvia Nogueira Cordeiro<\/strong><\/p>\n\n\n\n<p><a href=\"http:\/\/lattes.cnpq.br\/6677671189359425\" target=\"_blank\" rel=\"noreferrer noopener\"><u>http:\/\/lattes.cnpq.br\/6677671189359425<\/u><\/a><\/p>\n\n\n\n<p><strong>Temas de interesse:<\/strong><br>1. Psican\u00e1lise, Sa\u00fade e Institui\u00e7\u00e3o<br>2. Psican\u00e1lise, Mulher e Feminilidade<br>3. Teoria e Cl\u00ednica Psicanal\u00edtica<\/p>\n<\/div>\n<\/div>\n\n\n\n<p><strong>Linha 2: Psicologia Social e Processos Institucionais<\/strong><\/p>\n\n\n\n<div class=\"wp-block-columns is-layout-flex wp-container-core-columns-is-layout-9d6595d7 wp-block-columns-is-layout-flex\">\n<div class=\"wp-block-column is-layout-flow wp-block-column-is-layout-flow\" style=\"flex-basis:33.33%\">\n<figure class=\"wp-block-image size-large\"><img loading=\"lazy\" decoding=\"async\" width=\"441\" height=\"458\" src=\"https:\/\/pos.uel.br\/psicologia\/wp-content\/uploads\/2021\/05\/FotoEneida.jpg\" alt=\"\" class=\"wp-image-183\" srcset=\"https:\/\/pos.uel.br\/psicologia\/wp-content\/uploads\/2021\/05\/FotoEneida.jpg 441w, https:\/\/pos.uel.br\/psicologia\/wp-content\/uploads\/2021\/05\/FotoEneida-289x300.jpg 289w\" sizes=\"auto, (max-width: 441px) 100vw, 441px\" \/><\/figure>\n<\/div>\n\n\n\n<div class=\"wp-block-column is-layout-flow wp-block-column-is-layout-flow\" style=\"flex-basis:66.66%\">\n<p><strong>Eneida Silveira Santiago<\/strong><\/p>\n\n\n\n<p><a href=\"http:\/\/lattes.cnpq.br\/7242553932852399\" target=\"_blank\" rel=\"noreferrer noopener\"><u>http:\/\/lattes.cnpq.br\/7242553932852399<\/u><\/a><\/p>\n\n\n\n<p><strong>Temas de interesse:<\/strong><br>1. Psicologia e Pol\u00edticas P\u00fablicas<br>2. Processos de Trabalho e Sa\u00fade<br>3. Processos Institucionais e Trabalho<br>4. Sa\u00fade Mental e Coletiva<br>5. Processos e Pol\u00edticas Intersetoriais<\/p>\n<\/div>\n<\/div>\n\n\n\n<div class=\"wp-block-columns is-layout-flex wp-container-core-columns-is-layout-9d6595d7 wp-block-columns-is-layout-flex\">\n<div class=\"wp-block-column is-layout-flow wp-block-column-is-layout-flow\" style=\"flex-basis:33.33%\">\n<figure class=\"wp-block-image size-large\"><img loading=\"lazy\" decoding=\"async\" width=\"1024\" height=\"1002\" src=\"https:\/\/pos.uel.br\/psicologia\/wp-content\/uploads\/2022\/03\/Jeferson-2-1024x1002.jpeg\" alt=\"\" class=\"wp-image-882\" srcset=\"https:\/\/pos.uel.br\/psicologia\/wp-content\/uploads\/2022\/03\/Jeferson-2-1024x1002.jpeg 1024w, https:\/\/pos.uel.br\/psicologia\/wp-content\/uploads\/2022\/03\/Jeferson-2-300x293.jpeg 300w, https:\/\/pos.uel.br\/psicologia\/wp-content\/uploads\/2022\/03\/Jeferson-2-768x751.jpeg 768w, https:\/\/pos.uel.br\/psicologia\/wp-content\/uploads\/2022\/03\/Jeferson-2-1536x1503.jpeg 1536w, https:\/\/pos.uel.br\/psicologia\/wp-content\/uploads\/2022\/03\/Jeferson-2.jpeg 2020w\" sizes=\"auto, (max-width: 1024px) 100vw, 1024px\" \/><\/figure>\n<\/div>\n\n\n\n<div class=\"wp-block-column is-layout-flow wp-block-column-is-layout-flow\" style=\"flex-basis:66.66%\">\n<p><strong><br>Jefferson Olivatto da Silva<\/strong><\/p>\n\n\n\n<p><a href=\"http:\/\/lattes.cnpq.br\/0088578024264046\">http:\/\/lattes.cnpq.br\/0088578024264046<\/a><\/p>\n\n\n\n<p><strong>Temas de interesse:<\/strong><br>1. Psicologias em contextos educacionais<br>2. Epistemologias psicol\u00f3gicas sobre os estudos \u00e9tnico-raciais<br>3. Psicologia, interdisciplinaridade e interculturalidade<br>4. Experi\u00eancia Religiosa, sincretismo e forma\u00e7\u00e3o de identidade coletiva<br>5. Efeitos psicossociais do racismo<\/p>\n<\/div>\n<\/div>\n\n\n\n<div class=\"wp-block-columns is-layout-flex wp-container-core-columns-is-layout-9d6595d7 wp-block-columns-is-layout-flex\">\n<div class=\"wp-block-column is-layout-flow wp-block-column-is-layout-flow\" style=\"flex-basis:33.33%\">\n<figure class=\"wp-block-image size-large\"><img loading=\"lazy\" decoding=\"async\" width=\"805\" height=\"810\" src=\"https:\/\/pos.uel.br\/psicologia\/wp-content\/uploads\/2021\/05\/FotoMarcosN.jpg\" alt=\"\" class=\"wp-image-189\" srcset=\"https:\/\/pos.uel.br\/psicologia\/wp-content\/uploads\/2021\/05\/FotoMarcosN.jpg 805w, https:\/\/pos.uel.br\/psicologia\/wp-content\/uploads\/2021\/05\/FotoMarcosN-298x300.jpg 298w, https:\/\/pos.uel.br\/psicologia\/wp-content\/uploads\/2021\/05\/FotoMarcosN-150x150.jpg 150w, https:\/\/pos.uel.br\/psicologia\/wp-content\/uploads\/2021\/05\/FotoMarcosN-768x773.jpg 768w\" sizes=\"auto, (max-width: 805px) 100vw, 805px\" \/><\/figure>\n<\/div>\n\n\n\n<div class=\"wp-block-column is-layout-flow wp-block-column-is-layout-flow\" style=\"flex-basis:66.66%\">\n<p><strong>Marcos Alexandre Gomes Nalli<\/strong><\/p>\n\n\n\n<p><a href=\"http:\/\/lattes.cnpq.br\/5902984001238553\" target=\"_blank\" rel=\"noreferrer noopener\"><u>http:\/\/lattes.cnpq.br\/5902984001238553<\/u><\/a><\/p>\n\n\n\n<p><strong>Temas de interesse:<\/strong><br>1. Biopol\u00edtica e Situa\u00e7\u00f5es de Vulnerabilidade e Desfilia\u00e7\u00e3o<br>2. Biopol\u00edtica e Processos de Subjetiva\u00e7\u00e3o<br>3. Biopol\u00edtica, Sa\u00fade e Sa\u00fade &#8220;Psi&#8221;<br>4. Biopol\u00edtica, Rela\u00e7\u00f5es de Poder e G\u00eanero<br>5. Arte e Processos de Subjetiva\u00e7\u00e3o<\/p>\n<\/div>\n<\/div>\n\n\n\n<div class=\"wp-block-columns is-layout-flex wp-container-core-columns-is-layout-9d6595d7 wp-block-columns-is-layout-flex\">\n<div class=\"wp-block-column is-layout-flow wp-block-column-is-layout-flow\">\n<figure class=\"wp-block-image size-large is-resized\"><img decoding=\"async\" src=\"https:\/\/pos.uel.br\/psicologia\/wp-content\/uploads\/2025\/06\/Foto-Patricia-Vaz-de-Lessa.jpg\" alt=\"\" style=\"width:249px;height:auto\" \/><\/figure>\n<\/div>\n\n\n\n<div class=\"wp-block-column is-layout-flow wp-block-column-is-layout-flow\">\n<p><strong><strong>Patr\u00edcia Vaz de Lessa<\/strong><\/strong><\/p>\n\n\n\n<p><a href=\"http:\/\/lattes.cnpq.br\/0448687457717277\" target=\"_blank\" rel=\"noreferrer noopener\"><span style=\"text-decoration: underline\">http:\/\/lattes.cnpq.br\/0448687457717277<\/span><\/a><\/p>\n\n\n\n<p><strong>Temas de interesse:<\/strong><br>1. Psicologia Escolar<br>2. Atua\u00e7\u00e3o do Psic\u00f3logo escolar<br>3. Queixas Escolares<br>4. Fracasso Escolar<br>5. Psicologia Hist\u00f3rico-Cultural<\/p>\n<\/div>\n\n\n\n<div class=\"wp-block-column is-layout-flow wp-block-column-is-layout-flow\"><\/div>\n<\/div>\n\n\n\n<div class=\"wp-block-columns is-layout-flex wp-container-core-columns-is-layout-9d6595d7 wp-block-columns-is-layout-flex\">\n<div class=\"wp-block-column is-layout-flow wp-block-column-is-layout-flow\" style=\"flex-basis:33.33%\"><\/div>\n<\/div>\n\n\n\n<div class=\"wp-block-columns is-layout-flex wp-container-core-columns-is-layout-9d6595d7 wp-block-columns-is-layout-flex\">\n<div class=\"wp-block-column is-layout-flow wp-block-column-is-layout-flow\" style=\"flex-basis:33.33%\">\n<figure class=\"wp-block-image size-large\"><img loading=\"lazy\" decoding=\"async\" width=\"768\" height=\"1024\" src=\"https:\/\/pos.uel.br\/psicologia\/wp-content\/uploads\/2021\/05\/FotoRafael.jpg\" alt=\"\" class=\"wp-image-195\" srcset=\"https:\/\/pos.uel.br\/psicologia\/wp-content\/uploads\/2021\/05\/FotoRafael.jpg 768w, https:\/\/pos.uel.br\/psicologia\/wp-content\/uploads\/2021\/05\/FotoRafael-225x300.jpg 225w\" sizes=\"auto, (max-width: 768px) 100vw, 768px\" \/><\/figure>\n<\/div>\n\n\n\n<div class=\"wp-block-column is-layout-flow wp-block-column-is-layout-flow\" style=\"flex-basis:66.66%\">\n<p><strong>Rafael Bianchi Silva<\/strong><\/p>\n\n\n\n<p><a href=\"http:\/\/lattes.cnpq.br\/2322633140633369\" target=\"_blank\" rel=\"noreferrer noopener\"><u>http:\/\/lattes.cnpq.br\/2322633140633369<\/u><\/a><\/p>\n\n\n\n<p><strong>Temas de interesse:<\/strong><br>1. Psicologia e Pol\u00edticas P\u00fablicas<br>2. Psicologia e Educa\u00e7\u00e3o <br>3. Curr\u00edculo e Forma\u00e7\u00e3o Humana<br>4. Contemporaneidade e Produ\u00e7\u00e3o de Subjetividade <br>5.  \u00c9tica e Psicologia<\/p>\n<\/div>\n<\/div>\n\n\n\n<div class=\"wp-block-columns is-layout-flex wp-container-core-columns-is-layout-9d6595d7 wp-block-columns-is-layout-flex\">\n<div class=\"wp-block-column is-layout-flow wp-block-column-is-layout-flow\" style=\"flex-basis:33.33%\">\n<figure class=\"wp-block-image size-full\"><img loading=\"lazy\" decoding=\"async\" width=\"2560\" height=\"1920\" src=\"https:\/\/pos.uel.br\/psicologia\/wp-content\/uploads\/2023\/11\/Foto-Sonia-scaled.jpg\" alt=\"\" class=\"wp-image-1813\" srcset=\"https:\/\/pos.uel.br\/psicologia\/wp-content\/uploads\/2023\/11\/Foto-Sonia-scaled.jpg 2560w, https:\/\/pos.uel.br\/psicologia\/wp-content\/uploads\/2023\/11\/Foto-Sonia-300x225.jpg 300w, https:\/\/pos.uel.br\/psicologia\/wp-content\/uploads\/2023\/11\/Foto-Sonia-1024x768.jpg 1024w, https:\/\/pos.uel.br\/psicologia\/wp-content\/uploads\/2023\/11\/Foto-Sonia-768x576.jpg 768w, https:\/\/pos.uel.br\/psicologia\/wp-content\/uploads\/2023\/11\/Foto-Sonia-1536x1152.jpg 1536w, https:\/\/pos.uel.br\/psicologia\/wp-content\/uploads\/2023\/11\/Foto-Sonia-2048x1536.jpg 2048w\" sizes=\"auto, (max-width: 2560px) 100vw, 2560px\" \/><\/figure>\n<\/div>\n\n\n\n<div class=\"wp-block-column is-layout-flow wp-block-column-is-layout-flow\" style=\"flex-basis:66.66%\">\n<p><strong>Sonia Regina Vargas Mansano<\/strong><\/p>\n\n\n\n<p><a href=\"http:\/\/lattes.cnpq.br\/7801080117150973\" target=\"_blank\" rel=\"noreferrer noopener\"><u>http:\/\/lattes.cnpq.br\/7801080117150973<\/u><\/a><\/p>\n\n\n\n<p><strong>Temas de interesse:<\/strong><br>1. Diagn\u00f3sticos do Contempor\u00e2neo<br>2. Sustentabilidade Afetiva<br>3. Pol\u00edticas de Subjetiva\u00e7\u00e3o<br>4. Subjetividade e Espa\u00e7o Urbano<br>5. Consumo e Modos de Vida<\/p>\n<\/div>\n<\/div>\n","protected":false},"excerpt":{"rendered":"<p>Linha 1: Avalia\u00e7\u00e3o Psicol\u00f3gica e Processos Cl\u00ednicos Katya Luciane de Oliveira http:\/\/lattes.cnpq.br\/4705886258107687 Temas de interesse:1. Avalia\u00e7\u00e3o Psicol\u00f3gica e Avalia\u00e7\u00e3o Psicoeducacional2. Psicometria3. Valida\u00e7\u00e3o de Instrumentos de Medida4. Dificuldades do Processo de Ensino e Aprendizagem5. Metodologia de Pesquisa Leandro Anselmo Todesqui Tavares http:\/\/lattes.cnpq.br\/1190866102732466 Temas de interesse:1. Teoria e Cl\u00ednica Psicanal\u00edtica (Lacan\/Freud)2. Sublima\u00e7\u00e3o, Cultura, Est\u00e9tica, Arte, Sociedade (Psican\u00e1lise [&hellip;]<\/p>\n","protected":false},"author":7,"featured_media":0,"parent":0,"menu_order":0,"comment_status":"closed","ping_status":"closed","template":"","meta":{"footnotes":""},"class_list":["post-16","page","type-page","status-publish","hentry"],"acf":[],"_links":{"self":[{"href":"https:\/\/pos.uel.br\/psicologia\/wp-json\/wp\/v2\/pages\/16","targetHints":{"allow":["GET"]}}],"collection":[{"href":"https:\/\/pos.uel.br\/psicologia\/wp-json\/wp\/v2\/pages"}],"about":[{"href":"https:\/\/pos.uel.br\/psicologia\/wp-json\/wp\/v2\/types\/page"}],"author":[{"embeddable":true,"href":"https:\/\/pos.uel.br\/psicologia\/wp-json\/wp\/v2\/users\/7"}],"replies":[{"embeddable":true,"href":"https:\/\/pos.uel.br\/psicologia\/wp-json\/wp\/v2\/comments?post=16"}],"version-history":[{"count":72,"href":"https:\/\/pos.uel.br\/psicologia\/wp-json\/wp\/v2\/pages\/16\/revisions"}],"predecessor-version":[{"id":3257,"href":"https:\/\/pos.uel.br\/psicologia\/wp-json\/wp\/v2\/pages\/16\/revisions\/3257"}],"wp:attachment":[{"href":"https:\/\/pos.uel.br\/psicologia\/wp-json\/wp\/v2\/media?parent=16"}],"curies":[{"name":"wp","href":"https:\/\/api.w.org\/{rel}","templated":true}]}}