{"id":15,"date":"2021-04-29T13:56:19","date_gmt":"2021-04-29T16:56:19","guid":{"rendered":"https:\/\/pos.uel.br\/psicologia\/?page_id=15"},"modified":"2024-03-07T09:32:49","modified_gmt":"2024-03-07T12:32:49","slug":"estrutura-curricular","status":"publish","type":"page","link":"https:\/\/pos.uel.br\/psicologia\/estrutura-curricular\/","title":{"rendered":"Estrutura curricular"},"content":{"rendered":"\n<figure class=\"wp-block-table\"><table><tbody><tr><td><strong>1\u00ba Semestre<\/strong><\/td><td><strong>2\u00ba Semestre<\/strong><\/td><\/tr><tr><td>Obrigat\u00f3ria de linha (4 cr\u00e9ditos)<br>Metodologias de Pesquisa em Psicologia (4 cr\u00e9ditos)<br>Prepara\u00e7\u00e3o Pedag\u00f3gica em Psicologia (4 cr\u00e9ditos)<br>Optativa 1 (4 cr\u00e9ditos)<br>Estudos Orientados I (1 cr\u00e9dito)<br>Estudos Orientados II (1 cr\u00e9dito)<br>Disserta\u00e7\u00e3o I (10 cr\u00e9ditos)<\/td><td>Semin\u00e1rios de Pesquisa em Psicologia (4 cr\u00e9ditos)<br>Optativa 2 (4 cr\u00e9ditos)<br>Est\u00e1gio Docente (2 cr\u00e9ditos)<br>Estudos Orientados III (1 cr\u00e9dito)<br>Estudos Orientados IV (1 cr\u00e9dito)<br>Disserta\u00e7\u00e3o II (10 cr\u00e9ditos<\/td><\/tr><tr><td><strong>3\u00ba Semestre<\/strong><\/td><td><strong>4\u00ba Semestre<\/strong><\/td><\/tr><tr><td>Disserta\u00e7\u00e3o III (10 cr\u00e9ditos)<\/td><td>Disserta\u00e7\u00e3o (10 cr\u00e9ditos)<\/td><\/tr><\/tbody><\/table><\/figure>\n","protected":false},"excerpt":{"rendered":"<p>1\u00ba Semestre 2\u00ba Semestre Obrigat\u00f3ria de linha (4 cr\u00e9ditos)Metodologias de Pesquisa em Psicologia (4 cr\u00e9ditos)Prepara\u00e7\u00e3o Pedag\u00f3gica em Psicologia (4 cr\u00e9ditos)Optativa 1 (4 cr\u00e9ditos)Estudos Orientados I (1 cr\u00e9dito)Estudos Orientados II (1 cr\u00e9dito)Disserta\u00e7\u00e3o I (10 cr\u00e9ditos) Semin\u00e1rios de Pesquisa em Psicologia (4 cr\u00e9ditos)Optativa 2 (4 cr\u00e9ditos)Est\u00e1gio Docente (2 cr\u00e9ditos)Estudos Orientados III (1 cr\u00e9dito)Estudos Orientados IV (1 cr\u00e9dito)Disserta\u00e7\u00e3o [&hellip;]<\/p>\n","protected":false},"author":7,"featured_media":0,"parent":0,"menu_order":0,"comment_status":"closed","ping_status":"closed","template":"","meta":{"footnotes":""},"class_list":["post-15","page","type-page","status-publish","hentry"],"acf":[],"_links":{"self":[{"href":"https:\/\/pos.uel.br\/psicologia\/wp-json\/wp\/v2\/pages\/15","targetHints":{"allow":["GET"]}}],"collection":[{"href":"https:\/\/pos.uel.br\/psicologia\/wp-json\/wp\/v2\/pages"}],"about":[{"href":"https:\/\/pos.uel.br\/psicologia\/wp-json\/wp\/v2\/types\/page"}],"author":[{"embeddable":true,"href":"https:\/\/pos.uel.br\/psicologia\/wp-json\/wp\/v2\/users\/7"}],"replies":[{"embeddable":true,"href":"https:\/\/pos.uel.br\/psicologia\/wp-json\/wp\/v2\/comments?post=15"}],"version-history":[{"count":4,"href":"https:\/\/pos.uel.br\/psicologia\/wp-json\/wp\/v2\/pages\/15\/revisions"}],"predecessor-version":[{"id":2059,"href":"https:\/\/pos.uel.br\/psicologia\/wp-json\/wp\/v2\/pages\/15\/revisions\/2059"}],"wp:attachment":[{"href":"https:\/\/pos.uel.br\/psicologia\/wp-json\/wp\/v2\/media?parent=15"}],"curies":[{"name":"wp","href":"https:\/\/api.w.org\/{rel}","templated":true}]}}