{"id":1452,"date":"2023-05-19T14:06:17","date_gmt":"2023-05-19T17:06:17","guid":{"rendered":"https:\/\/pos.uel.br\/psicologia\/?page_id=1452"},"modified":"2025-06-06T16:49:26","modified_gmt":"2025-06-06T19:49:26","slug":"dissertacoes-defendidas-turma-2021","status":"publish","type":"page","link":"https:\/\/pos.uel.br\/psicologia\/dissertacoes-defendidas-turma-2021\/","title":{"rendered":"Disserta\u00e7\u00f5es Defendidas (Turma 2021)"},"content":{"rendered":"\n<p>As disserta\u00e7\u00f5es est\u00e3o em ordem alfab\u00e9tica. Disserta\u00e7\u00f5es sem&nbsp;<em>link<\/em>&nbsp;ainda n\u00e3o foram disponibilizadas pela Biblioteca Digital da UEL ou n\u00e3o foram liberadas pelos orientadores e egressos.<\/p>\n\n\n\n<p><strong>Estudante:&nbsp;Aletheia Skowronski Vedovati<\/strong><\/p>\n\n\n\n<p><em>T\u00edtulo:<\/em> <a href=\"https:\/\/repositorio.uel.br\/items\/a680c3e1-9d85-463d-8d1f-f6e1b558b3fb\">Mergulhos entre guerrilhas: modos de viver em disputa no per\u00edodo pand\u00eamico<\/a><\/p>\n\n\n\n<p><em>Orienta\u00e7\u00e3o:<\/em> Profa. Dra. Flavia Fernandes de Carvalhaes<\/p>\n\n\n\n<p><em>Data Defesa:<\/em> 09\/12\/2022<\/p>\n\n\n\n<div style=\"height:38px\" aria-hidden=\"true\" class=\"wp-block-spacer\"><\/div>\n\n\n\n<p><strong>Estudante: Caroline Tiemi Itiyama<\/strong><\/p>\n\n\n\n<p><em>T\u00cdtulo:<\/em> <a href=\"https:\/\/repositorio.uel.br\/items\/c6524554-afb2-4b2d-9452-c81c92c99bf2\">Cyberbullying direcionado ao p\u00fablico feminino em jogos digitais<\/a><\/p>\n\n\n\n<p><em>Orienta\u00e7\u00e3o:<\/em> Profa. Dra. Katya Luciane de Oliveira<\/p>\n\n\n\n<p><em>Data Defesa:<\/em> 28\/02\/2023<\/p>\n\n\n\n<div style=\"height:38px\" aria-hidden=\"true\" class=\"wp-block-spacer\"><\/div>\n\n\n\n<p><strong>Estudante: D\u00e9bora Lydin\u00eas Martins Corsino<\/strong><\/p>\n\n\n\n<p><em>T\u00cdtulo:<\/em> <a href=\"https:\/\/repositorio.uel.br\/items\/b13b2e8f-c1f7-42a2-b809-b92c4580a154\">&#8220;E eu n\u00e3o sou uma mulher?&#8221; Um estudo psicanal\u00edtico acerca da feminilidade negra<\/a><\/p>\n\n\n\n<p><em>Orienta\u00e7\u00e3o:<\/em> Profa. Dra. Silvia Nogueira Cordeiro<\/p>\n\n\n\n<p><em>Data Defesa:<\/em> 17\/03\/2023<\/p>\n\n\n\n<div style=\"height:38px\" aria-hidden=\"true\" class=\"wp-block-spacer\"><\/div>\n\n\n\n<p><strong>Estudante: Fabiana Nunes do Amarante Griggio<\/strong><\/p>\n\n\n\n<p><em>T\u00cdtulo:<\/em> <a href=\"https:\/\/repositorio.uel.br\/items\/f061af69-0251-44c4-8cb0-4b876d0196d1\">As rela\u00e7\u00f5es existentes entre adapta\u00e7\u00e3o acad\u00eamica, evas\u00e3o, motiva\u00e7\u00e3o e desempenho acad\u00eamico no ensino superior<\/a><\/p>\n\n\n\n<p><em>Orienta\u00e7\u00e3o:<\/em> Profa. Dra. Katya Luciane de Oliveira<\/p>\n\n\n\n<p><em>Data Defesa:<\/em> 13\/12\/2022<\/p>\n\n\n\n<div style=\"height:38px\" aria-hidden=\"true\" class=\"wp-block-spacer\"><\/div>\n\n\n\n<p><strong>Estudante: Gabriela Iamara Lupianhe Pereira<\/strong><\/p>\n\n\n\n<p><em>T\u00cdtulo:<\/em> <a href=\"https:\/\/repositorio.uel.br\/items\/db558e95-6b25-431a-940d-1550e4110847\">Conex\u00f5es entre mulheres e natureza: cultivando uma sustentabilidade afetiva na vida rural<\/a><\/p>\n\n\n\n<p><em>Orienta\u00e7\u00e3o:<\/em> Profa. Dra. Sonia Regina Vargas Mansano<\/p>\n\n\n\n<p><em>Data Defesa:<\/em> 28\/02\/2023<\/p>\n\n\n\n<div style=\"height:38px\" aria-hidden=\"true\" class=\"wp-block-spacer\"><\/div>\n\n\n\n<p><strong>Estudante: Gisele Castanheira dos Santos<\/strong><\/p>\n\n\n\n<p><em>T\u00edtulo:<\/em> <a href=\"https:\/\/repositorio.uel.br\/items\/311d7eca-a00e-435e-bac3-111ebb304596\">Mulheres invisibilizadas: a experi\u00eancia afetiva de entrega de um filho para ado\u00e7\u00e3o<\/a><\/p>\n\n\n\n<p><em>Orienta\u00e7\u00e3o:<\/em> Profa. Dra. Sonia Regina Vargas Mansano<\/p>\n\n\n\n<p><em>Data Defesa:<\/em> 28\/07\/2023<\/p>\n\n\n\n<div style=\"height:38px\" aria-hidden=\"true\" class=\"wp-block-spacer\"><\/div>\n\n\n\n<p><strong>Estudante: Graziela Lastoria Bonatti<\/strong><\/p>\n\n\n\n<p><em>T\u00edtulo:<\/em> <a href=\"https:\/\/repositorio.uel.br\/items\/7ac817be-8518-4403-b253-838f663e7785\">No\u00e7\u00f5es de aten\u00e7\u00e3o \u00e0 sa\u00fade mental na inf\u00e2ncia: problematiza\u00e7\u00f5es do trabalho do psic\u00f3logo<\/a><\/p>\n\n\n\n<p><em>Orienta\u00e7\u00e3o:<\/em> Profa. Dra. Eneida Silveira Santiago<\/p>\n\n\n\n<p><em>Data Defesa:<\/em> 27\/11\/2023<\/p>\n\n\n\n<div style=\"height:38px\" aria-hidden=\"true\" class=\"wp-block-spacer\"><\/div>\n\n\n\n<p><strong>Estudante: Kaio Cesar Pacheco<\/strong><\/p>\n\n\n\n<p><em>T\u00cdtulo:<\/em> <a href=\"https:\/\/repositorio.uel.br\/items\/4bc7ef9c-6b00-4152-aa32-1491d181fec0\">Cuidado! Querem destruir nossa fam\u00edlia: o discurso de \u00f3dio \u00e0s pessoas LGBTI+ nas redes sociais Twitter e Instagram<\/a><\/p>\n\n\n\n<p><em>Orienta\u00e7\u00e3o:<\/em> Profa. Dra. Flavia Fernandes de Carvalhaes<\/p>\n\n\n\n<p><em>Data Defesa:<\/em> 15\/02\/2023<\/p>\n\n\n\n<div style=\"height:38px\" aria-hidden=\"true\" class=\"wp-block-spacer\"><\/div>\n\n\n\n<p><strong>Estudante: Livia Salvioni Capalbo<\/strong><\/p>\n\n\n\n<p><em>T\u00edtulo:<\/em> <a href=\"https:\/\/repositorio.uel.br\/items\/b9d04549-9e7f-498e-8b71-bcaa9f99c0a3\">A quest\u00e3o da pobreza e a forma\u00e7\u00e3o em Psicologia: an\u00e1lise dos curr\u00edculos dos cursos de Psicologia em IEES do Estado do Paran\u00e1<\/a><\/p>\n\n\n\n<p><em>Orienta\u00e7\u00e3o:<\/em> Prof. Dr. Rafael Bianchi Silva<\/p>\n\n\n\n<p><em>Data Defesa:<\/em> 05\/07\/2023<\/p>\n\n\n\n<div style=\"height:38px\" aria-hidden=\"true\" class=\"wp-block-spacer\"><\/div>\n\n\n\n<p><strong>Estudante: Samanta Soares dos Santos C\u00f3ser<\/strong><\/p>\n\n\n\n<p><em>T\u00cdtulo:<\/em> <a href=\"https:\/\/repositorio.uel.br\/items\/78af701a-26d3-4e37-8711-7658bcdbd25a\">Bateria online de avalia\u00e7\u00e3o cognitiva: aplica\u00e7\u00e3o e valida\u00e7\u00e3o em uma amostra de idoso com comprometimento cognitivo leve<\/a><\/p>\n\n\n\n<p><em>Orienta\u00e7\u00e3o:<\/em> Prof. Dr. Fabiano Koich Miguel<\/p>\n\n\n\n<p><em>Data Defesa:<\/em> 23\/02\/2023<\/p>\n\n\n\n<div style=\"height:38px\" aria-hidden=\"true\" class=\"wp-block-spacer\"><\/div>\n\n\n\n<p><strong>Estudante: Thaise Rosseli Moreira Dantas<\/strong><\/p>\n\n\n\n<p><em>T\u00cdtulo:<\/em> <a href=\"https:\/\/repositorio.uel.br\/items\/bb0dc062-8b4e-42ae-b43c-91f2ae30cbe2\">Caminhos da institucionaliza\u00e7\u00e3o na aten\u00e7\u00e3o psicossocial infantojuvenil<\/a><\/p>\n\n\n\n<p><em>Orienta\u00e7\u00e3o:<\/em> Prof. Dr. Marcos Alexandre Gomes Nalli<\/p>\n\n\n\n<p><em>Data Defesa:<\/em> 13\/02\/2023<\/p>\n\n\n\n<div style=\"height:38px\" aria-hidden=\"true\" class=\"wp-block-spacer\"><\/div>\n\n\n\n<p><strong>Estudante: Vanessa Carlos<\/strong><\/p>\n\n\n\n<p><em>T\u00cdtulo:<\/em> A escuta psicanal\u00edtica na visita domiciliar do SUAS: uma cl\u00ednica poss\u00edvel?<\/p>\n\n\n\n<p><em>Orienta\u00e7\u00e3o:<\/em> Profa. Dra. Maria Elizabeth Barreto Tavares dos Reis<\/p>\n\n\n\n<p><em>Data Defesa:<\/em> 27\/02\/2023<\/p>\n\n\n\n<div style=\"height:38px\" aria-hidden=\"true\" class=\"wp-block-spacer\"><\/div>\n\n\n\n<p><strong>Estudante: Yohann Eiji Mori Saracho<\/strong><\/p>\n\n\n\n<p><em>T\u00edtulo:<\/em> <a href=\"https:\/\/repositorio.uel.br\/items\/ae120c37-49f5-4d98-b1f2-151ca1dca93d\">Matrizes hist\u00f3rico-econ\u00f4micas da burguesia brasileira: notas sobre a autocracia e o mito da burguesia nacionalista<\/a><\/p>\n\n\n\n<p><em>Orienta\u00e7\u00e3o:<\/em> Prof. Dr. Alexandre Bonetti Lima<\/p>\n\n\n\n<p><em>Data Defesa:<\/em> 05\/05\/2023<\/p>\n","protected":false},"excerpt":{"rendered":"<p>As disserta\u00e7\u00f5es est\u00e3o em ordem alfab\u00e9tica. Disserta\u00e7\u00f5es sem&nbsp;link&nbsp;ainda n\u00e3o foram disponibilizadas pela Biblioteca Digital da UEL ou n\u00e3o foram liberadas pelos orientadores e egressos. Estudante:&nbsp;Aletheia Skowronski Vedovati T\u00edtulo: Mergulhos entre guerrilhas: modos de viver em disputa no per\u00edodo pand\u00eamico Orienta\u00e7\u00e3o: Profa. Dra. Flavia Fernandes de Carvalhaes Data Defesa: 09\/12\/2022 Estudante: Caroline Tiemi Itiyama T\u00cdtulo: Cyberbullying [&hellip;]<\/p>\n","protected":false},"author":12,"featured_media":0,"parent":0,"menu_order":0,"comment_status":"closed","ping_status":"closed","template":"","meta":{"footnotes":""},"class_list":["post-1452","page","type-page","status-publish","hentry"],"acf":[],"_links":{"self":[{"href":"https:\/\/pos.uel.br\/psicologia\/wp-json\/wp\/v2\/pages\/1452","targetHints":{"allow":["GET"]}}],"collection":[{"href":"https:\/\/pos.uel.br\/psicologia\/wp-json\/wp\/v2\/pages"}],"about":[{"href":"https:\/\/pos.uel.br\/psicologia\/wp-json\/wp\/v2\/types\/page"}],"author":[{"embeddable":true,"href":"https:\/\/pos.uel.br\/psicologia\/wp-json\/wp\/v2\/users\/12"}],"replies":[{"embeddable":true,"href":"https:\/\/pos.uel.br\/psicologia\/wp-json\/wp\/v2\/comments?post=1452"}],"version-history":[{"count":31,"href":"https:\/\/pos.uel.br\/psicologia\/wp-json\/wp\/v2\/pages\/1452\/revisions"}],"predecessor-version":[{"id":2831,"href":"https:\/\/pos.uel.br\/psicologia\/wp-json\/wp\/v2\/pages\/1452\/revisions\/2831"}],"wp:attachment":[{"href":"https:\/\/pos.uel.br\/psicologia\/wp-json\/wp\/v2\/media?parent=1452"}],"curies":[{"name":"wp","href":"https:\/\/api.w.org\/{rel}","templated":true}]}}