{"id":1447,"date":"2023-05-19T12:01:47","date_gmt":"2023-05-19T15:01:47","guid":{"rendered":"https:\/\/pos.uel.br\/psicologia\/?page_id=1447"},"modified":"2024-09-17T13:07:53","modified_gmt":"2024-09-17T16:07:53","slug":"publicacoes-2023","status":"publish","type":"page","link":"https:\/\/pos.uel.br\/psicologia\/publicacoes-2023\/","title":{"rendered":"Publica\u00e7\u00f5es 2023"},"content":{"rendered":"\n<p>BANDEIRA, G. R.; SANTIAGO, E.; MANSANO, S. R. V. Caminhos plurais de cuidados com a sa\u00fade: medicaliza\u00e7\u00f5es do simb\u00f3lico. <strong>INTERA\u00c7\u00d5ES<\/strong>, p. 247-259, 2023. Dispon\u00edvel em\u00a0<a href=\"https:\/\/www.scielo.br\/j\/inter\/a\/fRrv5fR6DDhKp7qwcrCVmsy\/\" target=\"_blank\" rel=\"noreferrer noopener\">https:\/\/www.scielo.br\/j\/inter\/a\/fRrv5fR6DDhKp7qwcrCVmsy\/<\/a><\/p>\n\n\n\n<p>Barbosa, Milena de Lima, &amp;&nbsp;Mansano, Sonia Regina Vargas&nbsp;(2023). As Startups no Contexto da Organiza\u00e7\u00e3o Capitalista Financeira e as Subjetividades Empreendedoras.&nbsp;<strong>Psicologia: Ci\u00eancia e Profiss\u00e3o<\/strong>, v. 43, p. 1-18. Doi:&nbsp;<a href=\"https:\/\/doi.org\/10.1590\/1982-3703003252949\" target=\"_blank\" rel=\"noreferrer noopener\">https:\/\/doi.org\/10.1590\/1982-3703003252949<\/a><\/p>\n\n\n\n<p>Cantu, G. B., Santiago, E., &amp; Mansano, S. R. V. (2023). <a rel=\"noreferrer noopener\" href=\"https:\/\/www.interacoes.ucdb.br\/interacoes\/article\/view\/3624\" target=\"_blank\">Caminhos plurais de cuidados com a sa\u00fade: medicaliza\u00e7\u00f5es do simb\u00f3lico<\/a>.&nbsp;<strong>Intera\u00e7\u00f5es (Campo Grande)<\/strong>,&nbsp;<em>24<\/em>(1), 247\u2013259. Doi:&nbsp;https:\/\/doi.org\/10.20435\/inter.v24i1.3624<\/p>\n\n\n\n<p>Godoy, K. R. G., &amp; Mansano, S. R. V. (2023). <a href=\"https:\/\/seer.ufrgs.br\/index.php\/PolisePsique\/article\/view\/111681\" target=\"_blank\" rel=\"noreferrer noopener\">Sustentabilidade Afetiva nos Atendimentos do CREAS: As Percep\u00e7\u00f5es das Fam\u00edlias<\/a>.&nbsp;<strong>Rev. Polis e Psique<\/strong>, 13(1), p. 143-167. Doi: 10.22456\/2238-152X.111681<\/p>\n\n\n\n<p>MUNHOZ, A. M. B.; SANTIAGO, E. Lideran\u00e7a no exerc\u00edcio docente no ensino superior. <strong>PSICOLOGIA REVISTA<\/strong>, v.32, p. 150-165, 2023. Dispon\u00edvel em&nbsp;<a href=\"https:\/\/revistas.pucsp.br\/psicorevista\/article\/view\/52954\" target=\"_blank\" rel=\"noreferrer noopener\">https:\/\/revistas.pucsp.br\/psicorevista\/article\/view\/52954<\/a><\/p>\n\n\n\n<p>PERALTA, P. E. C.; NASCIMENTO, A. K. C.; SANTIAGO, ENEIDA. Medicaliza\u00e7\u00e3o, sa\u00fade mental e biopol\u00edtica: uma revis\u00e3o integrativa. <strong>Revista Sa\u00fade e Pesquisa<\/strong>, v.16, p. 453-466, 2023. Dispon\u00edvel em&nbsp;<a href=\"https:\/\/periodicos.unicesumar.edu.br\/index.php\/saudpesq\/article\/view\/11360\" target=\"_blank\" rel=\"noreferrer noopener\">https:\/\/periodicos.unicesumar.edu.br\/index.php\/saudpesq\/article\/view\/11360<\/a><\/p>\n\n\n\n<p>Souza Junior, Orlando Amaro de Oliveira &amp; Mansano, Sonia Regina Vargas. (2023).&nbsp;O devir vagabundo(a) como resist\u00eancia ao trabalho no sistema capitalista.&nbsp;<strong>PSICOLOGIA &amp; SOCIEDADE<\/strong>, 35, 1-14, Doi:&nbsp;<a href=\"https:\/\/doi.org\/10.1590\/1807-0310\/2023v35262117\" target=\"_blank\" rel=\"noreferrer noopener\">https:\/\/doi.org\/10.1590\/1807-0310\/2023v35262117<\/a><\/p>\n","protected":false},"excerpt":{"rendered":"<p>BANDEIRA, G. R.; SANTIAGO, E.; MANSANO, S. R. V. Caminhos plurais de cuidados com a sa\u00fade: medicaliza\u00e7\u00f5es do simb\u00f3lico. INTERA\u00c7\u00d5ES, p. 247-259, 2023. Dispon\u00edvel em\u00a0https:\/\/www.scielo.br\/j\/inter\/a\/fRrv5fR6DDhKp7qwcrCVmsy\/ Barbosa, Milena de Lima, &amp;&nbsp;Mansano, Sonia Regina Vargas&nbsp;(2023). As Startups no Contexto da Organiza\u00e7\u00e3o Capitalista Financeira e as Subjetividades Empreendedoras.&nbsp;Psicologia: Ci\u00eancia e Profiss\u00e3o, v. 43, p. 1-18. Doi:&nbsp;https:\/\/doi.org\/10.1590\/1982-3703003252949 Cantu, G. [&hellip;]<\/p>\n","protected":false},"author":12,"featured_media":0,"parent":0,"menu_order":0,"comment_status":"closed","ping_status":"closed","template":"","meta":{"footnotes":""},"class_list":["post-1447","page","type-page","status-publish","hentry"],"acf":[],"_links":{"self":[{"href":"https:\/\/pos.uel.br\/psicologia\/wp-json\/wp\/v2\/pages\/1447","targetHints":{"allow":["GET"]}}],"collection":[{"href":"https:\/\/pos.uel.br\/psicologia\/wp-json\/wp\/v2\/pages"}],"about":[{"href":"https:\/\/pos.uel.br\/psicologia\/wp-json\/wp\/v2\/types\/page"}],"author":[{"embeddable":true,"href":"https:\/\/pos.uel.br\/psicologia\/wp-json\/wp\/v2\/users\/12"}],"replies":[{"embeddable":true,"href":"https:\/\/pos.uel.br\/psicologia\/wp-json\/wp\/v2\/comments?post=1447"}],"version-history":[{"count":9,"href":"https:\/\/pos.uel.br\/psicologia\/wp-json\/wp\/v2\/pages\/1447\/revisions"}],"predecessor-version":[{"id":2406,"href":"https:\/\/pos.uel.br\/psicologia\/wp-json\/wp\/v2\/pages\/1447\/revisions\/2406"}],"wp:attachment":[{"href":"https:\/\/pos.uel.br\/psicologia\/wp-json\/wp\/v2\/media?parent=1447"}],"curies":[{"name":"wp","href":"https:\/\/api.w.org\/{rel}","templated":true}]}}