{"id":1321,"date":"2023-01-25T14:25:46","date_gmt":"2023-01-25T17:25:46","guid":{"rendered":"https:\/\/pos.uel.br\/psicologia\/?page_id=1321"},"modified":"2024-10-24T12:45:55","modified_gmt":"2024-10-24T15:45:55","slug":"prorrogacao-de-prazo","status":"publish","type":"page","link":"https:\/\/pos.uel.br\/psicologia\/prorrogacao-de-prazo\/","title":{"rendered":"Prorroga\u00e7\u00e3o de Prazo"},"content":{"rendered":"\n<p><strong>INFORMA\u00c7\u00d5ES PARA REALIZA\u00c7\u00c3O DE PEDIDO DE PRORROGA\u00c7\u00c3O DE PRAZO PARA DEFESA<\/strong><\/p>\n\n\n\n<p>Para realizar o pedido de Prorroga\u00e7\u00e3o de Prazo, o estudante deve:<\/p>\n\n\n\n<p>1. Acessar o Portal do Estudante de P\u00f3s-Gradua\u00e7\u00e3o<br>2. Na guia \u201c<strong>Servi\u00e7os<\/strong>\u201c, clicar em \u201c<strong>Requerimentos\u201d<\/strong>, em seguida clicar em&nbsp;<strong>\u201cProrroga\u00e7\u00e3o de Prazo\u201d<\/strong><br>3. Em seguida aparecer\u00e1 a tela do sistema de Prorroga\u00e7\u00e3o de Prazo<br>4. O Estudante deve preencher a justificativa e clicar no bot\u00e3o \u201cSolicitar\u201d<br>5. Em seguida a solicita\u00e7\u00e3o ser\u00e1 salva<br>6. O estudante deve gerar o boleto e efetuar o pagamento (clicar no bot\u00e3o \u201cgerar boleto\u201d, salvar o PDF, imprimir e efetuar o pagamento)<br>7. Depois de efetuar o pagamento do boleto, o estudante dever\u00e1 enviar um e-mail para seu orientador e para a coordena\u00e7\u00e3o do Programa via e-mail mestradopsico@uel.br informando que solicitou prorroga\u00e7\u00e3o de prazo e&nbsp;aguardar o orientador e a coordena\u00e7\u00e3o do Programa aprovarem ou n\u00e3o o pedido de prorroga\u00e7\u00e3o.<\/p>\n\n\n\n<p><strong>Aten\u00e7\u00e3o:<\/strong>\u00a0O estudante que n\u00e3o pedir a prorroga\u00e7\u00e3o do prazo para a defesa deve realizar o dep\u00f3sito da disserta\u00e7\u00e3o\/tese at\u00e9 a data indicada pela Coordena\u00e7\u00e3o do Programa. Para informa\u00e7\u00f5es sobre o dep\u00f3sito da disserta\u00e7\u00e3o\/tese consultar a p\u00e1gina do Programa na aba\u00a0<strong>\u201cEstudante\u201d<\/strong>\u00a0\u2500&gt;<strong> <a href=\"https:\/\/pos.uel.br\/psicologia\/formularios-3\/\" target=\"_blank\" rel=\"noreferrer noopener\">Formul\u00e1rios para tramitar qualifica\u00e7\u00e3o e defesa<\/a><\/strong><\/p>\n\n\n\n<p><\/p>\n","protected":false},"excerpt":{"rendered":"<p>INFORMA\u00c7\u00d5ES PARA REALIZA\u00c7\u00c3O DE PEDIDO DE PRORROGA\u00c7\u00c3O DE PRAZO PARA DEFESA Para realizar o pedido de Prorroga\u00e7\u00e3o de Prazo, o estudante deve: 1. Acessar o Portal do Estudante de P\u00f3s-Gradua\u00e7\u00e3o2. Na guia \u201cServi\u00e7os\u201c, clicar em \u201cRequerimentos\u201d, em seguida clicar em&nbsp;\u201cProrroga\u00e7\u00e3o de Prazo\u201d3. Em seguida aparecer\u00e1 a tela do sistema de Prorroga\u00e7\u00e3o de Prazo4. O Estudante [&hellip;]<\/p>\n","protected":false},"author":12,"featured_media":0,"parent":0,"menu_order":0,"comment_status":"closed","ping_status":"closed","template":"","meta":{"footnotes":""},"class_list":["post-1321","page","type-page","status-publish","hentry"],"acf":[],"_links":{"self":[{"href":"https:\/\/pos.uel.br\/psicologia\/wp-json\/wp\/v2\/pages\/1321","targetHints":{"allow":["GET"]}}],"collection":[{"href":"https:\/\/pos.uel.br\/psicologia\/wp-json\/wp\/v2\/pages"}],"about":[{"href":"https:\/\/pos.uel.br\/psicologia\/wp-json\/wp\/v2\/types\/page"}],"author":[{"embeddable":true,"href":"https:\/\/pos.uel.br\/psicologia\/wp-json\/wp\/v2\/users\/12"}],"replies":[{"embeddable":true,"href":"https:\/\/pos.uel.br\/psicologia\/wp-json\/wp\/v2\/comments?post=1321"}],"version-history":[{"count":4,"href":"https:\/\/pos.uel.br\/psicologia\/wp-json\/wp\/v2\/pages\/1321\/revisions"}],"predecessor-version":[{"id":2476,"href":"https:\/\/pos.uel.br\/psicologia\/wp-json\/wp\/v2\/pages\/1321\/revisions\/2476"}],"wp:attachment":[{"href":"https:\/\/pos.uel.br\/psicologia\/wp-json\/wp\/v2\/media?parent=1321"}],"curies":[{"name":"wp","href":"https:\/\/api.w.org\/{rel}","templated":true}]}}