{"id":13,"date":"2021-04-29T13:56:19","date_gmt":"2021-04-29T16:56:19","guid":{"rendered":"https:\/\/pos.uel.br\/psicologia\/?page_id=13"},"modified":"2024-07-08T19:14:54","modified_gmt":"2024-07-08T22:14:54","slug":"contatos","status":"publish","type":"page","link":"https:\/\/pos.uel.br\/psicologia\/contatos\/","title":{"rendered":"Contatos"},"content":{"rendered":"\n<p><strong>Endere\u00e7o:<\/strong><\/p>\n\n\n\n<p>Universidade Estadual de Londrina<\/p>\n\n\n\n<p>Estrutura Administrativa<\/p>\n\n\n\n<p>Rodovia Celso Garcia Cid | PR 445 Km 380 | Campus Universit\u00e1rio<\/p>\n\n\n\n<p>Cx. Postal 10.011 | CEP 86.057-970 | Londrina &#8211; PR<\/p>\n\n\n\n<hr class=\"wp-block-separator has-css-opacity is-style-wide\" \/>\n\n\n\n<p><strong>Telefone:<\/strong> (43) 3371-4203<\/p>\n\n\n\n<p><strong>E-mails<\/strong><\/p>\n\n\n\n<p><strong>Coordena\u00e7\u00e3o:<\/strong>\u00a0mestradopsico@uel.br<\/p>\n\n\n\n<p><strong>Secretaria:<\/strong> secretariappgpsi@uel.br<\/p>\n\n\n\n<p><strong>Hor\u00e1rio de atendimento<\/strong>\u00a0\u2013 de segunda a sexta-feira das 09h00 \u00e0s 12h00<\/p>\n\n\n\n<p>Visite tamb\u00e9m nossa p\u00e1gina no Facebook:&nbsp;<a rel=\"noreferrer noopener\" href=\"https:\/\/www.facebook.com\/mestradopsicologiauel\/\" target=\"_blank\"><u>https:\/\/www.facebook.com\/mestradopsicologiauel\/<\/u><\/a><\/p>\n\n\n\n<p><\/p>\n","protected":false},"excerpt":{"rendered":"<p>Endere\u00e7o: Universidade Estadual de Londrina Estrutura Administrativa Rodovia Celso Garcia Cid | PR 445 Km 380 | Campus Universit\u00e1rio Cx. Postal 10.011 | CEP 86.057-970 | Londrina &#8211; PR Telefone: (43) 3371-4203 E-mails Coordena\u00e7\u00e3o:\u00a0mestradopsico@uel.br Secretaria: secretariappgpsi@uel.br Hor\u00e1rio de atendimento\u00a0\u2013 de segunda a sexta-feira das 09h00 \u00e0s 12h00 Visite tamb\u00e9m nossa p\u00e1gina no Facebook:&nbsp;https:\/\/www.facebook.com\/mestradopsicologiauel\/<\/p>\n","protected":false},"author":7,"featured_media":0,"parent":0,"menu_order":0,"comment_status":"closed","ping_status":"closed","template":"","meta":{"footnotes":""},"class_list":["post-13","page","type-page","status-publish","hentry"],"acf":[],"_links":{"self":[{"href":"https:\/\/pos.uel.br\/psicologia\/wp-json\/wp\/v2\/pages\/13","targetHints":{"allow":["GET"]}}],"collection":[{"href":"https:\/\/pos.uel.br\/psicologia\/wp-json\/wp\/v2\/pages"}],"about":[{"href":"https:\/\/pos.uel.br\/psicologia\/wp-json\/wp\/v2\/types\/page"}],"author":[{"embeddable":true,"href":"https:\/\/pos.uel.br\/psicologia\/wp-json\/wp\/v2\/users\/7"}],"replies":[{"embeddable":true,"href":"https:\/\/pos.uel.br\/psicologia\/wp-json\/wp\/v2\/comments?post=13"}],"version-history":[{"count":20,"href":"https:\/\/pos.uel.br\/psicologia\/wp-json\/wp\/v2\/pages\/13\/revisions"}],"predecessor-version":[{"id":2235,"href":"https:\/\/pos.uel.br\/psicologia\/wp-json\/wp\/v2\/pages\/13\/revisions\/2235"}],"wp:attachment":[{"href":"https:\/\/pos.uel.br\/psicologia\/wp-json\/wp\/v2\/media?parent=13"}],"curies":[{"name":"wp","href":"https:\/\/api.w.org\/{rel}","templated":true}]}}