{"id":1273,"date":"2022-12-22T12:16:38","date_gmt":"2022-12-22T15:16:38","guid":{"rendered":"https:\/\/pos.uel.br\/psicologia\/?page_id=1273"},"modified":"2025-06-06T17:37:39","modified_gmt":"2025-06-06T20:37:39","slug":"dissertacoes-defendidas-turma-2020","status":"publish","type":"page","link":"https:\/\/pos.uel.br\/psicologia\/dissertacoes-defendidas-turma-2020\/","title":{"rendered":"Disserta\u00e7\u00f5es Defendidas (Turma 2020)"},"content":{"rendered":"\n<p>As disserta\u00e7\u00f5es est\u00e3o em ordem alfab\u00e9tica. Disserta\u00e7\u00f5es sem&nbsp;<em>link<\/em>&nbsp;ainda n\u00e3o foram disponibilizadas pela Biblioteca Digital da UEL ou n\u00e3o foram liberadas pelos orientadores e egressos.<\/p>\n\n\n\n<p><strong>Estudante:&nbsp;Cintia Ribelato Longhini<\/strong><\/p>\n\n\n\n<p><em>T\u00edtulo:<\/em> <a href=\"https:\/\/repositorio.uel.br\/items\/f42acd57-75a3-4207-85fd-bcf166315d00\">Impasses do feminino ao passe da feminilidade: a cl\u00ednica psicanal\u00edtica entre feminino e histeria<\/a><\/p>\n\n\n\n<p><em>Orienta\u00e7\u00e3o:<\/em> Profa. Dra. Silvia Nogueira Cordeiro<\/p>\n\n\n\n<p><em>Data Defesa:<\/em> 18\/05\/2022<\/p>\n\n\n\n<div style=\"height:33px\" aria-hidden=\"true\" class=\"wp-block-spacer\"><\/div>\n\n\n\n<p><strong>Estudante:&nbsp;Dandara Peraro de Sousa<\/strong><\/p>\n\n\n\n<p><em>T\u00edtulo:<\/em> <a href=\"https:\/\/repositorio.uel.br\/items\/25f5e06d-43a1-41bb-86fb-b6f5b94b6957\">Experi\u00eancias de vida como elemento formador de assistentes sociais do SUAS<\/a><\/p>\n\n\n\n<p><em>Orienta\u00e7\u00e3o:<\/em> Prof. Dr. Rafael Bianchi Silva<\/p>\n\n\n\n<p><em>Data Defesa:<\/em> 11\/03\/2022<\/p>\n\n\n\n<div style=\"height:35px\" aria-hidden=\"true\" class=\"wp-block-spacer\"><\/div>\n\n\n\n<p><\/p>\n\n\n\n<p><strong>Estudante: Daniele Dower Ronqui<\/strong><\/p>\n\n\n\n<p><em>T\u00edtulo:<\/em> <a href=\"https:\/\/repositorio.uel.br\/items\/630425b0-962b-42b8-bf4d-21b3f1c79a4f\">Avalia\u00e7\u00e3o psicoeducacional e orienta\u00e7\u00e3o profissional em um servi\u00e7o p\u00fablico do norte paranaense<\/a><\/p>\n\n\n\n<p><em>Orienta\u00e7\u00e3o:<\/em> Profa. Dra. Katya Luciane de Oliveira<\/p>\n\n\n\n<p><em>Data Defesa:<\/em> 04\/11\/2021<\/p>\n\n\n\n<div style=\"height:35px\" aria-hidden=\"true\" class=\"wp-block-spacer\"><\/div>\n\n\n\n<p><strong>Estudante: Filipe Felix Ermel<\/strong><\/p>\n\n\n\n<p><em>T\u00edtulo:<\/em> <a href=\"https:\/\/repositorio.uel.br\/items\/efcbe5e3-40d5-4174-8b2c-972f2a3531aa\">Evid\u00eancias de validade das escalas Levenson e Dirty Dozen para psicopatia: um estudo correlacional<\/a><\/p>\n\n\n\n<p><em>Orienta\u00e7\u00e3o:<\/em> Prof. Dr. Fabiano Koich Miguel<\/p>\n\n\n\n<p><em>Data Defesa:<\/em> 06\/05\/2022<\/p>\n\n\n\n<div style=\"height:35px\" aria-hidden=\"true\" class=\"wp-block-spacer\"><\/div>\n\n\n\n<p><strong>Estudante: Francis Willian Bueno Louren\u00e7o<\/strong><\/p>\n\n\n\n<p><em>T\u00edtulo:<\/em> <a href=\"https:\/\/repositorio.uel.br\/items\/a5a1d0ac-d8d5-4ad3-b77b-7d5a505c5fb8\">Marcas da dor: estudo psicanal\u00edtico sobre autoles\u00e3o em adolescentes<\/a><\/p>\n\n\n\n<p><em>Orienta\u00e7\u00e3o:<\/em> Profa. Dra. Maria Elizabeth Barreto Tavares dos Reis<\/p>\n\n\n\n<p><em>Data Defesa:<\/em> 05\/05\/2022<\/p>\n\n\n\n<div style=\"height:35px\" aria-hidden=\"true\" class=\"wp-block-spacer\"><\/div>\n\n\n\n<p><strong>Estudante: Gabriel Rocha Bandeira<\/strong><\/p>\n\n\n\n<p><em>T\u00edtulo:<\/em> <a href=\"https:\/\/repositorio.uel.br\/items\/6f46eb56-2d71-4ca3-8c40-42e0733e4262\">Medicaliza\u00e7\u00e3o da diferen\u00e7a: aproxima\u00e7\u00f5es entre psicologia social e antropologia da sa\u00fade<\/a><\/p>\n\n\n\n<p><em>Orienta\u00e7\u00e3o:<\/em> Profa. Dra. Eneida Silveira Santiago<\/p>\n\n\n\n<p><em>Data Defesa:<\/em> 02\/02\/2022<\/p>\n\n\n\n<div style=\"height:35px\" aria-hidden=\"true\" class=\"wp-block-spacer\"><\/div>\n\n\n\n<p><strong>Estudante: Jessica Pedrosa Mandelli<\/strong><\/p>\n\n\n\n<p><em>T\u00edtulo:<\/em> <a href=\"https:\/\/repositorio.uel.br\/items\/800fb2cb-f054-4f6e-bfcf-235d13b98c41\">A comunidade como rede de prote\u00e7\u00e3o local no cuidado da pessoa idosa: viv\u00eancias e afetos sobre o cuidar<\/a><\/p>\n\n\n\n<p><em>Orienta\u00e7\u00e3o:<\/em> Prof. Dr. Rafael Bianchi Silva<\/p>\n\n\n\n<p><em>Data Defesa:<\/em> 25\/02\/2022<\/p>\n\n\n\n<div style=\"height:35px\" aria-hidden=\"true\" class=\"wp-block-spacer\"><\/div>\n\n\n\n<p><strong>Estudante: Jo\u00e3o Pedro Gomes Previdello<\/strong><\/p>\n\n\n\n<p><em>T\u00edtulo:<\/em> <a href=\"https:\/\/repositorio.uel.br\/items\/818f88de-84dc-4a40-b4d7-dd0971c2446a\">A transexualidade e o discurso conservador: uma an\u00e1lise psicossocial<\/a><\/p>\n\n\n\n<p><em>Orienta\u00e7\u00e3o:<\/em> Prof. Dr. Paulo Roberto de Carvalho<\/p>\n\n\n\n<p><em>Data Defesa:<\/em> 02\/05\/2022<\/p>\n\n\n\n<div style=\"height:35px\" aria-hidden=\"true\" class=\"wp-block-spacer\"><\/div>\n\n\n\n<p><strong>Estudante: Kathy\u00fascia Ge\u00f3rgia Araujo do Valle Schmidt<\/strong><\/p>\n\n\n\n<p><em>T\u00edtulo:<\/em> <a href=\"https:\/\/repositorio.uel.br\/items\/7b4b7c93-3de8-40f8-b2dd-405f63c37880\">Autismo infantil: intera\u00e7\u00e3o paciente-psicoterapeuta na cl\u00ednica psicanal\u00edtica<\/a><\/p>\n\n\n\n<p><em>Orienta\u00e7\u00e3o:<\/em> Profa. Dra. Maria Elizabeth Barreto Tavares dos Reis<\/p>\n\n\n\n<p><em>Data Defesa:<\/em> 10\/05\/2022<\/p>\n\n\n\n<div style=\"height:35px\" aria-hidden=\"true\" class=\"wp-block-spacer\"><\/div>\n\n\n\n<p><strong>Estudante: Luciane Cristina de Oliveira Carnauba<\/strong><\/p>\n\n\n\n<p><em>T\u00edtulo:<\/em> <a href=\"https:\/\/repositorio.uel.br\/items\/31b413d4-825a-44f0-8a77-be567d1d6d42\">Psicodiagn\u00f3stico interventivo infantil em um referencial psicanal\u00edtico: an\u00e1lise de casos de um servi\u00e7o-escola de psicologia<\/a><\/p>\n\n\n\n<p><em>Orienta\u00e7\u00e3o:<\/em> Prof. Dra. Ma\u00edra Bonaf\u00e9 Sei<\/p>\n\n\n\n<p><em>Data Defesa:<\/em> 18\/01\/2022<\/p>\n\n\n\n<div style=\"height:35px\" aria-hidden=\"true\" class=\"wp-block-spacer\"><\/div>\n\n\n\n<p><strong>Estudante: Maria L\u00facia Mantovanelli Ortolan<\/strong><\/p>\n\n\n\n<p><em>T\u00edtulo:<\/em> <a href=\"https:\/\/repositorio.uel.br\/items\/f308f74d-7e73-4700-b993-4ceda61627aa\">O abandono da psicoterapia individual no servi\u00e7o-escola de psicologia da UEL: contribui\u00e7\u00f5es psicanal\u00edticas<\/a><\/p>\n\n\n\n<p><em>Orienta\u00e7\u00e3o:<\/em> Profa. Dra. Ma\u00edra Bonaf\u00e9 Sei<\/p>\n\n\n\n<p><em>Data Defesa:<\/em> 16\/12\/2021<\/p>\n\n\n\n<div style=\"height:35px\" aria-hidden=\"true\" class=\"wp-block-spacer\"><\/div>\n\n\n\n<p><strong>Estudante: Matheus Crivelari Fortes<\/strong><\/p>\n\n\n\n<p><em>T\u00edtulo:<\/em> <a href=\"https:\/\/repositorio.uel.br\/items\/658274d0-b18d-4748-b0d8-56cc0d794bcd\">\u201cMil trutas mil tretas\u201d <em>\u2013<\/em> homens em situa\u00e7\u00e3o de rua na m\u00eddia: no\u00e7\u00f5es de masculinidades em disputa<\/a><\/p>\n\n\n\n<p><em>Orienta\u00e7\u00e3o:<\/em> Profa. Dra. Fl\u00e1via Fernandes de Carvalhaes<\/p>\n\n\n\n<p><em>Data Defesa:<\/em> 30\/05\/2022<\/p>\n\n\n\n<div style=\"height:35px\" aria-hidden=\"true\" class=\"wp-block-spacer\"><\/div>\n\n\n\n<p><strong>Estudante: Nat\u00e1lia Delatim Ortiz<\/strong><\/p>\n\n\n\n<p><em>T\u00edtulo:<\/em> <a href=\"https:\/\/repositorio.uel.br\/items\/8f55b0a1-f3f2-44ae-8277-9b808ffe483c\">Da menopausa como o estranho ao estranho da menopausa: contribui\u00e7\u00f5es psicanal\u00edticas<\/a><\/p>\n\n\n\n<p><em>Orienta\u00e7\u00e3o:<\/em> Profa. Dra. Silvia Nogueira Cordeiro<\/p>\n\n\n\n<p><em>Data Defesa:<\/em> 04\/05\/2022<\/p>\n\n\n\n<div style=\"height:35px\" aria-hidden=\"true\" class=\"wp-block-spacer\"><\/div>\n\n\n\n<p><strong>Estudante: Orlando Amaro de Oliveira e Souza Junior<\/strong><\/p>\n\n\n\n<p><em>T\u00edtulo:<\/em> <a href=\"https:\/\/repositorio.uel.br\/items\/a093fd5b-0cd2-4eab-b36b-07f4cde67037\">O vagabundear nas sociedades capitalistas<\/a><\/p>\n\n\n\n<p><em>Orienta\u00e7\u00e3o:<\/em> Profa. Dra. Sonia Regina Vargas Mansano<\/p>\n\n\n\n<p><em>Data Defesa:<\/em> 18\/03\/2022<\/p>\n\n\n\n<div style=\"height:35px\" aria-hidden=\"true\" class=\"wp-block-spacer\"><\/div>\n\n\n\n<p><strong>Estudante: Patr\u00edcia Em\u00ed de Souza<\/strong><\/p>\n\n\n\n<p><em>T\u00edtulo:<\/em> <a href=\"https:\/\/repositorio.uel.br\/items\/1c8aad01-e3a7-4134-a6a5-ef8d21c3e9d4\">An\u00e1lise de per\u00edcias psicol\u00f3gicas de tr\u00e2nsito em cidades do Paran\u00e1: um olhar sobre os construtos cognitivos<\/a><\/p>\n\n\n\n<p><em>Orienta\u00e7\u00e3o:<\/em> Profa. Dra. Katya Luciane de Oliveira<\/p>\n\n\n\n<p><em>Data Defesa:<\/em> 25\/11\/2021<\/p>\n\n\n\n<div style=\"height:35px\" aria-hidden=\"true\" class=\"wp-block-spacer\"><\/div>\n\n\n\n<p><strong>Estudante: Sofia Lira Chiodi<\/strong><\/p>\n\n\n\n<p><em>T\u00edtulo:<\/em> <a href=\"https:\/\/repositorio.uel.br\/items\/db3d4b78-2898-4a3d-a286-b18f8530537a\">Aspectos cognitivos e comportamentais em crian\u00e7as com transtornos do neurodesenvolvimento<\/a><\/p>\n\n\n\n<p><em>Orienta\u00e7\u00e3o:<\/em> Profa. Dra. Patricia Silva L\u00facio<\/p>\n\n\n\n<p><em>Data Defesa:<\/em> 04\/03\/2022<\/p>\n","protected":false},"excerpt":{"rendered":"<p>As disserta\u00e7\u00f5es est\u00e3o em ordem alfab\u00e9tica. Disserta\u00e7\u00f5es sem&nbsp;link&nbsp;ainda n\u00e3o foram disponibilizadas pela Biblioteca Digital da UEL ou n\u00e3o foram liberadas pelos orientadores e egressos. Estudante:&nbsp;Cintia Ribelato Longhini T\u00edtulo: Impasses do feminino ao passe da feminilidade: a cl\u00ednica psicanal\u00edtica entre feminino e histeria Orienta\u00e7\u00e3o: Profa. Dra. Silvia Nogueira Cordeiro Data Defesa: 18\/05\/2022 Estudante:&nbsp;Dandara Peraro de Sousa [&hellip;]<\/p>\n","protected":false},"author":12,"featured_media":0,"parent":0,"menu_order":0,"comment_status":"closed","ping_status":"closed","template":"","meta":{"footnotes":""},"class_list":["post-1273","page","type-page","status-publish","hentry"],"acf":[],"_links":{"self":[{"href":"https:\/\/pos.uel.br\/psicologia\/wp-json\/wp\/v2\/pages\/1273","targetHints":{"allow":["GET"]}}],"collection":[{"href":"https:\/\/pos.uel.br\/psicologia\/wp-json\/wp\/v2\/pages"}],"about":[{"href":"https:\/\/pos.uel.br\/psicologia\/wp-json\/wp\/v2\/types\/page"}],"author":[{"embeddable":true,"href":"https:\/\/pos.uel.br\/psicologia\/wp-json\/wp\/v2\/users\/12"}],"replies":[{"embeddable":true,"href":"https:\/\/pos.uel.br\/psicologia\/wp-json\/wp\/v2\/comments?post=1273"}],"version-history":[{"count":26,"href":"https:\/\/pos.uel.br\/psicologia\/wp-json\/wp\/v2\/pages\/1273\/revisions"}],"predecessor-version":[{"id":2836,"href":"https:\/\/pos.uel.br\/psicologia\/wp-json\/wp\/v2\/pages\/1273\/revisions\/2836"}],"wp:attachment":[{"href":"https:\/\/pos.uel.br\/psicologia\/wp-json\/wp\/v2\/media?parent=1273"}],"curies":[{"name":"wp","href":"https:\/\/api.w.org\/{rel}","templated":true}]}}