{"id":1191,"date":"2022-09-21T17:21:44","date_gmt":"2022-09-21T20:21:44","guid":{"rendered":"https:\/\/pos.uel.br\/psicologia\/?page_id=1191"},"modified":"2025-07-05T11:32:02","modified_gmt":"2025-07-05T14:32:02","slug":"aproveitamento-de-disciplinas","status":"publish","type":"page","link":"https:\/\/pos.uel.br\/psicologia\/aproveitamento-de-disciplinas\/","title":{"rendered":"Aproveitamento de Disciplinas"},"content":{"rendered":"\n<p><strong>Para efetuar pedido de Aproveitamento de disciplinas de cursos de p\u00f3s-gradua\u00e7\u00e3o realizados na UEL, os estudantes devem:<\/strong><\/p>\n\n\n\n<ol class=\"wp-block-list\">\n<li>Acessar o Portal do Estudante de P\u00f3s-Gradua\u00e7\u00e3o<\/li>\n\n\n\n<li>Na guia&nbsp;<strong>\u201cServi\u00e7os\u201d<\/strong>, clicar em&nbsp;<strong>\u201cRequerimentos\u201d<\/strong>, em seguida clicar em&nbsp;<strong>\u201cAproveitamento UEL\u201d<\/strong><\/li>\n\n\n\n<li>Ap\u00f3s ser mostrada a listagem de disciplinas dispon\u00edveis, o estudante dever\u00e1 selecionar a(s) disciplina(s) que deseja solicitar aproveitamento e finalizar o pedido clicando no bot\u00e3o \u201cSalvar\u201d<\/li>\n\n\n\n<li>Em seguida a solicita\u00e7\u00e3o ser\u00e1 salva<\/li>\n\n\n\n<li>O estudante deve gerar o boleto e efetuar o pagamento (clicar no bot\u00e3o \u201cgerar boleto\u201d, salvar o PDF, imprimir e efetuar o pagamento)<\/li>\n\n\n\n<li>Depois de efetuar o pagamento do boleto, o estudante dever\u00e1 enviar um e-mail para seu orientador e para a coordena\u00e7\u00e3o do Programa via e-mail mestradopsico@uel.br informando que solicitou aproveitamento de disciplinas e aguardar o orientador e a coordena\u00e7\u00e3o do Programa aprovarem ou n\u00e3o o pedido de aproveitamento de disciplinas.<\/li>\n<\/ol>\n\n\n\n<p><strong>Para efetuar pedido de Aproveitamento de disciplinas de cursos de p\u00f3s-gradua\u00e7\u00e3o realizados em outras Institui\u00e7\u00f5es, os estudantes devem:<\/strong><\/p>\n\n\n\n<ol id=\"block-5335bff3-35fc-49dc-bfeb-0e2a175d8069\" class=\"wp-block-list\">\n<li>Acessar o Portal do Estudante de P\u00f3s-Gradua\u00e7\u00e3o<\/li>\n\n\n\n<li>Na guia&nbsp;<strong>\u201cServi\u00e7os\u201d<\/strong>, clicar em&nbsp;<strong>\u201cRequerimentos\u201d<\/strong>, em seguida clicar em&nbsp;<strong>\u201cAproveitamento Externo\u201d<\/strong><\/li>\n\n\n\n<li>Ap\u00f3s ser mostrada a listagem de Institui\u00e7\u00f5es dispon\u00edveis, o estudante dever\u00e1 selecionar a Institui\u00e7\u00e3o na qual cursou a(s) disciplina(s) que deseja solicitar aproveitamento<\/li>\n\n\n\n<li>Em seguida, preencher o pedido de aproveitamento conforme as instru\u00e7\u00f5es da tela e finalizar o pedido clicando no bot\u00e3o \u201cSalvar\u201d<\/li>\n\n\n\n<li>Em seguida a solicita\u00e7\u00e3o ser\u00e1 salva<\/li>\n\n\n\n<li>O estudante deve gerar o boleto e efetuar o pagamento (clicar no bot\u00e3o \u201cgerar boleto\u201d, salvar o PDF, imprimir e efetuar o pagamento)<\/li>\n\n\n\n<li>Depois de efetuar o pagamento do boleto, o estudante dever\u00e1 enviar um e-mail para seu orientador e para a coordena\u00e7\u00e3o do Programa via e-mail mestradopsico@uel.br informando que solicitou aproveitamento de disciplinas e aguardar o orientador e a coordena\u00e7\u00e3o do Programa aprovarem ou n\u00e3o o pedido de aproveitamento de disciplinas.<\/li>\n<\/ol>\n\n\n\n<div style=\"height:12px\" aria-hidden=\"true\" class=\"wp-block-spacer\"><\/div>\n\n\n\n<p><strong>ATEN\u00c7\u00c3O:<\/strong><\/p>\n\n\n\n<p>Aos estudantes que cursaram o Mestrado no PPGPSI poder\u00e1 ser concedida <span style=\"text-decoration: underline\">equival\u00eancia<\/span> para a disciplina <em>Prepara\u00e7\u00e3o Pedag\u00f3gica em Psicologia<\/em> para o Doutorado, desde que aprovado pela comiss\u00e3o coordenadora do PPGPSI.<\/p>\n\n\n\n<p><strong><span style=\"text-decoration: underline\">DISCIPLINAS ELETIVAS<\/span>:<\/strong> De acordo com os Art.\u00a09\u00ba e 10\u00ba da Resolu\u00e7\u00e3o CEPE N\u00ba 113\/2022,\u00a0podem ser convalidados cr\u00e9ditos de disciplinas eletivas provenientes do PPGPSI ou de outros programas de p\u00f3s-gradua\u00e7\u00e3o\u00a0<em>Stricto sensu<\/em>\u00a0com validade nacional\u00a0<span style=\"text-decoration: underline\">at\u00e9 o limite m\u00e1ximo de 4 (quatro) cr\u00e9ditos<\/span>, desde que aprovados pela comiss\u00e3o coordenadora do PPGPSI.<\/p>\n\n\n\n<p>De acordo com o Art. 41 da Resolu\u00e7\u00e3o CEPE N\u00ba 114\/2022,\u00a0podem ser convalidados cr\u00e9ditos de disciplinas cursadas no PPGPSI ou em outros programas\u00a0<em>Stricto sensu<\/em>, desde que aprovados pelo Colegiado de Curso, tomando em considera\u00e7\u00e3o a frequ\u00eancia, o aproveitamento e <span style=\"text-decoration: underline\">a\u00a0validade de tr\u00eas anos anteriores \u00e0 solicita\u00e7\u00e3o<\/span>.<\/p>\n","protected":false},"excerpt":{"rendered":"<p>Para efetuar pedido de Aproveitamento de disciplinas de cursos de p\u00f3s-gradua\u00e7\u00e3o realizados na UEL, os estudantes devem: Para efetuar pedido de Aproveitamento de disciplinas de cursos de p\u00f3s-gradua\u00e7\u00e3o realizados em outras Institui\u00e7\u00f5es, os estudantes devem: ATEN\u00c7\u00c3O: Aos estudantes que cursaram o Mestrado no PPGPSI poder\u00e1 ser concedida equival\u00eancia para a disciplina Prepara\u00e7\u00e3o Pedag\u00f3gica em Psicologia [&hellip;]<\/p>\n","protected":false},"author":12,"featured_media":0,"parent":0,"menu_order":0,"comment_status":"closed","ping_status":"closed","template":"","meta":{"footnotes":""},"class_list":["post-1191","page","type-page","status-publish","hentry"],"acf":[],"_links":{"self":[{"href":"https:\/\/pos.uel.br\/psicologia\/wp-json\/wp\/v2\/pages\/1191","targetHints":{"allow":["GET"]}}],"collection":[{"href":"https:\/\/pos.uel.br\/psicologia\/wp-json\/wp\/v2\/pages"}],"about":[{"href":"https:\/\/pos.uel.br\/psicologia\/wp-json\/wp\/v2\/types\/page"}],"author":[{"embeddable":true,"href":"https:\/\/pos.uel.br\/psicologia\/wp-json\/wp\/v2\/users\/12"}],"replies":[{"embeddable":true,"href":"https:\/\/pos.uel.br\/psicologia\/wp-json\/wp\/v2\/comments?post=1191"}],"version-history":[{"count":4,"href":"https:\/\/pos.uel.br\/psicologia\/wp-json\/wp\/v2\/pages\/1191\/revisions"}],"predecessor-version":[{"id":2862,"href":"https:\/\/pos.uel.br\/psicologia\/wp-json\/wp\/v2\/pages\/1191\/revisions\/2862"}],"wp:attachment":[{"href":"https:\/\/pos.uel.br\/psicologia\/wp-json\/wp\/v2\/media?parent=1191"}],"curies":[{"name":"wp","href":"https:\/\/api.w.org\/{rel}","templated":true}]}}