{"id":1125,"date":"2022-08-17T17:17:46","date_gmt":"2022-08-17T20:17:46","guid":{"rendered":"https:\/\/pos.uel.br\/psicologia\/?page_id=1125"},"modified":"2022-09-22T11:45:46","modified_gmt":"2022-09-22T14:45:46","slug":"carteirinha-estudantil-e-mail-institucional-wifiuel-e-cartao-de-transporte-escolar","status":"publish","type":"page","link":"https:\/\/pos.uel.br\/psicologia\/carteirinha-estudantil-e-mail-institucional-wifiuel-e-cartao-de-transporte-escolar\/","title":{"rendered":"Carteirinha Estudantil, E-mail Institucional, WifiUEL e Cart\u00e3o de Transporte Escolar"},"content":{"rendered":"\n<p><strong>DA EMISS\u00c3O DA CARTEIRINHA DE IDENTIFICA\u00c7\u00c3O ESTUDANTIL<\/strong><\/p>\n\n\n\n<p>O estudante poder\u00e1 imprimir sua pr\u00f3pria carteirinha estudantil no PORTAL DO ESTUDANTE \u2013 em&nbsp;<strong>\u201cEmiss\u00e3o de Carteirinha\u201d<\/strong>, em seguida clicar em&nbsp;<strong>\u201cImprimir\u201d<\/strong>.<\/p>\n\n\n\n<p><strong>ATEN\u00c7\u00c3O:<\/strong>&nbsp;<strong>A carteirinha estudantil possui um n\u00famero de vias limitado.<\/strong>&nbsp;O estudante s\u00f3 deve emitir nova via quando for expressamente necess\u00e1rio e <strong>a cada emiss\u00e3o de nova via a anterior ser\u00e1 invalidada<\/strong>. O estudante poder\u00e1 plastificar a carteirinha para uma maior durabilidade, caso queira.<\/p>\n\n\n\n<p><strong>DA CRIA\u00c7\u00c3O DE E-MAIL INSTITUCIONAL<\/strong>&nbsp;<strong>(@uel.br)<\/strong><\/p>\n\n\n\n<p>O estudante de p\u00f3s-gradua\u00e7\u00e3o poder\u00e1 criar sua conta de e-mail institucional acessando diretamente o PORTAL DO ESTUDANTE, na guia&nbsp;<strong>\u201cServi\u00e7os Digitais UEL\u201d<\/strong>.<\/p>\n\n\n\n<p><strong>DA UTILIZA\u00c7\u00c3O DA REDE SEM FIO (WifiUEL)<\/strong><\/p>\n\n\n\n<p>Para utilizar a rede wireless da UEL (wifiuel), o estudante ter\u00e1 que primeiramente criar sua conta de e-mail institucional (@uel.br), pois o acesso ser\u00e1 feito atrav\u00e9s do e-mail institucional e da senha do Portal do Estudante, em seguida&nbsp;realizar a <strong><a rel=\"noreferrer noopener\" href=\"https:\/\/sites.uel.br\/ati\/quem-pode-utilizar-o-servico-de-rede-wireless-na-uel\/\" target=\"_blank\">configura\u00e7\u00e3o da rede wifiuel no seu dispositivo m\u00f3vel<\/a><\/strong>.<\/p>\n\n\n\n<p><strong>DA UTILIZA\u00c7\u00c3O DO CART\u00c3O DE TRANSPORTE ESCOLAR<\/strong><\/p>\n\n\n\n<p>Para obter informa\u00e7\u00f5es sobre como solicitar ou renovar o <strong>Cart\u00e3o de Transporte Escolar<\/strong>, clique em <strong><a href=\"https:\/\/sites.uel.br\/sebec\/cartao-de-transporte-escolar\/\" target=\"_blank\" rel=\"noreferrer noopener\">https:\/\/sites.uel.br\/sebec\/cartao-de-transporte-escolar\/<\/a><\/strong><\/p>\n\n\n\n<p>&nbsp;<\/p>\n","protected":false},"excerpt":{"rendered":"<p>DA EMISS\u00c3O DA CARTEIRINHA DE IDENTIFICA\u00c7\u00c3O ESTUDANTIL O estudante poder\u00e1 imprimir sua pr\u00f3pria carteirinha estudantil no PORTAL DO ESTUDANTE \u2013 em&nbsp;\u201cEmiss\u00e3o de Carteirinha\u201d, em seguida clicar em&nbsp;\u201cImprimir\u201d. ATEN\u00c7\u00c3O:&nbsp;A carteirinha estudantil possui um n\u00famero de vias limitado.&nbsp;O estudante s\u00f3 deve emitir nova via quando for expressamente necess\u00e1rio e a cada emiss\u00e3o de nova via a anterior [&hellip;]<\/p>\n","protected":false},"author":12,"featured_media":0,"parent":0,"menu_order":0,"comment_status":"closed","ping_status":"closed","template":"","meta":{"footnotes":""},"class_list":["post-1125","page","type-page","status-publish","hentry"],"acf":[],"_links":{"self":[{"href":"https:\/\/pos.uel.br\/psicologia\/wp-json\/wp\/v2\/pages\/1125","targetHints":{"allow":["GET"]}}],"collection":[{"href":"https:\/\/pos.uel.br\/psicologia\/wp-json\/wp\/v2\/pages"}],"about":[{"href":"https:\/\/pos.uel.br\/psicologia\/wp-json\/wp\/v2\/types\/page"}],"author":[{"embeddable":true,"href":"https:\/\/pos.uel.br\/psicologia\/wp-json\/wp\/v2\/users\/12"}],"replies":[{"embeddable":true,"href":"https:\/\/pos.uel.br\/psicologia\/wp-json\/wp\/v2\/comments?post=1125"}],"version-history":[{"count":13,"href":"https:\/\/pos.uel.br\/psicologia\/wp-json\/wp\/v2\/pages\/1125\/revisions"}],"predecessor-version":[{"id":1198,"href":"https:\/\/pos.uel.br\/psicologia\/wp-json\/wp\/v2\/pages\/1125\/revisions\/1198"}],"wp:attachment":[{"href":"https:\/\/pos.uel.br\/psicologia\/wp-json\/wp\/v2\/media?parent=1125"}],"curies":[{"name":"wp","href":"https:\/\/api.w.org\/{rel}","templated":true}]}}