{"id":11,"date":"2021-04-29T13:56:19","date_gmt":"2021-04-29T16:56:19","guid":{"rendered":"https:\/\/pos.uel.br\/psicologia\/?page_id=11"},"modified":"2021-05-25T16:49:46","modified_gmt":"2021-05-25T19:49:46","slug":"areas-de-concentracao","status":"publish","type":"page","link":"https:\/\/pos.uel.br\/psicologia\/areas-de-concentracao\/","title":{"rendered":"\u00c1reas de concentra\u00e7\u00e3o"},"content":{"rendered":"\n<h2 class=\"wp-block-heading\">Psicologia<\/h2>\n\n\n\n<p>O programa entende a Psicologia como um campo diversificado que abarca a investiga\u00e7\u00e3o da subjetividade contempor\u00e2nea no \u00e2mbito das pr\u00e1ticas e enunciados. Prop\u00f5e-se a formar professores, pesquisadores e profissionais qualificados para o ensino, a produ\u00e7\u00e3o e a utiliza\u00e7\u00e3o do conhecimento cient\u00edfico em Psicologia nas linhas de Avalia\u00e7\u00e3o Psicol\u00f3gica e Processos Cl\u00ednicos, bem como Psicologia Social e Processos Institucionais.<\/p>\n","protected":false},"excerpt":{"rendered":"<p>Psicologia O programa entende a Psicologia como um campo diversificado que abarca a investiga\u00e7\u00e3o da subjetividade contempor\u00e2nea no \u00e2mbito das pr\u00e1ticas e enunciados. Prop\u00f5e-se a formar professores, pesquisadores e profissionais qualificados para o ensino, a produ\u00e7\u00e3o e a utiliza\u00e7\u00e3o do conhecimento cient\u00edfico em Psicologia nas linhas de Avalia\u00e7\u00e3o Psicol\u00f3gica e Processos Cl\u00ednicos, bem como Psicologia [&hellip;]<\/p>\n","protected":false},"author":7,"featured_media":0,"parent":0,"menu_order":0,"comment_status":"closed","ping_status":"closed","template":"","meta":{"footnotes":""},"class_list":["post-11","page","type-page","status-publish","hentry"],"acf":[],"_links":{"self":[{"href":"https:\/\/pos.uel.br\/psicologia\/wp-json\/wp\/v2\/pages\/11","targetHints":{"allow":["GET"]}}],"collection":[{"href":"https:\/\/pos.uel.br\/psicologia\/wp-json\/wp\/v2\/pages"}],"about":[{"href":"https:\/\/pos.uel.br\/psicologia\/wp-json\/wp\/v2\/types\/page"}],"author":[{"embeddable":true,"href":"https:\/\/pos.uel.br\/psicologia\/wp-json\/wp\/v2\/users\/7"}],"replies":[{"embeddable":true,"href":"https:\/\/pos.uel.br\/psicologia\/wp-json\/wp\/v2\/comments?post=11"}],"version-history":[{"count":3,"href":"https:\/\/pos.uel.br\/psicologia\/wp-json\/wp\/v2\/pages\/11\/revisions"}],"predecessor-version":[{"id":97,"href":"https:\/\/pos.uel.br\/psicologia\/wp-json\/wp\/v2\/pages\/11\/revisions\/97"}],"wp:attachment":[{"href":"https:\/\/pos.uel.br\/psicologia\/wp-json\/wp\/v2\/media?parent=11"}],"curies":[{"name":"wp","href":"https:\/\/api.w.org\/{rel}","templated":true}]}}