{"id":10,"date":"2021-04-29T13:56:19","date_gmt":"2021-04-29T16:56:19","guid":{"rendered":"https:\/\/pos.uel.br\/psicologia\/?page_id=10"},"modified":"2021-05-25T17:37:46","modified_gmt":"2021-05-25T20:37:46","slug":"historico","status":"publish","type":"page","link":"https:\/\/pos.uel.br\/psicologia\/historico\/","title":{"rendered":"Sobre o Curso"},"content":{"rendered":"\n<h1 class=\"wp-block-heading\"><\/h1>\n\n\n\n<p>O Programa de P\u00f3s-Gradua\u00e7\u00e3o em Psicologia da UEL tem por objetivo a forma\u00e7\u00e3o de professores e pesquisadores qualificados, com uma vis\u00e3o cr\u00edtica e human\u00edstica da realidade das Ci\u00eancias Humanas, aptos a atuarem em Institui\u00e7\u00f5es de Ensino Superior e de Pesquisas, nos diferentes campos de atua\u00e7\u00e3o direta da Psicologia. Para tanto, o perfil do profissional a ser formado engloba as seguintes qualifica\u00e7\u00f5es:<\/p>\n\n\n\n<ul class=\"wp-block-list\"><li>Preparo t\u00e9cnico, desenvoltura pedag\u00f3gica e habilidade did\u00e1tica para atuar no ensino superior de faculdades ou universidades, estejam elas localizadas em institui\u00e7\u00f5es p\u00fablicas ou privadas;<\/li><li>Atitude cr\u00edtica para atuar como docente e pesquisador nos cursos de gradua\u00e7\u00e3o em Psicologia ou nos cursos superiores de \u00e1reas afins;<\/li><li>Habilidade para atuar nos tr\u00eas \u00e2mbitos da pr\u00e1tica docente superior: ensino, pesquisa e extens\u00e3o;<\/li><li>Consolida\u00e7\u00e3o de base epistemol\u00f3gica, conceitual e metodol\u00f3gica para coordenar projetos de pesquisa;<\/li><li>Conhecimento conceitual e metodol\u00f3gico para orientar pesquisas na gradua\u00e7\u00e3o e na p\u00f3s-gradua\u00e7\u00e3o dos cursos de gradua\u00e7\u00e3o em Psicologia e \u00e1reas afins;<\/li><li>Amplo preparo \u00e9tico e pol\u00edtico para receber e se posicionar diante do objeto de pesquisa investigado;<\/li><li>Aptid\u00e3o para realizar investiga\u00e7\u00f5es sobre avalia\u00e7\u00f5es psicol\u00f3gicas, processos cl\u00ednicos e processos sociais em diferentes contextos.<\/li><\/ul>\n","protected":false},"excerpt":{"rendered":"<p>O Programa de P\u00f3s-Gradua\u00e7\u00e3o em Psicologia da UEL tem por objetivo a forma\u00e7\u00e3o de professores e pesquisadores qualificados, com uma vis\u00e3o cr\u00edtica e human\u00edstica da realidade das Ci\u00eancias Humanas, aptos a atuarem em Institui\u00e7\u00f5es de Ensino Superior e de Pesquisas, nos diferentes campos de atua\u00e7\u00e3o direta da Psicologia. Para tanto, o perfil do profissional a [&hellip;]<\/p>\n","protected":false},"author":7,"featured_media":0,"parent":0,"menu_order":0,"comment_status":"closed","ping_status":"closed","template":"","meta":{"footnotes":""},"class_list":["post-10","page","type-page","status-publish","hentry"],"acf":[],"_links":{"self":[{"href":"https:\/\/pos.uel.br\/psicologia\/wp-json\/wp\/v2\/pages\/10","targetHints":{"allow":["GET"]}}],"collection":[{"href":"https:\/\/pos.uel.br\/psicologia\/wp-json\/wp\/v2\/pages"}],"about":[{"href":"https:\/\/pos.uel.br\/psicologia\/wp-json\/wp\/v2\/types\/page"}],"author":[{"embeddable":true,"href":"https:\/\/pos.uel.br\/psicologia\/wp-json\/wp\/v2\/users\/7"}],"replies":[{"embeddable":true,"href":"https:\/\/pos.uel.br\/psicologia\/wp-json\/wp\/v2\/comments?post=10"}],"version-history":[{"count":2,"href":"https:\/\/pos.uel.br\/psicologia\/wp-json\/wp\/v2\/pages\/10\/revisions"}],"predecessor-version":[{"id":148,"href":"https:\/\/pos.uel.br\/psicologia\/wp-json\/wp\/v2\/pages\/10\/revisions\/148"}],"wp:attachment":[{"href":"https:\/\/pos.uel.br\/psicologia\/wp-json\/wp\/v2\/media?parent=10"}],"curies":[{"name":"wp","href":"https:\/\/api.w.org\/{rel}","templated":true}]}}