{"id":8,"date":"2021-04-29T13:57:29","date_gmt":"2021-04-29T16:57:29","guid":{"rendered":"https:\/\/pos.uel.br\/profsocio\/?page_id=8"},"modified":"2023-11-14T17:36:21","modified_gmt":"2023-11-14T20:36:21","slug":"sobre-o-programa","status":"publish","type":"page","link":"https:\/\/pos.uel.br\/profsocio\/sobre-o-programa\/","title":{"rendered":"Sobre o programa"},"content":{"rendered":"\n<p><strong>&nbsp;Apresenta\u00e7\u00e3o<\/strong>&nbsp;<\/p>\n\n\n\n<p>O&nbsp;<strong>PROFSOCIO<\/strong>&nbsp;\u00e9 um mestrado profissional oferecido gratuitamente, em n\u00edvel de p\u00f3s-gradua\u00e7\u00e3o stricto sensu, reconhecido pela Coordena\u00e7\u00e3o de Aperfei\u00e7oamento de Pessoal de N\u00edvel Superior (CAPES) do Minist\u00e9rio da Educa\u00e7\u00e3o (MEC).&nbsp;<\/p>\n\n\n\n<p>O objetivo do ProfSocio \u00e9 propiciar um espa\u00e7o de forma\u00e7\u00e3o continuada para os professores de Sociologia que atuam na Educa\u00e7\u00e3o B\u00e1sica, ou \u00e0queles que desejam atuar nesta \u00e1rea, inserindo-os em uma rede nacional de produ\u00e7\u00e3o de metodologias de &nbsp;ensino e de pesquisa acerca das Ci\u00eancias Sociais e Educa\u00e7\u00e3o. O curso se destina: a) aos professores da rede p\u00fablica da educa\u00e7\u00e3o b\u00e1sica que ministram aulas de sociologia; e b) aos portadores de diploma de licenciatura reconhecidos pelo MEC.<\/p>\n\n\n\n<p>O PROFSOCIO \u00e9 um curso presencial, com oferta simult\u00e2nea nacional, no \u00e2mbito do Sistema da Universidade Aberta do Brasil (UAB), conduzindo ao t\u00edtulo de Mestre em Sociologia.<\/p>\n\n\n\n<h2 class=\"wp-block-heading\">Institui\u00e7\u00f5es Associadas&nbsp;<\/h2>\n\n\n\n<p>Funda\u00e7\u00e3o Joaquim Nabuco (<a href=\"https:\/\/www.gov.br\/fundaj\/pt-br\" target=\"_blank\" rel=\"noreferrer noopener\">FUNDAJ<\/a>) \u2013 Recife, Pernambuco<\/p>\n\n\n\n<p>Universidade Estadual de Londrina (<a href=\"http:\/\/www.uel.br\/\" target=\"_blank\" rel=\"noreferrer noopener\">UEL<\/a>) \u2013 Londrina, Paran\u00e1<\/p>\n\n\n\n<p>Universidade Estadual do Vale do Acara\u00fa (<a href=\"https:\/\/www.uva.ce.gov.br\/\" target=\"_blank\" rel=\"noreferrer noopener\">UVA<\/a>) \u2013 Sobral, Cear\u00e1<\/p>\n\n\n\n<p>Universidade Estadual Paulista J\u00falio de Mesquita Filho (<a href=\"http:\/\/www.marilia.unesp.br\/\" target=\"_blank\" rel=\"noreferrer noopener\">UNESP<\/a>) \u2013 campus Mar\u00edlia, S\u00e3o Paulo<\/p>\n\n\n\n<p>Universidade Federal de Campina Grande (<a href=\"http:\/\/www.ufcg.edu.br\/\" target=\"_blank\" rel=\"noreferrer noopener\">UFCG<\/a>) \u2013 campus Campina Grande, Para\u00edba<\/p>\n\n\n\n<p>Universidade Federal do Cear\u00e1 (<a href=\"http:\/\/www.ufc.br\/\" target=\"_blank\" rel=\"noreferrer noopener\">UFC<\/a>) \u2013 Fortaleza, Cear\u00e1<\/p>\n\n\n\n<p>Universidade Federal do Paran\u00e1 (<a href=\"http:\/\/www.humanas.ufpr.br\/portal\/profsocio\/\" target=\"_blank\" rel=\"noreferrer noopener\">UFPR<\/a>) \u2013 Curitiba, Paran\u00e1<\/p>\n\n\n\n<p>Universidade Federal do Vale do S\u00e3o Francisco (<a href=\"http:\/\/portais.univasf.edu.br\/\" target=\"_blank\" rel=\"noreferrer noopener\">UNIVASF<\/a>)&nbsp; \u2013 campus Juazeiro, Bahia<\/p>\n\n\n\n<p>Universidade Estadual do Rio Grande do Norte (<a href=\"https:\/\/portal.uern.br\/\">UERN<\/a>) \u2013 campus Mossor\u00f3, Rio Grande do Norte<\/p>\n\n\n\n<p>Universidade Federal do Amap\u00e1&nbsp;(<a href=\"http:\/\/www.unifap.br\/\">UNIFAP<\/a>) \u2013 campus Macap\u00e1, Amap\u00e1&nbsp; &nbsp; &nbsp; &nbsp; &nbsp; &nbsp; &nbsp; &nbsp; &nbsp; &nbsp; &nbsp; &nbsp; &nbsp; &nbsp; &nbsp; &nbsp; &nbsp; &nbsp; &nbsp; &nbsp; &nbsp; &nbsp; &nbsp; &nbsp; &nbsp; &nbsp; &nbsp; &nbsp; &nbsp; &nbsp; &nbsp;<\/p>\n\n\n\n<p>Universidade Federal do Sul e Sudeste do Par\u00e1 (<a href=\"https:\/\/www.unifesspa.edu.br\/\">UNIFESSPA<\/a>) \u2013 campus Marab\u00e1, Par\u00e1&nbsp; &nbsp; &nbsp; &nbsp; &nbsp; &nbsp; &nbsp; &nbsp; &nbsp; &nbsp; &nbsp; &nbsp; &nbsp; &nbsp; &nbsp; &nbsp; &nbsp;<\/p>\n\n\n\n<p>Universidade Estadual do Mato Grosso do Sul (<a href=\"https:\/\/www.uems.br\/\">UEMS<\/a>) \u2013 campus Parana\u00edba,&nbsp;Mato Grosso do Sul&nbsp; &nbsp; &nbsp; &nbsp; &nbsp; &nbsp; &nbsp;<\/p>\n\n\n\n<p>Universidade do Estado do Mato Grosso (<a href=\"https:\/\/unemat.br\/\">UNEMAT<\/a>) \u2013 Sinop, Mato Grosso&nbsp; &nbsp; &nbsp; &nbsp; &nbsp; &nbsp; &nbsp; &nbsp; &nbsp; &nbsp; &nbsp; &nbsp; &nbsp; &nbsp; &nbsp; &nbsp; &nbsp; &nbsp; &nbsp; &nbsp; &nbsp; &nbsp; &nbsp; &nbsp; &nbsp; &nbsp; &nbsp;<\/p>\n\n\n\n<p>Universidade Federal de Juiz de Fora&nbsp;(<a href=\"https:\/\/www2.ufjf.br\/ufjf\/\">UFJF<\/a>) \u2013 campus Juiz de Fora, Minas Gerais&nbsp; &nbsp; &nbsp; &nbsp; &nbsp; &nbsp; &nbsp; &nbsp; &nbsp; &nbsp; &nbsp; &nbsp; &nbsp; &nbsp; &nbsp; &nbsp; &nbsp; &nbsp; &nbsp;<\/p>\n\n\n\n<p>Universidade Federal de Uberl\u00e2ndia&nbsp;(<a href=\"https:\/\/ufu.br\/\">UFU<\/a>) \u2013 campus Uberl\u00e2ndia, Minas Gerais<\/p>\n","protected":false},"excerpt":{"rendered":"<p>&nbsp;Apresenta\u00e7\u00e3o&nbsp; O&nbsp;PROFSOCIO&nbsp;\u00e9 um mestrado profissional oferecido gratuitamente, em n\u00edvel de p\u00f3s-gradua\u00e7\u00e3o stricto sensu, reconhecido pela Coordena\u00e7\u00e3o de Aperfei\u00e7oamento de Pessoal de N\u00edvel Superior (CAPES) do Minist\u00e9rio da Educa\u00e7\u00e3o (MEC).&nbsp; O objetivo do ProfSocio \u00e9 propiciar um espa\u00e7o de forma\u00e7\u00e3o continuada para os professores de Sociologia que atuam na Educa\u00e7\u00e3o B\u00e1sica, ou \u00e0queles que desejam atuar [&hellip;]<\/p>\n","protected":false},"author":7,"featured_media":0,"parent":0,"menu_order":0,"comment_status":"closed","ping_status":"closed","template":"","meta":{"footnotes":""},"class_list":["post-8","page","type-page","status-publish","hentry"],"_links":{"self":[{"href":"https:\/\/pos.uel.br\/profsocio\/wp-json\/wp\/v2\/pages\/8","targetHints":{"allow":["GET"]}}],"collection":[{"href":"https:\/\/pos.uel.br\/profsocio\/wp-json\/wp\/v2\/pages"}],"about":[{"href":"https:\/\/pos.uel.br\/profsocio\/wp-json\/wp\/v2\/types\/page"}],"author":[{"embeddable":true,"href":"https:\/\/pos.uel.br\/profsocio\/wp-json\/wp\/v2\/users\/7"}],"replies":[{"embeddable":true,"href":"https:\/\/pos.uel.br\/profsocio\/wp-json\/wp\/v2\/comments?post=8"}],"version-history":[{"count":5,"href":"https:\/\/pos.uel.br\/profsocio\/wp-json\/wp\/v2\/pages\/8\/revisions"}],"predecessor-version":[{"id":389,"href":"https:\/\/pos.uel.br\/profsocio\/wp-json\/wp\/v2\/pages\/8\/revisions\/389"}],"wp:attachment":[{"href":"https:\/\/pos.uel.br\/profsocio\/wp-json\/wp\/v2\/media?parent=8"}],"curies":[{"name":"wp","href":"https:\/\/api.w.org\/{rel}","templated":true}]}}