{"id":71,"date":"2021-06-15T02:58:48","date_gmt":"2021-06-15T05:58:48","guid":{"rendered":"https:\/\/pos.uel.br\/profsocio\/pagina-inicial\/"},"modified":"2025-09-22T18:22:24","modified_gmt":"2025-09-22T21:22:24","slug":"pagina-inicial","status":"publish","type":"page","link":"https:\/\/pos.uel.br\/profsocio\/","title":{"rendered":"P\u00e1gina inicial"},"content":{"rendered":"\n<div class=\"wp-block-columns is-layout-flex wp-container-core-columns-is-layout-9d6595d7 wp-block-columns-is-layout-flex\">\n<div class=\"wp-block-column is-layout-flow wp-block-column-is-layout-flow\"><\/div>\n<\/div>\n\n\n\n<div class=\"wp-block-columns is-layout-flex wp-container-core-columns-is-layout-9d6595d7 wp-block-columns-is-layout-flex\">\n<div class=\"wp-block-column is-layout-flow wp-block-column-is-layout-flow\"><\/div>\n\n\n\n<div class=\"wp-block-column is-layout-flow wp-block-column-is-layout-flow\"><\/div>\n\n\n\n<div class=\"wp-block-column is-layout-flow wp-block-column-is-layout-flow\" style=\"flex-basis:33.33%\">\n<p><strong>Acesse:<\/strong><\/p>\n\n\n\n<figure class=\"wp-block-image size-full\"><a href=\"https:\/\/pos.uel.br\/profsocio\/edital-05-2025\/\"><img loading=\"lazy\" decoding=\"async\" width=\"730\" height=\"392\" src=\"https:\/\/pos.uel.br\/profsocio\/wp-content\/uploads\/2023\/10\/WhatsApp-Image-2023-10-05-at-17.40.24.jpeg\" alt=\"\" class=\"wp-image-276\" srcset=\"https:\/\/pos.uel.br\/profsocio\/wp-content\/uploads\/2023\/10\/WhatsApp-Image-2023-10-05-at-17.40.24.jpeg 730w, https:\/\/pos.uel.br\/profsocio\/wp-content\/uploads\/2023\/10\/WhatsApp-Image-2023-10-05-at-17.40.24-300x161.jpeg 300w\" sizes=\"auto, (max-width: 730px) 100vw, 730px\" \/><\/a><figcaption class=\"wp-element-caption\">\u00c9 com muita satisfa\u00e7\u00e3o que a\u00a0<strong>Coordena\u00e7\u00e3o Nacional<\/strong>\u00a0e o\u00a0<strong>Conselho Gestor<\/strong>\u00a0do Mestrado Profissional de Sociologia em Rede Nacional divulgam o Exame Nacional de Acesso por meio do\u00a0\u00a0<a href=\"https:\/\/pos.uel.br\/profsocio\/edital-05-2025\/\" target=\"_blank\" rel=\"noreferrer noopener\">Edital 05\/2025<\/a><br>O PROFSOCIO \u00e9 um curso presencial, com oferta simult\u00e2nea nacional, no \u00e2mbito do Programa de Mestrado Profissional para Qualifica\u00e7\u00e3o de Professores da Rede P\u00fablica de Educa\u00e7\u00e3o B\u00e1sica (ProEB), conduzindo ao t\u00edtulo de Mestre em Sociologia.<\/figcaption><\/figure>\n\n\n\n<h4 class=\"wp-block-heading\"><\/h4>\n<\/div>\n<\/div>\n\n\n\n<figure class=\"wp-block-image size-large is-resized\"><img loading=\"lazy\" decoding=\"async\" width=\"1024\" height=\"107\" src=\"https:\/\/pos.uel.br\/profsocio\/wp-content\/uploads\/2023\/10\/Logos-3-1-1024x107.png\" alt=\"\" class=\"wp-image-307\" style=\"aspect-ratio:9.570093457943925;width:1077px;height:auto\" srcset=\"https:\/\/pos.uel.br\/profsocio\/wp-content\/uploads\/2023\/10\/Logos-3-1-1024x107.png 1024w, https:\/\/pos.uel.br\/profsocio\/wp-content\/uploads\/2023\/10\/Logos-3-1-300x31.png 300w, https:\/\/pos.uel.br\/profsocio\/wp-content\/uploads\/2023\/10\/Logos-3-1-768x80.png 768w, https:\/\/pos.uel.br\/profsocio\/wp-content\/uploads\/2023\/10\/Logos-3-1-1536x160.png 1536w, https:\/\/pos.uel.br\/profsocio\/wp-content\/uploads\/2023\/10\/Logos-3-1.png 1920w\" sizes=\"auto, (max-width: 1024px) 100vw, 1024px\" \/><\/figure>\n","protected":false},"excerpt":{"rendered":"<p>Acesse:<\/p>\n","protected":false},"author":0,"featured_media":0,"parent":0,"menu_order":0,"comment_status":"closed","ping_status":"closed","template":"page-templates\/template-without-title.php","meta":{"footnotes":""},"class_list":["post-71","page","type-page","status-publish","hentry"],"_links":{"self":[{"href":"https:\/\/pos.uel.br\/profsocio\/wp-json\/wp\/v2\/pages\/71","targetHints":{"allow":["GET"]}}],"collection":[{"href":"https:\/\/pos.uel.br\/profsocio\/wp-json\/wp\/v2\/pages"}],"about":[{"href":"https:\/\/pos.uel.br\/profsocio\/wp-json\/wp\/v2\/types\/page"}],"replies":[{"embeddable":true,"href":"https:\/\/pos.uel.br\/profsocio\/wp-json\/wp\/v2\/comments?post=71"}],"version-history":[{"count":29,"href":"https:\/\/pos.uel.br\/profsocio\/wp-json\/wp\/v2\/pages\/71\/revisions"}],"predecessor-version":[{"id":562,"href":"https:\/\/pos.uel.br\/profsocio\/wp-json\/wp\/v2\/pages\/71\/revisions\/562"}],"wp:attachment":[{"href":"https:\/\/pos.uel.br\/profsocio\/wp-json\/wp\/v2\/media?parent=71"}],"curies":[{"name":"wp","href":"https:\/\/api.w.org\/{rel}","templated":true}]}}