{"id":64,"date":"2021-05-16T12:26:50","date_gmt":"2021-05-16T15:26:50","guid":{"rendered":"https:\/\/pos.uel.br\/profsocio\/?page_id=64"},"modified":"2023-10-28T08:51:56","modified_gmt":"2023-10-28T11:51:56","slug":"pos-doutorado","status":"publish","type":"page","link":"https:\/\/pos.uel.br\/profsocio\/pos-doutorado\/","title":{"rendered":"Processo Seletivo 2023"},"content":{"rendered":"\n<h2 class=\"wp-block-heading\">Apresenta\u00e7\u00e3o <\/h2>\n\n\n\n<p><strong>Edital de Exame Nacional de Acesso ProfSocio \u2013\u00a0<a href=\"https:\/\/profsocio.ufc.br\/wp-content\/uploads\/2023\/10\/edital-selecao-04-2023.pdf\">Edital 04\/2023<\/a><\/strong> <\/p>\n\n\n\n<p>\u00c9 com muita satisfa\u00e7\u00e3o que a&nbsp;<strong>Coordena\u00e7\u00e3o Nacional<\/strong>&nbsp;e o&nbsp;<strong>Conselho Gestor<\/strong>&nbsp;do Mestrado Profissional de Sociologia em Rede Nacional divulgam o Exame Nacional de Acesso por meio do&nbsp;&nbsp;<a href=\"https:\/\/profsocio.ufc.br\/wp-content\/uploads\/2023\/10\/edital-selecao-04-2023.pdf\">Edital 04\/2023<\/a><\/p>\n\n\n\n<p>O PROFSOCIO \u00e9 um curso presencial, com oferta simult\u00e2nea nacional, no \u00e2mbito do Programa de Mestrado Profissional para Qualifica\u00e7\u00e3o de Professores da Rede P\u00fablica de Educa\u00e7\u00e3o B\u00e1sica (ProEB), conduzindo ao t\u00edtulo de Mestre em Sociologia.<\/p>\n\n\n\n<p>As inscri\u00e7\u00f5es come\u00e7am no dia 02\/10 at\u00e9 17\/11. O Curso gratuito \u00e9 ofertado por institui\u00e7\u00f5es p\u00fablicas e confere t\u00edtulo de mestre em Sociologia. A Sele\u00e7\u00e3o ser\u00e1 toda online, composta por duas etapas: envio de carta de inten\u00e7\u00f5es no formul\u00e1rio de inscri\u00e7\u00e3o e defesa online da carta de inten\u00e7\u00f5es.<\/p>\n\n\n\n<p>Veja o cronograma completo no&nbsp;<a href=\"https:\/\/profsocio.ufc.br\/wp-content\/uploads\/2023\/10\/edital-selecao-04-2023.pdf\">Edital 04\/2023<\/a><\/p>\n\n\n\n<p><a href=\"https:\/\/profsocio.ufc.br\/wp-content\/uploads\/2023\/10\/aditivo-profsocio-edital-04-2023.pdf\">Aditivo ao Edital 04\/2023<\/a><\/p>\n\n\n\n<h3 class=\"wp-block-heading\"><strong>Sobre o Curso<\/strong><\/h3>\n\n\n\n<p>O Mestrado Profissional de Sociologia em Rede Nacional \u00e9 um&nbsp;<strong>curso presencial de mestrado profissional em sociologia&nbsp;<\/strong>voltado para&nbsp;<strong>professores de rede p\u00fablica de ensino em exerc\u00edcio em componente da \u00e1rea de Ci\u00eancias Humanas e Sociais Aplicadas<\/strong>. O Programa possui tr\u00eas linhas de pesquisa \u2013 Educa\u00e7\u00e3o, Escola e Sociedade; Juventude e Quest\u00f5es Contempor\u00e2neas; Pr\u00e1ticas de Ensino e Conte\u00fados Curriculares \u2013 o ProfSocio tem dura\u00e7\u00e3o de 2 anos.<\/p>\n\n\n\n<h3 class=\"wp-block-heading\"><strong>Sobre a pol\u00edtica de a\u00e7\u00f5es afirmativas:<\/strong><\/h3>\n\n\n\n<p>Orienta\u00e7\u00f5es sobre a pol\u00edtica de a\u00e7\u00f5es afirmativas para p\u00f3s-gradua\u00e7\u00e3o das Institui\u00e7\u00f5es Associadas:<\/p>\n\n\n\n<p><strong><a href=\"https:\/\/profsocio.ufc.br\/wp-content\/uploads\/2023\/10\/comunicado-reserva-de-vagas-polIticas-afirmativas-edital-04-2023.pdf\">Comunicado reserva de vagas UNIVASF<\/a><\/strong><\/p>\n\n\n\n<p><strong><a href=\"https:\/\/profsocio.ufc.br\/wp-content\/uploads\/2023\/10\/reserva-de-vagas-ufjf.pdf\">C<\/a><a href=\"https:\/\/profsocio.ufc.br\/wp-content\/uploads\/2023\/10\/reserva-de-vagas-ufjf.pdf\">omunicado reserva de vagas UFJF<\/a><\/strong><\/p>\n\n\n\n<h3 class=\"wp-block-heading\"><strong>Vagas oferecidas p<\/strong>ara UEL (Universidade Estadual de Londrina):<\/h3>\n\n\n\n<p>Universidade Estadual de Londrina (UEL) \u2013 10<\/p>\n\n\n\n<p>As informa\u00e7\u00f5es completas sobre o processo seletivo podem ser encontradas no&nbsp;<a href=\"https:\/\/profsocio.ufc.br\/wp-content\/uploads\/2023\/10\/edital-selecao-04-2023.pdf\">Edital 04\/2023<\/a><\/p>\n\n\n\n<p>D\u00favidas podem ser enviadas para as nossas redes sociais&nbsp;<em>@profsocio.nacional<\/em><\/p>\n\n\n\n<h3 class=\"wp-block-heading\"><strong>Taxa de inscri\u00e7\u00e3o<\/strong><\/h3>\n\n\n\n<p>A taxa de inscri\u00e7\u00e3o para o Exame Nacional de Acesso \u00e9 de R$ 100,00 (cem reais). O(a) candidato(a) dever\u00e1 recolher o valor correspondente \u00e0 taxa de inscri\u00e7\u00e3o por meio de transfer\u00eancia banc\u00e1ria para: \u201cASTEF\u201d \u2013 Banco do Brasil \u2013 Ag\u00eancia 2937-8 \u2013 Conta corrente- 39.337-1 ou Pix (chave \u2013 profsocio.ufc@gmail.com )<\/p>\n\n\n\n<h3 class=\"wp-block-heading\"><strong>Link do Formul\u00e1rio de Inscri\u00e7\u00e3o<\/strong><\/h3>\n\n\n\n<p>As inscri\u00e7\u00f5es para o Exame Nacional de Acesso ProfSocio j\u00e1 podem ser realizadas atrav\u00e9s deste formul\u00e1rio<\/p>\n\n\n\n<p><a href=\"https:\/\/forms.gle\/csG9c64mcBFh59VC8\">https:\/\/forms.gle\/csG9c64mcBFh59VC8<\/a><\/p>\n\n\n\n<p><strong>Observa\u00e7\u00e3o importante:<\/strong>&nbsp;Para realizar a inscri\u00e7\u00e3o \u00e9 necess\u00e1rio acessar o formul\u00e1rio ap\u00f3s fazer login em uma conta do Gmail.<\/p>\n","protected":false},"excerpt":{"rendered":"<p>Apresenta\u00e7\u00e3o Edital de Exame Nacional de Acesso ProfSocio \u2013\u00a0Edital 04\/2023 \u00c9 com muita satisfa\u00e7\u00e3o que a&nbsp;Coordena\u00e7\u00e3o Nacional&nbsp;e o&nbsp;Conselho Gestor&nbsp;do Mestrado Profissional de Sociologia em Rede Nacional divulgam o Exame Nacional de Acesso por meio do&nbsp;&nbsp;Edital 04\/2023 O PROFSOCIO \u00e9 um curso presencial, com oferta simult\u00e2nea nacional, no \u00e2mbito do Programa de Mestrado Profissional para Qualifica\u00e7\u00e3o [&hellip;]<\/p>\n","protected":false},"author":7,"featured_media":0,"parent":0,"menu_order":0,"comment_status":"closed","ping_status":"closed","template":"","meta":{"footnotes":""},"class_list":["post-64","page","type-page","status-publish","hentry"],"_links":{"self":[{"href":"https:\/\/pos.uel.br\/profsocio\/wp-json\/wp\/v2\/pages\/64","targetHints":{"allow":["GET"]}}],"collection":[{"href":"https:\/\/pos.uel.br\/profsocio\/wp-json\/wp\/v2\/pages"}],"about":[{"href":"https:\/\/pos.uel.br\/profsocio\/wp-json\/wp\/v2\/types\/page"}],"author":[{"embeddable":true,"href":"https:\/\/pos.uel.br\/profsocio\/wp-json\/wp\/v2\/users\/7"}],"replies":[{"embeddable":true,"href":"https:\/\/pos.uel.br\/profsocio\/wp-json\/wp\/v2\/comments?post=64"}],"version-history":[{"count":4,"href":"https:\/\/pos.uel.br\/profsocio\/wp-json\/wp\/v2\/pages\/64\/revisions"}],"predecessor-version":[{"id":249,"href":"https:\/\/pos.uel.br\/profsocio\/wp-json\/wp\/v2\/pages\/64\/revisions\/249"}],"wp:attachment":[{"href":"https:\/\/pos.uel.br\/profsocio\/wp-json\/wp\/v2\/media?parent=64"}],"curies":[{"name":"wp","href":"https:\/\/api.w.org\/{rel}","templated":true}]}}