{"id":551,"date":"2025-08-22T15:13:29","date_gmt":"2025-08-22T18:13:29","guid":{"rendered":"https:\/\/pos.uel.br\/profsocio\/?page_id=551"},"modified":"2025-10-27T12:04:16","modified_gmt":"2025-10-27T15:04:16","slug":"edital-05-2025","status":"publish","type":"page","link":"https:\/\/pos.uel.br\/profsocio\/edital-05-2025\/","title":{"rendered":"Edital 05\/2025"},"content":{"rendered":"\n<h1 class=\"wp-block-heading\"><\/h1>\n\n\n\n<p id=\"block-bb6f287c-3bc1-4319-97fe-10238222b2f9\">\u00c9 com muita satisfa\u00e7\u00e3o que o PROFSOCIO\/UEL, a Coordena\u00e7\u00e3o Nacional e o Conselho Gestor do Mestrado Profissional de Sociologia em Rede Nacional divulgam o Exame Nacional de Acesso 2025 por meio do EDITAL 05\/2025. S\u00e3o 16 cursos em institui\u00e7\u00f5es associadas presentes em todas as regi\u00f5es do Brasil.<\/p>\n\n\n\n<p id=\"block-9b492bf3-32ce-4ff7-8fd0-2c5622b63033\">Neste edital, s\u00e3o ofertadas 246 vagas para professores(as) atuantes em disciplinas das Ci\u00eancias Humanas e Sociais Aplicadas nas redes b\u00e1sicas de ensino p\u00fablico.<br>O PROFSOCIO \u00e9 um curso presencial, com oferta simult\u00e2nea nacional, no \u00e2mbito do Programa de Mestrado Profissional para Qualifica\u00e7\u00e3o de Professores da Rede P\u00fablica de Educa\u00e7\u00e3o B\u00e1sica (PROEB) da Coordena\u00e7\u00e3o de Aperfei\u00e7oamento Pessoal de N\u00edvel Superior (CAPES).<\/p>\n\n\n\n<p id=\"block-d5747a78-2b2d-4780-954e-549ced8f0b20\">As inscri\u00e7\u00f5es come\u00e7am dia 19\/08 a partir das 17h, e seguem at\u00e9 08\/11. O Curso gratuito \u00e9 ofertado por institui\u00e7\u00f5es p\u00fablicas e confere t\u00edtulo de mestre em Sociologia. A Sele\u00e7\u00e3o ser\u00e1 toda online, composta por duas etapas: envio de carta de inten\u00e7\u00f5es no formul\u00e1rio de inscri\u00e7\u00e3o e defesa online da carta de inten\u00e7\u00f5es.<\/p>\n\n\n\n<p id=\"block-175c93c0-54b7-4375-812a-7e40b252ad24\">Na UEL (Londrina PR) as aulas ser\u00e3o presenciais e concentradas nas tardes e noites as sextas-feiras e aos s\u00e1bados pela manh\u00e3 ao longo do primeiro e segundo semestre de curso ao longo de 2026.<\/p>\n\n\n\n<p id=\"block-4df568e9-b882-4f19-95de-497e6d3ec2d8\">Para mais informa\u00e7\u00f5es, al\u00e9m das dispostas neste site, clique <a href=\"https:\/\/www.instagram.com\/profsocio.nacional?igsh=MTF3Z3ZmamhsdzVqdA==\">aqui<\/a>.<\/p>\n\n\n\n<div data-wp-interactive=\"core\/file\" class=\"wp-block-file\"><object data-wp-bind--hidden=\"!state.hasPdfPreview\" hidden class=\"wp-block-file__embed\" data=\"https:\/\/pos.uel.br\/profsocio\/wp-content\/uploads\/2025\/10\/termo-aditivo-001.2025.pdf\" type=\"application\/pdf\" style=\"width:100%;height:600px\" aria-label=\"Incorporado de termo-aditivo-001.2025.\"><\/object><a id=\"wp-block-file--media-9b6588bd-62a0-4f0c-8bad-2b588c98a6e6\" href=\"https:\/\/pos.uel.br\/profsocio\/wp-content\/uploads\/2025\/10\/termo-aditivo-001.2025.pdf\">termo-aditivo-001.2025<\/a><a href=\"https:\/\/pos.uel.br\/profsocio\/wp-content\/uploads\/2025\/10\/termo-aditivo-001.2025.pdf\" class=\"wp-block-file__button wp-element-button\" download aria-describedby=\"wp-block-file--media-9b6588bd-62a0-4f0c-8bad-2b588c98a6e6\">Baixar<\/a><\/div>\n\n\n\n<h2 class=\"wp-block-heading\"><strong>INSCRI\u00c7\u00d5ES PRORROGADAS AT\u00c9 23:59H DO DIA 08 DE NOVEMBRO DE 2025<\/strong><\/h2>\n\n\n\n<p>Ficam prorrogadas as inscri\u00e7\u00f5es para o Exame Nacional de Acesso at\u00e9 23:59h do&nbsp;<strong>dia 08 de novembro de 2025<\/strong>.&nbsp; O&nbsp;&nbsp;<a href=\"https:\/\/profsocio.ufc.br\/wp-content\/uploads\/2025\/10\/termo-aditivo-001.2025.pdf\" target=\"_blank\" rel=\"noreferrer noopener\">Termo aditivo 001\/2025<\/a>&nbsp;traz o novo cronograma do certame e altera\u00e7\u00f5es no item 4.1.4 do Edital 005\/2025<\/p>\n\n\n\n<h2 class=\"wp-block-heading\"><strong>Novo Cronograma<\/strong><\/h2>\n\n\n\n<figure class=\"wp-block-table\"><table class=\"has-fixed-layout\"><tbody><tr><td>Inscri\u00e7\u00f5es<\/td><td><strong>19 de agosto a 08 de novembro de 2025<\/strong><\/td><\/tr><tr><td>Divulga\u00e7\u00e3o de inscri\u00e7\u00f5es indeferidas<\/td><td><strong>09 de novembro de 2025<\/strong><\/td><\/tr><tr><td>Prazo para complementar documentos previstos no item 4.1.4, com envio de nova inscri\u00e7\u00e3o<\/td><td><strong>14 de novembro de 2025<\/strong><\/td><\/tr><tr><td>Divulga\u00e7\u00e3o da lista das inscri\u00e7\u00f5es homologadas<\/td><td><strong>17 de novembro de 2025<\/strong><\/td><\/tr><tr><td>Per\u00edodo recursal para as inscri\u00e7\u00f5es n\u00e3o homologadas<\/td><td><strong>18 e 19 de novembro de 2025<\/strong><\/td><\/tr><tr><td>Divulga\u00e7\u00e3o da lista final das inscri\u00e7\u00f5es homologadas<\/td><td><strong>21 de novembro de 2025<\/strong><\/td><\/tr><tr><td>Per\u00edodo de avalia\u00e7\u00e3o das Cartas de Inten\u00e7\u00e3o (primeira<br>etapa)<\/td><td><strong>24 a 27 de novembro de 2025<\/strong><\/td><\/tr><tr><td>Divulga\u00e7\u00e3o das\/os candidatas\/os classificados na primeira Etapa<\/td><td><strong>28 de novembro de 2025<\/strong><\/td><\/tr><tr><td>Per\u00edodo recursal para candidatas\/os n\u00e3o classificados\/as na primeira etapa<\/td><td><strong>01 a 02 de dezembro de 2025<\/strong><\/td><\/tr><tr><td>Divulga\u00e7\u00e3o da lista final das\/os classificados\/as na primeira etapa com agendamento dos hor\u00e1rios e plataforma da chamada de v\u00eddeo (<em>online<\/em>) para a realiza\u00e7\u00e3o das Defesas da Carta de Inten\u00e7\u00f5es.<\/td><td><strong>03 de dezembro de 2025<\/strong><\/td><\/tr><tr><td>Defesas de Cartas de Inten\u00e7\u00f5es (<em>online<\/em>)<\/td><td><strong>04 a 09 de dezembro de 2025<\/strong><\/td><\/tr><tr><td>Divulga\u00e7\u00e3o das\/os candidatas\/os classificadas\/os na Defesa de Carta de Inten\u00e7\u00f5es<\/td><td><strong>10 de dezembro de 2025<\/strong><\/td><\/tr><tr><td>Per\u00edodo recursal para candidatas\/os n\u00e3o classificadas\/os Defesa da Carta de Inten\u00e7\u00f5es<\/td><td><strong>11 a 12 de dezembro de 2025<\/strong><\/td><\/tr><tr><td>Divulga\u00e7\u00e3o da lista final das\/os classificados\/asPer\u00edodo recursal final<\/td><td><strong>15 de dezembro de 2025<\/strong><\/td><\/tr><tr><td>Per\u00edodo recursal final<\/td><td><strong>16 a 22 de dezembro de 2025<\/strong><\/td><\/tr><tr><td>Divulga\u00e7\u00e3o da lista final de aprovadas\/os com<br>classifica\u00e7\u00e3o<\/td><td><strong>23 de dezembro de 2025<\/strong><\/td><\/tr><\/tbody><\/table><\/figure>\n\n\n\n<h2 class=\"wp-block-heading\"><strong>Observa\u00e7\u00f5es importantes:<\/strong><\/h2>\n\n\n\n<p>N\u00e3o confirmamos inscri\u00e7\u00f5es realizadas. Ao conclu\u00edrem a inscri\u00e7\u00e3o, o formul\u00e1rio Google envia aos candidatos o espelho da inscri\u00e7\u00e3o;<\/p>\n\n\n\n<p>Em caso de d\u00favida, enviar e-mail para:&nbsp;<a href=\"mailto:inscricao.profsocio2026@gmail.com\" target=\"_blank\" rel=\"noreferrer noopener\">inscricao.profsocio2026@gmail.com<\/a>&nbsp;ou&nbsp;<a href=\"mailto:profsocio.ufc@gmail.com\" target=\"_blank\" rel=\"noreferrer noopener\">profsocio.ufc@gmail.com<\/a><\/p>\n\n\n\n<div data-wp-interactive=\"core\/file\" class=\"wp-block-file\"><object data-wp-bind--hidden=\"!state.hasPdfPreview\" hidden class=\"wp-block-file__embed\" data=\"https:\/\/pos.uel.br\/profsocio\/wp-content\/uploads\/2025\/08\/APRESENTAC\u0327A\u0303O-TEMAS-E-Linhas-de-pesquisa-ProfSocio.7-1.pdf\" type=\"application\/pdf\" style=\"width:100%;height:600px\" aria-label=\"Incorporado de APRESENTAC\u0327A\u0303O TEMAS E Linhas de pesquisa - ProfSocio.7.\"><\/object><a id=\"wp-block-file--media-48807712-1c03-468b-be8a-4b04a9a48931\" href=\"https:\/\/pos.uel.br\/profsocio\/wp-content\/uploads\/2025\/08\/APRESENTAC\u0327A\u0303O-TEMAS-E-Linhas-de-pesquisa-ProfSocio.7-1.pdf\">APRESENTAC\u0327A\u0303O TEMAS E Linhas de pesquisa &#8211; ProfSocio.7<\/a><a href=\"https:\/\/pos.uel.br\/profsocio\/wp-content\/uploads\/2025\/08\/APRESENTAC\u0327A\u0303O-TEMAS-E-Linhas-de-pesquisa-ProfSocio.7-1.pdf\" class=\"wp-block-file__button wp-element-button\" download aria-describedby=\"wp-block-file--media-48807712-1c03-468b-be8a-4b04a9a48931\">Baixar<\/a><\/div>\n\n\n\n<p><\/p>\n","protected":false},"excerpt":{"rendered":"<p>\u00c9 com muita satisfa\u00e7\u00e3o que o PROFSOCIO\/UEL, a Coordena\u00e7\u00e3o Nacional e o Conselho Gestor do Mestrado Profissional de Sociologia em Rede Nacional divulgam o Exame Nacional de Acesso 2025 por meio do EDITAL 05\/2025. S\u00e3o 16 cursos em institui\u00e7\u00f5es associadas presentes em todas as regi\u00f5es do Brasil. Neste edital, s\u00e3o ofertadas 246 vagas para professores(as) [&hellip;]<\/p>\n","protected":false},"author":12,"featured_media":0,"parent":0,"menu_order":0,"comment_status":"closed","ping_status":"closed","template":"","meta":{"footnotes":""},"class_list":["post-551","page","type-page","status-publish","hentry"],"_links":{"self":[{"href":"https:\/\/pos.uel.br\/profsocio\/wp-json\/wp\/v2\/pages\/551","targetHints":{"allow":["GET"]}}],"collection":[{"href":"https:\/\/pos.uel.br\/profsocio\/wp-json\/wp\/v2\/pages"}],"about":[{"href":"https:\/\/pos.uel.br\/profsocio\/wp-json\/wp\/v2\/types\/page"}],"author":[{"embeddable":true,"href":"https:\/\/pos.uel.br\/profsocio\/wp-json\/wp\/v2\/users\/12"}],"replies":[{"embeddable":true,"href":"https:\/\/pos.uel.br\/profsocio\/wp-json\/wp\/v2\/comments?post=551"}],"version-history":[{"count":13,"href":"https:\/\/pos.uel.br\/profsocio\/wp-json\/wp\/v2\/pages\/551\/revisions"}],"predecessor-version":[{"id":586,"href":"https:\/\/pos.uel.br\/profsocio\/wp-json\/wp\/v2\/pages\/551\/revisions\/586"}],"wp:attachment":[{"href":"https:\/\/pos.uel.br\/profsocio\/wp-json\/wp\/v2\/media?parent=551"}],"curies":[{"name":"wp","href":"https:\/\/api.w.org\/{rel}","templated":true}]}}