{"id":454,"date":"2024-12-19T23:04:15","date_gmt":"2024-12-20T02:04:15","guid":{"rendered":"https:\/\/pos.uel.br\/profsocio\/?page_id=454"},"modified":"2025-02-19T17:38:16","modified_gmt":"2025-02-19T20:38:16","slug":"credenciamento-docente","status":"publish","type":"page","link":"https:\/\/pos.uel.br\/profsocio\/credenciamento-docente\/","title":{"rendered":"CREDENCIAMENTO DOCENTE"},"content":{"rendered":"\n<h3 class=\"wp-block-heading\">EDITAL PROFSOCIO\/UEL N. 003\/2024<br>CHAMADA PARA CREDENCIAMENTO DOCENTE<br><\/h3>\n\n\n\n<p>A Coordena\u00e7\u00e3o do Mestrado Profissional de Sociologia em Rede Nacional (PROFSOCIO) \u2013 UEL)<br>torna p\u00fablico as normas e procedimentos para o credenciamento de docente.<\/p>\n\n\n\n<p>Acesse <a href=\"https:\/\/pos.uel.br\/profsocio\/wp-content\/uploads\/2024\/12\/Edital-credenciamento-docente.pdf\">aqui<\/a><\/p>\n\n\n\n<h2 class=\"wp-block-heading\"><strong><mark style=\"background-color:#ffffff\" class=\"has-inline-color has-primary-accent-color\">SELE\u00c7\u00c3O DOCENTES 2025<\/mark><\/strong><br>EDITAL PROFSOCIO\/UEL N. 001\/2025<\/h2>\n\n\n\n<p><strong>HOMOLOGA\u00c7\u00c3O DAS CANDIDATURAS<\/strong><br>A Coordena\u00e7\u00e3o do Mestrado Profissional de Sociologia em Rede Nacional (PROFSOCIO \u2013 UEL) <br>torna p\u00fablica a homologa\u00e7\u00e3o das candidaturas, com base no<br>EDITAL PROFSOCIO\/UEL N.&nbsp;<strong>003\/2024.<\/strong><\/p>\n\n\n\n<p>Acesse&nbsp;<a href=\"https:\/\/pos.uel.br\/profsocio\/wp-content\/uploads\/2025\/02\/Edital-homologacao-das-inscricoes.1.pdf\" target=\"_blank\" rel=\"noreferrer noopener\">aqui<\/a><\/p>\n\n\n\n<h2 class=\"wp-block-heading\"><mark style=\"background-color:#ffffff\" class=\"has-inline-color has-extra-1-color\">RESULTADO FINAL<\/mark><\/h2>\n\n\n\n<h2 class=\"wp-block-heading\"><strong>EDITAL PROFSOCIO\/UEL N. 003\/2024.<\/strong><\/h2>\n\n\n\n<p>A Coordena\u00e7\u00e3o do Mestrado Profissional de Sociologia em Rede Nacional (PROFSOCIO\u2013UEL) <br>orna p\u00fablico, em ordem alfab\u00e9tica, o resultado o <strong>Resultado Final<\/strong>.<\/p>\n\n\n\n<p>Acesse <a href=\"https:\/\/pos.uel.br\/profsocio\/wp-content\/uploads\/2025\/02\/EDITAL-PROFSOCIO-02-2025-RESULTADO-FINAL.pdf\" data-type=\"link\" data-id=\"https:\/\/pos.uel.br\/profsocio\/wp-content\/uploads\/2025\/02\/EDITAL-PROFSOCIO-02-2025-RESULTADO-FINAL.pdf\" target=\"_blank\" rel=\"noreferrer noopener\">aqui<\/a><\/p>\n\n\n\n<p><\/p>\n","protected":false},"excerpt":{"rendered":"<p>EDITAL PROFSOCIO\/UEL N. 003\/2024CHAMADA PARA CREDENCIAMENTO DOCENTE A Coordena\u00e7\u00e3o do Mestrado Profissional de Sociologia em Rede Nacional (PROFSOCIO) \u2013 UEL)torna p\u00fablico as normas e procedimentos para o credenciamento de docente. Acesse aqui SELE\u00c7\u00c3O DOCENTES 2025EDITAL PROFSOCIO\/UEL N. 001\/2025 HOMOLOGA\u00c7\u00c3O DAS CANDIDATURASA Coordena\u00e7\u00e3o do Mestrado Profissional de Sociologia em Rede Nacional (PROFSOCIO \u2013 UEL) torna p\u00fablica [&hellip;]<\/p>\n","protected":false},"author":12,"featured_media":0,"parent":0,"menu_order":0,"comment_status":"closed","ping_status":"closed","template":"","meta":{"footnotes":""},"class_list":["post-454","page","type-page","status-publish","hentry"],"_links":{"self":[{"href":"https:\/\/pos.uel.br\/profsocio\/wp-json\/wp\/v2\/pages\/454","targetHints":{"allow":["GET"]}}],"collection":[{"href":"https:\/\/pos.uel.br\/profsocio\/wp-json\/wp\/v2\/pages"}],"about":[{"href":"https:\/\/pos.uel.br\/profsocio\/wp-json\/wp\/v2\/types\/page"}],"author":[{"embeddable":true,"href":"https:\/\/pos.uel.br\/profsocio\/wp-json\/wp\/v2\/users\/12"}],"replies":[{"embeddable":true,"href":"https:\/\/pos.uel.br\/profsocio\/wp-json\/wp\/v2\/comments?post=454"}],"version-history":[{"count":16,"href":"https:\/\/pos.uel.br\/profsocio\/wp-json\/wp\/v2\/pages\/454\/revisions"}],"predecessor-version":[{"id":490,"href":"https:\/\/pos.uel.br\/profsocio\/wp-json\/wp\/v2\/pages\/454\/revisions\/490"}],"wp:attachment":[{"href":"https:\/\/pos.uel.br\/profsocio\/wp-json\/wp\/v2\/media?parent=454"}],"curies":[{"name":"wp","href":"https:\/\/api.w.org\/{rel}","templated":true}]}}