{"id":282,"date":"2023-10-28T10:59:16","date_gmt":"2023-10-28T13:59:16","guid":{"rendered":"https:\/\/pos.uel.br\/profsocio\/?page_id=282"},"modified":"2023-10-28T22:50:41","modified_gmt":"2023-10-29T01:50:41","slug":"rede-nacional","status":"publish","type":"page","link":"https:\/\/pos.uel.br\/profsocio\/rede-nacional\/","title":{"rendered":"Rede Nacional"},"content":{"rendered":"\n<h2 class=\"wp-block-heading\">Institui\u00e7\u00f5es Associadas&nbsp;<\/h2>\n\n\n\n<p>Funda\u00e7\u00e3o Joaquim Nabuco (<a href=\"https:\/\/www.gov.br\/fundaj\/pt-br\" target=\"_blank\" rel=\"noreferrer noopener\">FUNDAJ<\/a>) \u2013 Recife, Pernambuco<\/p>\n\n\n\n<p>Universidade Estadual de Londrina (<a href=\"http:\/\/www.uel.br\/\" target=\"_blank\" rel=\"noreferrer noopener\">UEL<\/a>) \u2013 Londrina, Paran\u00e1<\/p>\n\n\n\n<p>Universidade Estadual do Vale do Acara\u00fa (<a href=\"https:\/\/www.uva.ce.gov.br\/\" target=\"_blank\" rel=\"noreferrer noopener\">UVA<\/a>) \u2013 Sobral, Cear\u00e1<\/p>\n\n\n\n<p>Universidade Estadual Paulista J\u00falio de Mesquita Filho (<a href=\"http:\/\/www.marilia.unesp.br\/\" target=\"_blank\" rel=\"noreferrer noopener\">UNESP<\/a>) \u2013 campus Mar\u00edlia, S\u00e3o Paulo<\/p>\n\n\n\n<p>Universidade Federal de Campina Grande (<a href=\"http:\/\/www.ufcg.edu.br\/\" target=\"_blank\" rel=\"noreferrer noopener\">UFCG<\/a>) \u2013 campus Campina Grande, Para\u00edba<\/p>\n\n\n\n<p>Universidade Federal do Cear\u00e1 (<a href=\"http:\/\/www.ufc.br\/\" target=\"_blank\" rel=\"noreferrer noopener\">UFC<\/a>) \u2013 Fortaleza, Cear\u00e1<\/p>\n\n\n\n<p>Universidade Federal do Paran\u00e1 (<a href=\"http:\/\/www.humanas.ufpr.br\/portal\/profsocio\/\" target=\"_blank\" rel=\"noreferrer noopener\">UFPR<\/a>) \u2013 Curitiba, Paran\u00e1<\/p>\n\n\n\n<p>Universidade Federal do Vale do S\u00e3o Francisco (<a href=\"http:\/\/portais.univasf.edu.br\/\" target=\"_blank\" rel=\"noreferrer noopener\">UNIVASF<\/a>)&nbsp; \u2013 campus Juazeiro, Bahia<\/p>\n\n\n\n<p>Universidade Estadual do Rio Grande do Norte (<a href=\"https:\/\/portal.uern.br\/\">UERN<\/a>) \u2013 campus Mossor\u00f3, Rio Grande do Norte<\/p>\n\n\n\n<p>Universidade Federal do Amap\u00e1&nbsp;(<a href=\"http:\/\/www.unifap.br\/\">UNIFAP<\/a>) \u2013 campus Macap\u00e1, Amap\u00e1&nbsp; &nbsp; &nbsp; &nbsp; &nbsp; &nbsp; &nbsp; &nbsp; &nbsp; &nbsp; &nbsp; &nbsp; &nbsp; &nbsp; &nbsp; &nbsp; &nbsp; &nbsp; &nbsp; &nbsp; &nbsp; &nbsp; &nbsp; &nbsp; &nbsp; &nbsp; &nbsp; &nbsp; &nbsp; &nbsp; &nbsp;<\/p>\n\n\n\n<p>Universidade Federal do Sul e Sudeste do Par\u00e1 (<a href=\"https:\/\/www.unifesspa.edu.br\/\">UNIFESSPA<\/a>) \u2013 campus Marab\u00e1, Par\u00e1&nbsp; &nbsp; &nbsp; &nbsp; &nbsp; &nbsp; &nbsp; &nbsp; &nbsp; &nbsp; &nbsp; &nbsp; &nbsp; &nbsp; &nbsp; &nbsp; &nbsp;<\/p>\n\n\n\n<p>Universidade Estadual do Mato Grosso do Sul (<a href=\"https:\/\/www.uems.br\/\">UEMS<\/a>) \u2013 campus Parana\u00edba,&nbsp;Mato Grosso do Sul&nbsp; &nbsp; &nbsp; &nbsp; &nbsp; &nbsp; &nbsp;<\/p>\n\n\n\n<p>Universidade do Estado do Mato Grosso (<a href=\"https:\/\/unemat.br\/\">UNEMAT<\/a>) \u2013 Sinop, Mato Grosso&nbsp; &nbsp; &nbsp; &nbsp; &nbsp; &nbsp; &nbsp; &nbsp; &nbsp; &nbsp; &nbsp; &nbsp; &nbsp; &nbsp; &nbsp; &nbsp; &nbsp; &nbsp; &nbsp; &nbsp; &nbsp; &nbsp; &nbsp; &nbsp; &nbsp; &nbsp; &nbsp;<\/p>\n\n\n\n<p>Universidade Federal de Juiz de Fora&nbsp;(<a href=\"https:\/\/www2.ufjf.br\/ufjf\/\">UFJF<\/a>) \u2013 campus Juiz de Fora, Minas Gerais&nbsp; &nbsp; &nbsp; &nbsp; &nbsp; &nbsp; &nbsp; &nbsp; &nbsp; &nbsp; &nbsp; &nbsp; &nbsp; &nbsp; &nbsp; &nbsp; &nbsp; &nbsp; &nbsp;<\/p>\n\n\n\n<p>Universidade Federal de Uberl\u00e2ndia&nbsp;(<a href=\"https:\/\/ufu.br\/\">UFU<\/a>) \u2013 campus Uberl\u00e2ndia, Minas Gerais<\/p>\n","protected":false},"excerpt":{"rendered":"<p>Institui\u00e7\u00f5es Associadas&nbsp; Funda\u00e7\u00e3o Joaquim Nabuco (FUNDAJ) \u2013 Recife, Pernambuco Universidade Estadual de Londrina (UEL) \u2013 Londrina, Paran\u00e1 Universidade Estadual do Vale do Acara\u00fa (UVA) \u2013 Sobral, Cear\u00e1 Universidade Estadual Paulista J\u00falio de Mesquita Filho (UNESP) \u2013 campus Mar\u00edlia, S\u00e3o Paulo Universidade Federal de Campina Grande (UFCG) \u2013 campus Campina Grande, Para\u00edba Universidade Federal do Cear\u00e1 [&hellip;]<\/p>\n","protected":false},"author":12,"featured_media":0,"parent":0,"menu_order":0,"comment_status":"closed","ping_status":"closed","template":"","meta":{"footnotes":""},"class_list":["post-282","page","type-page","status-publish","hentry"],"_links":{"self":[{"href":"https:\/\/pos.uel.br\/profsocio\/wp-json\/wp\/v2\/pages\/282","targetHints":{"allow":["GET"]}}],"collection":[{"href":"https:\/\/pos.uel.br\/profsocio\/wp-json\/wp\/v2\/pages"}],"about":[{"href":"https:\/\/pos.uel.br\/profsocio\/wp-json\/wp\/v2\/types\/page"}],"author":[{"embeddable":true,"href":"https:\/\/pos.uel.br\/profsocio\/wp-json\/wp\/v2\/users\/12"}],"replies":[{"embeddable":true,"href":"https:\/\/pos.uel.br\/profsocio\/wp-json\/wp\/v2\/comments?post=282"}],"version-history":[{"count":4,"href":"https:\/\/pos.uel.br\/profsocio\/wp-json\/wp\/v2\/pages\/282\/revisions"}],"predecessor-version":[{"id":315,"href":"https:\/\/pos.uel.br\/profsocio\/wp-json\/wp\/v2\/pages\/282\/revisions\/315"}],"wp:attachment":[{"href":"https:\/\/pos.uel.br\/profsocio\/wp-json\/wp\/v2\/media?parent=282"}],"curies":[{"name":"wp","href":"https:\/\/api.w.org\/{rel}","templated":true}]}}