{"id":262,"date":"2023-10-28T09:16:48","date_gmt":"2023-10-28T12:16:48","guid":{"rendered":"https:\/\/pos.uel.br\/profsocio\/?page_id=262"},"modified":"2023-12-18T16:21:40","modified_gmt":"2023-12-18T19:21:40","slug":"processo-seletivo-2023","status":"publish","type":"page","link":"https:\/\/pos.uel.br\/profsocio\/processo-seletivo-2023\/","title":{"rendered":"Processo Seletivo 2023"},"content":{"rendered":"\n<figure class=\"wp-block-image size-full is-resized\"><img loading=\"lazy\" decoding=\"async\" width=\"730\" height=\"392\" src=\"https:\/\/pos.uel.br\/profsocio\/wp-content\/uploads\/2023\/10\/WhatsApp-Image-2023-10-05-at-17.40.24.jpeg\" alt=\"\" class=\"wp-image-276\" style=\"aspect-ratio:1.8622448979591837;width:1075px;height:auto\" srcset=\"https:\/\/pos.uel.br\/profsocio\/wp-content\/uploads\/2023\/10\/WhatsApp-Image-2023-10-05-at-17.40.24.jpeg 730w, https:\/\/pos.uel.br\/profsocio\/wp-content\/uploads\/2023\/10\/WhatsApp-Image-2023-10-05-at-17.40.24-300x161.jpeg 300w\" sizes=\"auto, (max-width: 730px) 100vw, 730px\" \/><\/figure>\n\n\n\n<h2 class=\"wp-block-heading\"><strong>RESULTADO FINAL DA 1\u00aa FASE DO EXAME NACIONAL DE ACESSO\u00a0E INSTRU\u00c7\u00d5ES PARA A 2\u00aa FASE<\/strong><\/h2>\n\n\n\n<div class=\"wp-block-columns is-layout-flex wp-container-core-columns-is-layout-9d6595d7 wp-block-columns-is-layout-flex\">\n<div class=\"wp-block-column is-layout-flow wp-block-column-is-layout-flow\" style=\"flex-basis:66.66%\">\n<p>O Conselho Gestor e a Comiss\u00e3o Nacional de Sele\u00e7\u00e3o do Mestrado Profissional de Sociologia em Rede Nacional (PROFSOCIO) tornam p\u00fablico o resultado da avalia\u00e7\u00e3o dos recursos interpostos ao resultado parcial da 1\u00aa etapa do Exame Nacional de Acesso Edital 04\/2023, bem como as orienta\u00e7\u00f5es para a 2\u00aa etapa do processo seletivo.<\/p>\n\n\n\n<p><a href=\"https:\/\/profsocio.ufc.br\/wp-content\/uploads\/2023\/12\/recursos-A-nota-da-carta-de-intenCAo.pdf\">Resultado dos recursos<\/a><\/p>\n\n\n\n<h5 class=\"wp-block-heading\"><strong>ORIENTA\u00c7\u00d5ES PARA A 2\u00aa FASE \u2013 DEFESA DA CARTA DE INTEN\u00c7\u00c3O:<\/strong><\/h5>\n\n\n\n<p>A defesas da carta de inten\u00e7\u00e3o ser\u00e1 realizada entre os dias\u00a0<strong>19 e 22 de dezembro 2023,\u00a0<\/strong>de acordo com as datas e hor\u00e1rios estabelecidos para cada candidato(a) pelas institui\u00e7\u00f5es Associadas. Vejam abaixo cronogramas das defesas:<\/p>\n\n\n\n<p><a href=\"https:\/\/profsocio.ufc.br\/wp-content\/uploads\/2023\/12\/uel-2.pdf\">UEL<\/a><\/p>\n\n\n\n<p>Segundo o Edital de Sele\u00e7\u00e3o, a defesa (online) da carta de inten\u00e7\u00e3o ocorrer\u00e1 em dia e hor\u00e1rio estipulados pela Comiss\u00e3o de Sele\u00e7\u00e3o e Admiss\u00e3o da Institui\u00e7\u00e3o Associad<\/p>\n\n\n\n<p>Cada associada indicar\u00e1 no e-mail enviado aos candidatos o aplicativo que ser\u00e1 utilizado (Google meet) para a realiza\u00e7\u00e3o dessa fase da sele\u00e7\u00e3o, bem como orienta\u00e7\u00f5es para o procedimento da sess\u00e3o de defesa.<\/p>\n\n\n\n<p>Com 24 horas de anteced\u00eancia, os candidatos classificados receber\u00e3o um e-mail da Comiss\u00e3o de Sele\u00e7\u00e3o e Admiss\u00e3o da Institui\u00e7\u00e3o Associada para a qual se inscreveram contendo dia, hor\u00e1rio e instru\u00e7\u00f5es para participar da segunda etapa do processo seletivo.<\/p>\n\n\n\n<p>Os candidatos devem conferir no e-mail pessoal indicado no ato de inscri\u00e7\u00e3o, inclusive na caixa de spam. Caso\u00a0<strong>n\u00e3o tenham recebido a mensagem dentro das 24h que antecedem a defesa<\/strong>, os candidatos dever\u00e3o enviar mensagem para os e-mails das Coordena\u00e7\u00f5es das Associadas, quais sejam:<\/p>\n\n\n\n<p>UEL \u2013\u00a0<a href=\"mailto:profsocio.uel@gmail.com\">profsocio.uel@gmail.com<\/a><\/p>\n\n\n\n<h1 class=\"wp-block-heading\"><strong>RESULTADO DA 1\u00aa FASE DO EXAME NACIONAL DE ACESSO \u2013 EDITAL 04\/2023<\/strong><\/h1>\n\n\n\n<p>O Conselho Gestor do Mestrado Profissional de Sociologia em Rede Nacional (PROFSOCIO) torna p\u00fablico o ressaltado da avalia\u00e7\u00e3o das cartas de inten\u00e7\u00e3o:<\/p>\n\n\n\n<p><a href=\"https:\/\/profsocio.ufc.br\/wp-content\/uploads\/2023\/12\/uel.pdf\">UEL<\/a><\/p>\n\n\n\n<p>Caso o candidato n\u00e3o concorde com o resultado, poder\u00e1 interpor recurso impreterivelmente nos\u00a0<strong>dias 14 e 15 de dezembro de 2023,<\/strong>\u00a0 conforme o item 9 do edital 04\/2023. Estes devem ser enviados para os e-mails das secretarias das associadas para as quais os candidatos se inscreveram. Os endere\u00e7os de e-mail s\u00e3o:<\/p>\n\n\n\n<p>UEL \u2013\u00a0<a href=\"mailto:profsocio.uel@gmail.com\">profsocio.uel@gmail.com<\/a><\/p>\n\n\n\n<h3 class=\"wp-block-heading\"><a href=\"https:\/\/profsocio.ufc.br\/wp-content\/uploads\/2023\/12\/modelo-de-recurso-1.doc\">Modelo de recurso<\/a><\/h3>\n\n\n\n<p>Ser\u00e3o admitidos recursos, pelo prazo de quarenta e oito horas, a partir da divulga\u00e7\u00e3o dos resultados parciais das fases da carta de inten\u00e7\u00f5es, at\u00e9 as 18h do dia 15 de dezembro de 2023.<\/p>\n\n\n\n<ol class=\"wp-block-list\" start=\"9\">\n<li><strong>DA INTERPOSI\u00c7\u00c3O DE RECURSOS<\/strong><\/li>\n<\/ol>\n\n\n\n<p>9.1 Ser\u00e3o admitidos recursos, pelo prazo de quarenta e oito horas, a partir da divulga\u00e7\u00e3o dos resultados parciais das fases de inscri\u00e7\u00e3o, carta de inten\u00e7\u00f5es, defesa virtual (online) da carta de inten\u00e7\u00f5es e argui\u00e7\u00e3o virtual (online) de conhecimentos espec\u00edficos.<\/p>\n\n\n\n<p>9.2 O(a) candidato(a) que desejar interpor recurso dever\u00e1 adotar os seguintes procedimentos:<\/p>\n\n\n\n<p>a)Acessar o endere\u00e7o eletr\u00f4nico https:\/\/profsocio.ufc.br, no qual estar\u00e1 dispon\u00edvel o requerimento para recurso.<\/p>\n\n\n\n<p>b) Preencher integralmente o requerimento, de acordo com as instru\u00e7\u00f5es espec\u00edficas.<\/p>\n\n\n\n<p>c) Enviar eletronicamente o requerimento para o endere\u00e7o eletr\u00f4nico da secretaria da Institui\u00e7\u00e3o Associada indicada pelo candidato no formul\u00e1rio de inscri\u00e7\u00e3o e imprimir o comprovante de solicita\u00e7\u00e3o.<\/p>\n\n\n\n<p>9.3 Em nenhuma hip\u00f3tese haver\u00e1 segunda chamada para etapa de examina\u00e7\u00e3o, nem ser\u00e3o admitidos recursos fora do prazo estabelecido.<\/p>\n\n\n\n<p>9.4 Os recursos ser\u00e3o julgados em car\u00e1ter final e irrecorr\u00edvel pela Comiss\u00e3o de Sele\u00e7\u00e3o e Admiss\u00e3o da Institui\u00e7\u00e3o Associada para a qual o(a) candidato(a) se inscreveu, podendo esta consultar a Comiss\u00e3o Nacional de Sele\u00e7\u00e3o, a seu crit\u00e9rio.<\/p>\n\n\n\n<p>9.5 Os resultados dos recursos ser\u00e3o comunicados diretamente aos (\u00e0s) recorrentes, por e-mail.<\/p>\n\n\n\n<h4 class=\"wp-block-heading\"><strong>RESULTADO DA HOMOLOGA\u00c7\u00c3O DAS INSCRI\u00c7\u00d5ES DO EXAME NACIONAL DE ACESSO AP\u00d3S A INTERPOSI\u00c7\u00c3O DE RECURSOS<\/strong><\/h4>\n\n\n\n<p>Foram analisados os recursos recebidos at\u00e9 \u00e0s 23:59h do dia 06 de dezembro de 2023. Todos os candidatos foram comunicados por e-mail acerca do resultado da avalia\u00e7\u00e3o dos requerimentos de recurso. Veja abaixo a lista final de inscri\u00e7\u00f5es homologadas e o resultado da avalia\u00e7\u00e3o dos recursos.<\/p>\n\n\n\n<p><a href=\"https:\/\/profsocio.ufc.br\/wp-content\/uploads\/2023\/12\/resultado-da-interposiCAo-de-recursos-A-fase-de-homologaCAo-das-inscriCOes-2.pdf\">RESULTADO DOS RECURSOS<\/a><\/p>\n\n\n\n<p><a href=\"https:\/\/profsocio.ufc.br\/wp-content\/uploads\/2023\/12\/lista-final-de-homologados-3.pdf\">LISTA FINAL DE HOMOLOGA\u00c7\u00d5ES<\/a><\/p>\n\n\n\n<p>O Conselho Gestor e a Comiss\u00e3o Nacional de Sele\u00e7\u00e3o do Mestrado Profissional de Sociologia em Rede Nacional (PROFSOCIO) tornam p\u00fablico o resultado da homologa\u00e7\u00e3o das inscri\u00e7\u00f5es do Exame Nacional de Acesso do Edital 04\/2023.<\/p>\n\n\n\n<ul class=\"wp-block-list\">\n<li><a href=\"https:\/\/profsocio.ufc.br\/wp-content\/uploads\/2023\/12\/resultado-das-homologaCOes-1.pdf\">RESULTADO DA HOMOLOGA\u00c7\u00c3O DAS INSCRI\u00c7\u00d5ES<\/a><\/li>\n\n\n\n<li><a href=\"https:\/\/profsocio.ufc.br\/wp-content\/uploads\/2023\/12\/modelo-de-recurso.doc\">MODELO DE RECURSO<\/a><\/li>\n<\/ul>\n\n\n\n<p>De Acordo com os itens 9. do referido edital, ser\u00e3o admitidos recursos, pelo prazo de&nbsp;<strong>quarenta e oito horas<\/strong>, a partir da divulga\u00e7\u00e3o dos resultados parciais das fases de inscri\u00e7\u00e3o, carta de inten\u00e7\u00f5es, defesa virtual (online) da carta de inten\u00e7\u00f5es e argui\u00e7\u00e3o virtual (online) de conhecimentos espec\u00edficos.<\/p>\n\n\n\n<p>\u201c9.2. O(a) candidato(a) que desejar interpor recurso dever\u00e1 adotar os seguintes procedimentos:<br>a) Acessar o endere\u00e7o eletr\u00f4nico https:\/\/profsocio.ufc.br, no qual estar\u00e1 dispon\u00edvel o requerimento para recurso.<br>b) Preencher integralmente o requerimento, de acordo com as instru\u00e7\u00f5es espec\u00edficas.<br>c) Enviar eletronicamente o requerimento para o endere\u00e7o eletr\u00f4nico&nbsp;<strong>inscricaoprofsocio2024@gmail.com<\/strong><br>9.3. Em nenhuma hip\u00f3tese haver\u00e1 segunda chamada para etapa de examina\u00e7\u00e3o, nem ser\u00e3o admitidos recursos fora do prazo estabelecido\u201d.<\/p>\n\n\n\n<p><strong>Edital de Exame Nacional de Acesso ProfSocio \u2013&nbsp;<a href=\"https:\/\/pos.uel.br\/profsocio\/wp-content\/uploads\/2023\/11\/Edital-selecao-2023-24-repunblicado-prorrogacao-1.pdf\" target=\"_blank\" rel=\"noreferrer noopener\">Edital 04\/2023<\/a><\/strong> <\/p>\n\n\n\n<p>\u00c9 com muita satisfa\u00e7\u00e3o que a&nbsp;<strong>Coordena\u00e7\u00e3o Nacional<\/strong>&nbsp;e o&nbsp;<strong>Conselho Gestor<\/strong>&nbsp;do Mestrado Profissional de Sociologia em Rede Nacional divulgam o Exame Nacional de Acesso por meio do&nbsp;&nbsp;<a href=\"https:\/\/pos.uel.br\/profsocio\/wp-content\/uploads\/2023\/11\/Edital-selecao-2023-24-repunblicado-prorrogacao-1.pdf\" target=\"_blank\" rel=\"noreferrer noopener\">Edital 04\/2023<\/a><\/p>\n\n\n\n<p>O PROFSOCIO \u00e9 um curso presencial, com oferta simult\u00e2nea nacional, no \u00e2mbito do Programa de Mestrado Profissional para Qualifica\u00e7\u00e3o de Professores da Rede P\u00fablica de Educa\u00e7\u00e3o B\u00e1sica (ProEB), conduzindo ao t\u00edtulo de Mestre em Sociologia.<\/p>\n\n\n\n<p>As inscri\u00e7\u00f5es come\u00e7am no dia 02\/10 at\u00e9 01\/12. O Curso gratuito \u00e9 ofertado por institui\u00e7\u00f5es p\u00fablicas e confere t\u00edtulo de mestre em Sociologia. A Sele\u00e7\u00e3o ser\u00e1 toda online, composta por duas etapas: envio de carta de inten\u00e7\u00f5es no formul\u00e1rio de inscri\u00e7\u00e3o e defesa online da carta de inten\u00e7\u00f5es.<\/p>\n\n\n\n<h3 class=\"wp-block-heading\"><strong>Sobre o Curso<\/strong><\/h3>\n\n\n\n<p>O Mestrado Profissional de Sociologia em Rede Nacional \u00e9 um&nbsp;<strong>curso presencial de mestrado profissional em sociologia&nbsp;<\/strong>voltado para&nbsp;<strong>professores de rede p\u00fablica de ensino em exerc\u00edcio em componente da \u00e1rea de Ci\u00eancias Humanas e Sociais Aplicadas<\/strong>. O Programa possui tr\u00eas linhas de pesquisa \u2013 Educa\u00e7\u00e3o, Escola e Sociedade; Juventude e Quest\u00f5es Contempor\u00e2neas; Pr\u00e1ticas de Ensino e Conte\u00fados Curriculares \u2013 o ProfSocio tem dura\u00e7\u00e3o de 2 anos.<\/p>\n\n\n\n<p><\/p>\n\n\n\n<h3 class=\"wp-block-heading\"><strong>Vagas oferecidas p<\/strong>ara UEL (Universidade Estadual de Londrina):<\/h3>\n\n\n\n<p>Universidade Estadual de Londrina (UEL) \u2013 10<\/p>\n\n\n\n<p>As informa\u00e7\u00f5es completas sobre o processo seletivo podem ser encontradas no&nbsp;<a href=\"https:\/\/pos.uel.br\/profsocio\/wp-content\/uploads\/2023\/11\/Edital-selecao-2023-24-repunblicado-prorrogacao-1.pdf\" target=\"_blank\" rel=\"noreferrer noopener\">Edital 04\/2023<\/a><\/p>\n\n\n\n<p>D\u00favidas podem ser enviadas para as nossas redes sociais&nbsp;<em>@profsocio.nacional<\/em><\/p>\n\n\n\n<h3 class=\"wp-block-heading\"><strong>Taxa de inscri\u00e7\u00e3o<\/strong><\/h3>\n\n\n\n<p>A taxa de inscri\u00e7\u00e3o para o Exame Nacional de Acesso \u00e9 de R$ 100,00 (cem reais). O(a) candidato(a) dever\u00e1 recolher o valor correspondente \u00e0 taxa de inscri\u00e7\u00e3o por meio de transfer\u00eancia banc\u00e1ria para: \u201cASTEF\u201d \u2013 Banco do Brasil \u2013 Ag\u00eancia 2937-8 \u2013 Conta corrente- 39.337-1 ou Pix (chave \u2013 profsocio.ufc@gmail.com )<\/p>\n\n\n\n<h3 class=\"wp-block-heading\"><strong>Link do Formul\u00e1rio de Inscri\u00e7\u00e3o<\/strong><\/h3>\n\n\n\n<p>As inscri\u00e7\u00f5es para o Exame Nacional de Acesso ProfSocio j\u00e1 podem ser realizadas atrav\u00e9s deste formul\u00e1rio<\/p>\n\n\n\n<p><a href=\"https:\/\/forms.gle\/csG9c64mcBFh59VC8\">https:\/\/forms.gle\/csG9c64mcBFh59VC8<\/a><\/p>\n\n\n\n<p><strong>Observa\u00e7\u00e3o importante:<\/strong>&nbsp;Para realizar a inscri\u00e7\u00e3o \u00e9 necess\u00e1rio acessar o formul\u00e1rio ap\u00f3s fazer login em uma conta do Gmail.<\/p>\n<\/div>\n\n\n\n<div class=\"wp-block-column is-layout-flow wp-block-column-is-layout-flow\" style=\"flex-basis:33.33%\">\n<ul class=\"wp-block-list\">\n<li><strong><a href=\"https:\/\/pos.uel.br\/profsocio\/wp-content\/uploads\/2023\/11\/Edital-selecao-2023-24-repunblicado-prorrogacao-1.pdf\" target=\"_blank\" rel=\"noreferrer noopener\">Edital 04\/2023<\/a> <\/strong><\/li>\n\n\n\n<li><a href=\"https:\/\/pos.uel.br\/profsocio\/wp-content\/uploads\/2023\/11\/Edital-selecao-2023-24-repunblicado-prorrogacao-1.pdf\" target=\"_blank\" rel=\"noreferrer noopener\"><strong>Aditivo ao Edital 04\/2023<\/strong> <\/a><\/li>\n\n\n\n<li><strong><a href=\"https:\/\/pos.uel.br\/profsocio\/wp-content\/uploads\/2023\/11\/Edital-selecao-2023-24-repunblicado-prorrogacao-1.pdf\" target=\"_blank\" rel=\"noreferrer noopener\">Cronograma completo no&nbsp;Edital 04\/2023<\/a><\/strong><\/li>\n\n\n\n<li><strong><a href=\"https:\/\/forms.gle\/csG9c64mcBFh59VC8\">Formul\u00e1rio de Inscri\u00e7\u00e3o<\/a><\/strong><\/li>\n<\/ul>\n\n\n\n<div class=\"wp-block-media-text is-stacked-on-mobile is-vertically-aligned-center\"><figure class=\"wp-block-media-text__media\"><video controls src=\"https:\/\/pos.uel.br\/profsocio\/wp-content\/uploads\/2023\/10\/VIDEO-10-1.mp4\"><\/video><\/figure><div class=\"wp-block-media-text__content\">\n<p><strong>Ileizi Luciana Fiorelli Silva (UEL) <\/strong><\/p>\n\n\n\n<p>O que Escrever na <strong>Carta tema<\/strong> de desenvolvimento de Curso? <\/p>\n\n\n\n<div class=\"wp-block-buttons is-layout-flex wp-block-buttons-is-layout-flex\">\n<div class=\"wp-block-button\"><a class=\"wp-block-button__link wp-element-button\" href=\"https:\/\/pos.uel.br\/profsocio\/videos-orientacao-processo-seletivo\/\"><strong>Veja mais<\/strong><\/a><\/div>\n<\/div>\n<\/div><\/div>\n<\/div>\n<\/div>\n","protected":false},"excerpt":{"rendered":"<p>RESULTADO FINAL DA 1\u00aa FASE DO EXAME NACIONAL DE ACESSO\u00a0E INSTRU\u00c7\u00d5ES PARA A 2\u00aa FASE O Conselho Gestor e a Comiss\u00e3o Nacional de Sele\u00e7\u00e3o do Mestrado Profissional de Sociologia em Rede Nacional (PROFSOCIO) tornam p\u00fablico o resultado da avalia\u00e7\u00e3o dos recursos interpostos ao resultado parcial da 1\u00aa etapa do Exame Nacional de Acesso Edital 04\/2023, [&hellip;]<\/p>\n","protected":false},"author":12,"featured_media":0,"parent":0,"menu_order":0,"comment_status":"closed","ping_status":"closed","template":"","meta":{"footnotes":""},"class_list":["post-262","page","type-page","status-publish","hentry"],"_links":{"self":[{"href":"https:\/\/pos.uel.br\/profsocio\/wp-json\/wp\/v2\/pages\/262","targetHints":{"allow":["GET"]}}],"collection":[{"href":"https:\/\/pos.uel.br\/profsocio\/wp-json\/wp\/v2\/pages"}],"about":[{"href":"https:\/\/pos.uel.br\/profsocio\/wp-json\/wp\/v2\/types\/page"}],"author":[{"embeddable":true,"href":"https:\/\/pos.uel.br\/profsocio\/wp-json\/wp\/v2\/users\/12"}],"replies":[{"embeddable":true,"href":"https:\/\/pos.uel.br\/profsocio\/wp-json\/wp\/v2\/comments?post=262"}],"version-history":[{"count":17,"href":"https:\/\/pos.uel.br\/profsocio\/wp-json\/wp\/v2\/pages\/262\/revisions"}],"predecessor-version":[{"id":417,"href":"https:\/\/pos.uel.br\/profsocio\/wp-json\/wp\/v2\/pages\/262\/revisions\/417"}],"wp:attachment":[{"href":"https:\/\/pos.uel.br\/profsocio\/wp-json\/wp\/v2\/media?parent=262"}],"curies":[{"name":"wp","href":"https:\/\/api.w.org\/{rel}","templated":true}]}}