{"id":15,"date":"2021-04-29T13:57:29","date_gmt":"2021-04-29T16:57:29","guid":{"rendered":"https:\/\/pos.uel.br\/profsocio\/?page_id=15"},"modified":"2025-09-22T18:37:06","modified_gmt":"2025-09-22T21:37:06","slug":"estrutura-curricular","status":"publish","type":"page","link":"https:\/\/pos.uel.br\/profsocio\/estrutura-curricular\/","title":{"rendered":"Estrutura curricular"},"content":{"rendered":"\n<p><\/p>\n\n\n\n<p><strong>Descri\u00e7\u00e3o sint\u00e9tica do esquema de oferta do curso<\/strong><br><\/p>\n\n\n\n<p>O ProfSocio ter\u00e1 a dura\u00e7\u00e3o m\u00e1xima de 4 (quatro) per\u00edodos letivos (2 anos), sendo que o estudante dever\u00e1 completar 36 (trinta e seis) cr\u00e9ditos que correspondem um total de 540 (quinhentas e quarenta) horas, assim distribu\u00eddos:<br>a) 22 (vinte e dois) cr\u00e9ditos em disciplinas obrigat\u00f3rias;<br>b) 02 (dois) cr\u00e9ditos em disciplinas optativas;<br>c) 12 (doze) cr\u00e9ditos em Trabalho de Conclus\u00e3o de Curso.<\/p>\n\n\n\n<p>A matriz curricular do ProfSocio \u00e9 a seguinte:<\/p>\n\n\n\n<p>1\u00ba Per\u00edodo: Teorias das Ci\u00eancias Sociais 1 + Metodologia da Pesquisa + Metodologia de Ensino<br>2\u00ba Per\u00edodo: Teorias das Ci\u00eancias Sociais 2 + Sociologia da Educa\u00e7\u00e3o + Disciplina Optativa.<br>3\u00ba Per\u00edodo: Semin\u00e1rios de Qualifica\u00e7\u00e3o ao Mestrado <br>4\u00ba Per\u00edodo: Trabalho de Conclus\u00e3o de Curso<br><\/p>\n\n\n\n<p><strong>Observa\u00e7\u00f5es:<\/strong><br>a) as disciplinas obrigat\u00f3rias e optativas ofertadas na UEL ser\u00e3o presenciais; as disciplinas optativas ou eletivas ofertadas em rede nacional ser\u00e3o em ambiente virtual. <br>b) o exame de qualifica\u00e7\u00e3o e a comprova\u00e7\u00e3o de profici\u00eancia em l\u00edngua estrangeira (ingl\u00eas ou espanhol) dever\u00e3o ser realizados at\u00e9 o final do terceiro per\u00edodo do curso.<br>c) a defesa do trabalho final do curso ser\u00e1 realizada no fim do quarto per\u00edodo do curso.<\/p>\n\n\n\n<p><br><strong>\u00c1rea de concentra\u00e7\u00e3o<\/strong><br>Ensino de Sociologia<\/p>\n\n\n\n<p>Teorias das Ci\u00eancias Sociais 1<br>(60h\/presencial) 4 CR\u00c9DITOS<\/p>\n\n\n\n<p>Metodologia da Pesquisa<br>(60h\/presencial) 4 CR\u00c9DITOS<\/p>\n\n\n\n<p>Teorias das Ci\u00eancias Sociais 2<br>(60h\/presencial) 4 CR\u00c9DITOS<\/p>\n\n\n\n<p>Metodologia de Ensino<br>(60h\/presencial) 4 CR\u00c9DITOS<\/p>\n\n\n\n<p>Sociologia da Educa\u00e7\u00e3o<br>(60h\/presencial) 4 CR\u00c9DITOS<\/p>\n\n\n\n<p>Semin\u00e1rios de Qualifica\u00e7\u00e3o ao Mestrado<br>(30h\/presencial) 2 CR\u00c9DITOS<\/p>\n\n\n\n<p>Disciplina optativa\/eletiva<br>(30h\/presencial) 2 CR\u00c9DITOS<\/p>\n","protected":false},"excerpt":{"rendered":"<p>Descri\u00e7\u00e3o sint\u00e9tica do esquema de oferta do curso O ProfSocio ter\u00e1 a dura\u00e7\u00e3o m\u00e1xima de 4 (quatro) per\u00edodos letivos (2 anos), sendo que o estudante dever\u00e1 completar 36 (trinta e seis) cr\u00e9ditos que correspondem um total de 540 (quinhentas e quarenta) horas, assim distribu\u00eddos:a) 22 (vinte e dois) cr\u00e9ditos em disciplinas obrigat\u00f3rias;b) 02 (dois) cr\u00e9ditos [&hellip;]<\/p>\n","protected":false},"author":7,"featured_media":0,"parent":0,"menu_order":0,"comment_status":"closed","ping_status":"closed","template":"","meta":{"footnotes":""},"class_list":["post-15","page","type-page","status-publish","hentry"],"_links":{"self":[{"href":"https:\/\/pos.uel.br\/profsocio\/wp-json\/wp\/v2\/pages\/15","targetHints":{"allow":["GET"]}}],"collection":[{"href":"https:\/\/pos.uel.br\/profsocio\/wp-json\/wp\/v2\/pages"}],"about":[{"href":"https:\/\/pos.uel.br\/profsocio\/wp-json\/wp\/v2\/types\/page"}],"author":[{"embeddable":true,"href":"https:\/\/pos.uel.br\/profsocio\/wp-json\/wp\/v2\/users\/7"}],"replies":[{"embeddable":true,"href":"https:\/\/pos.uel.br\/profsocio\/wp-json\/wp\/v2\/comments?post=15"}],"version-history":[{"count":7,"href":"https:\/\/pos.uel.br\/profsocio\/wp-json\/wp\/v2\/pages\/15\/revisions"}],"predecessor-version":[{"id":564,"href":"https:\/\/pos.uel.br\/profsocio\/wp-json\/wp\/v2\/pages\/15\/revisions\/564"}],"wp:attachment":[{"href":"https:\/\/pos.uel.br\/profsocio\/wp-json\/wp\/v2\/media?parent=15"}],"curies":[{"name":"wp","href":"https:\/\/api.w.org\/{rel}","templated":true}]}}