{"id":122,"date":"2021-07-13T19:53:10","date_gmt":"2021-07-13T22:53:10","guid":{"rendered":"https:\/\/pos.uel.br\/profsocio\/?page_id=122"},"modified":"2021-07-13T21:13:48","modified_gmt":"2021-07-14T00:13:48","slug":"contato","status":"publish","type":"page","link":"https:\/\/pos.uel.br\/profsocio\/contato\/","title":{"rendered":"Contato"},"content":{"rendered":"\n<p><strong><u>Secretaria de P\u00f3s- Gradua\u00e7\u00e3o Strictu Sensu (mestrado\/doutorado)- CLCH<\/u><\/strong><\/p>\n\n\n\n<p>Encarregada da Se\u00e7\u00e3o de P\u00f3s-Gradua\u00e7\u00e3o&nbsp;CLCH\/UEL:&nbsp;Rosely Fernandes Lopes<\/p>\n\n\n\n<p>Fone\/Fax: (43) 3371-4624&nbsp;<\/p>\n\n\n\n<p>E-mail: &lt;<strong>secposcch@uel.br<\/strong>&gt;&nbsp;<\/p>\n\n\n\n<p>Hor\u00e1rio de atendimento: de 2\u00aa a 6\u00aa Feira, das&nbsp;<strong>13:30<\/strong>&nbsp;\u00e0s&nbsp;<strong>17:30<\/strong>.<\/p>\n\n\n\n<p><strong><u>Comiss\u00e3o Coordenadora<\/u><\/strong>&nbsp;<\/p>\n\n\n\n<p>Coordenadora:&nbsp;Profa. Dra. Ileizi L. Fiorelli Silva&nbsp;<\/p>\n\n\n\n<p>E-mail: &lt;<strong>profsocio.uel@gmail.com<\/strong>&gt;&nbsp;<\/p>\n\n\n\n<p>Vice-Coordenador: Prof. Dr. Claudinei Spirandelli<\/p>\n\n\n\n<p>E-mail:&lt;<strong>profsocio.uel@gmail.com<\/strong>&gt;<\/p>\n","protected":false},"excerpt":{"rendered":"<p>Secretaria de P\u00f3s- Gradua\u00e7\u00e3o Strictu Sensu (mestrado\/doutorado)- CLCH Encarregada da Se\u00e7\u00e3o de P\u00f3s-Gradua\u00e7\u00e3o&nbsp;CLCH\/UEL:&nbsp;Rosely Fernandes Lopes Fone\/Fax: (43) 3371-4624&nbsp; E-mail: &lt;secposcch@uel.br&gt;&nbsp; Hor\u00e1rio de atendimento: de 2\u00aa a 6\u00aa Feira, das&nbsp;13:30&nbsp;\u00e0s&nbsp;17:30. Comiss\u00e3o Coordenadora&nbsp; Coordenadora:&nbsp;Profa. Dra. Ileizi L. Fiorelli Silva&nbsp; E-mail: &lt;profsocio.uel@gmail.com&gt;&nbsp; Vice-Coordenador: Prof. Dr. Claudinei Spirandelli E-mail:&lt;profsocio.uel@gmail.com&gt;<\/p>\n","protected":false},"author":8,"featured_media":0,"parent":0,"menu_order":0,"comment_status":"closed","ping_status":"closed","template":"","meta":{"footnotes":""},"class_list":["post-122","page","type-page","status-publish","hentry"],"_links":{"self":[{"href":"https:\/\/pos.uel.br\/profsocio\/wp-json\/wp\/v2\/pages\/122","targetHints":{"allow":["GET"]}}],"collection":[{"href":"https:\/\/pos.uel.br\/profsocio\/wp-json\/wp\/v2\/pages"}],"about":[{"href":"https:\/\/pos.uel.br\/profsocio\/wp-json\/wp\/v2\/types\/page"}],"author":[{"embeddable":true,"href":"https:\/\/pos.uel.br\/profsocio\/wp-json\/wp\/v2\/users\/8"}],"replies":[{"embeddable":true,"href":"https:\/\/pos.uel.br\/profsocio\/wp-json\/wp\/v2\/comments?post=122"}],"version-history":[{"count":2,"href":"https:\/\/pos.uel.br\/profsocio\/wp-json\/wp\/v2\/pages\/122\/revisions"}],"predecessor-version":[{"id":186,"href":"https:\/\/pos.uel.br\/profsocio\/wp-json\/wp\/v2\/pages\/122\/revisions\/186"}],"wp:attachment":[{"href":"https:\/\/pos.uel.br\/profsocio\/wp-json\/wp\/v2\/media?parent=122"}],"curies":[{"name":"wp","href":"https:\/\/api.w.org\/{rel}","templated":true}]}}