{"id":120,"date":"2021-07-13T19:53:10","date_gmt":"2021-07-13T22:53:10","guid":{"rendered":"https:\/\/pos.uel.br\/profsocio\/?page_id=120"},"modified":"2021-07-13T21:13:10","modified_gmt":"2021-07-14T00:13:10","slug":"portal-de-bibliotecas","status":"publish","type":"page","link":"https:\/\/pos.uel.br\/profsocio\/portal-de-bibliotecas\/","title":{"rendered":"Portal de Bibliotecas"},"content":{"rendered":"\n<p>&nbsp;<a href=\"http:\/\/www.uel.br\/bc\/portal\/\" target=\"_blank\" rel=\"noreferrer noopener\"><u><strong>SISTEMA DE BIBLIOTECA &#8211; Universidade Estadual de Londrina (UEL)<\/strong><\/u><\/a>&nbsp;<\/p>\n\n\n\n<p><strong><u><a href=\"http:\/\/www.bibliotecadigital.uel.br\/\" target=\"_blank\" rel=\"noreferrer noopener\">BIBLIOTECA DIGITAL &#8211; Universidade Estadual de Londrina (UEL<\/a><\/u><\/strong><strong><u>)<\/u><\/strong>&nbsp;<\/p>\n\n\n\n<p><a href=\"http:\/\/www.scielo.br\/\" target=\"_blank\" rel=\"noreferrer noopener\"><u><strong>SCIELO<\/strong><\/u><\/a><\/p>\n\n\n\n<p><strong><a href=\"http:\/\/www.periodicos.capes.gov.br\/\" target=\"_blank\" rel=\"noreferrer noopener\"><u>CAPES PERI\u00d3DICOS<\/u><\/a><\/strong>&nbsp;<\/p>\n\n\n\n<p><strong><a href=\"http:\/\/capesdw.capes.gov.br\/capesdw\/\" target=\"_blank\" rel=\"noreferrer noopener\"><u>CAPES &#8211; BANCO DE TESES<\/u><\/a><\/strong>&nbsp;<\/p>\n\n\n\n<p><strong><a href=\"http:\/\/www.dominiopublico.gov.br\/pesquisa\/PesquisaObraForm.jsp\" target=\"_blank\" rel=\"noreferrer noopener\"><u>DOM\u00cdNIO P\u00daBLICO<\/u><\/a><\/strong>&nbsp;<\/p>\n\n\n\n<p><strong><a href=\"http:\/\/www.clacso.org.ar\/clacso\/novedades_editoriales\/\" target=\"_blank\" rel=\"noreferrer noopener\"><u>CLACSO &#8211; Biblioteca Virtual<\/u><\/a><\/strong>&nbsp;<\/p>\n\n\n\n<p><a href=\"http:\/\/biblioteca.clacso.edu.ar\/\" target=\"_blank\" rel=\"noreferrer noopener\"><strong><u>CLACSO &#8211; Red de Bibliotecas Virtuales de Ciencias Sociales America Latina el Caribe<\/u><\/strong><\/a>&nbsp;<\/p>\n\n\n\n<p><strong><u><a href=\"http:\/\/www.latindex.ppl.unam.mx\/index.php\/index\" target=\"_blank\" rel=\"noreferrer noopener\">PORTAL DE PORTALES LATINDEX<\/a><\/u><\/strong>&nbsp;<\/p>\n\n\n\n<p><strong><a href=\"http:\/\/www.flacso.org.br\/portal\/\" target=\"_blank\" rel=\"noreferrer noopener\"><u>FLACSO &#8211; Brasil<\/u><\/a><\/strong>&nbsp;&nbsp;<strong><a href=\"http:\/\/www.flacsoandes.org\/web\/cms2.php?c=500\" target=\"_blank\" rel=\"noreferrer noopener\"><u>FLACSO ANDES Centro de Documentaci\u00f3n\/e-biblioteca<\/u><\/a><\/strong><strong><a href=\"http:\/\/www.flacso.org.ar\/biblioteca_contenidos.php?ID=10\" target=\"_blank\" rel=\"noreferrer noopener\"><u>FLACSO &#8211; Argentina<\/u><\/a><\/strong><strong><a href=\"http:\/\/biblioteca.flacso.edu.gt\/\" target=\"_blank\" rel=\"noreferrer noopener\"><u>FLACSO &#8211; Guatemala<\/u><\/a><\/strong><strong><u><a href=\"http:\/\/biblioteca.flacso.edu.mx\/\" target=\"_blank\" rel=\"noreferrer noopener\">FLACSO &#8211; M\u00e9xic<\/a><\/u><\/strong><strong><u>o<\/u><\/strong><\/p>\n\n\n\n<p><strong><a href=\"http:\/\/redalyc.uaemex.mx\/\" target=\"_blank\" rel=\"noreferrer noopener\"><u>REDALYC &#8211; Red de Revistas Cient\u00edficas de Am\u00e9rica Latina, el Caribe, Espa\u00f1a y Portugal<\/u><\/a><\/strong>&nbsp;<\/p>\n\n\n\n<p><strong><a href=\"http:\/\/dialnet.unirioja.es\/\" target=\"_blank\" rel=\"noreferrer noopener\"><u>DIALNET<\/u><\/a><\/strong>&nbsp;&nbsp;<a href=\"http:\/\/www.erevistas.csic.es\/\" target=\"_blank\" rel=\"noreferrer noopener\"><u><strong>E-REVIST@S<\/strong><\/u><\/a><\/p>\n\n\n\n<p><strong><a href=\"http:\/\/www.udual.org\/CIDU\/index.html\" target=\"_blank\" rel=\"noreferrer noopener\"><u>Centro de Informaci\u00f3n y Documentaci\u00f3n Universitarias de la Uni\u00f3n de Universidades de Am\u00e9rica Latina y el Caribe<\/u><\/a><\/strong>&nbsp;<a href=\"http:\/\/livroaberto.ibict.br\/\" target=\"_blank\" rel=\"noreferrer noopener\"><u><strong>Portal do Livro Aberto em CT&amp;I<\/strong><\/u><\/a><\/p>\n","protected":false},"excerpt":{"rendered":"<p>&nbsp;SISTEMA DE BIBLIOTECA &#8211; Universidade Estadual de Londrina (UEL)&nbsp; BIBLIOTECA DIGITAL &#8211; Universidade Estadual de Londrina (UEL)&nbsp; SCIELO CAPES PERI\u00d3DICOS&nbsp; CAPES &#8211; BANCO DE TESES&nbsp; DOM\u00cdNIO P\u00daBLICO&nbsp; CLACSO &#8211; Biblioteca Virtual&nbsp; CLACSO &#8211; Red de Bibliotecas Virtuales de Ciencias Sociales America Latina el Caribe&nbsp; PORTAL DE PORTALES LATINDEX&nbsp; FLACSO &#8211; Brasil&nbsp;&nbsp;FLACSO ANDES Centro de Documentaci\u00f3n\/e-bibliotecaFLACSO [&hellip;]<\/p>\n","protected":false},"author":8,"featured_media":0,"parent":0,"menu_order":0,"comment_status":"closed","ping_status":"closed","template":"","meta":{"footnotes":""},"class_list":["post-120","page","type-page","status-publish","hentry"],"_links":{"self":[{"href":"https:\/\/pos.uel.br\/profsocio\/wp-json\/wp\/v2\/pages\/120","targetHints":{"allow":["GET"]}}],"collection":[{"href":"https:\/\/pos.uel.br\/profsocio\/wp-json\/wp\/v2\/pages"}],"about":[{"href":"https:\/\/pos.uel.br\/profsocio\/wp-json\/wp\/v2\/types\/page"}],"author":[{"embeddable":true,"href":"https:\/\/pos.uel.br\/profsocio\/wp-json\/wp\/v2\/users\/8"}],"replies":[{"embeddable":true,"href":"https:\/\/pos.uel.br\/profsocio\/wp-json\/wp\/v2\/comments?post=120"}],"version-history":[{"count":2,"href":"https:\/\/pos.uel.br\/profsocio\/wp-json\/wp\/v2\/pages\/120\/revisions"}],"predecessor-version":[{"id":185,"href":"https:\/\/pos.uel.br\/profsocio\/wp-json\/wp\/v2\/pages\/120\/revisions\/185"}],"wp:attachment":[{"href":"https:\/\/pos.uel.br\/profsocio\/wp-json\/wp\/v2\/media?parent=120"}],"curies":[{"name":"wp","href":"https:\/\/api.w.org\/{rel}","templated":true}]}}