{"id":117,"date":"2021-07-13T19:53:10","date_gmt":"2021-07-13T22:53:10","guid":{"rendered":"https:\/\/pos.uel.br\/profsocio\/?page_id=117"},"modified":"2021-07-14T09:20:00","modified_gmt":"2021-07-14T12:20:00","slug":"formularios-2","status":"publish","type":"page","link":"https:\/\/pos.uel.br\/profsocio\/formularios-2\/","title":{"rendered":"Formul\u00e1rios"},"content":{"rendered":"\n<p><span style=\"color:#e61c0a\" class=\"has-inline-color\">\u00a0<strong>Clique em cima dos T\u00edtulos para fazer o download dos formul\u00e1rios.<\/strong><\/span><\/p>\n\n\n\n<p><strong>.&nbsp;<a rel=\"noreferrer noopener\" href=\"http:\/\/www.uel.br\/pos\/ppgsoc\/portal\/pages\/arquivos\/TermoEnvioBDPPGSOC21062011.pdf\" target=\"_blank\">Termo de entrega da Disserta\u00e7\u00e3o ou Tese \u00e0 Biblioteca Central<\/a><\/strong><\/p>\n\n\n\n<p><strong>.&nbsp;<a rel=\"noreferrer noopener\" href=\"http:\/\/www.uel.br\/pos\/ppgsoc\/portal\/pages\/arquivos\/TermoCompromisso-AtivNRemPPGSOC.pdf\" target=\"_blank\">Termo de Compromisso &#8211; Bolsista sem Atividade Remunerada (CAPES DS 2009)<\/a><\/strong><\/p>\n\n\n\n<p><strong>.&nbsp;<a rel=\"noreferrer noopener\" href=\"http:\/\/www.uel.br\/pos\/ppgsoc\/portal\/pages\/arquivos\/TermoCompromisso-AtivRemPPGSOC.pdf\" target=\"_blank\">Termo de Compromisso &#8211; Bolsista com Atividade Remunerada (Portaria CAPES CNPq 1 2010)<\/a><\/strong><\/p>\n\n\n\n<p><strong>.&nbsp;Solicita\u00e7\u00e3o de Apoio Financeiro &#8211; Participa\u00e7\u00e3o em Eventos<\/strong><\/p>\n\n\n\n<p><a rel=\"noreferrer noopener\" href=\"http:\/\/www.uel.br\/pos\/ppgsoc\/portal\/pages\/arquivos\/FORMUL%C3%81RIOS\/ANEXO%201%20-%20APOIO%20PARTICIPA%C3%87%C3%83O%20EVENTOS.doc\" target=\"_blank\">Anexo I&nbsp;<\/a>&nbsp; &nbsp; &nbsp; &nbsp; | &nbsp; &nbsp; &nbsp;&nbsp;<a rel=\"noreferrer noopener\" href=\"http:\/\/www.uel.br\/pos\/ppgsoc\/portal\/pages\/arquivos\/FORMUL%C3%81RIOS\/ANEXO%202%20-%20RELAT%C3%93RIO%20VIAGEM%20A%20EVENTO.doc\" target=\"_blank\">Anexo II&nbsp;<\/a><\/p>\n\n\n\n<p><strong>.&nbsp;Solicita\u00e7\u00e3o de Apoio Financeiro &#8211; Pesquisa de Campo<\/strong><\/p>\n\n\n\n<p><a rel=\"noreferrer noopener\" href=\"http:\/\/www.uel.br\/pos\/ppgsoc\/portal\/pages\/arquivos\/FORMUL%C3%81RIOS\/ANEXO%201%20-%20APOIO%20PESQUISA%20DE%20CAMPO.doc\" target=\"_blank\">Anexo I&nbsp;<\/a>&nbsp; &nbsp; &nbsp; &nbsp;| &nbsp; &nbsp; &nbsp; &nbsp;<a rel=\"noreferrer noopener\" href=\"http:\/\/www.uel.br\/pos\/ppgsoc\/portal\/pages\/arquivos\/FORMUL%C3%81RIOS\/ANEXO%202%20-%20RELAT%C3%93RIO%20VIAGEM%20PESQUISA%20DE%20CAMPO.doc\" target=\"_blank\">Anexo II<\/a><\/p>\n","protected":false},"excerpt":{"rendered":"<p>\u00a0Clique em cima dos T\u00edtulos para fazer o download dos formul\u00e1rios. .&nbsp;Termo de entrega da Disserta\u00e7\u00e3o ou Tese \u00e0 Biblioteca Central .&nbsp;Termo de Compromisso &#8211; Bolsista sem Atividade Remunerada (CAPES DS 2009) .&nbsp;Termo de Compromisso &#8211; Bolsista com Atividade Remunerada (Portaria CAPES CNPq 1 2010) .&nbsp;Solicita\u00e7\u00e3o de Apoio Financeiro &#8211; Participa\u00e7\u00e3o em Eventos Anexo I&nbsp;&nbsp; [&hellip;]<\/p>\n","protected":false},"author":8,"featured_media":0,"parent":0,"menu_order":0,"comment_status":"closed","ping_status":"closed","template":"","meta":{"footnotes":""},"class_list":["post-117","page","type-page","status-publish","hentry"],"_links":{"self":[{"href":"https:\/\/pos.uel.br\/profsocio\/wp-json\/wp\/v2\/pages\/117","targetHints":{"allow":["GET"]}}],"collection":[{"href":"https:\/\/pos.uel.br\/profsocio\/wp-json\/wp\/v2\/pages"}],"about":[{"href":"https:\/\/pos.uel.br\/profsocio\/wp-json\/wp\/v2\/types\/page"}],"author":[{"embeddable":true,"href":"https:\/\/pos.uel.br\/profsocio\/wp-json\/wp\/v2\/users\/8"}],"replies":[{"embeddable":true,"href":"https:\/\/pos.uel.br\/profsocio\/wp-json\/wp\/v2\/comments?post=117"}],"version-history":[{"count":4,"href":"https:\/\/pos.uel.br\/profsocio\/wp-json\/wp\/v2\/pages\/117\/revisions"}],"predecessor-version":[{"id":202,"href":"https:\/\/pos.uel.br\/profsocio\/wp-json\/wp\/v2\/pages\/117\/revisions\/202"}],"wp:attachment":[{"href":"https:\/\/pos.uel.br\/profsocio\/wp-json\/wp\/v2\/media?parent=117"}],"curies":[{"name":"wp","href":"https:\/\/api.w.org\/{rel}","templated":true}]}}