{"id":115,"date":"2021-07-13T19:53:10","date_gmt":"2021-07-13T22:53:10","guid":{"rendered":"https:\/\/pos.uel.br\/profsocio\/?page_id=115"},"modified":"2025-10-20T18:58:22","modified_gmt":"2025-10-20T21:58:22","slug":"regulamentos-do-programa","status":"publish","type":"page","link":"https:\/\/pos.uel.br\/profsocio\/regulamentos-do-programa\/","title":{"rendered":"Regulamentos do Programa"},"content":{"rendered":"\n<p><a href=\"https:\/\/pos.uel.br\/profsocio\/wp-content\/uploads\/2025\/10\/Resolucao-CEPE-55-2025-Regimento-PROFSOCIO-2.pdf\" target=\"_blank\" rel=\"noreferrer noopener\"><strong>Resolu\u00e7\u00e3o CEPE N\u00ba 055\/2025<\/strong><\/a><\/p>\n\n\n\n<p><strong><a href=\"https:\/\/pos.uel.br\/profsocio\/wp-content\/uploads\/2025\/10\/Projeto-pedagogico-definitivo-do-curso-ProfSocio-2025-.pdf\" target=\"_blank\" rel=\"noreferrer noopener\">PROJETO PEDAG\u00d3GICO PROFSOCIO<\/a><\/strong><\/p>\n\n\n\n<p><a href=\"http:\/\/www2.uel.br\/pos\/profsocio\/pages\/arquivos\/ResoluAsectApoundo%20CEPE%2056%202019%20-%20Regimento%20PROFSOCIO.pdf\"><u><strong>Regimento Interno<\/strong><\/u><\/a><\/p>\n\n\n\n<p><a href=\"http:\/\/www2.uel.br\/pos\/profsocio\/pages\/arquivos\/profsocio-regimento-revisao-nov2018.pdf\"><u><strong>Regimento Geral<\/strong><\/u>&nbsp;<\/a><\/p>\n\n\n\n<p><strong><a href=\"http:\/\/www2.uel.br\/pos\/profsocio\/pages\/arquivos\/portaria_capes_61_2017.pdf\"><u>PORTARIA N\u00ba61, DE 22 DE MAR\u00c7O DE 2017<\/u><\/a><\/strong>&nbsp;<\/p>\n\n\n\n<p><strong><u><a href=\"http:\/\/www2.uel.br\/pos\/profsocio\/pages\/arquivos\/PORTARIA-NAordm-61-DE-22-DE-MARCO-DE-2017%20n.pdf\">PORTARIA N\u00ba61, DE 22 DE MAR\u00c7O DE 2017<\/a><\/u><\/strong><\/p>\n\n\n\n<p id=\"file:\/\/\/C:\/Users\/enzof\/Downloads\/Delibera%C3%A7%C3%A3o%2019%202018%20-%20Reest%20Mest%20Prof%20Sociologia%20(4).pdf\"><strong><a href=\"https:\/\/pos.uel.br\/profsocio\/wp-content\/uploads\/2021\/07\/Deliberacao-19-2018-Reest-Mest-Prof-Sociologia-1.pdf\">DELIBERA\u00c7\u00c3O &#8211; Colegiado PPG Stricto sensu N\u00ba 019\/2018<\/a><\/strong><\/p>\n\n\n\n<p><strong><a href=\"https:\/\/pos.uel.br\/profsocio\/wp-content\/uploads\/2021\/07\/Resolucao-CEPE-56-2019-Regimento-PROFSOCIO-.pdf\">Resolu\u00e7\u00e3o CEPE N\u00ba 056\/2019<\/a><\/strong><\/p>\n\n\n\n<p><\/p>\n","protected":false},"excerpt":{"rendered":"<p>Resolu\u00e7\u00e3o CEPE N\u00ba 055\/2025 PROJETO PEDAG\u00d3GICO PROFSOCIO Regimento Interno Regimento Geral&nbsp; PORTARIA N\u00ba61, DE 22 DE MAR\u00c7O DE 2017&nbsp; PORTARIA N\u00ba61, DE 22 DE MAR\u00c7O DE 2017 DELIBERA\u00c7\u00c3O &#8211; Colegiado PPG Stricto sensu N\u00ba 019\/2018 Resolu\u00e7\u00e3o CEPE N\u00ba 056\/2019<\/p>\n","protected":false},"author":8,"featured_media":0,"parent":0,"menu_order":0,"comment_status":"closed","ping_status":"closed","template":"","meta":{"footnotes":""},"class_list":["post-115","page","type-page","status-publish","hentry"],"_links":{"self":[{"href":"https:\/\/pos.uel.br\/profsocio\/wp-json\/wp\/v2\/pages\/115","targetHints":{"allow":["GET"]}}],"collection":[{"href":"https:\/\/pos.uel.br\/profsocio\/wp-json\/wp\/v2\/pages"}],"about":[{"href":"https:\/\/pos.uel.br\/profsocio\/wp-json\/wp\/v2\/types\/page"}],"author":[{"embeddable":true,"href":"https:\/\/pos.uel.br\/profsocio\/wp-json\/wp\/v2\/users\/8"}],"replies":[{"embeddable":true,"href":"https:\/\/pos.uel.br\/profsocio\/wp-json\/wp\/v2\/comments?post=115"}],"version-history":[{"count":18,"href":"https:\/\/pos.uel.br\/profsocio\/wp-json\/wp\/v2\/pages\/115\/revisions"}],"predecessor-version":[{"id":573,"href":"https:\/\/pos.uel.br\/profsocio\/wp-json\/wp\/v2\/pages\/115\/revisions\/573"}],"wp:attachment":[{"href":"https:\/\/pos.uel.br\/profsocio\/wp-json\/wp\/v2\/media?parent=115"}],"curies":[{"name":"wp","href":"https:\/\/api.w.org\/{rel}","templated":true}]}}