{"id":37,"date":"2026-02-23T16:07:39","date_gmt":"2026-02-23T19:07:39","guid":{"rendered":"https:\/\/pos.uel.br\/profqui\/?page_id=37"},"modified":"2026-02-23T16:13:21","modified_gmt":"2026-02-23T19:13:21","slug":"estrutura-curricular","status":"publish","type":"page","link":"https:\/\/pos.uel.br\/profqui\/estrutura-curricular\/","title":{"rendered":"Estrutura Curricular"},"content":{"rendered":"\n<p><strong>A) DISCIPLINAS OBRIGAT\u00d3RIO<\/strong>&nbsp;<strong>(exigem-se 24 cr\u00e9ditos):<\/strong><\/p>\n\n\n\n<figure class=\"wp-block-table is-style-stripes has-small-font-size\"><table class=\"has-fixed-layout\"><tbody><tr><td>2 QUI 418&nbsp;<\/td><td>Qu\u00edmica 1<\/td><td>4 cr<\/td><td>60 h<\/td><\/tr><tr><td>2 QUI 419&nbsp;<\/td><td>Fundamentos Metodol\u00f3gicos para a Pesquisa em Ensino de Qu\u00edmica<\/td><td>4 cr<\/td><td>60 h<\/td><\/tr><tr><td>2 QUI 420<\/td><td>Semin\u00e1rios via Web 1<\/td><td>1&nbsp;cr<\/td><td>15 h<\/td><\/tr><tr><td>2 QUI 421<\/td><td>Qu\u00edmica 2<\/td><td>4 cr<\/td><td>60 h<\/td><\/tr><tr><td>2 QUI 422<\/td><td>Abordagens Tecnol\u00f3gicas atualizadas para o Ensino (ATE)<\/td><td>4&nbsp;cr<\/td><td>60 h<\/td><\/tr><tr><td>2 QUI 423<\/td><td>Semin\u00e1rios via Web 2<\/td><td>1 cr<\/td><td>15 h<\/td><\/tr><tr><td>2 QUI 424<\/td><td>Qu\u00edmica 3<\/td><td>4 cr<\/td><td>60 h<\/td><\/tr><tr><td>2 QUI 425<\/td><td>Semin\u00e1rios via Web 3<\/td><td>1 cr<\/td><td>15 h<\/td><\/tr><tr><td>2 QUI 426<\/td><td>Semin\u00e1rios via Web 4<\/td><td>1&nbsp;cr<\/td><td>15 h<\/td><\/tr><\/tbody><\/table><\/figure>\n\n\n\n<p><strong>B)&nbsp;DISSERTA\u00c7\u00c3O DE MESTRADO&nbsp;<\/strong><\/p>\n\n\n\n<figure class=\"wp-block-table is-style-stripes has-small-font-size\"><table class=\"has-fixed-layout\"><tbody><tr><td>2 QUI 427&nbsp;<\/td><td>Disserta\u00e7\u00e3o&nbsp;&nbsp;<\/td><td>24 cr<\/td><td>360 h<\/td><\/tr><\/tbody><\/table><\/figure>\n\n\n\n<p><\/p>\n\n\n\n<p><strong><a href=\"https:\/\/pos.uel.br\/profqui\/wp-content\/uploads\/2026\/02\/res_cepe_352014_profqui.pdf\"><u>EMENTAS &#8211; Estrutura Curricular Resolu\u00e7\u00e3o CEPE N\u00ba. 035\/2014<\/u>.<\/a><\/strong><\/p>\n\n\n\n<div class=\"wp-block-columns is-layout-flex wp-container-core-columns-is-layout-9d6595d7 wp-block-columns-is-layout-flex\">\n<div class=\"wp-block-column is-layout-flow wp-block-column-is-layout-flow\"><\/div>\n<\/div>\n","protected":false},"excerpt":{"rendered":"<p>A) DISCIPLINAS OBRIGAT\u00d3RIO&nbsp;(exigem-se 24 cr\u00e9ditos): 2 QUI 418&nbsp; Qu\u00edmica 1 4 cr 60 h 2 QUI 419&nbsp; Fundamentos Metodol\u00f3gicos para a Pesquisa em Ensino de Qu\u00edmica 4 cr 60 h 2 QUI 420 Semin\u00e1rios via Web 1 1&nbsp;cr 15 h 2 QUI 421 Qu\u00edmica 2 4 cr 60 h 2 QUI 422 Abordagens Tecnol\u00f3gicas atualizadas [&hellip;]<\/p>\n","protected":false},"author":6,"featured_media":0,"parent":0,"menu_order":0,"comment_status":"closed","ping_status":"closed","template":"","meta":{"_acf_changed":false,"footnotes":""},"class_list":["post-37","page","type-page","status-publish","hentry"],"acf":[],"_links":{"self":[{"href":"https:\/\/pos.uel.br\/profqui\/wp-json\/wp\/v2\/pages\/37","targetHints":{"allow":["GET"]}}],"collection":[{"href":"https:\/\/pos.uel.br\/profqui\/wp-json\/wp\/v2\/pages"}],"about":[{"href":"https:\/\/pos.uel.br\/profqui\/wp-json\/wp\/v2\/types\/page"}],"author":[{"embeddable":true,"href":"https:\/\/pos.uel.br\/profqui\/wp-json\/wp\/v2\/users\/6"}],"replies":[{"embeddable":true,"href":"https:\/\/pos.uel.br\/profqui\/wp-json\/wp\/v2\/comments?post=37"}],"version-history":[{"count":6,"href":"https:\/\/pos.uel.br\/profqui\/wp-json\/wp\/v2\/pages\/37\/revisions"}],"predecessor-version":[{"id":47,"href":"https:\/\/pos.uel.br\/profqui\/wp-json\/wp\/v2\/pages\/37\/revisions\/47"}],"wp:attachment":[{"href":"https:\/\/pos.uel.br\/profqui\/wp-json\/wp\/v2\/media?parent=37"}],"curies":[{"name":"wp","href":"https:\/\/api.w.org\/{rel}","templated":true}]}}