{"id":102,"date":"2026-03-13T16:09:16","date_gmt":"2026-03-13T19:09:16","guid":{"rendered":"https:\/\/pos.uel.br\/profqui\/?page_id=102"},"modified":"2026-03-13T16:14:41","modified_gmt":"2026-03-13T19:14:41","slug":"contatos","status":"publish","type":"page","link":"https:\/\/pos.uel.br\/profqui\/contatos\/","title":{"rendered":"Contatos"},"content":{"rendered":"\n<ul class=\"wp-block-list\">\n<li><strong>E-mail Profqui UEL:<\/strong><br>profqui@uel.br<\/li>\n<\/ul>\n\n\n\n<ul class=\"wp-block-list\">\n<li><strong>E-mail Profqui Nacional:<\/strong><br>profqui.cn.ufrj@gmail.com<\/li>\n<\/ul>\n\n\n\n<ul class=\"wp-block-list\">\n<li><strong>E-mail Secretaria de P\u00f3s-Gradua\u00e7\u00e3o do CCE:<\/strong><br>spgcce@uel.br<\/li>\n<\/ul>\n\n\n\n<ul class=\"wp-block-list\">\n<li><strong>Telefone Secretaria de P\u00f3s-Gradua\u00e7\u00e3o do CCE:<\/strong><br>(43) 3371-4711<\/li>\n<\/ul>\n\n\n\n<p><\/p>\n","protected":false},"excerpt":{"rendered":"","protected":false},"author":6,"featured_media":0,"parent":0,"menu_order":0,"comment_status":"closed","ping_status":"closed","template":"","meta":{"_acf_changed":false,"footnotes":""},"class_list":["post-102","page","type-page","status-publish","hentry"],"acf":[],"_links":{"self":[{"href":"https:\/\/pos.uel.br\/profqui\/wp-json\/wp\/v2\/pages\/102","targetHints":{"allow":["GET"]}}],"collection":[{"href":"https:\/\/pos.uel.br\/profqui\/wp-json\/wp\/v2\/pages"}],"about":[{"href":"https:\/\/pos.uel.br\/profqui\/wp-json\/wp\/v2\/types\/page"}],"author":[{"embeddable":true,"href":"https:\/\/pos.uel.br\/profqui\/wp-json\/wp\/v2\/users\/6"}],"replies":[{"embeddable":true,"href":"https:\/\/pos.uel.br\/profqui\/wp-json\/wp\/v2\/comments?post=102"}],"version-history":[{"count":3,"href":"https:\/\/pos.uel.br\/profqui\/wp-json\/wp\/v2\/pages\/102\/revisions"}],"predecessor-version":[{"id":106,"href":"https:\/\/pos.uel.br\/profqui\/wp-json\/wp\/v2\/pages\/102\/revisions\/106"}],"wp:attachment":[{"href":"https:\/\/pos.uel.br\/profqui\/wp-json\/wp\/v2\/media?parent=102"}],"curies":[{"name":"wp","href":"https:\/\/api.w.org\/{rel}","templated":true}]}}