{"id":7,"date":"2021-04-26T21:55:33","date_gmt":"2021-04-27T00:55:33","guid":{"rendered":"https:\/\/pos.uel.br\/profmat\/?page_id=7"},"modified":"2025-11-13T11:27:07","modified_gmt":"2025-11-13T14:27:07","slug":"historico","status":"publish","type":"page","link":"https:\/\/pos.uel.br\/profmat\/historico\/","title":{"rendered":"Hist\u00f3rico"},"content":{"rendered":"\n<p>O programa de Mestrado Profissional em Matem\u00e1tica em Rede Nacional \u00e9 o primeiro curso de p\u00f3s-gradua\u00e7\u00e3o stricto sensu semipresencial do Brasil destinado a professores da Educa\u00e7\u00e3o B\u00e1sica. Recomendado pela CAPES em novembro de 2010, o programa est\u00e1 em conson\u00e2ncia com a Pol\u00edtica Nacional de Forma\u00e7\u00e3o de Profissionais do<br>Magist\u00e9rio da Educa\u00e7\u00e3o B\u00e1sica definida no Decreto n\u00b0 6.755, de 29 de janeiro de 2009 e atende \u00e0s orienta\u00e7\u00f5es do Plano Nacional de P\u00f3s-Gradua\u00e7\u00e3o PNPG 2011-2020.<\/p>\n\n\n\n<p>O Profmat no polo da Universidade Estadual de Londrina iniciou sua participa\u00e7\u00e3o na primeira turma, em 2011.<\/p>\n\n\n\n<p class=\"has-large-font-size\"><strong>Objetivos<\/strong> <\/p>\n\n\n\n<p>Os objetivos do Profmat-UEL s\u00e3o quatro, articulados da seguinte forma:<\/p>\n\n\n\n<p>O Profmat-UEL objetiva estimular a melhoria do ensino de Matem\u00e1tica em todos os n\u00edveis, qualificando professores de Matem\u00e1tica que atuam na Educa\u00e7\u00e3o B\u00e1sica em n\u00edvel de p\u00f3s-gradua\u00e7\u00e3o stricto sensu, com \u00eanfase no dom\u00ednio aprofundado de conte\u00fado, oferecendo um curso de forma\u00e7\u00e3o profissional que contemple as necessidades advindas do trabalho cotidiano no espa\u00e7o da escola. Ao par de promover o aprofundamento do conte\u00fado, o Profmat-UEL incentiva uma postura cr\u00edtica acerca das aulas de Matem\u00e1tica nos n\u00edveis do Ensino Fundamental e M\u00e9dio, almejando a valoriza\u00e7\u00e3o profissional do professor por meio do aprimoramento de sua forma\u00e7\u00e3o.<\/p>\n","protected":false},"excerpt":{"rendered":"<p>O programa de Mestrado Profissional em Matem\u00e1tica em Rede Nacional \u00e9 o primeiro curso de p\u00f3s-gradua\u00e7\u00e3o stricto sensu semipresencial do Brasil destinado a professores da Educa\u00e7\u00e3o B\u00e1sica. Recomendado pela CAPES em novembro de 2010, o programa est\u00e1 em conson\u00e2ncia com a Pol\u00edtica Nacional de Forma\u00e7\u00e3o de Profissionais doMagist\u00e9rio da Educa\u00e7\u00e3o B\u00e1sica definida no Decreto n\u00b0 [&hellip;]<\/p>\n","protected":false},"author":7,"featured_media":0,"parent":0,"menu_order":0,"comment_status":"closed","ping_status":"closed","template":"","meta":{"footnotes":""},"class_list":["post-7","page","type-page","status-publish","hentry"],"_links":{"self":[{"href":"https:\/\/pos.uel.br\/profmat\/wp-json\/wp\/v2\/pages\/7","targetHints":{"allow":["GET"]}}],"collection":[{"href":"https:\/\/pos.uel.br\/profmat\/wp-json\/wp\/v2\/pages"}],"about":[{"href":"https:\/\/pos.uel.br\/profmat\/wp-json\/wp\/v2\/types\/page"}],"author":[{"embeddable":true,"href":"https:\/\/pos.uel.br\/profmat\/wp-json\/wp\/v2\/users\/7"}],"replies":[{"embeddable":true,"href":"https:\/\/pos.uel.br\/profmat\/wp-json\/wp\/v2\/comments?post=7"}],"version-history":[{"count":4,"href":"https:\/\/pos.uel.br\/profmat\/wp-json\/wp\/v2\/pages\/7\/revisions"}],"predecessor-version":[{"id":261,"href":"https:\/\/pos.uel.br\/profmat\/wp-json\/wp\/v2\/pages\/7\/revisions\/261"}],"wp:attachment":[{"href":"https:\/\/pos.uel.br\/profmat\/wp-json\/wp\/v2\/media?parent=7"}],"curies":[{"name":"wp","href":"https:\/\/api.w.org\/{rel}","templated":true}]}}