{"id":6,"date":"2021-04-26T21:55:33","date_gmt":"2021-04-27T00:55:33","guid":{"rendered":"https:\/\/pos.uel.br\/profmat\/?page_id=6"},"modified":"2021-05-24T08:21:02","modified_gmt":"2021-05-24T11:21:02","slug":"sobre-o-programa","status":"publish","type":"page","link":"https:\/\/pos.uel.br\/profmat\/sobre-o-programa\/","title":{"rendered":"Sobre o programa"},"content":{"rendered":"\n<p>O PROFMAT &#8211; Mestrado Profissional em Matem\u00e1tica em Rede Nacional \u00e9 um programa de p\u00f3s-gradua\u00e7\u00e3o gratuito, reconhecido pelo MEC\/CAPES . O curso \u00e9 semipresencial, com oferta nacional, realizado por uma rede de Institui\u00e7\u00f5es de Ensino Superior, no contexto da Universidade Aberta do Brasil, e coordenado pela Sociedade Brasileira de Matem\u00e1tica.<\/p>\n","protected":false},"excerpt":{"rendered":"<p>O PROFMAT &#8211; Mestrado Profissional em Matem\u00e1tica em Rede Nacional \u00e9 um programa de p\u00f3s-gradua\u00e7\u00e3o gratuito, reconhecido pelo MEC\/CAPES . O curso \u00e9 semipresencial, com oferta nacional, realizado por uma rede de Institui\u00e7\u00f5es de Ensino Superior, no contexto da Universidade Aberta do Brasil, e coordenado pela Sociedade Brasileira de Matem\u00e1tica.<\/p>\n","protected":false},"author":7,"featured_media":0,"parent":0,"menu_order":0,"comment_status":"closed","ping_status":"closed","template":"","meta":{"footnotes":""},"class_list":["post-6","page","type-page","status-publish","hentry"],"_links":{"self":[{"href":"https:\/\/pos.uel.br\/profmat\/wp-json\/wp\/v2\/pages\/6","targetHints":{"allow":["GET"]}}],"collection":[{"href":"https:\/\/pos.uel.br\/profmat\/wp-json\/wp\/v2\/pages"}],"about":[{"href":"https:\/\/pos.uel.br\/profmat\/wp-json\/wp\/v2\/types\/page"}],"author":[{"embeddable":true,"href":"https:\/\/pos.uel.br\/profmat\/wp-json\/wp\/v2\/users\/7"}],"replies":[{"embeddable":true,"href":"https:\/\/pos.uel.br\/profmat\/wp-json\/wp\/v2\/comments?post=6"}],"version-history":[{"count":2,"href":"https:\/\/pos.uel.br\/profmat\/wp-json\/wp\/v2\/pages\/6\/revisions"}],"predecessor-version":[{"id":71,"href":"https:\/\/pos.uel.br\/profmat\/wp-json\/wp\/v2\/pages\/6\/revisions\/71"}],"wp:attachment":[{"href":"https:\/\/pos.uel.br\/profmat\/wp-json\/wp\/v2\/media?parent=6"}],"curies":[{"name":"wp","href":"https:\/\/api.w.org\/{rel}","templated":true}]}}