{"id":15,"date":"2021-04-26T21:55:33","date_gmt":"2021-04-27T00:55:33","guid":{"rendered":"https:\/\/pos.uel.br\/profmat\/?page_id=15"},"modified":"2024-10-02T17:54:22","modified_gmt":"2024-10-02T20:54:22","slug":"regimento-resolucoes-e-normas","status":"publish","type":"page","link":"https:\/\/pos.uel.br\/profmat\/regimento-resolucoes-e-normas\/","title":{"rendered":"Regimento, Resolu\u00e7\u00f5es e Normas"},"content":{"rendered":"\n<p><a href=\"http:\/\/www.uel.br\/pos\/profmat\/pages\/arquivos\/regulamentostrictosensumestradoprofissional.pdf\" target=\"_blank\" rel=\"noreferrer noopener\">Regulamento<\/a> dos Programas de P\u00f3s-Gradua\u00e7\u00e3o Stricto Sensu da UEL<\/p>\n\n\n\n<p><a href=\"https:\/\/profmat-sbm.org.br\/regimento\/\" target=\"_blank\" rel=\"noreferrer noopener\">Regimento<\/a> Nacional do PROFMAT<\/p>\n\n\n\n<p><a href=\"http:\/\/www.uel.br\/pos\/profmat\/pages\/arquivos\/resolucaocepe0162011.pdf\" target=\"_blank\" rel=\"noreferrer noopener\">Resolu\u00e7\u00e3o<\/a> CEPE 016\/2011 (Cria\u00e7\u00e3o do PROFMAT na UEL)<\/p>\n\n\n\n<p><a href=\"http:\/\/www.uel.br\/pos\/profmat\/pages\/arquivos\/ResolucaoCEPE48-2020-RegimentoPROFMAT.pdf\" target=\"_blank\" rel=\"noreferrer noopener\">Regimento<\/a> Profmat\/UEL<\/p>\n\n\n\n<p><a href=\"http:\/\/www.uel.br\/pos\/profmat\/pages\/arquivos\/Deliberacao17-2020-ReestruturacaoPROFMAT.pdf\" target=\"_blank\" rel=\"noreferrer noopener\">Estrutura<\/a> Curricular<\/p>\n","protected":false},"excerpt":{"rendered":"<p>Regulamento dos Programas de P\u00f3s-Gradua\u00e7\u00e3o Stricto Sensu da UEL Regimento Nacional do PROFMAT Resolu\u00e7\u00e3o CEPE 016\/2011 (Cria\u00e7\u00e3o do PROFMAT na UEL) Regimento Profmat\/UEL Estrutura Curricular<\/p>\n","protected":false},"author":7,"featured_media":0,"parent":0,"menu_order":0,"comment_status":"closed","ping_status":"closed","template":"","meta":{"footnotes":""},"class_list":["post-15","page","type-page","status-publish","hentry"],"_links":{"self":[{"href":"https:\/\/pos.uel.br\/profmat\/wp-json\/wp\/v2\/pages\/15","targetHints":{"allow":["GET"]}}],"collection":[{"href":"https:\/\/pos.uel.br\/profmat\/wp-json\/wp\/v2\/pages"}],"about":[{"href":"https:\/\/pos.uel.br\/profmat\/wp-json\/wp\/v2\/types\/page"}],"author":[{"embeddable":true,"href":"https:\/\/pos.uel.br\/profmat\/wp-json\/wp\/v2\/users\/7"}],"replies":[{"embeddable":true,"href":"https:\/\/pos.uel.br\/profmat\/wp-json\/wp\/v2\/comments?post=15"}],"version-history":[{"count":5,"href":"https:\/\/pos.uel.br\/profmat\/wp-json\/wp\/v2\/pages\/15\/revisions"}],"predecessor-version":[{"id":153,"href":"https:\/\/pos.uel.br\/profmat\/wp-json\/wp\/v2\/pages\/15\/revisions\/153"}],"wp:attachment":[{"href":"https:\/\/pos.uel.br\/profmat\/wp-json\/wp\/v2\/media?parent=15"}],"curies":[{"name":"wp","href":"https:\/\/api.w.org\/{rel}","templated":true}]}}