{"id":11,"date":"2021-04-26T21:55:33","date_gmt":"2021-04-27T00:55:33","guid":{"rendered":"https:\/\/pos.uel.br\/profmat\/?page_id=11"},"modified":"2024-09-26T18:05:22","modified_gmt":"2024-09-26T21:05:22","slug":"mestrado","status":"publish","type":"page","link":"https:\/\/pos.uel.br\/profmat\/mestrado\/","title":{"rendered":"Mestrado"},"content":{"rendered":"\n<h6 class=\"wp-block-heading\">Apresenta\u00e7\u00e3o<\/h6>\n\n\n\n<p>O PROFMAT &#8211; Mestrado Profissional em Matem\u00e1tica em Rede Nacional \u00e9 um programa de p\u00f3s-gradua\u00e7\u00e3o gratuito, reconhecido pelo MEC\/CAPES . O curso \u00e9 semipresencial, com oferta nacional, realizado por uma rede de Institui\u00e7\u00f5es de Ensino Superior, no contexto da Universidade Aberta do Brasil, e coordenado pela Sociedade Brasileira de Matem\u00e1tica.<\/p>\n\n\n\n<p><strong>Objetivos<\/strong><\/p>\n\n\n\n<p>O PROFMAT visa atender professores de Matem\u00e1tica em exerc\u00edcio no ensino b\u00e1sico, especialmente na escola p\u00fablica, que busquem aprimoramento em sua forma\u00e7\u00e3o profissional, com \u00eanfase no dom\u00ednio aprofundado de conte\u00fado matem\u00e1tico relevante para sua atua\u00e7\u00e3o docente. O Programa opera em ampla escala, com o objetivo de, a m\u00e9dio prazo, ter impacto substantivo na forma\u00e7\u00e3o matem\u00e1tica do professor em todo o territ\u00f3rio nacional.<\/p>\n\n\n\n<p><strong>P\u00fablico Alvo<\/strong><\/p>\n\n\n\n<p>Professores de Matem\u00e1tica em exerc\u00edcio no ensino b\u00e1sico, especialmente na escola p\u00fablica, seguindo orienta\u00e7\u00e3o da CAPES, a partir de 2020.<\/p>\n\n\n\n<p><\/p>\n","protected":false},"excerpt":{"rendered":"<p>Apresenta\u00e7\u00e3o O PROFMAT &#8211; Mestrado Profissional em Matem\u00e1tica em Rede Nacional \u00e9 um programa de p\u00f3s-gradua\u00e7\u00e3o gratuito, reconhecido pelo MEC\/CAPES . O curso \u00e9 semipresencial, com oferta nacional, realizado por uma rede de Institui\u00e7\u00f5es de Ensino Superior, no contexto da Universidade Aberta do Brasil, e coordenado pela Sociedade Brasileira de Matem\u00e1tica. Objetivos O PROFMAT visa [&hellip;]<\/p>\n","protected":false},"author":9,"featured_media":0,"parent":0,"menu_order":0,"comment_status":"closed","ping_status":"closed","template":"","meta":{"footnotes":""},"class_list":["post-11","page","type-page","status-publish","hentry"],"_links":{"self":[{"href":"https:\/\/pos.uel.br\/profmat\/wp-json\/wp\/v2\/pages\/11","targetHints":{"allow":["GET"]}}],"collection":[{"href":"https:\/\/pos.uel.br\/profmat\/wp-json\/wp\/v2\/pages"}],"about":[{"href":"https:\/\/pos.uel.br\/profmat\/wp-json\/wp\/v2\/types\/page"}],"author":[{"embeddable":true,"href":"https:\/\/pos.uel.br\/profmat\/wp-json\/wp\/v2\/users\/9"}],"replies":[{"embeddable":true,"href":"https:\/\/pos.uel.br\/profmat\/wp-json\/wp\/v2\/comments?post=11"}],"version-history":[{"count":3,"href":"https:\/\/pos.uel.br\/profmat\/wp-json\/wp\/v2\/pages\/11\/revisions"}],"predecessor-version":[{"id":143,"href":"https:\/\/pos.uel.br\/profmat\/wp-json\/wp\/v2\/pages\/11\/revisions\/143"}],"wp:attachment":[{"href":"https:\/\/pos.uel.br\/profmat\/wp-json\/wp\/v2\/media?parent=11"}],"curies":[{"name":"wp","href":"https:\/\/api.w.org\/{rel}","templated":true}]}}