{"id":9,"date":"2021-04-27T22:23:57","date_gmt":"2021-04-28T01:23:57","guid":{"rendered":"https:\/\/pos.uel.br\/profletras\/?page_id=9"},"modified":"2021-06-09T16:49:47","modified_gmt":"2021-06-09T19:49:47","slug":"areas-de-concentracao","status":"publish","type":"page","link":"https:\/\/pos.uel.br\/profletras\/areas-de-concentracao\/","title":{"rendered":"\u00c1reas de concentra\u00e7\u00e3o"},"content":{"rendered":"\n<p>\u00c1rea de Concentra\u00e7\u00e3o: Linguagens e Letramentos<\/p>\n\n\n\n<p>Linhas de Atua\u00e7\u00e3o: <\/p>\n\n\n\n<p>I. Estudos da Linguagem e Pr\u00e1ticas Sociais; <\/p>\n\n\n\n<p>II. Estudos Liter\u00e1rios.<\/p>\n","protected":false},"excerpt":{"rendered":"<p>\u00c1rea de Concentra\u00e7\u00e3o: Linguagens e Letramentos Linhas de Atua\u00e7\u00e3o: I. Estudos da Linguagem e Pr\u00e1ticas Sociais; II. Estudos Liter\u00e1rios.<\/p>\n","protected":false},"author":7,"featured_media":0,"parent":0,"menu_order":0,"comment_status":"closed","ping_status":"closed","template":"","meta":{"_acf_changed":false,"_themeisle_gutenberg_block_has_review":false,"footnotes":""},"class_list":["post-9","page","type-page","status-publish","hentry"],"acf":[],"_links":{"self":[{"href":"https:\/\/pos.uel.br\/profletras\/wp-json\/wp\/v2\/pages\/9","targetHints":{"allow":["GET"]}}],"collection":[{"href":"https:\/\/pos.uel.br\/profletras\/wp-json\/wp\/v2\/pages"}],"about":[{"href":"https:\/\/pos.uel.br\/profletras\/wp-json\/wp\/v2\/types\/page"}],"author":[{"embeddable":true,"href":"https:\/\/pos.uel.br\/profletras\/wp-json\/wp\/v2\/users\/7"}],"replies":[{"embeddable":true,"href":"https:\/\/pos.uel.br\/profletras\/wp-json\/wp\/v2\/comments?post=9"}],"version-history":[{"count":3,"href":"https:\/\/pos.uel.br\/profletras\/wp-json\/wp\/v2\/pages\/9\/revisions"}],"predecessor-version":[{"id":74,"href":"https:\/\/pos.uel.br\/profletras\/wp-json\/wp\/v2\/pages\/9\/revisions\/74"}],"wp:attachment":[{"href":"https:\/\/pos.uel.br\/profletras\/wp-json\/wp\/v2\/media?parent=9"}],"curies":[{"name":"wp","href":"https:\/\/api.w.org\/{rel}","templated":true}]}}