{"id":86,"date":"2021-06-15T02:58:34","date_gmt":"2021-06-15T05:58:34","guid":{"rendered":"https:\/\/pos.uel.br\/profletras\/pagina-inicial\/"},"modified":"2025-07-24T22:50:36","modified_gmt":"2025-07-25T01:50:36","slug":"pagina-inicial","status":"publish","type":"page","link":"https:\/\/pos.uel.br\/profletras\/","title":{"rendered":"P\u00e1gina inicial"},"content":{"rendered":"\n<div class=\"wp-block-columns is-layout-flex wp-container-core-columns-is-layout-9d6595d7 wp-block-columns-is-layout-flex\">\n<div class=\"wp-block-column is-layout-flow wp-block-column-is-layout-flow\" style=\"flex-basis:66.66%\">\n<div class=\"wp-block-uel-card\">\n<h3 class=\"wp-block-heading is-style-highlighted-heading\">Editais<\/h3>\n\n\n<div class=\"editais-block\"><a class=\"editais-block__item-block\" href=\"https:\/\/pos.uel.br\/profletras\/wp-content\/uploads\/2026\/03\/EDITAL-V-B-Edital_de_cadastramento_e_matri\u0301cula_Divulgado_em_23_de_fevereiro_de_2026-1.pdf\"><div class=\"editais-block__titulo\"><span>CONVOCA\u00c7\u00c3O, CADASTRAMENTO E MATR\u00cdCULA PARA CANDIDATOS CLASSIFICADOS NO EXAME NACIONAL DE ACESSO AO PROFLETRAS EDITAL 001\/2026<\/span><\/div><div class=\"editais-block__resumo\"><span>Aten\u00e7\u00e3o candidatos e candidatas aprovados\/as no Exame Nacional do Profletras, o envio da documenta\u00e7\u00e3o para aqueles que foram classificados\/as dentro do n\u00famero de vagas ser\u00e1 do dia 03 ao dia 04 de mar\u00e7o. Fiquem atentos\/as para n\u00e3o perder o  prazo!  Vejam o edital publicado pela Comperve!<\/span><\/div><div class=\"editais-block__publicado\"><span>2 meses atr\u00e1s<\/span><\/div><\/a><a class=\"editais-block__item-block\" href=\"https:\/\/pos.uel.br\/profletras\/wp-content\/uploads\/2025\/12\/Edital-007-Resultado-do-Exame-de-Proficiencia-em-Leitura-em-Lingua-Estrangeira.pdf\"><div class=\"editais-block__titulo\"><span>EDITAL N.\u00ba 007\/2025 \u2013 PROFLETRAS \u2013 UEL RESULTADO DO EXAME DE PROFICI\u00caNCIA EM LEITURA EM L\u00cdNGUA ESTRANGEIRA<\/span><\/div><div class=\"editais-block__resumo\"><span> RESULTADO DO EXAME DE PROFICI\u00caNCIA EM LEITURA EM L\u00cdNGUA ESTRANGEIRA<\/span><\/div><div class=\"editais-block__publicado\"><span>5 meses atr\u00e1s<\/span><\/div><\/a><a class=\"editais-block__item-block\" href=\"https:\/\/pos.uel.br\/profletras\/wp-content\/uploads\/2025\/11\/Edital-de-retificacao-do-Edital-de-Credenciamento-Docente-No.004-de-2025.pdf\"><div class=\"editais-block__titulo\"><span>EDITAL DE RETIFICA\u00c7\u00c3O N.\u00ba  006\/2025\/PROFLETRAS\/UEL DE RETIFICA\u00c7\u00c3O DO EDITAL NO. 004\/2025\/PROFLETRAS\/UEL DE CHAMADA PARA CREDENCIAMENTO DE DOCENTES -PROFLETRAS\/UEL<\/span><\/div><div class=\"editais-block__resumo\"><span>EDITAL DE RETIFICA\u00c7\u00c3O N.\u00ba  006\/2025\/PROFLETRAS\/UEL DE RETIFICA\u00c7\u00c3O DO EDITAL NO. 004\/2025\/PROFLETRAS\/UEL DE CHAMADA PARA CREDENCIAMENTO DE DOCENTES -PROFLETRAS\/UEL<\/span><\/div><div class=\"editais-block__publicado\"><span>6 meses atr\u00e1s<\/span><\/div><\/a><a class=\"editais-block__item-block\" href=\"https:\/\/pos.uel.br\/profletras\/wp-content\/uploads\/2025\/11\/Edital-06-2025-Resultado-da-Comprovacao-de-Proficiencia-em-Lingua-Estrangeira.pdf\"><div class=\"editais-block__titulo\"><span>EDITAL N.o 006\/2025 \u2013 PROFLETRAS\/UEL &#8211;  RESULTADO DA COMPROVA\u00c7\u00c3O DE PROFICI\u00caNCIA EM LEITURA EM L\u00cdNGUA ESTRANGEIRA<\/span><\/div><div class=\"editais-block__resumo\"><span>RESULTADO DOS CANDIDATOS APROVADOS MEDIANTE AN\u00c1LISE DA   DOCUMENTA\u00c7\u00c3O APRESENTADA PARA COMPROVAR PROFICI\u00caNCIA EM LEITURA EM L\u00cdNGUA ESTRANGEIRA<\/span><\/div><div class=\"editais-block__publicado\"><span>6 meses atr\u00e1s<\/span><\/div><\/a><\/div>\n\n\n<p><\/p>\n<\/div>\n\n\n\n<div class=\"wp-block-columns is-layout-flex wp-container-core-columns-is-layout-9d6595d7 wp-block-columns-is-layout-flex\">\n<div class=\"wp-block-column is-layout-flow wp-block-column-is-layout-flow\">\n<div class=\"wp-block-uel-card\">\n<h3 class=\"wp-block-heading is-style-highlighted-heading\">Defesas e qualifica\u00e7\u00f5es<\/h3>\n\n\n<div class=\"defesas-qualificacoes\">N\u00e3o existem defesas ou qualifica\u00e7\u00f5es agendadas.<a href=\"https:\/\/pos.uel.br\/profletras\/defesas-qualificacoes\/\" class=\"defesas-qualificacoes__todas\">Ver todas<\/a><\/div><\/div>\n<\/div>\n\n\n\n<div class=\"wp-block-column is-layout-flow wp-block-column-is-layout-flow\">\n<div class=\"wp-block-uel-card\">\n<h3 class=\"wp-block-heading is-style-highlighted-heading\">Posts<\/h3>\n\n\n<ul class=\"wp-block-latest-posts__list has-dates wp-block-latest-posts\"><li><a class=\"wp-block-latest-posts__post-title\" href=\"https:\/\/pos.uel.br\/profletras\/sem-categoria\/2025\/03\/17\/publicado-edital-001-2025-para-concorrer-as-bolsas-do-profletras\/\">PUBLICADO EDITAL 001\/2025 PARA CONCORRER \u00c0S BOLSAS DO PROFLETRAS<\/a><time datetime=\"2025-03-17T14:42:06-03:00\" class=\"wp-block-latest-posts__post-date\">17 de mar\u00e7o de 2025<\/time><\/li>\n<li><a class=\"wp-block-latest-posts__post-title\" href=\"https:\/\/pos.uel.br\/profletras\/sem-categoria\/2021\/03\/21\/ola-mundo\/\">Ol\u00e1, mundo!<\/a><time datetime=\"2021-03-21T23:36:11-03:00\" class=\"wp-block-latest-posts__post-date\">21 de mar\u00e7o de 2021<\/time><\/li>\n<\/ul><\/div>\n<\/div>\n<\/div>\n<\/div>\n\n\n\n<div class=\"wp-block-column is-layout-flow wp-block-column-is-layout-flow\" style=\"flex-basis:33.33%\">\n<p><\/p>\n<\/div>\n<\/div>\n","protected":false},"excerpt":{"rendered":"","protected":false},"author":0,"featured_media":0,"parent":0,"menu_order":0,"comment_status":"closed","ping_status":"closed","template":"page-templates\/template-without-title.php","meta":{"_acf_changed":false,"_themeisle_gutenberg_block_has_review":false,"footnotes":""},"class_list":["post-86","page","type-page","status-publish","hentry"],"acf":[],"_links":{"self":[{"href":"https:\/\/pos.uel.br\/profletras\/wp-json\/wp\/v2\/pages\/86","targetHints":{"allow":["GET"]}}],"collection":[{"href":"https:\/\/pos.uel.br\/profletras\/wp-json\/wp\/v2\/pages"}],"about":[{"href":"https:\/\/pos.uel.br\/profletras\/wp-json\/wp\/v2\/types\/page"}],"replies":[{"embeddable":true,"href":"https:\/\/pos.uel.br\/profletras\/wp-json\/wp\/v2\/comments?post=86"}],"version-history":[{"count":4,"href":"https:\/\/pos.uel.br\/profletras\/wp-json\/wp\/v2\/pages\/86\/revisions"}],"predecessor-version":[{"id":386,"href":"https:\/\/pos.uel.br\/profletras\/wp-json\/wp\/v2\/pages\/86\/revisions\/386"}],"wp:attachment":[{"href":"https:\/\/pos.uel.br\/profletras\/wp-json\/wp\/v2\/media?parent=86"}],"curies":[{"name":"wp","href":"https:\/\/api.w.org\/{rel}","templated":true}]}}